{"id":24355,"date":"2025-04-10T12:11:59","date_gmt":"2025-04-10T10:11:59","guid":{"rendered":"https:\/\/wearevillage.org\/?post_type=product&#038;p=24355"},"modified":"2025-10-17T17:21:22","modified_gmt":"2025-10-17T15:21:22","slug":"village-salon-einsamkeit-und-gesundheit-von-lgbtqia","status":"publish","type":"product","link":"https:\/\/wearevillage.org\/shop\/einsamkeit-und-gesundheit-lgbtqia\/w42-2025\/","title":{"rendered":"Village Salon \u2013 Einsamkeit und Gesundheit von LGBTQIA+"},"content":{"rendered":"<div class=\"wpb-content-wrapper\"><div class=\"vc_row wpb_row vc_row-fluid\"><div class=\"wpb_column vc_column_container vc_col-sm-12\"><div class=\"vc_column-inner\"><div class=\"wpb_wrapper\"><h4 style=\"text-align: left\" class=\"vc_custom_heading vc_do_custom_heading\" >Wie Einsamkeit der Gesundheit von LGBTQIA+ schadet und was man dagegen tun kann<\/h4><h5 style=\"text-align: left\" class=\"vc_custom_heading vc_do_custom_heading\" >Ein Vortrag und Gespr\u00e4ch von und mit Deniz Y\u0131ld\u0131r\u0131m Do\u011fan<\/h5>\n\t<div class=\"wpb_text_column wpb_content_element\" >\n\t\t<div class=\"wpb_wrapper\">\n\t\t\t<p>In Zusammenarbeit mit der Landesstelle f\u00fcr Gleichbehandlung \u2013 gegen Diskriminierung hat we are village das Programm \u201eGemeinsam statt einsam\u201c gestartet, um das Thema Einsamkeit in der queeren Community anzugehen.<\/p>\n<p>Im Rahmen unseres Programms findet am 17. October 2025 um 19 Uhr ein Vortrag \u00fcber Einsamkeit und Gesundheit von LGBTQIA+ in unseren R\u00e4umen in der Kurf\u00fcrstenstra\u00dfe 31\/32 statt. Im Anschluss wird es Gelegenheit f\u00fcr Fragen und Diskussion geben.<\/p>\n<p>LGBTQIA+ Menschen sind nicht erst seit der Covid-19-Pandemie einem h\u00f6heren Risiko f\u00fcr psychische Belastungen, mentalen gesundheitlichen Problemen, Minorit\u00e4tenstress, sozialer Ausgrenzung sowie einer Vielzahl von Diskriminierungsformen ausgesetzt. Diese Mehrfachdiskriminierungserfahrungen, sowohl auf struktureller als auch auf individueller Ebene, sind oft begleitet von chronischen Gef\u00fchlen der Einsamkeit.<\/p>\n<p>In seinem Vortrag wird Deniz Y\u0131ld\u0131r\u0131m Do\u011fan die gesundheitlichen Auswirkungen von Einsamkeit in der LGBTQIA+ Gemeinschaft zusammenfassen und Strategien aufzeigen, um dieser Entwicklung entgegenzuwirken. Anschlie\u00dfend wird es Raum geben, Fragen zu stellen und gemeinsam zu diskutieren. Auch wollen wir in offener Runde dar\u00fcber sprechen, welche Angebotsbedarfe es gibt und wie spezifischen Programme und Veranstaltungen f\u00fcr und mit der queeren Community gestaltet werden k\u00f6nnen, um mehr Gemeinsamkeitsgef\u00fchl zu schaffen.<\/p>\n\n\t\t<\/div>\n\t<\/div>\n<div class=\"vc_separator wpb_content_element vc_separator_align_center vc_sep_width_100 vc_sep_pos_align_center vc_separator_no_text vc_sep_color_grey wpb_content_element  wpb_content_element\" ><span class=\"vc_sep_holder vc_sep_holder_l\"><span class=\"vc_sep_line\"><\/span><\/span><span class=\"vc_sep_holder vc_sep_holder_r\"><span class=\"vc_sep_line\"><\/span><\/span>\n<\/div>\n\t<div class=\"wpb_text_column wpb_content_element\" >\n\t\t<div class=\"wpb_wrapper\">\n\t\t\t<p><img loading=\"lazy\" decoding=\"async\" class=\"wp-image-27086 alignleft\" src=\"https:\/\/wearevillage.org\/wp-content\/uploads\/2025\/04\/wav-team-Deniz-Yildirim-Dogan-270x300.png\" alt=\"\" width=\"160\" height=\"178\" srcset=\"https:\/\/wearevillage.org\/wp-content\/uploads\/2025\/04\/wav-team-Deniz-Yildirim-Dogan-270x300.png 270w, https:\/\/wearevillage.org\/wp-content\/uploads\/2025\/04\/wav-team-Deniz-Yildirim-Dogan-135x150.png 135w, https:\/\/wearevillage.org\/wp-content\/uploads\/2025\/04\/wav-team-Deniz-Yildirim-Dogan-768x853.png 768w, https:\/\/wearevillage.org\/wp-content\/uploads\/2025\/04\/wav-team-Deniz-Yildirim-Dogan-624x693.png 624w, https:\/\/wearevillage.org\/wp-content\/uploads\/2025\/04\/wav-team-Deniz-Yildirim-Dogan-390x433.png 390w, https:\/\/wearevillage.org\/wp-content\/uploads\/2025\/04\/wav-team-Deniz-Yildirim-Dogan-600x667.png 600w, https:\/\/wearevillage.org\/wp-content\/uploads\/2025\/04\/wav-team-Deniz-Yildirim-Dogan.png 900w\" sizes=\"auto, (max-width: 160px) 100vw, 160px\" \/><strong>Deniz Y\u0131ld\u0131r\u0131m Do\u011fan <\/strong>Wissenschaftlicher Mitarbeiter und Assistenzarzt an der Klinik f\u00fcr Psychiatrie und Psychotherapie an der Charit\u00e9 \u2013 Universit\u00e4tsmedizin Berlin wird wertvolle Einblicke in die psychische Gesundheit in der queeren Community bieten.<\/p>\n\n\t\t<\/div>\n\t<\/div>\n<div class=\"vc_separator wpb_content_element vc_separator_align_center vc_sep_width_100 vc_sep_pos_align_center vc_separator_no_text vc_sep_color_grey wpb_content_element  wpb_content_element\" ><span class=\"vc_sep_holder vc_sep_holder_l\"><span class=\"vc_sep_line\"><\/span><\/span><span class=\"vc_sep_holder vc_sep_holder_r\"><span class=\"vc_sep_line\"><\/span><\/span>\n<\/div>\n\t<div class=\"wpb_text_column wpb_content_element\" >\n\t\t<div class=\"wpb_wrapper\">\n\t\t\t<p><strong>gemeinsam statt einsam: jede*r f\u00fchlt sich manchmal einsam<\/strong><br \/>\nAls Menschen haben wir eine nat\u00fcrliche Sehnsucht nach sozialer Verbindung und Unterst\u00fctzung durch andere.\u00a0Queere Menschen haben aufgrund individueller und struktureller Formen der\u00a0Diskriminierung\u00a0ein noch h\u00f6heres Risiko, unter chronischer\u00a0Einsamkeit\u00a0zu leiden.<br \/>\nIn Zusammenarbeit mit der <strong>Landesstelle f\u00fcr Gleichbehandlung<\/strong> \u2013 gegen Diskriminierung hat sich <strong>we are village | queer matters<\/strong>\u00a0zum Ziel gesetzt, das Thema Einsamkeit in der queeren Community anzugehen.<br \/>\n<img loading=\"lazy\" decoding=\"async\" class=\"wp-image-7522 alignleft\" src=\"https:\/\/wearevillage.org\/wp-content\/uploads\/2023\/06\/image001.jpg\" alt=\"\" width=\"218\" height=\"37\" srcset=\"https:\/\/wearevillage.org\/wp-content\/uploads\/2023\/06\/image001.jpg 242w, https:\/\/wearevillage.org\/wp-content\/uploads\/2023\/06\/image001-150x25.jpg 150w\" sizes=\"auto, (max-width: 218px) 100vw, 218px\" \/>Wir haben auch einen <a href=\"https:\/\/forms.gle\/BZkLsma3sRX2vdRb8\" target=\"_blank\" rel=\"noopener\"><strong>Fragebogen<\/strong><\/a> erstellt, um mehr \u00fcber Ihre Erfahrungen mit Einsamkeit zu erfahren. Mit eurer Hilfe k\u00f6nnen wir ein besseres Programm erstellen, das euren Bed\u00fcrfnissen entspricht und mit dem wir mehr Zugeh\u00f6rigkeit schaffen k\u00f6nnen!<\/p>\n\n\t\t<\/div>\n\t<\/div>\n<div class=\"vc_separator wpb_content_element vc_separator_align_center vc_sep_width_100 vc_sep_pos_align_center vc_separator_no_text vc_sep_color_grey wpb_content_element  wpb_content_element\" ><span class=\"vc_sep_holder vc_sep_holder_l\"><span class=\"vc_sep_line\"><\/span><\/span><span class=\"vc_sep_holder vc_sep_holder_r\"><span class=\"vc_sep_line\"><\/span><\/span>\n<\/div>\n\t<div class=\"wpb_text_column wpb_content_element\" >\n\t\t<div class=\"wpb_wrapper\">\n\t\t\t<p><u><strong>Hinweise<\/strong><\/u><br \/>\n<strong>Barrierefreiheit<\/strong>: Damit alle Interessierten die M\u00f6glichkeit haben, am Event teilzunehmen, sind wir bereit, besondere Bed\u00fcrfnisse oder Anliegen zu ber\u00fccksichtigen und gegebenenfalls nach unseren M\u00f6glichkeiten zu erf\u00fcllen. Es stehen eine barrierearme Toilette sowie eine mobile Rampe f\u00fcr den barrierearmen Zugang zu den R\u00e4umlichkeiten zur Verf\u00fcgung. Au\u00dferdem sind im Raum verschiedene Typen von Sitzgelegenheiten (Holzst\u00fchle, gepolsterte Sessel) vorhanden.<br \/>\n<strong>Sprache<\/strong>: Je nach Bed\u00fcrfnissen der Teilnehmenden, wird diese Veranstaltung in deutscher und\/oder englischer Lautsprache stattfinden.<\/p>\n<p><em>** Diese Veranstaltung ist Teil unseres Programms \u201a<strong><a href=\"https:\/\/wearevillage.org\/village-quartiere\/addressing-queer-lonliness\" target=\"_blank\" rel=\"noopener\">Gemeinsam statt einsam<\/a><\/strong>\u201a, unterst\u00fctzt von der <strong><a href=\"https:\/\/www.berlin.de\/sen\/lads\/\" target=\"_blank\" rel=\"noopener\">LADS<\/a><\/strong>. <\/em><br \/>\n<em>Erfahre mehr \u00fcber das Programm <a href=\"https:\/\/wearevillage.org\/village-quartiere\/addressing-queer-lonliness\" target=\"_blank\" rel=\"noopener\">hier<\/a>.<\/em><\/p>\n\n\t\t<\/div>\n\t<\/div>\n<\/div><\/div><\/div><\/div>\n<\/div>","protected":false},"excerpt":{"rendered":"<h5>Vortrag und Diskussion<br \/>\n19:00-21:00<\/h5>\n<p>Kostenfrei<\/p>\n<p><strong style=\"font-size: 16px;\">| <span style=\"color: #ec6c23;\">LGBTQIA+ & friends<\/span>\u00a0|<\/strong><\/p>\n<p>In diesem Vortrag werden die gesundheitlichen Auswirkungen von Einsamkeit in der LGBTQIA+-Gemeinschaft zusammengefasst und Strategien aufgezeigt, die diese Entwicklung positiv beeinflussen.<\/p>\n","protected":false},"author":12,"featured_media":32304,"template":"","meta":{"pmpro_default_level":"","inline_featured_image":false},"product_brand":[],"product_cat":[134,791,80],"product_tag":[469],"class_list":{"0":"post-24355","1":"product","2":"type-product","3":"status-publish","4":"has-post-thumbnail","6":"product_cat-einmalige-events","7":"product_cat-gemeinsam-statt-einsam","8":"product_cat-queer-matters","9":"product_tag-lgbtqiaplus","10":"pmpro-has-access","12":"first","13":"instock","14":"product-type-simple"},"wpml_current_locale":"de_DE","wpml_translations":{"en_US":{"locale":"en_US","id":24363,"slug":"village-salon-einsamkeit-und-gesundheit-von-lgbtqia","post_title":"Village Salon \u2013 Loneliness and LGBTQIA+ health","href":"https:\/\/wearevillage.org\/en\/shop\/einsamkeit-und-gesundheit-lgbtqia\/w42-2025"}},"language":{"code":"de","locale":"","name":"","is_rtl":false},"_links":{"self":[{"href":"https:\/\/wearevillage.org\/wp-json\/wp\/v2\/product\/24355","targetHints":{"allow":["GET"]}}],"collection":[{"href":"https:\/\/wearevillage.org\/wp-json\/wp\/v2\/product"}],"about":[{"href":"https:\/\/wearevillage.org\/wp-json\/wp\/v2\/types\/product"}],"author":[{"embeddable":true,"href":"https:\/\/wearevillage.org\/wp-json\/wp\/v2\/users\/12"}],"wp:featuredmedia":[{"embeddable":true,"href":"https:\/\/wearevillage.org\/wp-json\/wp\/v2\/media\/32304"}],"wp:attachment":[{"href":"https:\/\/wearevillage.org\/wp-json\/wp\/v2\/media?parent=24355"}],"wp:term":[{"taxonomy":"product_brand","embeddable":true,"href":"https:\/\/wearevillage.org\/wp-json\/wp\/v2\/product_brand?post=24355"},{"taxonomy":"product_cat","embeddable":true,"href":"https:\/\/wearevillage.org\/wp-json\/wp\/v2\/product_cat?post=24355"},{"taxonomy":"product_tag","embeddable":true,"href":"https:\/\/wearevillage.org\/wp-json\/wp\/v2\/product_tag?post=24355"}],"curies":[{"name":"wp","href":"https:\/\/api.w.org\/{rel}","templated":true}]}}