{"id":24856,"date":"2025-04-23T12:19:50","date_gmt":"2025-04-23T10:19:50","guid":{"rendered":"https:\/\/wearevillage.org\/?post_type=product&#038;p=24856"},"modified":"2025-04-23T14:25:08","modified_gmt":"2025-04-23T12:25:08","slug":"instinct-18-kuratorische-fuehrung","status":"publish","type":"product","link":"https:\/\/wearevillage.org\/shop\/instinct-curatorial-tour\/w17-2025\/","title":{"rendered":"Instinct #18 kuratorische F\u00fchrung"},"content":{"rendered":"<div class=\"wpb-content-wrapper\"><div class=\"vc_row wpb_row vc_row-fluid\"><div class=\"wpb_column vc_column_container vc_col-sm-12\"><div class=\"vc_column-inner\"><div class=\"wpb_wrapper\"><h4 style=\"text-align: left\" class=\"vc_custom_heading vc_do_custom_heading\" >Instinct #18<\/h4><h5 style=\"text-align: left\" class=\"vc_custom_heading vc_do_custom_heading\" >Kuratorische F\u00fchrung mit Sebasti\u00e1n Arcos & Eric Le Rouge<\/h5>\n\t<div class=\"wpb_text_column wpb_content_element\" >\n\t\t<div class=\"wpb_wrapper\">\n\t\t\t\n\t\t<\/div>\n\t<\/div>\n\n\t<div class=\"wpb_text_column wpb_content_element\" >\n\t\t<div class=\"wpb_wrapper\">\n\t\t\t<p>Die kuratorische F\u00fchrung im Instinct Berlin bietet eine einzigartige Gelegenheit, die Ausstellung \u201c<a href=\"https:\/\/www.instinct.berlin\/\"><strong>Transmission \u2013<\/strong> Dialogue in Transgenerational Queer Art<\/a>\u201c zu erleben.<br \/>\nAls achtzehnte Ausgabe unserer Instinct-Reihe bietet Transmission eine tiefgr\u00fcndige Erkundung der LGBTIQ+-Identit\u00e4t, Geschichte und Tradition durch die Perspektiven von K\u00fcnstler:innen unterschiedlicher Generationen. Diese Ausstellung nutzt eine Vielzahl k\u00fcnstlerischer Medien, darunter Fotografie, Video, Performance und Malerei, um einen Dialog zu f\u00f6rdern, der Generationen verbindet.<\/p>\n<p>Instinct fungiert als lebendiger Programm- und sozialer Treffpunkt, der ein Gemeinschaftsgef\u00fchl unter queeren K\u00fcnstler:innen und Besucher:innen st\u00e4rkt. Ausstellungen, Performances und Diskussionen regen zu Interaktion und Dialog an und schaffen einen Raum, in dem vielf\u00e4ltige Identit\u00e4ten erkundet und gew\u00fcrdigt werden k\u00f6nnen.<\/p>\n<p>Teilnehmende der F\u00fchrung erhalten nicht nur Einblicke in die Kunstwerke, sondern setzen sich auch mit den zentralen Themen von Erotik, Verschwendung und Macht in der queeren Kultur auseinander. Diese Veranstaltung unterstreicht die Bedeutung von Gemeinschaft und Zusammenarbeit und l\u00e4dt dazu ein, \u00fcber die Manifestation dieser Themen im modernen Leben nachzudenken.<\/p>\n\n\t\t<\/div>\n\t<\/div>\n<div class=\"vc_separator wpb_content_element vc_separator_align_center vc_sep_width_100 vc_sep_pos_align_center vc_separator_no_text vc_sep_color_grey wpb_content_element  wpb_content_element\" ><span class=\"vc_sep_holder vc_sep_holder_l\"><span class=\"vc_sep_line\"><\/span><\/span><span class=\"vc_sep_holder vc_sep_holder_r\"><span class=\"vc_sep_line\"><\/span><\/span>\n<\/div>\n\t<div class=\"wpb_text_column wpb_content_element\" >\n\t\t<div class=\"wpb_wrapper\">\n\t\t\t<p><strong>\u00dcber Instinct<br \/>\n<\/strong>Instinct.berlin ist eine Kunstorganisation, die zweimal j\u00e4hrlich Ausstellungen mit queeren K\u00fcnstler:innen im Village, einem Community Center f\u00fcr queere Menschen in Berlin, pr\u00e4sentiert. Diese Ausstellungen, zusammen mit Performances und Gespr\u00e4chen, f\u00f6rdern die Interaktion zwischen K\u00fcnstler:innen und der lokalen Community.<\/p>\n<p>Das Residenzprogramm erm\u00f6glicht es den K\u00fcnstler:innen, sich intensiv mit der lebendigen Atmosph\u00e4re des Village auseinanderzusetzen und eine Br\u00fccke zwischen ihrer Arbeit und der breiteren queeren Community zu schlagen. Diese Zusammenarbeit bereichert den kulturellen Dialog und unterst\u00fctzt die Entwicklung queerer Kunstprojekte, was sowohl den K\u00fcnstlerinnen als auch der Gemeinschaft insgesamt zugutekommt.<\/p>\n\n\t\t<\/div>\n\t<\/div>\n<div class=\"vc_separator wpb_content_element vc_separator_align_center vc_sep_width_100 vc_sep_pos_align_center vc_separator_no_text vc_sep_color_grey wpb_content_element  wpb_content_element\" ><span class=\"vc_sep_holder vc_sep_holder_l\"><span class=\"vc_sep_line\"><\/span><\/span><span class=\"vc_sep_holder vc_sep_holder_r\"><span class=\"vc_sep_line\"><\/span><\/span>\n<\/div>\n\t<div class=\"wpb_text_column wpb_content_element\" >\n\t\t<div class=\"wpb_wrapper\">\n\t\t\t<p><span style=\"text-decoration: underline;\"><strong>Hinweise<\/strong><\/span><br \/>\nSchau auf <strong><a href=\"https:\/\/www.instinct.berlin\/\">www.instinct.berlin<\/a><\/strong> vorbei, um die K\u00fcnstler, Programmdetails und \u00d6ffnungszeiten zu finden.<br \/>\n<strong>Sprache<\/strong>: Dieses Event wird auf Englisch sein.<br \/>\n<strong>Kosten<\/strong>: Die F\u00fchrung ist kostenlos.<\/p>\n\n\t\t<\/div>\n\t<\/div>\n<\/div><\/div><\/div><\/div>\n<\/div>","protected":false},"excerpt":{"rendered":"<p><strong>Instinct #18<br \/>\n16:00 \u2013 17:30<\/strong><\/p>\n<p class=\"p1\"><strong>| <span style=\"color: #ec6c23;\">LGBTQIA+ <\/span>|<\/strong><\/p>\n<p>Die kuratorische F\u00fchrung im Instinct Berlin bietet eine einzigartige Gelegenheit, die Ausstellung \u201eTransmission \u2013 Dialogue in Transgenerational Queer Art\u201c zu erleben.<br \/>\n<strong><a href=\"https:\/\/www.instinct.berlin\/\">www.instinct.berli<\/a><\/strong><\/p>\n","protected":false},"author":12,"featured_media":24866,"template":"","meta":{"pmpro_default_level":"","inline_featured_image":false},"product_brand":[],"product_cat":[769],"product_tag":[469],"class_list":{"0":"post-24856","1":"product","2":"type-product","3":"status-publish","4":"has-post-thumbnail","6":"product_cat-kostenloser-zugang","7":"product_tag-lgbtqiaplus","8":"pmpro-has-access","10":"first","11":"outofstock","12":"purchasable","13":"product-type-variable"},"wpml_current_locale":"de_DE","wpml_translations":{"en_US":{"locale":"en_US","id":24864,"slug":"instinct-18-kuratorische-fuehrung","post_title":"Instinct #18 curatorial tour","href":"https:\/\/wearevillage.org\/en\/shop\/instinct-18-kuratorische-fuehrung\/"}},"language":{"code":"de","locale":"","name":"","is_rtl":false},"_links":{"self":[{"href":"https:\/\/wearevillage.org\/wp-json\/wp\/v2\/product\/24856","targetHints":{"allow":["GET"]}}],"collection":[{"href":"https:\/\/wearevillage.org\/wp-json\/wp\/v2\/product"}],"about":[{"href":"https:\/\/wearevillage.org\/wp-json\/wp\/v2\/types\/product"}],"author":[{"embeddable":true,"href":"https:\/\/wearevillage.org\/wp-json\/wp\/v2\/users\/12"}],"wp:featuredmedia":[{"embeddable":true,"href":"https:\/\/wearevillage.org\/wp-json\/wp\/v2\/media\/24866"}],"wp:attachment":[{"href":"https:\/\/wearevillage.org\/wp-json\/wp\/v2\/media?parent=24856"}],"wp:term":[{"taxonomy":"product_brand","embeddable":true,"href":"https:\/\/wearevillage.org\/wp-json\/wp\/v2\/product_brand?post=24856"},{"taxonomy":"product_cat","embeddable":true,"href":"https:\/\/wearevillage.org\/wp-json\/wp\/v2\/product_cat?post=24856"},{"taxonomy":"product_tag","embeddable":true,"href":"https:\/\/wearevillage.org\/wp-json\/wp\/v2\/product_tag?post=24856"}],"curies":[{"name":"wp","href":"https:\/\/api.w.org\/{rel}","templated":true}]}}