{"id":24909,"date":"2025-04-24T18:10:19","date_gmt":"2025-04-24T16:10:19","guid":{"rendered":"https:\/\/wearevillage.org\/?post_type=product&#038;p=24909"},"modified":"2025-04-24T18:10:49","modified_gmt":"2025-04-24T16:10:49","slug":"acroyoga-eine-art-in-kontakt-zu-treten-39","status":"publish","type":"product","link":"https:\/\/wearevillage.org\/shop\/acroyoga\/w25-2025\/","title":{"rendered":"Acroyoga \u2013 Eine Art in Kontakt zu treten"},"content":{"rendered":"<div class=\"wpb-content-wrapper\"><div class=\"vc_row wpb_row vc_row-fluid\"><div class=\"wpb_column vc_column_container vc_col-sm-12\"><div class=\"vc_column-inner\"><div class=\"wpb_wrapper\"><h4 style=\"text-align: left\" class=\"vc_custom_heading vc_do_custom_heading\" >Acroyoga - eine Art in Kontakt zu treten<\/h4><h5 style=\"text-align: left\" class=\"vc_custom_heading vc_do_custom_heading\" >Mit Jens Dube<\/h5>\n\t<div class=\"wpb_text_column wpb_content_element\" >\n\t\t<div class=\"wpb_wrapper\">\n\t\t\t<p>Acroyoga ist eine k\u00f6rperliche Praxis, die Yoga und Akrobatik kombiniert. Dieser Workshop umfasst verschiedene Arten von Partner- und Gruppen\u00fcbungen. Wir werden einen Raum schaffen, um physisch mit anderen in Verbindung zu treten und m\u00f6glicherweise etwas Einzigartiges zu erleben.<\/p>\n<p>Es ist eine gro\u00dfartige Gelegenheit, in Beziehung zu treten, sich selbst auf neue Weise zu erleben und einschr\u00e4nkende \u00dcberzeugungen zu \u00fcberwinden. Es kann verspielt, herausfordernd, n\u00e4hrend und zutiefst befriedigend sein.<\/p>\n\n\t\t<\/div>\n\t<\/div>\n<div class=\"vc_separator wpb_content_element vc_separator_align_center vc_sep_width_100 vc_sep_pos_align_center vc_separator_no_text vc_sep_color_grey wpb_content_element  wpb_content_element\" ><span class=\"vc_sep_holder vc_sep_holder_l\"><span class=\"vc_sep_line\"><\/span><\/span><span class=\"vc_sep_holder vc_sep_holder_r\"><span class=\"vc_sep_line\"><\/span><\/span>\n<\/div>\n\t<div class=\"wpb_text_column wpb_content_element\" >\n\t\t<div class=\"wpb_wrapper\">\n\t\t\t<p><strong><img loading=\"lazy\" decoding=\"async\" class=\" wp-image-24895 alignleft\" src=\"https:\/\/wearevillage.org\/wp-content\/uploads\/2025\/03\/wav-team-Jens-Dube-270x300.png\" alt=\"\" width=\"144\" height=\"160\" srcset=\"https:\/\/wearevillage.org\/wp-content\/uploads\/2025\/03\/wav-team-Jens-Dube-270x300.png 270w, https:\/\/wearevillage.org\/wp-content\/uploads\/2025\/03\/wav-team-Jens-Dube-135x150.png 135w, https:\/\/wearevillage.org\/wp-content\/uploads\/2025\/03\/wav-team-Jens-Dube-768x853.png 768w, https:\/\/wearevillage.org\/wp-content\/uploads\/2025\/03\/wav-team-Jens-Dube-624x693.png 624w, https:\/\/wearevillage.org\/wp-content\/uploads\/2025\/03\/wav-team-Jens-Dube-390x433.png 390w, https:\/\/wearevillage.org\/wp-content\/uploads\/2025\/03\/wav-team-Jens-Dube-600x667.png 600w, https:\/\/wearevillage.org\/wp-content\/uploads\/2025\/03\/wav-team-Jens-Dube.png 900w\" sizes=\"auto, (max-width: 144px) 100vw, 144px\" \/>Jens Dube<\/strong> ist Physiotherapeut, Thaimassage- & Acroyoga-Lehrer und therapeutic flying practioner. Als Acroyoga-Lehrer seit mehr als 10 Jahren empfindet er Acroyoga als eine gro\u00dfartige Gelegenheit f\u00fcr Menschen, sich zu verbinden und etwas potenziell Wunderbares zu erleben, w\u00e4hrend sie spielerisch \u00c4ngste und Grenzen erkunden.<\/p>\n\n\t\t<\/div>\n\t<\/div>\n<div class=\"vc_separator wpb_content_element vc_separator_align_center vc_sep_width_100 vc_sep_pos_align_center vc_separator_no_text vc_sep_color_grey wpb_content_element  wpb_content_element\" ><span class=\"vc_sep_holder vc_sep_holder_l\"><span class=\"vc_sep_line\"><\/span><\/span><span class=\"vc_sep_holder vc_sep_holder_r\"><span class=\"vc_sep_line\"><\/span><\/span>\n<\/div>\n\t<div class=\"wpb_text_column wpb_content_element\" >\n\t\t<div class=\"wpb_wrapper\">\n\t\t\t<p><b><u>Hinweise<\/u><\/b><br \/>\n<b>Sprache<\/b>: Je nach Bed\u00fcrfnissen der Gruppe werden wir Deutsch und\/oder Englisch sprechen.<br \/>\n<b>Kosten<\/b>: Diese Veranstaltung z\u00e4hlt zu den zwei kostenfreien Veranstaltungen pro Monat f\u00fcr Members.<br \/>\n<b>Member werden<\/b>: Als Mitglied unterst\u00fctzt du nicht nur unser Projekt, sondern du erh\u00e4ltst gleichzeitig monatlich Zugang zu zwei kostenfreien Veranstaltungen. Mehr Infos <strong><a href=\"https:\/\/wearevillage.org\/mitgliedschaft\/\">hier<\/a><\/strong>.<\/p>\n\n\t\t<\/div>\n\t<\/div>\n<\/div><\/div><\/div><\/div>\n<\/div>","protected":false},"excerpt":{"rendered":"<h5>Dienstags, alle 2 Wochen<br \/>\n18:00 \u2013 19:30<\/h5>\n<p class=\"p1\"><strong>| <span style=\"color: #ec6c23;\">GBTQ men*<\/span>\u00a0|<\/strong><\/p>\n<p>Acroyoga ist eine k\u00f6rperliche Praxis, die Yoga und Akrobatik kombiniert. Dieser Workshop umfasst verschiedene Arten von Partner- und Gruppen\u00fcbungen. Wir werden einen Raum schaffen, um physisch mit anderen in Verbindung zu treten und m\u00f6glicherweise etwas Einzigartiges zu erleben.<\/p>\n","protected":false},"author":11,"featured_media":1743,"template":"","meta":{"pmpro_default_level":"","inline_featured_image":false},"product_brand":[],"product_cat":[84],"product_tag":[256],"class_list":{"0":"post-24909","1":"product","2":"type-product","3":"status-publish","4":"has-post-thumbnail","6":"product_cat-zweiwoechentlich","7":"product_tag-gbtq-men","8":"pmpro-has-access","10":"first","11":"instock","12":"product-type-variable"},"wpml_current_locale":"de_DE","wpml_translations":{"en_US":{"locale":"en_US","id":24913,"slug":"acroyoga-a-way-of-getting-in-touch-copy-7","post_title":"Acroyoga - A way of getting in touch","href":"https:\/\/wearevillage.org\/en\/shop\/acroyoga\/w25-2025"}},"language":{"code":"de","locale":"","name":"","is_rtl":false},"_links":{"self":[{"href":"https:\/\/wearevillage.org\/wp-json\/wp\/v2\/product\/24909","targetHints":{"allow":["GET"]}}],"collection":[{"href":"https:\/\/wearevillage.org\/wp-json\/wp\/v2\/product"}],"about":[{"href":"https:\/\/wearevillage.org\/wp-json\/wp\/v2\/types\/product"}],"author":[{"embeddable":true,"href":"https:\/\/wearevillage.org\/wp-json\/wp\/v2\/users\/11"}],"wp:featuredmedia":[{"embeddable":true,"href":"https:\/\/wearevillage.org\/wp-json\/wp\/v2\/media\/1743"}],"wp:attachment":[{"href":"https:\/\/wearevillage.org\/wp-json\/wp\/v2\/media?parent=24909"}],"wp:term":[{"taxonomy":"product_brand","embeddable":true,"href":"https:\/\/wearevillage.org\/wp-json\/wp\/v2\/product_brand?post=24909"},{"taxonomy":"product_cat","embeddable":true,"href":"https:\/\/wearevillage.org\/wp-json\/wp\/v2\/product_cat?post=24909"},{"taxonomy":"product_tag","embeddable":true,"href":"https:\/\/wearevillage.org\/wp-json\/wp\/v2\/product_tag?post=24909"}],"curies":[{"name":"wp","href":"https:\/\/api.w.org\/{rel}","templated":true}]}}