{"id":25020,"date":"2025-04-25T11:39:04","date_gmt":"2025-04-25T09:39:04","guid":{"rendered":"https:\/\/wearevillage.org\/?post_type=product&#038;p=25020"},"modified":"2025-05-11T12:51:35","modified_gmt":"2025-05-11T10:51:35","slug":"buchvorstellung","status":"publish","type":"product","link":"https:\/\/wearevillage.org\/shop\/buchvorstellung\/w11-2025\/","title":{"rendered":"Buchvorstellung"},"content":{"rendered":"<div class=\"wpb-content-wrapper\"><div class=\"vc_row wpb_row vc_row-fluid\"><div class=\"wpb_column vc_column_container vc_col-sm-12\"><div class=\"vc_column-inner\"><div class=\"wpb_wrapper\"><h4 style=\"text-align: left\" class=\"vc_custom_heading vc_do_custom_heading\" >Buchvorstellung mit Alexander Hahne und Jana Haskamp<\/h4><h5 style=\"text-align: left\" class=\"vc_custom_heading vc_do_custom_heading\" >''Sexual- und Paarberatung mit trans und nicht-bin\u00e4ren Menschen''<\/h5>\n\t<div class=\"wpb_text_column wpb_content_element\" >\n\t\t<div class=\"wpb_wrapper\">\n\t\t\t<p>Alexander Hahne und Jana Haskamp stellen an diesem Nachmittag im Mai den von ihnen herausgegebenen Sammelband \u00bbSexual- und Paarberatung mit trans und nicht-bin\u00e4ren Menschen. Praxisorientierte Empfehlungen und erfahrungsbasierte Perspektiven\u00ab vor, der sich vor allem an Berater*innen, Therapeut*innen und andere Praktiker*innen richtet, die mit dieser Zielgruppe arbeiten m\u00f6chten, und f\u00fcr alle verb\u00fcndeten und interessierten Menschen spannende Erkenntnisse bereith\u00e4lt.<\/p>\n<p>Die sexual- und paarberaterische Arbeit mit trans und nicht-bin\u00e4ren Klient*innen erfordert ein umfassendes Wissen \u00fcber deren spezifische Lebenswelten und Bedarfe. Die Autor*innen greifen die h\u00e4ufigsten in der Beratungspraxis formulierten Anliegen auf.<\/p>\n<p>Mit einem Fokus auf psychosoziale und medizinische Grundlagen vermitteln sie Fachkr\u00e4ften das n\u00f6tige Wissen, um trans und nicht-bin\u00e4re Erwachsene kompetent und sensibel zu beraten. Interviews mit erfahrenen Berater*innen und Aktivist*innen runden den Band ab und geben wertvolle Einblicke in die Praxis.<\/p>\n\n\t\t<\/div>\n\t<\/div>\n\n\t<div class=\"wpb_text_column wpb_content_element\" >\n\t\t<div class=\"wpb_wrapper\">\n\t\t\t<p><strong>Neben uns als Herausgeber*innen werden einige der Autor*innen und Interviewpartner*innen dabei sein.<\/strong><br \/>\n<strong>Wir stellen euch den Sammelband vor und lesen ausgew\u00e4hlte Textpassagen. Anschlie\u00dfend gibt es ein Q&A und einen lockeren Ausklang.<\/strong><br \/>\n<strong>Vor Ort wird es einen B\u00fcchertisch mit unserem Sammelband und weiteren B\u00fcchern und Infomaterialien geben.<\/strong><br \/>\n<strong>Ihr k\u00f6nnt gerne auch Flyer zum Auslegen mitbringen.<\/strong><\/p>\n\n\t\t<\/div>\n\t<\/div>\n<\/div><\/div><\/div><\/div>\n<\/div>","protected":false},"excerpt":{"rendered":"<h5>Sonntag<br \/>\n17:00 \u2013 19:30<br \/>\nEintritt frei<br \/>\nEinlass ab 16:30<\/h5>\n<p class=\"p1\"><strong>| <span style=\"color: #ec6c23;\">LGBTQIA+<\/span>\u00a0|<\/strong><\/p>\n<p class=\"p1\">Alexander Hahne und Jana Haskamp stellen an diesem Nachmittag im Mai den von ihnen herausgegebenen Sammelband \u00bbSexual- und Paarberatung mit trans und nicht-bin\u00e4ren Menschen.<\/p>\n<p><strong>Kostenlose Veranstaltung (Spenden willkommen)<\/strong><\/p>\n","protected":false},"author":12,"featured_media":24950,"template":"","meta":{"pmpro_default_level":"","inline_featured_image":false},"product_brand":[],"product_cat":[77,769],"product_tag":[469],"class_list":{"0":"post-25020","1":"product","2":"type-product","3":"status-publish","4":"has-post-thumbnail","6":"product_cat-community-events","7":"product_cat-kostenloser-zugang","8":"product_tag-lgbtqiaplus","9":"pmpro-has-access","11":"first","12":"outofstock","13":"purchasable","14":"product-type-variable"},"wpml_current_locale":"de_DE","wpml_translations":{"en_US":{"locale":"en_US","id":25024,"slug":"book-presentation","post_title":"Book Presentation","href":"https:\/\/wearevillage.org\/en\/shop\/book-presentation\/"}},"language":{"code":"de","locale":"","name":"","is_rtl":false},"_links":{"self":[{"href":"https:\/\/wearevillage.org\/wp-json\/wp\/v2\/product\/25020","targetHints":{"allow":["GET"]}}],"collection":[{"href":"https:\/\/wearevillage.org\/wp-json\/wp\/v2\/product"}],"about":[{"href":"https:\/\/wearevillage.org\/wp-json\/wp\/v2\/types\/product"}],"author":[{"embeddable":true,"href":"https:\/\/wearevillage.org\/wp-json\/wp\/v2\/users\/12"}],"wp:featuredmedia":[{"embeddable":true,"href":"https:\/\/wearevillage.org\/wp-json\/wp\/v2\/media\/24950"}],"wp:attachment":[{"href":"https:\/\/wearevillage.org\/wp-json\/wp\/v2\/media?parent=25020"}],"wp:term":[{"taxonomy":"product_brand","embeddable":true,"href":"https:\/\/wearevillage.org\/wp-json\/wp\/v2\/product_brand?post=25020"},{"taxonomy":"product_cat","embeddable":true,"href":"https:\/\/wearevillage.org\/wp-json\/wp\/v2\/product_cat?post=25020"},{"taxonomy":"product_tag","embeddable":true,"href":"https:\/\/wearevillage.org\/wp-json\/wp\/v2\/product_tag?post=25020"}],"curies":[{"name":"wp","href":"https:\/\/api.w.org\/{rel}","templated":true}]}}