{"id":25099,"date":"2025-04-29T13:22:09","date_gmt":"2025-04-29T11:22:09","guid":{"rendered":"https:\/\/wearevillage.org\/?post_type=product&#038;p=25099"},"modified":"2025-06-26T17:23:55","modified_gmt":"2025-06-26T15:23:55","slug":"outdoor-berliner-mauerweg-vom-griebnitzsee-bis-nikolassee","status":"publish","type":"product","link":"https:\/\/wearevillage.org\/shop\/village-outdoor\/w26-2025\/","title":{"rendered":"Outdoor \u2013  Berliner Mauerweg: Vom Griebnitzsee bis Nikolassee"},"content":{"rendered":"<div class=\"wpb-content-wrapper\"><div class=\"vc_row wpb_row vc_row-fluid\"><div class=\"wpb_column vc_column_container vc_col-sm-12\"><div class=\"vc_column-inner\"><div class=\"wpb_wrapper\"><h4 style=\"text-align: left\" class=\"vc_custom_heading vc_do_custom_heading\" >Village Outdoor \u2013 Berliner Mauerweg - Abschnitt 10: Vom Griebnitzsee bis Nikolassee<\/h4><h5 style=\"text-align: left\" class=\"vc_custom_heading vc_do_custom_heading\" >mit Daniel Salamon und Harms Wulf<\/h5>\n\t<div class=\"wpb_text_column wpb_content_element\" >\n\t\t<div class=\"wpb_wrapper\">\n\t\t\t<p>Wir verlassen den Bahnhof Griebnitzsee in Richtung S\u00fcden, passieren die Geb\u00e4ude der Uni Potsdam um die ehemalige Enklave Steinst\u00fccken zu erreichen. Ein Denkmal erinnert daran, dass dieser Ortsteil Westberlins mit 300 Einwohnern zu Zeiten des Kalten Kriegs wie eine Insel auf dem Gebiet der DDR lag und zeitweise per Hubschrauber versorgt werden musste. \u00dcberhaupt werden uns auf diesem Abschnitt des Berliner Mauerweg einige Relikte, wie Gleise und zerst\u00f6rte Br\u00fcckenk\u00f6pfe begegnen, die uns die Teilung Deutschlands erinnern. Kurz nach dem ehemaligen Grenz\u00fcbergang Dreilinden endet unsere Wanderung in Nikolassee.<\/p>\n<p><strong>Was ist Village Outdoor?<\/strong><br \/>\nVillage Outdoor Events sind monatliche Treffen der we are village-Community und ihrer Freunde, um Outdoor-Aktivit\u00e4ten in und um Berlin zu genie\u00dfen. Zu den Aktivit\u00e4ten geh\u00f6ren Waldwanderungen, Radtouren, Schwimmen in Seen, Sightseeing und Kajakfahren.<br \/>\nJeden Monat gibt es einen kostenlosen und unkomplizierten Spaziergang oder eine Wanderung in Bereichen Berlins oder in der Umgebung, die mit \u00f6ffentlichen Verkehrsmitteln erreichbar sind.<\/p>\n\n\t\t<\/div>\n\t<\/div>\n<div class=\"vc_separator wpb_content_element vc_separator_align_center vc_sep_width_100 vc_sep_pos_align_center vc_separator_no_text vc_sep_color_grey wpb_content_element  wpb_content_element\" ><span class=\"vc_sep_holder vc_sep_holder_l\"><span class=\"vc_sep_line\"><\/span><\/span><span class=\"vc_sep_holder vc_sep_holder_r\"><span class=\"vc_sep_line\"><\/span><\/span>\n<\/div>\n\t<div class=\"wpb_text_column wpb_content_element\" >\n\t\t<div class=\"wpb_wrapper\">\n\t\t\t<p><img loading=\"lazy\" decoding=\"async\" class=\"wp-image-3097 alignleft\" src=\"https:\/\/wearevillage.org\/wp-content\/uploads\/2023\/02\/Daniel_Salamon-270x300.png\" alt=\"\" width=\"160\" height=\"178\" srcset=\"https:\/\/wearevillage.org\/wp-content\/uploads\/2023\/02\/Daniel_Salamon-270x300.png 270w, https:\/\/wearevillage.org\/wp-content\/uploads\/2023\/02\/Daniel_Salamon-135x150.png 135w, https:\/\/wearevillage.org\/wp-content\/uploads\/2023\/02\/Daniel_Salamon-768x853.png 768w, https:\/\/wearevillage.org\/wp-content\/uploads\/2023\/02\/Daniel_Salamon-624x693.png 624w, https:\/\/wearevillage.org\/wp-content\/uploads\/2023\/02\/Daniel_Salamon-390x433.png 390w, https:\/\/wearevillage.org\/wp-content\/uploads\/2023\/02\/Daniel_Salamon-600x667.png 600w, https:\/\/wearevillage.org\/wp-content\/uploads\/2023\/02\/Daniel_Salamon.png 900w\" sizes=\"auto, (max-width: 160px) 100vw, 160px\" \/><strong>Daniel Salamon<\/strong> genie\u00dft die Natur und das Leben im Freien schon seit fr\u00fchester Kindheit, praktiziert Yoga seit den sp\u00e4ten 1990er Jahren und hat ein wachsendes Interesse an therapeutischer und sinnlicher Ber\u00fchrung. Seit 2013 ist er auf verschiedene Weise mit dem Village und den Radical Faeries (weltweit) verbunden. Er lebt in Berlin, hat einen Garten im \u00e4u\u00dfersten Brandenburg und ist an anderen Orten anzutreffen, meist im Winter.<\/p>\n\n\t\t<\/div>\n\t<\/div>\n\n\t<div class=\"wpb_text_column wpb_content_element\" >\n\t\t<div class=\"wpb_wrapper\">\n\t\t\t<p><img loading=\"lazy\" decoding=\"async\" class=\"wp-image-13760 alignleft\" src=\"https:\/\/wearevillage.org\/wp-content\/uploads\/2024\/04\/wav-team-Harms-Wulf-270x300.png\" alt=\"\" width=\"160\" height=\"178\" srcset=\"https:\/\/wearevillage.org\/wp-content\/uploads\/2024\/04\/wav-team-Harms-Wulf-270x300.png 270w, https:\/\/wearevillage.org\/wp-content\/uploads\/2024\/04\/wav-team-Harms-Wulf-135x150.png 135w, https:\/\/wearevillage.org\/wp-content\/uploads\/2024\/04\/wav-team-Harms-Wulf-768x853.png 768w, https:\/\/wearevillage.org\/wp-content\/uploads\/2024\/04\/wav-team-Harms-Wulf-624x693.png 624w, https:\/\/wearevillage.org\/wp-content\/uploads\/2024\/04\/wav-team-Harms-Wulf-390x433.png 390w, https:\/\/wearevillage.org\/wp-content\/uploads\/2024\/04\/wav-team-Harms-Wulf-600x667.png 600w, https:\/\/wearevillage.org\/wp-content\/uploads\/2024\/04\/wav-team-Harms-Wulf.png 900w\" sizes=\"auto, (max-width: 160px) 100vw, 160px\" \/><strong>Harms Wulf<\/strong> kennt Berlin bereits aus den Zeiten der Teilung. Seitdem hat er die Stadt- und Naturr\u00e4ume Berlins und seiner Umgebung beruflich und privat erkundet.<\/p>\n\n\t\t<\/div>\n\t<\/div>\n<div class=\"vc_separator wpb_content_element vc_separator_align_center vc_sep_width_100 vc_sep_pos_align_center vc_separator_no_text vc_sep_color_grey wpb_content_element  wpb_content_element\" ><span class=\"vc_sep_holder vc_sep_holder_l\"><span class=\"vc_sep_line\"><\/span><\/span><span class=\"vc_sep_holder vc_sep_holder_r\"><span class=\"vc_sep_line\"><\/span><\/span>\n<\/div><\/div><\/div><\/div><\/div><div class=\"vc_row wpb_row vc_row-fluid\"><div class=\"wpb_column vc_column_container vc_col-sm-12\"><div class=\"vc_column-inner\"><div class=\"wpb_wrapper\">\n\t<div class=\"wpb_text_column wpb_content_element\" >\n\t\t<div class=\"wpb_wrapper\">\n\t\t\t<p><u><strong>Hinweise<\/strong><\/u><br \/>\nBringt gern etwas f\u00fcr ein gemeinsames Picknick mit. Es besteht keine Einkehrm\u00f6glichkeit.<br \/>\n<strong>Start<\/strong>: 11:00 Uhr.<br \/>\n<strong>Treffpunkt<\/strong>: S-Bahnhof Griebnitzsee, S7.<br \/>\n<strong>R\u00fcckfahrt<\/strong>: Nikolassee, Bus 112 nach Bahnhof Wannsee, S1, S7.<br \/>\n<strong>Streckenl\u00e4nge<\/strong>: ca. 11 km (ca. 3,5 Stunden).<br \/>\n<strong>Sprache<\/strong>: Je nach Bed\u00fcrfnissen der Gruppe werden wir Deutsch und\/oder Englisch sprechen.<br \/>\n<strong>Kosten<\/strong>: Die Teilnahme ist kostenlos. Eine Anmeldung \u00fcber die Webseite ist erforderlich.<\/p>\n\n\t\t<\/div>\n\t<\/div>\n<\/div><\/div><\/div><\/div>\n<\/div>","protected":false},"excerpt":{"rendered":"<h5>Sonntags (einmal im Monat)<br \/>\n11:00 \u2013 14:30<br \/>\nKostenfrei, Anmeldung erforderlich<br \/>\nTreffpunkt: S-Bahnhof Griebnitzsee, S7<\/h5>\n<p><strong>| <span style=\"color: #ec6c23;\">LGBTQIA+\u00a0<\/span>|<\/strong><\/p>\n<p>In diesem 10. Abschnitt des Berliner Mauerwegs f\u00fchrt der Weg vom Bahnhof Griebnitzsee durch die ehemalige Enklave Steinst\u00fccken, einst eine westliche Insel im Gebiet der DDR. Relikte wie Gleise und zerst\u00f6rte Br\u00fccken erinnern an die Zeit der Teilung. Die Etappe endet hinter dem fr\u00fcheren Grenz\u00fcbergang Dreilinden in Nikolassee.<\/p>\n","protected":false},"author":12,"featured_media":25107,"template":"","meta":{"pmpro_default_level":"","inline_featured_image":false},"product_brand":[],"product_cat":[77,791,769,79],"product_tag":[469],"class_list":{"0":"post-25099","1":"product","2":"type-product","3":"status-publish","4":"has-post-thumbnail","6":"product_cat-community-events","7":"product_cat-gemeinsam-statt-einsam","8":"product_cat-kostenloser-zugang","9":"product_cat-monatliche-events","10":"product_tag-lgbtqiaplus","11":"pmpro-has-access","13":"first","14":"instock","15":"virtual","16":"sold-individually","17":"product-type-simple"},"wpml_current_locale":"de_DE","wpml_translations":{"en_US":{"locale":"en_US","id":25109,"slug":"outdoor-berliner-mauerweg-vom-griebnitzsee-bis-nikolassee","post_title":"Outdoor \u2013 Berlin Wall Trail: From Griebnitzsee to Nikolassee","href":"https:\/\/wearevillage.org\/en\/shop\/village-outdoor\/w26-2025"}},"language":{"code":"de","locale":"","name":"","is_rtl":false},"_links":{"self":[{"href":"https:\/\/wearevillage.org\/wp-json\/wp\/v2\/product\/25099","targetHints":{"allow":["GET"]}}],"collection":[{"href":"https:\/\/wearevillage.org\/wp-json\/wp\/v2\/product"}],"about":[{"href":"https:\/\/wearevillage.org\/wp-json\/wp\/v2\/types\/product"}],"author":[{"embeddable":true,"href":"https:\/\/wearevillage.org\/wp-json\/wp\/v2\/users\/12"}],"wp:featuredmedia":[{"embeddable":true,"href":"https:\/\/wearevillage.org\/wp-json\/wp\/v2\/media\/25107"}],"wp:attachment":[{"href":"https:\/\/wearevillage.org\/wp-json\/wp\/v2\/media?parent=25099"}],"wp:term":[{"taxonomy":"product_brand","embeddable":true,"href":"https:\/\/wearevillage.org\/wp-json\/wp\/v2\/product_brand?post=25099"},{"taxonomy":"product_cat","embeddable":true,"href":"https:\/\/wearevillage.org\/wp-json\/wp\/v2\/product_cat?post=25099"},{"taxonomy":"product_tag","embeddable":true,"href":"https:\/\/wearevillage.org\/wp-json\/wp\/v2\/product_tag?post=25099"}],"curies":[{"name":"wp","href":"https:\/\/api.w.org\/{rel}","templated":true}]}}