{"id":25180,"date":"2025-05-01T15:28:04","date_gmt":"2025-05-01T13:28:04","guid":{"rendered":"https:\/\/wearevillage.org\/?post_type=product&#038;p=25180"},"modified":"2025-06-14T15:51:41","modified_gmt":"2025-06-14T13:51:41","slug":"village-outdoor-kajaktour-spreewald-3","status":"publish","type":"product","link":"https:\/\/wearevillage.org\/shop\/village-outdoor\/w25-2025\/","title":{"rendered":"Village Outdoor \u2013 Kajaktour Spreewald"},"content":{"rendered":"<div class=\"wpb-content-wrapper\"><div class=\"vc_row wpb_row vc_row-fluid\"><div class=\"wpb_column vc_column_container vc_col-sm-12\"><div class=\"vc_column-inner\"><div class=\"wpb_wrapper\"><h4 style=\"text-align: left\" class=\"vc_custom_heading vc_do_custom_heading\" >Village Outdoor - Kajaktour Spreewald<\/h4><h5 style=\"text-align: left\" class=\"vc_custom_heading vc_do_custom_heading\" ><\/h5>\n\t<div class=\"wpb_text_column wpb_content_element\" >\n\t\t<div class=\"wpb_wrapper\">\n\t\t\t<p>Im Juni m\u00f6chten wir mit Euch den Spreewald erkunden! An einem Sonntag treffen wir uns, fahren organisiert zusammen nach L\u00fcbbenau und erkunden die Landschaft mit Kajaks. Es wird Zeit zum Paddeln, Entspannen und Picknicken geben.<\/p>\n<p><strong>Tagesplan<\/strong><\/p>\n<p><strong>8:30<\/strong>: Treffpunkt: Berlin Warschauer Stra\u00dfe, <strong>Abfahrt 08:46<\/strong> Uhr, Gl. 11 mit S 7 nach Senftenberg, <strong>Ankunft 10:03 Uhr L\u00fcbbenau\/Spreewald<\/strong>, 10 mn Fu\u00dfweg.<br \/>\nVerbindung ansehen: <a href=\"https:\/\/www.bahn.de\" target=\"_blank\" rel=\"noopener\">bahn.de<\/a><\/p>\n<p><strong>10:30<\/strong>: Treffpunkt: Bootsverleih Richter, Dammstra\u00dfe 75, 03222, L\u00fcbbenau, Boote ausleihen (sind bereits reserviert), <strong>Beginn Kajaktour<\/strong><\/p>\n<p><strong>circa 13:00\/13:30<\/strong>: Einkehr im Gasthaus Wotschofska, Wotschofskaweg 1, 03222, L\u00fcbbenau (Tische sind reserviert, schaut gerne schon mal in die Speisekarte)<\/p>\n<p><strong>16:30<\/strong>: R\u00fcckgabe Leihboote und gemeinsame R\u00fcckfahrt<\/p>\n\n\t\t<\/div>\n\t<\/div>\n<\/div><\/div><\/div><\/div><div class=\"vc_row wpb_row vc_row-fluid\"><div class=\"wpb_column vc_column_container vc_col-sm-12\"><div class=\"vc_column-inner\"><div class=\"wpb_wrapper\"><div class=\"vc_separator wpb_content_element vc_separator_align_center vc_sep_width_100 vc_sep_pos_align_center vc_separator_no_text vc_sep_color_grey wpb_content_element  wpb_content_element\" ><span class=\"vc_sep_holder vc_sep_holder_l\"><span class=\"vc_sep_line\"><\/span><\/span><span class=\"vc_sep_holder vc_sep_holder_r\"><span class=\"vc_sep_line\"><\/span><\/span>\n<\/div>\n\t<div class=\"wpb_text_column wpb_content_element\" >\n\t\t<div class=\"wpb_wrapper\">\n\t\t\t<p class=\"x11i5rnm xat24cr x1mh8g0r x1vvkbs xtlvy1s\"><strong>Hinweise:<\/strong><\/p>\n<p>Voranmeldung ist unbedingt erforderlich, da die Kajaks bereits reserviert sind (max. 20 Personen). Anmeldung unter: events@wearevillage.org<\/p>\n<p>Bei diesem Event wird je nach Teilnehmendenbed\u00fcrfnissen Deutsch und\/oder Englisch gesprochen.<\/p>\n<p>Die ganzt\u00e4tige Kajaktour kann f\u00fcr einige k\u00f6rperlich anstrengend werden und verlangt eine gewisse Ausdauer und Mobilit\u00e4t. Bitte sch\u00e4tze selbst ein, ob du daran teilnehmen kannst.<\/p>\n<p>Dieses Event ist kostenfrei in Bezug auf Organisation und Teilnahme. Eintritts-, Reise- und\/oder Nutzungskosten belaufen sich auf ca. 25,00 \u20ac pro Person, Mittagessen im Restaurant nicht inkludiert.<\/p>\n\n\t\t<\/div>\n\t<\/div>\n<\/div><\/div><\/div><\/div>\n<\/div>","protected":false},"excerpt":{"rendered":"<h5>Outdoor Event<br \/>\n8:45-16:30<br \/>\nkostenfrei<br \/>\nTreffpunkt:\u00a0S-Bahnhof Osktreuz<\/h5>\n<p class=\"p1\"><strong>| <span style=\"color: #ec6c23;\">LGBTQIA+ <\/span>| AUSGEBUCHT<\/strong><\/p>\n<p>Gemeinsam erkunden wir den Spreewald mit Kajaks.<\/p>\n<p>Voranmeldung ist unbedingt erforderlich, da wir die Boote reservieren m\u00fcssen (max. 20 Personen).<\/p>\n","protected":false},"author":12,"featured_media":5338,"template":"","meta":{"pmpro_default_level":"","inline_featured_image":false},"product_brand":[],"product_cat":[77,79],"product_tag":[469],"class_list":{"0":"post-25180","1":"product","2":"type-product","3":"status-publish","4":"has-post-thumbnail","6":"product_cat-community-events","7":"product_cat-monatliche-events","8":"product_tag-lgbtqiaplus","9":"pmpro-has-access","11":"first","12":"outofstock","13":"sold-individually","14":"product-type-simple"},"wpml_current_locale":"de_DE","wpml_translations":{"en_US":{"locale":"en_US","id":25188,"slug":"village-outdoor-kajaktour-spreewald-3","post_title":"Village Outdoor - Kajaktour Spreewald","href":"https:\/\/wearevillage.org\/en\/shop\/village-outdoor\/w25-2025"}},"language":{"code":"de","locale":"","name":"","is_rtl":false},"_links":{"self":[{"href":"https:\/\/wearevillage.org\/wp-json\/wp\/v2\/product\/25180","targetHints":{"allow":["GET"]}}],"collection":[{"href":"https:\/\/wearevillage.org\/wp-json\/wp\/v2\/product"}],"about":[{"href":"https:\/\/wearevillage.org\/wp-json\/wp\/v2\/types\/product"}],"author":[{"embeddable":true,"href":"https:\/\/wearevillage.org\/wp-json\/wp\/v2\/users\/12"}],"wp:featuredmedia":[{"embeddable":true,"href":"https:\/\/wearevillage.org\/wp-json\/wp\/v2\/media\/5338"}],"wp:attachment":[{"href":"https:\/\/wearevillage.org\/wp-json\/wp\/v2\/media?parent=25180"}],"wp:term":[{"taxonomy":"product_brand","embeddable":true,"href":"https:\/\/wearevillage.org\/wp-json\/wp\/v2\/product_brand?post=25180"},{"taxonomy":"product_cat","embeddable":true,"href":"https:\/\/wearevillage.org\/wp-json\/wp\/v2\/product_cat?post=25180"},{"taxonomy":"product_tag","embeddable":true,"href":"https:\/\/wearevillage.org\/wp-json\/wp\/v2\/product_tag?post=25180"}],"curies":[{"name":"wp","href":"https:\/\/api.w.org\/{rel}","templated":true}]}}