{"id":25306,"date":"2025-05-02T13:28:44","date_gmt":"2025-05-02T11:28:44","guid":{"rendered":"https:\/\/wearevillage.org\/?post_type=product&#038;p=25306"},"modified":"2025-07-22T11:42:06","modified_gmt":"2025-07-22T09:42:06","slug":"gemeinsam-einsam-queere-erfahrungen-mit-isolation-und-einsamkeit-11","status":"publish","type":"product","link":"https:\/\/wearevillage.org\/shop\/building-bridges-of-belonging\/w30-2025\/","title":{"rendered":"Gemeinsam einsam? Queere Erfahrungen mit Isolation und Einsamkeit"},"content":{"rendered":"<div class=\"wpb-content-wrapper\"><div class=\"vc_row wpb_row vc_row-fluid\"><div class=\"wpb_column vc_column_container vc_col-sm-12\"><div class=\"vc_column-inner\"><div class=\"wpb_wrapper\"><h4 style=\"text-align: left\" class=\"vc_custom_heading vc_do_custom_heading\" >Building bridges of belonging \u2013 Gemeinsam einsam? Queere Erfahrungen mit Isolation und Einsamkeit.<\/h4><h5 style=\"text-align: left\" class=\"vc_custom_heading vc_do_custom_heading\" >mit Lana Loeser<\/h5>\n\t<div class=\"wpb_text_column wpb_content_element\" >\n\t\t<div class=\"wpb_wrapper\">\n\t\t\t<p>Einsamkeit ist eine weit verbreitete Erfahrung, die viele in der queeren Community betrifft, sei es z.B. aufgrund von Diskriminierung, Ablehnung,\u00a0oder dem Gef\u00fchl, nicht verstanden zu werden. Als Menschen sehnen wir uns nach Verbundenheit, und doch sind so viele von uns mit Isolation\u00a0konfrontiert\u00a0und\u00a0haben Angst, ihr authentisches Selbst zu sein.<\/p>\n<p>Dieser Workshop l\u00e4dt queere Personen dazu ein, gemeinsam ihre Erfahrungen mit Isolation und Einsamkeit zu erkunden und resiliente Wege zu finden, um diese Herausforderungen zu bew\u00e4ltigen.\u00a0In einer unterst\u00fctzenden Atmosph\u00e4re wollen wir Erfahrungen teilen,\u00a0eine St\u00e4rkung unseres authentischen Selbst erfahren und einen Raum des Empowerments schaffen.<\/p>\n\n\t\t<\/div>\n\t<\/div>\n<div class=\"vc_separator wpb_content_element vc_separator_align_center vc_sep_width_100 vc_sep_pos_align_center vc_separator_no_text vc_sep_color_grey wpb_content_element  wpb_content_element\" ><span class=\"vc_sep_holder vc_sep_holder_l\"><span class=\"vc_sep_line\"><\/span><\/span><span class=\"vc_sep_holder vc_sep_holder_r\"><span class=\"vc_sep_line\"><\/span><\/span>\n<\/div>\n\t<div class=\"wpb_text_column wpb_content_element\" >\n\t\t<div class=\"wpb_wrapper\">\n\t\t\t<p><strong><img loading=\"lazy\" decoding=\"async\" class=\"wp-image-13753 alignleft\" src=\"https:\/\/wearevillage.org\/wp-content\/uploads\/2024\/04\/wav-team-Lana-Loeser-270x300.png\" alt=\"\" width=\"190\" height=\"211\" srcset=\"https:\/\/wearevillage.org\/wp-content\/uploads\/2024\/04\/wav-team-Lana-Loeser-270x300.png 270w, https:\/\/wearevillage.org\/wp-content\/uploads\/2024\/04\/wav-team-Lana-Loeser-135x150.png 135w, https:\/\/wearevillage.org\/wp-content\/uploads\/2024\/04\/wav-team-Lana-Loeser-768x853.png 768w, https:\/\/wearevillage.org\/wp-content\/uploads\/2024\/04\/wav-team-Lana-Loeser-624x693.png 624w, https:\/\/wearevillage.org\/wp-content\/uploads\/2024\/04\/wav-team-Lana-Loeser-390x433.png 390w, https:\/\/wearevillage.org\/wp-content\/uploads\/2024\/04\/wav-team-Lana-Loeser-600x667.png 600w, https:\/\/wearevillage.org\/wp-content\/uploads\/2024\/04\/wav-team-Lana-Loeser.png 900w\" sizes=\"auto, (max-width: 190px) 100vw, 190px\" \/>Lana Loeser<\/strong>\u00a0ist eine*r nicht-bin\u00e4re*r approbierte*r Psychotherapeut*in und steht Menschen mit psychischen Herausforderungen einf\u00fchlsam und professionell zur Seite. Mit einem klaren Fokus auf individuelle Unterst\u00fctzung setzt sich Lana daf\u00fcr ein, queer, trans* und nicht-bin\u00e4re Personen auf ihrem Weg der Selbstentdeckung, Kreativit\u00e4t und Heilung zu begleiten.<strong><br \/>\n<\/strong><\/p>\n\n\t\t<\/div>\n\t<\/div>\n<div class=\"vc_separator wpb_content_element vc_separator_align_center vc_sep_width_100 vc_sep_pos_align_center vc_separator_no_text vc_sep_color_grey wpb_content_element  wpb_content_element\" ><span class=\"vc_sep_holder vc_sep_holder_l\"><span class=\"vc_sep_line\"><\/span><\/span><span class=\"vc_sep_holder vc_sep_holder_r\"><span class=\"vc_sep_line\"><\/span><\/span>\n<\/div>\n\t<div class=\"wpb_text_column wpb_content_element\" >\n\t\t<div class=\"wpb_wrapper\">\n\t\t\t<p class=\"vc_custom_heading\"><strong>Gemeinsam statt einsam: jede*r f\u00fchlt sich manchmal einsam<\/strong><br \/>\nAls Menschen haben wir eine nat\u00fcrliche Sehnsucht nach sozialer Verbindung und Unterst\u00fctzung durch andere.\u00a0Queere Menschen haben aufgrund individueller und struktureller Formen der\u00a0Diskriminierung\u00a0ein noch h\u00f6heres Risiko, unter chronischer\u00a0Einsamkeit\u00a0zu leiden.<br \/>\nIn Zusammenarbeit mit der <strong>Landesstelle f\u00fcr Gleichbehandlung<\/strong> \u2013 gegen Diskriminierung hat sich <strong>we are village | queer matters<\/strong> zum Ziel gesetzt, das Thema Einsamkeit in der queeren Community anzugehen.<\/p>\n<p><img loading=\"lazy\" decoding=\"async\" class=\"wp-image-7522 alignleft\" src=\"https:\/\/wearevillage.org\/wp-content\/uploads\/2023\/06\/image001.jpg\" alt=\"\" width=\"218\" height=\"37\" srcset=\"https:\/\/wearevillage.org\/wp-content\/uploads\/2023\/06\/image001.jpg 242w, https:\/\/wearevillage.org\/wp-content\/uploads\/2023\/06\/image001-150x25.jpg 150w\" sizes=\"auto, (max-width: 218px) 100vw, 218px\" \/>Wir haben auch einen <strong><a href=\"https:\/\/forms.gle\/BZkLsma3sRX2vdRb8\" target=\"_blank\" rel=\"noopener\">Fragebogen<\/a><\/strong> erstellt, um mehr \u00fcber Ihre Erfahrungen mit Einsamkeit zu erfahren. Mit eurer Hilfe k\u00f6nnen wir ein besseres Programm erstellen, das euren Bed\u00fcrfnissen entspricht und mit dem wir mehr Zugeh\u00f6rigkeit schaffen k\u00f6nnen!<\/p>\n\n\t\t<\/div>\n\t<\/div>\n<div class=\"vc_separator wpb_content_element vc_separator_align_center vc_sep_width_100 vc_sep_pos_align_center vc_separator_no_text vc_sep_color_grey wpb_content_element  wpb_content_element\" ><span class=\"vc_sep_holder vc_sep_holder_l\"><span class=\"vc_sep_line\"><\/span><\/span><span class=\"vc_sep_holder vc_sep_holder_r\"><span class=\"vc_sep_line\"><\/span><\/span>\n<\/div>\n\t<div class=\"wpb_text_column wpb_content_element\" >\n\t\t<div class=\"wpb_wrapper\">\n\t\t\t<p><strong><u>Hinweise<\/u><\/strong><br \/>\n<strong>Anmeldung<\/strong>: Eine verbindliche Anmeldung \u00fcber die Webseite ist erforderlich. Die Teilnehmerzahl ist auf 16 Personen begrenzt, um die Qualit\u00e4t des Austauschs zu gew\u00e4hrleisten.<br \/>\n<strong>Sprache<\/strong>: Dieser Workshop findet nur auf Deutsch statt. Deine Sprachkenntnisse sollten ausreichend sein, um teilzunehmen.<br \/>\nViele andere unserer Workshops sind zweisprachig (Deutsch\/Englisch) oder ausschlie\u00dflich auf Englisch, schau in unserem Programm nach.<br \/>\n<strong>Kosten<\/strong>: Die Teilnahme ist kostenlos.<\/p>\n\n\t\t<\/div>\n\t<\/div>\n<\/div><\/div><\/div><\/div>\n<\/div>","protected":false},"excerpt":{"rendered":"<h5>Donnerstags (einmal im Monat)<br \/>\n18:30-20:30<\/p>\n<p>Kostenloser Workshop<br \/>\nAnmeldung erforderlich<br \/>\nauf Deutsch<\/h5>\n<p><strong style=\"font-size: 16px;\">|<span style=\"color: #ec6c23;\"> LGBTQIA+ <\/span>|<\/strong><\/p>\n<p>Dieser Workshop l\u00e4dt queere Personen dazu ein, gemeinsam ihre Erfahrungen mit Isolation und Einsamkeit zu erkunden und resiliente Wege zu finden, um diese Herausforderungen zu bew\u00e4ltigen.\u00a0In einer unterst\u00fctzenden Atmosph\u00e4re wollen wir Erfahrungen teilen,\u00a0eine St\u00e4rkung unseres authentischen Selbst erfahren und einen Raum des Empowerments schaffen.<\/p>\n","protected":false},"author":12,"featured_media":14198,"template":"","meta":{"pmpro_default_level":"","inline_featured_image":false},"product_brand":[],"product_cat":[791,769],"product_tag":[469],"class_list":{"0":"post-25306","1":"product","2":"type-product","3":"status-publish","4":"has-post-thumbnail","6":"product_cat-gemeinsam-statt-einsam","7":"product_cat-kostenloser-zugang","8":"product_tag-lgbtqiaplus","9":"pmpro-has-access","11":"first","12":"instock","13":"sold-individually","14":"product-type-simple"},"wpml_current_locale":"de_DE","wpml_translations":{"en_US":{"locale":"en_US","id":25313,"slug":"gemeinsam-einsam-queere-erfahrungen-mit-isolation-und-einsamkeit-11","post_title":"Lonely Together? Queer experiences of isolation and loneliness","href":"https:\/\/wearevillage.org\/en\/shop\/gemeinsam-einsam-queere-erfahrungen-mit-isolation-und-einsamkeit-11\/"}},"language":{"code":"de","locale":"","name":"","is_rtl":false},"_links":{"self":[{"href":"https:\/\/wearevillage.org\/wp-json\/wp\/v2\/product\/25306","targetHints":{"allow":["GET"]}}],"collection":[{"href":"https:\/\/wearevillage.org\/wp-json\/wp\/v2\/product"}],"about":[{"href":"https:\/\/wearevillage.org\/wp-json\/wp\/v2\/types\/product"}],"author":[{"embeddable":true,"href":"https:\/\/wearevillage.org\/wp-json\/wp\/v2\/users\/12"}],"wp:featuredmedia":[{"embeddable":true,"href":"https:\/\/wearevillage.org\/wp-json\/wp\/v2\/media\/14198"}],"wp:attachment":[{"href":"https:\/\/wearevillage.org\/wp-json\/wp\/v2\/media?parent=25306"}],"wp:term":[{"taxonomy":"product_brand","embeddable":true,"href":"https:\/\/wearevillage.org\/wp-json\/wp\/v2\/product_brand?post=25306"},{"taxonomy":"product_cat","embeddable":true,"href":"https:\/\/wearevillage.org\/wp-json\/wp\/v2\/product_cat?post=25306"},{"taxonomy":"product_tag","embeddable":true,"href":"https:\/\/wearevillage.org\/wp-json\/wp\/v2\/product_tag?post=25306"}],"curies":[{"name":"wp","href":"https:\/\/api.w.org\/{rel}","templated":true}]}}