{"id":25325,"date":"2025-05-02T13:37:13","date_gmt":"2025-05-02T11:37:13","guid":{"rendered":"https:\/\/wearevillage.org\/?post_type=product&#038;p=25325"},"modified":"2025-05-02T13:38:02","modified_gmt":"2025-05-02T11:38:02","slug":"village-heart-circle-24","status":"publish","type":"product","link":"https:\/\/wearevillage.org\/shop\/heart-circle\/w30-2025\/","title":{"rendered":"Village Heart Circle"},"content":{"rendered":"<div class=\"wpb-content-wrapper\"><div class=\"vc_row wpb_row vc_row-fluid\"><div class=\"wpb_column vc_column_container vc_col-sm-12\"><div class=\"vc_column-inner\"><div class=\"wpb_wrapper\"><h4 style=\"text-align: left\" class=\"vc_custom_heading vc_do_custom_heading\" >Village Heart Circle<\/h4><h5 style=\"text-align: left\" class=\"vc_custom_heading vc_do_custom_heading\" >mit Marco Astolfi und Torsten Bless<\/h5>\n\t<div class=\"wpb_text_column wpb_content_element\" >\n\t\t<div class=\"wpb_wrapper\">\n\t\t\t<p>Suchst du nach einem Ort, an dem du deine Gef\u00fchle und Erfahrungen teilen kannst, in einer unterst\u00fctzenden Gemeinschaft von schwulen, bisexuellen, trans und queeren M\u00e4nnern*?<\/p>\n<p>Der Heart Circle ist ein Ort, an dem wir friedlich zusammensitzen, aus dem Herzen sprechen und mit dem Herzen zuh\u00f6ren k\u00f6nnen. Ein Ort, an dem wir die unterschiedlichen Lebensumst\u00e4nde, aus denen wir kommen, respektieren, ohne zu urteilen.<\/p>\n<p>Der Heart Circle ist eine Praxis, die von den Ureinwohnern Nordamerikas stammt und von den Radical Faeries \u00fcbernommen wurde, um Gemeinschaft zu bilden.<\/p>\n\n\t\t<\/div>\n\t<\/div>\n<div class=\"vc_separator wpb_content_element vc_separator_align_center vc_sep_width_100 vc_sep_pos_align_center vc_separator_no_text vc_sep_color_grey wpb_content_element  wpb_content_element\" ><span class=\"vc_sep_holder vc_sep_holder_l\"><span class=\"vc_sep_line\"><\/span><\/span><span class=\"vc_sep_holder vc_sep_holder_r\"><span class=\"vc_sep_line\"><\/span><\/span>\n<\/div>\n\t<div class=\"wpb_text_column wpb_content_element\" >\n\t\t<div class=\"wpb_wrapper\">\n\t\t\t<p><img loading=\"lazy\" decoding=\"async\" class=\"wp-image-35 alignleft\" src=\"https:\/\/wearevillage.org\/wp-content\/uploads\/2022\/08\/Marco-Astolfi-271x300.jpg\" alt=\"\" width=\"160\" height=\"177\" srcset=\"https:\/\/wearevillage.org\/wp-content\/uploads\/2022\/08\/Marco-Astolfi-271x300.jpg 271w, https:\/\/wearevillage.org\/wp-content\/uploads\/2022\/08\/Marco-Astolfi-390x431.jpg 390w, https:\/\/wearevillage.org\/wp-content\/uploads\/2022\/08\/Marco-Astolfi-600x663.jpg 600w, https:\/\/wearevillage.org\/wp-content\/uploads\/2022\/08\/Marco-Astolfi-624x690.jpg 624w, https:\/\/wearevillage.org\/wp-content\/uploads\/2022\/08\/Marco-Astolfi.jpg 700w\" sizes=\"auto, (max-width: 160px) 100vw, 160px\" \/><strong>Marco Astolfi<\/strong> ist Literatur\u00fcbersetzer, Schriftsteller und Fee aus Italien. Er lebt in Berlin, ist Mitveranstalter des Village Heart Circle f\u00fcr GBTQ-M\u00e4nner und leitet alle zwei Monate den Book Club-Abend. Er ist Stammgast beim Creative Writing und kann gelegentlich als Model f\u00fcr die Life Drawing Unterrichte vorgefunden werden. Er besuchte das One Year Training im 2018 und leitete die Workshops Cock O\u2019Clock beim Easter Stretch Festival 2019 und Privates Talk beim Stretch Imagine 2020.<\/p>\n<p><img loading=\"lazy\" decoding=\"async\" class=\"wp-image-48 alignleft\" src=\"https:\/\/wearevillage.org\/wp-content\/uploads\/2022\/08\/Torsten-Bless-271x300.jpg\" alt=\"\" width=\"160\" height=\"177\" srcset=\"https:\/\/wearevillage.org\/wp-content\/uploads\/2022\/08\/Torsten-Bless-271x300.jpg 271w, https:\/\/wearevillage.org\/wp-content\/uploads\/2022\/08\/Torsten-Bless-390x431.jpg 390w, https:\/\/wearevillage.org\/wp-content\/uploads\/2022\/08\/Torsten-Bless-600x663.jpg 600w, https:\/\/wearevillage.org\/wp-content\/uploads\/2022\/08\/Torsten-Bless-624x690.jpg 624w, https:\/\/wearevillage.org\/wp-content\/uploads\/2022\/08\/Torsten-Bless.jpg 700w\" sizes=\"auto, (max-width: 160px) 100vw, 160px\" \/><strong>Torsten Bless<\/strong> lebt in Berlin und arbeitet als Redakteur und Texter. Er hat beim East Stretch Festival 2015 seinen Weg zur Authentic Eros\/Village-Community gefunden, das One-Year Training 2016 absolviert und ist seit Sommer 2017 Co-Gastgeber des Village Heart Circle.<\/p>\n\n\t\t<\/div>\n\t<\/div>\n<div class=\"vc_separator wpb_content_element vc_separator_align_center vc_sep_width_100 vc_sep_pos_align_center vc_separator_no_text vc_sep_color_grey vc_custom_1726585625985 wpb_content_element  vc_custom_1726585625985 wpb_content_element\" ><span class=\"vc_sep_holder vc_sep_holder_l\"><span class=\"vc_sep_line\"><\/span><\/span><span class=\"vc_sep_holder vc_sep_holder_r\"><span class=\"vc_sep_line\"><\/span><\/span>\n<\/div>\n\t<div class=\"wpb_text_column wpb_content_element\" >\n\t\t<div class=\"wpb_wrapper\">\n\t\t\t<p><strong><u>Hinweise<\/u><\/strong><br \/>\nDer Einlass beginnt um 19:30 Uhr. Bitte sei p\u00fcnktlich: Nach 20:00 Uhr ist kein Zugang mehr m\u00f6glich.<br \/>\n<strong>Sprache<\/strong>: Je nach Bed\u00fcrfnissen der Gruppe werden wir Deutsch und\/oder Englisch sprechen.<br \/>\n<b>Kosten<\/b>: Die Veranstaltung ist kostenlos.<\/p>\n\n\t\t<\/div>\n\t<\/div>\n<\/div><\/div><\/div><\/div>\n<\/div>","protected":false},"excerpt":{"rendered":"<h5>Freitags (einmal pro Monat)<br \/>\n20:00 \u2013 22:30<br \/>\nkostenfrei<\/h5>\n<p><strong>| <span style=\"color: #ec6c23;\">GBTQ men*<\/span>\u00a0|<\/strong><\/p>\n<p>Heart Circle ist ein Ort, an dem wir friedlich zusammensitzen, aus dem Herzen sprechen und mit dem Herzen zuh\u00f6ren k\u00f6nnen. Ein Ort, an dem wir die unterschiedlichen Lebensumst\u00e4nde, aus denen wir kommen, respektieren, ohne zu urteilen.<\/p>\n","protected":false},"author":12,"featured_media":1827,"template":"","meta":{"pmpro_default_level":"","inline_featured_image":false},"product_brand":[],"product_cat":[77,791,769,79],"product_tag":[256],"class_list":{"0":"post-25325","1":"product","2":"type-product","3":"status-publish","4":"has-post-thumbnail","6":"product_cat-community-events","7":"product_cat-gemeinsam-statt-einsam","8":"product_cat-kostenloser-zugang","9":"product_cat-monatliche-events","10":"product_tag-gbtq-men","11":"pmpro-has-access","13":"first","14":"outofstock","15":"purchasable","16":"product-type-variable"},"wpml_current_locale":"de_DE","wpml_translations":{"en_US":{"locale":"en_US","id":25332,"slug":"village-heart-circle-24","post_title":"Village Heart Circle","href":"https:\/\/wearevillage.org\/en\/shop\/heart-circle\/w30-2025"}},"language":{"code":"de","locale":"","name":"","is_rtl":false},"_links":{"self":[{"href":"https:\/\/wearevillage.org\/wp-json\/wp\/v2\/product\/25325","targetHints":{"allow":["GET"]}}],"collection":[{"href":"https:\/\/wearevillage.org\/wp-json\/wp\/v2\/product"}],"about":[{"href":"https:\/\/wearevillage.org\/wp-json\/wp\/v2\/types\/product"}],"author":[{"embeddable":true,"href":"https:\/\/wearevillage.org\/wp-json\/wp\/v2\/users\/12"}],"wp:featuredmedia":[{"embeddable":true,"href":"https:\/\/wearevillage.org\/wp-json\/wp\/v2\/media\/1827"}],"wp:attachment":[{"href":"https:\/\/wearevillage.org\/wp-json\/wp\/v2\/media?parent=25325"}],"wp:term":[{"taxonomy":"product_brand","embeddable":true,"href":"https:\/\/wearevillage.org\/wp-json\/wp\/v2\/product_brand?post=25325"},{"taxonomy":"product_cat","embeddable":true,"href":"https:\/\/wearevillage.org\/wp-json\/wp\/v2\/product_cat?post=25325"},{"taxonomy":"product_tag","embeddable":true,"href":"https:\/\/wearevillage.org\/wp-json\/wp\/v2\/product_tag?post=25325"}],"curies":[{"name":"wp","href":"https:\/\/api.w.org\/{rel}","templated":true}]}}