{"id":25397,"date":"2025-05-02T14:23:24","date_gmt":"2025-05-02T12:23:24","guid":{"rendered":"https:\/\/wearevillage.org\/?post_type=product&#038;p=25397"},"modified":"2025-05-02T14:24:38","modified_gmt":"2025-05-02T12:24:38","slug":"meditation-37","status":"publish","type":"product","link":"https:\/\/wearevillage.org\/shop\/meditation\/w31-2025\/","title":{"rendered":"Meditation"},"content":{"rendered":"<div class=\"wpb-content-wrapper\"><div class=\"vc_row wpb_row vc_row-fluid\"><div class=\"wpb_column vc_column_container vc_col-sm-12\"><div class=\"vc_column-inner\"><div class=\"wpb_wrapper\"><h4 style=\"text-align: left\" class=\"vc_custom_heading vc_do_custom_heading\" >Meditation<\/h4><h5 style=\"text-align: left\" class=\"vc_custom_heading vc_do_custom_heading\" >Mit Paz<\/h5>\n\t<div class=\"wpb_text_column wpb_content_element\" >\n\t\t<div class=\"wpb_wrapper\">\n\t\t\t<p>Die Queer Meditationsgruppe bietet einen sicheren und inklusiven Raum f\u00fcr LGBTQIA+ Personen, um sich durch sanfte K\u00f6rperabstimmung, Atemachtsamkeit und bewusste Sitzpraxis auf einen erkundenden Ansatz zur Meditation einzulassen. Jeder der Leiter* bringt Erfahrungen mit Achtsamkeit, Zen, Vipassana und anderen Formen der Meditation mit ein. Vorherige Meditationserfahrung ist nicht erforderlich.<\/p>\n<p>Der K\u00f6rper-Geist und die Sinne werden als Eingangstor zur Meditation erforscht. Das Ziel dieser Erkundung ist es, sich seines Selbst auf vielen Ebenen bewusster zu werden. Ausgehend von dem Ort, an dem wir uns gerade befinden, hat dieser Meditationsansatz das offene Ziel, mit dem gegenw\u00e4rtigen Moment in Einklang zu kommen und sich zu verlangsamen, Spannungen abzubauen und das Nervensystem zu entspannen.<\/p>\n\n\t\t<\/div>\n\t<\/div>\n<div class=\"vc_separator wpb_content_element vc_separator_align_center vc_sep_width_100 vc_sep_pos_align_center vc_separator_no_text vc_sep_color_grey wpb_content_element  wpb_content_element\" ><span class=\"vc_sep_holder vc_sep_holder_l\"><span class=\"vc_sep_line\"><\/span><\/span><span class=\"vc_sep_holder vc_sep_holder_r\"><span class=\"vc_sep_line\"><\/span><\/span>\n<\/div>\n\t<div class=\"wpb_text_column wpb_content_element\" >\n\t\t<div class=\"wpb_wrapper\">\n\t\t\t<p><img loading=\"lazy\" decoding=\"async\" class=\"wp-image-25096 alignleft\" src=\"https:\/\/wearevillage.org\/wp-content\/uploads\/2025\/03\/Paz-e1745925266810.jpg\" alt=\"\" width=\"163\" height=\"181\" \/><strong>Paz<\/strong> ist ein zertifizierter Coach und Meditationslehrer, der best\u00e4rkende R\u00e4ume f\u00fcr LGBTQ+ Menschen schafft. Ausgebildet in traumasensibler Praxis, psychedelischer Integration, tiefenpsychologischen Ans\u00e4tzen und dem Modell der inneren Familiensysteme (IFS) bringt er einen einf\u00fchlenden und inklusiven Ansatz zu Meditation und die Arbeit mit dem Bewusstsein ein. Basierend auf Traditionen s\u00e4kularer Achtsamkeitsmeditation und jahrelanger Erfahrung als Facilitator in queeren R\u00e4umen, m\u00f6chte Paz die Menschen stets dort abholen, wo sie stehen, und eine inklusive Umgebung f\u00fcr authentische Verbindung schaffen. <a href=\"https:\/\/universalmind.coach\"><strong>universalmind.coach<\/strong><\/a><\/p>\n\n\t\t<\/div>\n\t<\/div>\n<div class=\"vc_separator wpb_content_element vc_separator_align_center vc_sep_width_100 vc_sep_pos_align_center vc_separator_no_text vc_sep_color_grey vc_custom_1724413459150 wpb_content_element  vc_custom_1724413459150 wpb_content_element\" ><span class=\"vc_sep_holder vc_sep_holder_l\"><span class=\"vc_sep_line\"><\/span><\/span><span class=\"vc_sep_holder vc_sep_holder_r\"><span class=\"vc_sep_line\"><\/span><\/span>\n<\/div>\n\t<div class=\"wpb_text_column wpb_content_element\" >\n\t\t<div class=\"wpb_wrapper\">\n\t\t\t<p><strong><u>Hinweise<\/u><\/strong><br \/>\n<strong>Sprache<\/strong>: Dieses Event wird je nach Teilnehmerbed\u00fcrfnissen auf Deutsch und\/oder Englisch sein.<br \/>\n<strong>Facilitators<\/strong>: Die Queer-Meditationsgruppe wird von einer wechselnden Gruppe von vier Moderatoren geleitet.<br \/>\n<strong>Kosten<\/strong>: Diese Veranstaltung kann als eine von monatliche zwei kostenfreien Veranstaltungen besucht werden, die Bestandteil der <strong><a href=\"https:\/\/wearevillage.org\/mitgliedschaft\/\" target=\"_blank\" rel=\"noopener\">we are village Mitgliedschaft<\/a><\/strong> sind.<\/p>\n\n\t\t<\/div>\n\t<\/div>\n<\/div><\/div><\/div><\/div>\n<\/div>","protected":false},"excerpt":{"rendered":"<h5>Mittwochs<br \/>\n18:30 \u2013 19:30<\/h5>\n<p><strong>| <span style=\"color: #ec6c23;\">LGBTQIA+<\/span>\u00a0|<\/strong><\/p>\n<p>Die Queer Meditationsgruppe bietet einen sicheren und inklusiven Raum f\u00fcr LGBTQIA+ Personen, um sich durch sanfte K\u00f6rperabstimmung, Atemachtsamkeit und bewusste Sitzpraxis auf einen erkundenden Ansatz zur Meditation einzulassen. Vorherige Meditationserfahrung ist nicht erforderlich.<\/p>\n","protected":false},"author":11,"featured_media":8619,"template":"","meta":{"pmpro_default_level":"","inline_featured_image":false},"product_brand":[],"product_cat":[82],"product_tag":[469],"class_list":{"0":"post-25397","1":"product","2":"type-product","3":"status-publish","4":"has-post-thumbnail","6":"product_cat-woechentliche-klassen","7":"product_tag-lgbtqiaplus","8":"pmpro-has-access","10":"first","11":"instock","12":"product-type-variable"},"wpml_current_locale":"de_DE","wpml_translations":{"en_US":{"locale":"en_US","id":25401,"slug":"meditation-37","post_title":"Meditation","href":"https:\/\/wearevillage.org\/en\/shop\/meditation\/w31-2025"}},"language":{"code":"de","locale":"","name":"","is_rtl":false},"_links":{"self":[{"href":"https:\/\/wearevillage.org\/wp-json\/wp\/v2\/product\/25397","targetHints":{"allow":["GET"]}}],"collection":[{"href":"https:\/\/wearevillage.org\/wp-json\/wp\/v2\/product"}],"about":[{"href":"https:\/\/wearevillage.org\/wp-json\/wp\/v2\/types\/product"}],"author":[{"embeddable":true,"href":"https:\/\/wearevillage.org\/wp-json\/wp\/v2\/users\/11"}],"wp:featuredmedia":[{"embeddable":true,"href":"https:\/\/wearevillage.org\/wp-json\/wp\/v2\/media\/8619"}],"wp:attachment":[{"href":"https:\/\/wearevillage.org\/wp-json\/wp\/v2\/media?parent=25397"}],"wp:term":[{"taxonomy":"product_brand","embeddable":true,"href":"https:\/\/wearevillage.org\/wp-json\/wp\/v2\/product_brand?post=25397"},{"taxonomy":"product_cat","embeddable":true,"href":"https:\/\/wearevillage.org\/wp-json\/wp\/v2\/product_cat?post=25397"},{"taxonomy":"product_tag","embeddable":true,"href":"https:\/\/wearevillage.org\/wp-json\/wp\/v2\/product_tag?post=25397"}],"curies":[{"name":"wp","href":"https:\/\/api.w.org\/{rel}","templated":true}]}}