{"id":25840,"date":"2025-05-06T14:33:00","date_gmt":"2025-05-06T12:33:00","guid":{"rendered":"https:\/\/wearevillage.org\/?post_type=product&#038;p=25840"},"modified":"2025-07-18T10:06:41","modified_gmt":"2025-07-18T08:06:41","slug":"queer-images-15","status":"publish","type":"product","link":"https:\/\/wearevillage.org\/shop\/queer-images\/w26-2025\/","title":{"rendered":"Queer Images"},"content":{"rendered":"<div class=\"wpb-content-wrapper\"><div class=\"vc_row wpb_row vc_row-fluid\"><div class=\"wpb_column vc_column_container vc_col-sm-12\"><div class=\"vc_column-inner\"><div class=\"wpb_wrapper\"><h4 style=\"text-align: left\" class=\"vc_custom_heading vc_do_custom_heading\" >Queer Images: Kreativit\u00e4t und Verbindung entdecken<\/h4><h5 style=\"text-align: left\" class=\"vc_custom_heading vc_do_custom_heading\" >mit Michael Rolnick<\/h5>\n\t<div class=\"wpb_text_column wpb_content_element\" >\n\t\t<div class=\"wpb_wrapper\">\n\t\t\t<p><strong>_Juni_ \u201eDrawing Movement\u201c \u2013 Energie und Bewegung auf Papier bringen<\/strong><br \/>\nWie zeichnet man etwas, das nicht stillsteht? In diesem dynamischen Workshop erkunden wir Techniken, Bewegung durch Andeutungen, Rhythmus und eine starke Linienf\u00fchrung einzufangen. Durch schnelles Skizzieren, experimentelles Gestalten und \u00dcbungen, die von Tanz und Aktion inspiriert sind, lernen wir, wie wir unseren Zeichnungen Kraft und Lebendigkeit verleihen k\u00f6nnen. Ideal f\u00fcr alle, die ihren Stil \u201elockern\u201c und ihrer Kunst mehr Raum f\u00fcr Spontanit\u00e4t geben m\u00f6chten.<\/p>\n<p><strong>Was ist Queer Images?<\/strong><br \/>\nIn diesem monatlichen Workshop, bist du eingeladen, dich durch visuelle Kunst auszudr\u00fccken. Der Schwerpunkt liegt hierbei auf dem Prozess, nicht auf dem Ergebnis. Unser Ziel ist es, einen Zugang zu unserer eigenen Kreativit\u00e4t herzustellen, indem wir eine tiefere Verbindung zu unserem inneren Selbst und zueinander aufbauen. Es sind keine besonderen F\u00e4higkeiten oder \u201eTalente\u201c erforderlich, lediglich die Bereitschaft, sich mit Neugier aktiv einzubringen.<\/p>\n\n\t\t<\/div>\n\t<\/div>\n<div class=\"vc_separator wpb_content_element vc_separator_align_center vc_sep_width_100 vc_sep_pos_align_center vc_separator_no_text vc_sep_color_grey wpb_content_element  wpb_content_element\" ><span class=\"vc_sep_holder vc_sep_holder_l\"><span class=\"vc_sep_line\"><\/span><\/span><span class=\"vc_sep_holder vc_sep_holder_r\"><span class=\"vc_sep_line\"><\/span><\/span>\n<\/div><\/div><\/div><\/div><\/div><div class=\"vc_row wpb_row vc_row-fluid\"><div class=\"wpb_column vc_column_container vc_col-sm-12\"><div class=\"vc_column-inner\"><div class=\"wpb_wrapper\">\n\t<div class=\"wpb_text_column wpb_content_element\" >\n\t\t<div class=\"wpb_wrapper\">\n\t\t\t<p><img loading=\"lazy\" decoding=\"async\" class=\"wp-image-38 alignleft\" src=\"https:\/\/wearevillage.org\/wp-content\/uploads\/2022\/08\/Michael-Rolnick.jpg\" alt=\"\" width=\"160\" height=\"177\" srcset=\"https:\/\/wearevillage.org\/wp-content\/uploads\/2022\/08\/Michael-Rolnick.jpg 700w, https:\/\/wearevillage.org\/wp-content\/uploads\/2022\/08\/Michael-Rolnick-390x431.jpg 390w, https:\/\/wearevillage.org\/wp-content\/uploads\/2022\/08\/Michael-Rolnick-600x663.jpg 600w, https:\/\/wearevillage.org\/wp-content\/uploads\/2022\/08\/Michael-Rolnick-271x300.jpg 271w, https:\/\/wearevillage.org\/wp-content\/uploads\/2022\/08\/Michael-Rolnick-624x690.jpg 624w\" sizes=\"auto, (max-width: 160px) 100vw, 160px\" \/><strong>Michael<\/strong> <strong>Rolnick<\/strong> wurde in London geboren, wo er eine Ausbildung zum T\u00e4nzer an den Royal Ballet Schools absolvierte. Er tanzte unter anderem f\u00fcr das Northern Ballet Theatre, das Scottish Ballet, die Lindsay Kemp Company, AMP und zahlreiche andere. Michael arbeitet auch als Choreograf und macht bildende Kunst. Au\u00dferdem unterrichtet er Pilates und ist co-facilitator unseres Authentic Eros One-Year Trainings.<\/p>\n\n\t\t<\/div>\n\t<\/div>\n<div class=\"vc_separator wpb_content_element vc_separator_align_center vc_sep_width_100 vc_sep_pos_align_center vc_separator_no_text vc_sep_color_grey wpb_content_element  wpb_content_element\" ><span class=\"vc_sep_holder vc_sep_holder_l\"><span class=\"vc_sep_line\"><\/span><\/span><span class=\"vc_sep_holder vc_sep_holder_r\"><span class=\"vc_sep_line\"><\/span><\/span>\n<\/div><\/div><\/div><\/div><\/div><div class=\"vc_row wpb_row vc_row-fluid\"><div class=\"wpb_column vc_column_container vc_col-sm-12\"><div class=\"vc_column-inner\"><div class=\"wpb_wrapper\">\n\t<div class=\"wpb_text_column wpb_content_element\" >\n\t\t<div class=\"wpb_wrapper\">\n\t\t\t<p><strong><u>Hinweise<\/u><\/strong><br \/>\n<strong>Sprache<\/strong>:\u00a0Je nach Bed\u00fcrfnissen der Gruppe werden wir Deutsch und\/oder Englisch sprechen.<br \/>\n<b>Kosten<\/b>: Die Veranstaltung ist kostenlos.<\/p>\n\n\t\t<\/div>\n\t<\/div>\n<\/div><\/div><\/div><\/div>\n<\/div>","protected":false},"excerpt":{"rendered":"<h5>Samstags (einmal im Monat)<br \/>\n13:00 \u2013 16:00<br \/>\nKostenloser Workshop<\/h5>\n<p><strong>| <span style=\"color: #ec6c23;\">LGBTQIA+ <\/span>|<\/strong><\/p>\n<p><strong>_Juni_ \u201eDrawing Movement\u201c \u2013 Energie und Bewegung auf Papier bringen<\/strong><br \/>\nWie zeichnet man etwas, das nicht stillsteht? In diesem dynamischen Workshop erkunden wir Techniken, Bewegung durch Andeutungen, Rhythmus und eine starke Linienf\u00fchrung einzufangen<\/p>\n","protected":false},"author":12,"featured_media":22023,"template":"","meta":{"pmpro_default_level":"","inline_featured_image":false},"product_brand":[],"product_cat":[77,791,769,79],"product_tag":[469],"class_list":{"0":"post-25840","1":"product","2":"type-product","3":"status-publish","4":"has-post-thumbnail","6":"product_cat-community-events","7":"product_cat-gemeinsam-statt-einsam","8":"product_cat-kostenloser-zugang","9":"product_cat-monatliche-events","10":"product_tag-lgbtqiaplus","11":"pmpro-has-access","13":"first","14":"instock","15":"product-type-simple"},"wpml_current_locale":"de_DE","wpml_translations":{"en_US":{"locale":"en_US","id":25849,"slug":"queer-images-15","post_title":"Queer Images","href":"https:\/\/wearevillage.org\/en\/shop\/queer-images\/w26-2025"}},"language":{"code":"de","locale":"","name":"","is_rtl":false},"_links":{"self":[{"href":"https:\/\/wearevillage.org\/wp-json\/wp\/v2\/product\/25840","targetHints":{"allow":["GET"]}}],"collection":[{"href":"https:\/\/wearevillage.org\/wp-json\/wp\/v2\/product"}],"about":[{"href":"https:\/\/wearevillage.org\/wp-json\/wp\/v2\/types\/product"}],"author":[{"embeddable":true,"href":"https:\/\/wearevillage.org\/wp-json\/wp\/v2\/users\/12"}],"wp:featuredmedia":[{"embeddable":true,"href":"https:\/\/wearevillage.org\/wp-json\/wp\/v2\/media\/22023"}],"wp:attachment":[{"href":"https:\/\/wearevillage.org\/wp-json\/wp\/v2\/media?parent=25840"}],"wp:term":[{"taxonomy":"product_brand","embeddable":true,"href":"https:\/\/wearevillage.org\/wp-json\/wp\/v2\/product_brand?post=25840"},{"taxonomy":"product_cat","embeddable":true,"href":"https:\/\/wearevillage.org\/wp-json\/wp\/v2\/product_cat?post=25840"},{"taxonomy":"product_tag","embeddable":true,"href":"https:\/\/wearevillage.org\/wp-json\/wp\/v2\/product_tag?post=25840"}],"curies":[{"name":"wp","href":"https:\/\/api.w.org\/{rel}","templated":true}]}}