{"id":25834,"date":"2025-05-06T14:29:43","date_gmt":"2025-05-06T12:29:43","guid":{"rendered":"https:\/\/wearevillage.org\/?post_type=product&#038;p=25834"},"modified":"2025-06-14T17:20:46","modified_gmt":"2025-06-14T15:20:46","slug":"regenerative-beruehrung-fuer-queer-people-3","status":"publish","type":"product","link":"https:\/\/wearevillage.org\/shop\/regenerative-touch\/w30-2025\/","title":{"rendered":"Sommergl\u00fcck \u2013 ber\u00fchre meine F\u00fc\u00dfe!"},"content":{"rendered":"<div class=\"wpb-content-wrapper\"><div class=\"vc_row wpb_row vc_row-fluid\"><div class=\"wpb_column vc_column_container vc_col-sm-12\"><div class=\"vc_column-inner\"><div class=\"wpb_wrapper\"><h4 style=\"text-align: left\" class=\"vc_custom_heading vc_do_custom_heading\" >Sommergl\u00fcck - ber\u00fchre meine F\u00fc\u00dfe!<\/h4><h5 style=\"text-align: left\" class=\"vc_custom_heading vc_do_custom_heading\" >Regenerative Ber\u00fchrung f\u00fcr Queer People mit Benjamin Block<\/h5><div class=\"vc_separator wpb_content_element vc_separator_align_center vc_sep_width_100 vc_sep_pos_align_center vc_separator_no_text vc_sep_color_grey wpb_content_element  wpb_content_element\" ><span class=\"vc_sep_holder vc_sep_holder_l\"><span class=\"vc_sep_line\"><\/span><\/span><span class=\"vc_sep_holder vc_sep_holder_r\"><span class=\"vc_sep_line\"><\/span><\/span>\n<\/div>\n\t<div class=\"wpb_text_column wpb_content_element\" >\n\t\t<div class=\"wpb_wrapper\">\n\t\t\t<p><strong>In diesem Workshop aus der Reihe \u201eRegenerative Ber\u00fchrung\u201c widmen wir uns mit Neugier und liebevoller Aufmerksamkeit unseren wunderbaren F\u00fc\u00dfen.<\/strong><\/p>\n<p>\u00dcber sie nehmen wir permanent unsere Umgebung wahr. F\u00fc\u00dfe und restlicher K\u00f6rper sind \u00fcber Nerven, die Faszien und Meridiane miteinander verbunden. Abh\u00e4ngig von dem, was unsere Fu\u00dfsensoren wahrnehmen, wird die Aktivit\u00e4t von Muskeln, Organen und Atem gesteuert\u2026<\/p>\n<p>Wir lernen ein paar basics \u00fcber Reflexzonen kennen und wie wir unsere F\u00fc\u00dfe so ber\u00fchren k\u00f6nnen, dass dabei der nat\u00fcrliche Energiefluss des K\u00f6rpers unterst\u00fctzt wird. Das hilft unserem Nervensystem mehr in Balance zu sein. Wir erforschen die Sinnlicheit der F\u00fc\u00dfe, folgen dabei der Landschaft des K\u00f6rpers \u00fcber die F\u00fc\u00dfe und unterst\u00fctzen uns gegenseitig bei verschiedenen Qualit\u00e4ten von Erdung & Wohlbefinden.<\/p>\n<p>Komme idealerweise mit gewaschenen F\u00fc\u00dfen und kurzen Fingern\u00e4geln \ud83d\ude42<\/p>\n\n\t\t<\/div>\n\t<\/div>\n<div class=\"vc_separator wpb_content_element vc_separator_align_center vc_sep_width_100 vc_sep_pos_align_center vc_separator_no_text vc_sep_color_grey wpb_content_element  wpb_content_element\" ><span class=\"vc_sep_holder vc_sep_holder_l\"><span class=\"vc_sep_line\"><\/span><\/span><span class=\"vc_sep_holder vc_sep_holder_r\"><span class=\"vc_sep_line\"><\/span><\/span>\n<\/div>\n\t<div class=\"wpb_text_column wpb_content_element\" >\n\t\t<div class=\"wpb_wrapper\">\n\t\t\t<p><strong> <img loading=\"lazy\" decoding=\"async\" class=\" wp-image-15035 alignleft\" src=\"https:\/\/wearevillage.org\/wp-content\/uploads\/2024\/05\/wav-team-Benjamin-Block-2-270x300.png\" alt=\"\" width=\"160\" height=\"178\" srcset=\"https:\/\/wearevillage.org\/wp-content\/uploads\/2024\/05\/wav-team-Benjamin-Block-2-270x300.png 270w, https:\/\/wearevillage.org\/wp-content\/uploads\/2024\/05\/wav-team-Benjamin-Block-2-135x150.png 135w, https:\/\/wearevillage.org\/wp-content\/uploads\/2024\/05\/wav-team-Benjamin-Block-2-768x853.png 768w, https:\/\/wearevillage.org\/wp-content\/uploads\/2024\/05\/wav-team-Benjamin-Block-2-624x693.png 624w, https:\/\/wearevillage.org\/wp-content\/uploads\/2024\/05\/wav-team-Benjamin-Block-2-390x433.png 390w, https:\/\/wearevillage.org\/wp-content\/uploads\/2024\/05\/wav-team-Benjamin-Block-2-600x667.png 600w, https:\/\/wearevillage.org\/wp-content\/uploads\/2024\/05\/wav-team-Benjamin-Block-2.png 900w\" sizes=\"auto, (max-width: 160px) 100vw, 160px\" \/>Benjamin Block<\/strong> \u2013 Geboren und aufgewachsen in Berlin, hat Benjamin einen Master in Tanz. Als Trainer f\u00fcr Aufmerksamkeit und Experte f\u00fcr ganzheitliche K\u00f6rperarbeit ist er leidenschaftlich \u00fcber seine lebenslange Forschung f\u00fcr Embodiment, Gesundheit und pers\u00f6nliches Wachstum. Er liebt es, Menschen zu bef\u00e4higen, sich wieder mit der Weisheit und dem Potential ihres K\u00f6rpers zu verbinden \u2013 individuell als auch kollektiv. Er ist Mitinhaber des \u201cStudio for BodyAttention & Transformation\u201d in Berlin, wo er in Sessions als auch in verschiedenen Workshop-Formaten unterrichtet.<\/p>\n\n\t\t<\/div>\n\t<\/div>\n<div class=\"vc_separator wpb_content_element vc_separator_align_center vc_sep_width_100 vc_sep_pos_align_center vc_separator_no_text vc_sep_color_grey vc_custom_1734460489038 wpb_content_element  vc_custom_1734460489038 wpb_content_element\" ><span class=\"vc_sep_holder vc_sep_holder_l\"><span class=\"vc_sep_line\"><\/span><\/span><span class=\"vc_sep_holder vc_sep_holder_r\"><span class=\"vc_sep_line\"><\/span><\/span>\n<\/div>\n\t<div class=\"wpb_text_column wpb_content_element\" >\n\t\t<div class=\"wpb_wrapper\">\n\t\t\t<p><strong>Was ist Regenerative Ber\u00fchrung?<\/strong><br \/>\nRegenerative Touch ist ein monatlicher Workshop f\u00fcr Queer People, bei dem wir uns gegenseitig helfen, langsamer zu werden, in unseren K\u00f6rper zu kommen und in einer unterst\u00fctzenden und n\u00e4hrenden Umgebung die wohltuende Wirkung von regenerativer Ber\u00fchrung erkunden. Ber\u00fchrung, die im t\u00e4glichen Leben oft \u00fcbersehen wird, ist ein grundlegendes menschliches Bed\u00fcrfnis.<br \/>\nIn diesen Workshops schaffen wir einen Raum, der ausschlie\u00dflich ihrer regenerativen und heilenden Kraft gewidmet ist, frei von romantischen oder sexuellen Konnotationen.<br \/>\nBer\u00fchrung kommuniziert direkt und erreicht Orte, die Worte nicht erreichen k\u00f6nnen. Hast du jemals die beruhigende Wirkung einer warmen Umarmung oder einer tr\u00f6stenden Hand auf deiner Schulter erlebt? Selbst ein kurzes 15-min\u00fctiges Handhalten kann zu einer signifikanten Senkung der Herzfrequenz und des Blutdrucks f\u00fchren und eine starke Entspannungsreaktion signalisieren. Eine einfache 20-sek\u00fcndige Umarmung kann zu h\u00f6heren Oxytocinspiegeln f\u00fchren, dem Hormon, das mit Bindung und Vertrauen verbunden ist.<br \/>\nJeden Monat wird unser trauma-sensitiver Moderator den Abend um Themen wie Pr\u00e4senz, Regulierung des Nervensystems und emotionale Sicherheit gestalten und sich auf praktisches Erleben anstatt auf zu viele Worte oder Techniken konzentrieren. Es sind keine Vorkenntnisse in K\u00f6rperarbeit erforderlich \u2013 bring einfach deine Neugier mit.<\/p>\n\n\t\t<\/div>\n\t<\/div>\n\n\t<div class=\"wpb_text_column wpb_content_element\" >\n\t\t<div class=\"wpb_wrapper\">\n\t\t\t<p><strong>Vorteile<\/strong><br \/>\n\u2013 Erfahre eine Verringerung von Angstzust\u00e4nden und Depressionen sowie eine erh\u00f6hte emotionale Widerstandsf\u00e4higkeit durch beruhigende, achtsame Ber\u00fchrung.<br \/>\n\u2013 Kultiviere wertsch\u00e4tzende Anwesenheit und tiefere Verbindungen zu dir selbst und anderen.<br \/>\n\u2013 Unterst\u00fctze die Heilung von Traumata und setze in einer sicheren, n\u00e4hrenden Umgebung Emotionen frei.<br \/>\n\u2013 Verbessere deine Stimmung und deine Immunfunktion, indem du Stress reduzierst und Endorphine freisetzt.<br \/>\n\u2013 F\u00f6rdere ein Gef\u00fchl von Gemeinschaft und Zugeh\u00f6rigkeit durch gemeinsame, nonverbale Erfahrungen.<br \/>\n\u2013 Ermutige tieferes Mitgef\u00fchl und Akzeptanz durch sanften, unterst\u00fctzenden Kontakt.<\/p>\n\n\t\t<\/div>\n\t<\/div>\n<div class=\"vc_separator wpb_content_element vc_separator_align_center vc_sep_width_100 vc_sep_pos_align_center vc_separator_no_text vc_sep_color_grey wpb_content_element  wpb_content_element\" ><span class=\"vc_sep_holder vc_sep_holder_l\"><span class=\"vc_sep_line\"><\/span><\/span><span class=\"vc_sep_holder vc_sep_holder_r\"><span class=\"vc_sep_line\"><\/span><\/span>\n<\/div>\n\t<div class=\"wpb_text_column wpb_content_element\" >\n\t\t<div class=\"wpb_wrapper\">\n\t\t\t<p><b>Hinweise<\/b><br \/>\n\u2013 Dieses Format ist f\u00fcr alle queeren Personen (LGBTQIA+), die Ber\u00fchrung in einer einvernehmlichen, unterst\u00fctzenden Atmosph\u00e4re erfahren m\u00f6chten. (Siehe auch unsere <strong><a href=\"https:\/\/wearevillage.org\/faq\">FAQ<\/a><\/strong>)<br \/>\n\u2013 Teilnehmende bleiben bei diesem Format bekleidet.<br \/>\n\u2013 Bringe zum Abdecken von Kissen, Matten oder Massageliegen ein Laken und ein Handtuch mit.<br \/>\n\u2013 Je nach Bed\u00fcrfnissen der Gruppe werden wir Deutsch und\/oder Englisch sprechen. Wir haben erm\u00e4\u00dfigte Solidarit\u00e4tstickets.<br \/>\n\u2013 Dieses Event ist auch zu einem erm\u00e4\u00dfigten Mitgliederpreis erh\u00e4ltlich \u2013 aber kein Bestandteil der zwei kostenlosen monatlichen Mitgliederveranstaltungen.<br \/>\n\u2013 Erm\u00e4\u00dfigter Zugang ist auf schriftliche Anfrage per E-Mail an\u00a0<strong><a href=\"mailto:events@wearevillage.org\">events@wearevillage.org<\/a><\/strong><\/p>\n\n\t\t<\/div>\n\t<\/div>\n<\/div><\/div><\/div><\/div>\n<\/div>","protected":false},"excerpt":{"rendered":"<h5><strong>Regenerative Ber\u00fchrung f\u00fcr Queer People<\/strong><\/h5>\n<p>Freitags (einmal im Monat)<br \/>\n20:00 \u2013 22:00<\/p>\n<p class=\"p1\"><strong>| <span style=\"color: #ec6c23;\">LGBTQIA+<\/span>\u00a0|<\/strong><\/p>\n<p>In diesem Workshop aus der Reihe \u201eRegenerative Ber\u00fchrung\u201c widmen wir uns mit Neugier und liebevoller Aufmerksamkeit unseren wunderbaren F\u00fc\u00dfen.<\/p>\n","protected":false},"author":11,"featured_media":27251,"template":"","meta":{"pmpro_default_level":"","inline_featured_image":false},"product_brand":[],"product_cat":[79,83],"product_tag":[469],"class_list":{"0":"post-25834","1":"product","2":"type-product","3":"status-publish","4":"has-post-thumbnail","6":"product_cat-monatliche-events","7":"product_cat-workshops","8":"product_tag-lgbtqiaplus","9":"pmpro-has-access","11":"first","12":"instock","13":"product-type-variable","14":"has-default-attributes"},"wpml_current_locale":"de_DE","wpml_translations":{"en_US":{"locale":"en_US","id":25950,"slug":"regenerative-beruehrung-fuer-queer-people-3","post_title":"Summer bliss - touch my feet!","href":"https:\/\/wearevillage.org\/en\/shop\/regenerative-touch\/w30-2025"}},"language":{"code":"de","locale":"","name":"","is_rtl":false},"_links":{"self":[{"href":"https:\/\/wearevillage.org\/wp-json\/wp\/v2\/product\/25834","targetHints":{"allow":["GET"]}}],"collection":[{"href":"https:\/\/wearevillage.org\/wp-json\/wp\/v2\/product"}],"about":[{"href":"https:\/\/wearevillage.org\/wp-json\/wp\/v2\/types\/product"}],"author":[{"embeddable":true,"href":"https:\/\/wearevillage.org\/wp-json\/wp\/v2\/users\/11"}],"wp:featuredmedia":[{"embeddable":true,"href":"https:\/\/wearevillage.org\/wp-json\/wp\/v2\/media\/27251"}],"wp:attachment":[{"href":"https:\/\/wearevillage.org\/wp-json\/wp\/v2\/media?parent=25834"}],"wp:term":[{"taxonomy":"product_brand","embeddable":true,"href":"https:\/\/wearevillage.org\/wp-json\/wp\/v2\/product_brand?post=25834"},{"taxonomy":"product_cat","embeddable":true,"href":"https:\/\/wearevillage.org\/wp-json\/wp\/v2\/product_cat?post=25834"},{"taxonomy":"product_tag","embeddable":true,"href":"https:\/\/wearevillage.org\/wp-json\/wp\/v2\/product_tag?post=25834"}],"curies":[{"name":"wp","href":"https:\/\/api.w.org\/{rel}","templated":true}]}}