{"id":26194,"date":"2025-05-13T09:01:07","date_gmt":"2025-05-13T07:01:07","guid":{"rendered":"https:\/\/wearevillage.org\/?post_type=product&#038;p=26194"},"modified":"2026-02-24T09:42:50","modified_gmt":"2026-02-24T08:42:50","slug":"stretch-festival-2026","status":"publish","type":"product","link":"https:\/\/wearevillage.org\/shop\/stretch-festival\/w14-2026\/","title":{"rendered":"Stretch Festival 2026"},"content":{"rendered":"<div class=\"wpb-content-wrapper\"><div class=\"vc_row wpb_row vc_row-fluid\"><div class=\"wpb_column vc_column_container vc_col-sm-12\"><div class=\"vc_column-inner\"><div class=\"wpb_wrapper\"><h4 style=\"text-align: left\" class=\"vc_custom_heading vc_do_custom_heading\" >Summer Stretch Festival<\/h4><h5 style=\"text-align: left\" class=\"vc_custom_heading vc_do_custom_heading\" >mit dem Stretch Festival Team<\/h5>\n\t<div class=\"wpb_text_column wpb_content_element\" >\n\t\t<div class=\"wpb_wrapper\">\n\t\t\t<p>Das <strong>STRETCH FESTIVAL<\/strong>\u00a0ist ein Wochenendfestival f\u00fcr schwule, bisexuelle, trans und queere M\u00e4nner* und Menschen, die sich irgendwo auf dem Spektrum von m\u00e4nnlich-fluid bis nicht-bin\u00e4r identifizieren. Wir hei\u00dfen alle K\u00f6rper, Hintergr\u00fcnde und Identit\u00e4ten innerhalb dieses gr\u00f6\u00dferen und nicht so definierbaren Containers von queeren M\u00e4nnlichkeiten willkommen.<\/p>\n<p>Nutzt die Chance, neue Wege des Seins zu entdecken und zu erforschen, um euren K\u00f6rper, euren Geist und eure Seele zu n\u00e4hren. Wir freuen uns auf neugierige und abenteuerlustige Teilnehmende.<\/p>\n<p>Das Festival findet dreimal im Jahr im Herzen von Berlin statt.<\/p>\n<p>Experten*, Praktiker*, Therapeuten*, Heiler*, Rebellen* und K\u00fcnstler* laden euch zu dieser einzigartigen Zusammenkunft ein.<\/p>\n<p>Es gibt eine F\u00fclle von Angeboten aus den Bereichen K\u00f6rperarbeit, Achtsamkeit, Kunst, Bewegung, Sexualit\u00e4t, Psychologie, Spiritualit\u00e4t, Gender, Identit\u00e4t, Ritual, Performance und sozialem Engagement zu erkunden.<\/p>\n<p>Teilnehmende k\u00f6nnen ihren Ablauf aus 36 Workshops oder Vortr\u00e4gen zusammenstellen.<\/p>\n<p>Au\u00dferhalb der Workshops habt ihr die M\u00f6glichkeit, Kontakte zu kn\u00fcpfen, euch zu unterhalten oder den Austausch mit Menschen aus vielen verschiedenen L\u00e4ndern zu vertiefen. Wir freuen uns darauf, euch willkommen zu hei\u00dfen!<\/p>\n\n\t\t<\/div>\n\t<\/div>\n<div class=\"vc_separator wpb_content_element vc_separator_align_center vc_sep_width_100 vc_sep_pos_align_center vc_separator_no_text vc_sep_color_grey wpb_content_element  wpb_content_element\" ><span class=\"vc_sep_holder vc_sep_holder_l\"><span class=\"vc_sep_line\"><\/span><\/span><span class=\"vc_sep_holder vc_sep_holder_r\"><span class=\"vc_sep_line\"><\/span><\/span>\n<\/div>\n\t<div class=\"wpb_text_column wpb_content_element\" >\n\t\t<div class=\"wpb_wrapper\">\n\t\t\t<p><span style=\"text-decoration: underline;\"><strong>\u200b\u200bW\u00e4hle deine Preis- & Ticketkategorie<\/strong><\/span><br \/>\nWir bieten 3 verschiedene Preiskategorien f\u00fcr die Teilnahme: W\u00e4hle den Preis, der f\u00fcr dich in Frage kommt oder den du bezahlen kannst, je nach deinem Einkommen: Standard \/ Erm\u00e4\u00dfigt* \/ Unterst\u00fctzer.<br \/>\n<strong>Unterst\u00fctzer-Tickets<\/strong> k\u00f6nnen Menschen mit einem h\u00f6heren Einkommen erwerben. Der Zuschlag gibt uns die M\u00f6glichkeit, erm\u00e4\u00dfigte Tickets anzubieten und unterst\u00fctzt die Organisation des Festivals.<br \/>\n<strong>Erm\u00e4\u00dfigte Eintrittskarten<\/strong> sind unter bestimmten Bedingungen erh\u00e4ltlich (siehe unten).<\/p>\n<p><strong><span style=\"text-decoration: underline;\">Unsere Ticketrichtlinie:<\/span><br \/>\n<\/strong>Wir bieten eine begrenzte Anzahl von erm\u00e4\u00dfigten Tickets f\u00fcr GBTQ+-Personen an, die sich in finanziellen Schwierigkeiten befinden. Diese Initiative zielt darauf ab, unsere Veranstaltung f\u00fcr alle Mitglieder der queeren Gemeinschaft zug\u00e4nglicher zu machen.<br \/>\nErm\u00e4\u00dfigte Tickets sind aufgrund der begrenzten Menge nach dem Prinzip \u201eWer zuerst kommt, mahlt zuerst\u201c erh\u00e4ltlich.<br \/>\nWir vertrauen auf Selbstidentifikation: W\u00e4hrend des Buchungsvorgangs ist kein Nachweis des finanziellen Status erforderlich.<br \/>\nNach der Buchung eines Tickets muss die Zahlung innerhalb von 10 Tagen erfolgen. Wenn die Zahlung nicht innerhalb dieses Zeitraums eingeht, wird Ihre Reservierung automatisch storniert.<\/p>\n<p><strong><span style=\"text-decoration: underline;\">Stretch Festival Infos<\/span><\/strong><br \/>\nDie Teilnahme in unseren Studior\u00e4umen ist auf 120 Personen pro Tag begrenzt. Auf diese Weise kann das Festival vielf\u00e4ltig und lebendig, aber dennoch intim genug sein, um mit den meisten Menschen in Kontakt zu treten.<br \/>\nStornierungen oder Verschiebungen auf ein anderes Datum m\u00fcssen immer schriftlich bei unserem Team erfolgen: <a href=\"mailto:events@wearevillage.org\"><strong>events@wearevillage.org<\/strong><\/a><br \/>\nBis zu einem Monat vor Beginn der Veranstaltung 100% Erstattung mit einer Stornierungs-\/Verschiebungsgeb\u00fchr von 30\u20ac. Nach diesem Zeitraum und um die Stabilit\u00e4t des Festivals zu sichern, sind keine R\u00fcckerstattungen oder \u00c4nderungen m\u00f6glich.<\/p>\n<p>Pr\u00e4sentation des Teams und detailliertes Programm auf der Festivalseite <strong><a class=\"_ps2id\" href=\"https:\/\/www.stretch.berlin\" data-ps2id-offset=\"\">www.stretch.berlin<\/a><\/strong>. Die Liste der Mitwirkenden und das Programm des Stretch Festival k\u00f6nnen sich noch kurzfristig \u00e4ndern.<\/p>\n<p><strong>Sprache<\/strong>: Englisch<\/p>\n\n\t\t<\/div>\n\t<\/div>\n<\/div><\/div><\/div><\/div>\n<\/div>","protected":false},"excerpt":{"rendered":"<p><strong>Sensual | Experimental | Spiritual<br \/>\n<a class=\"_ps2id\" href=\"https:\/\/www.stretch.berlin\" data-ps2id-offset=\"\">www.stretch.berlin<\/a><br \/>\n<\/strong><\/p>\n<p><strong>| <span style=\"color: #ec6c23;\">GBTQ men*<\/span>\u00a0|<\/strong><\/p>\n<p>Ausverkauft, Wartenlist per email at events@wearevillage.org<\/p>\n<p>STRETCH FESTIVAL ist ein Wochenendfestival f\u00fcr schwule, bi, trans und queere M\u00e4nner* und Menschen, die ihre Identit\u00e4t auf dem genderfluiden Spektrum zwischen m\u00e4nnlich und nonbin\u00e4r verorten. Pr\u00e4sentation des Teams und detailliertes Programm auf der Festivalseite <strong><a href=\"https:\/\/www.stretch.berlin\/\">www.stretch.berlin<\/a><\/strong><\/p>\n","protected":false},"author":14,"featured_media":24422,"template":"","meta":{"pmpro_default_level":"","inline_featured_image":false},"product_brand":[],"product_cat":[785,78],"product_tag":[256],"class_list":{"0":"post-26194","1":"product","2":"type-product","3":"status-publish","4":"has-post-thumbnail","6":"product_cat-authentic-eros-events-qbtq-men","7":"product_cat-festivals","8":"product_tag-gbtq-men","9":"pmpro-has-access","11":"first","12":"instock","13":"product-type-variable"},"wpml_current_locale":"de_DE","wpml_translations":{"en_US":{"locale":"en_US","id":26200,"slug":"stretch-festival-2026","post_title":"Stretch Festival 2026","href":"https:\/\/wearevillage.org\/en\/shop\/stretch-festival\/w14-2026"}},"language":{"code":"de","locale":"","name":"","is_rtl":false},"_links":{"self":[{"href":"https:\/\/wearevillage.org\/wp-json\/wp\/v2\/product\/26194","targetHints":{"allow":["GET"]}}],"collection":[{"href":"https:\/\/wearevillage.org\/wp-json\/wp\/v2\/product"}],"about":[{"href":"https:\/\/wearevillage.org\/wp-json\/wp\/v2\/types\/product"}],"author":[{"embeddable":true,"href":"https:\/\/wearevillage.org\/wp-json\/wp\/v2\/users\/14"}],"wp:featuredmedia":[{"embeddable":true,"href":"https:\/\/wearevillage.org\/wp-json\/wp\/v2\/media\/24422"}],"wp:attachment":[{"href":"https:\/\/wearevillage.org\/wp-json\/wp\/v2\/media?parent=26194"}],"wp:term":[{"taxonomy":"product_brand","embeddable":true,"href":"https:\/\/wearevillage.org\/wp-json\/wp\/v2\/product_brand?post=26194"},{"taxonomy":"product_cat","embeddable":true,"href":"https:\/\/wearevillage.org\/wp-json\/wp\/v2\/product_cat?post=26194"},{"taxonomy":"product_tag","embeddable":true,"href":"https:\/\/wearevillage.org\/wp-json\/wp\/v2\/product_tag?post=26194"}],"curies":[{"name":"wp","href":"https:\/\/api.w.org\/{rel}","templated":true}]}}