{"id":26356,"date":"2025-05-15T11:48:21","date_gmt":"2025-05-15T09:48:21","guid":{"rendered":"http:\/\/en\/shop\/die-kraft-der-fantasie-queer-bridges-kopie\/"},"modified":"2025-05-15T12:29:17","modified_gmt":"2025-05-15T10:29:17","slug":"gemeinsam-loslassen-und-trauern-queer-bridges","status":"publish","type":"product","link":"https:\/\/wearevillage.org\/shop\/queer-bridges-grieving-trauer-workshop\/w23-2025\/","title":{"rendered":"Gemeinsam loslassen und trauern \u2013 Queer Bridges"},"content":{"rendered":"<div class=\"wpb-content-wrapper\"><div class=\"vc_row wpb_row vc_row-fluid\"><div class=\"wpb_column vc_column_container vc_col-sm-12\"><div class=\"vc_column-inner\"><div class=\"wpb_wrapper\"><h4 style=\"text-align: left\" class=\"vc_custom_heading vc_do_custom_heading\" >Gemeinsam loslassen und trauern - Queer Bridges<\/h4><h5 style=\"text-align: left\" class=\"vc_custom_heading vc_do_custom_heading\" >mit neo seefried<\/h5>\n\t<div class=\"wpb_text_column wpb_content_element\" >\n\t\t<div class=\"wpb_wrapper\">\n\t\t\t<p>In diesem Workshop wird der*die Kulturschaffende neo einen Raum f\u00fcr Loslassen und kollektive Trauer \u00f6ffnen. Wir teilen unsere Gedanken und Gef\u00fchle \u00fcber das Zur\u00fccklassen von Dingen sowie \u00fcber queeren Tod und Verlust. Bitte bringt einen pers\u00f6nlichen Gegenstand (oder ein Lied, einen Text, ein Zitat etc.) mit, der mit eurem eigenen Verlust verbunden ist. Am Ende des Workshops werden wir diese Objekte gemeinsam loslassen und Erinnerungen an queeres Miteinander schaffen.<\/p>\n<p>Bitte beachtet, dass sich der Workshop mit Themen wie Tod, Verlust, psychischer Gesundheit, Substanzmissbrauch usw. auseinandersetzt.<\/p>\n<p>Wir bitten alle Teilnehmenden, achtsam mit den eigenen (mentalen) Grenzen und denen der anderen umzugehen. Wir m\u00f6chten gemeinsam einen Raum schaffen, der sich f\u00fcr uns alle m\u00f6glichst sicher anf\u00fchlt, um zu teilen und einander Kraft zu geben. Eine Beratung oder psychologische Unterst\u00fctzung k\u00f6nnen wir nicht anbieten.<\/p>\n<p>Foto: Schwules Museum, Yu Mitomi<\/p>\n\n\t\t<\/div>\n\t<\/div>\n<div class=\"vc_separator wpb_content_element vc_separator_align_center vc_sep_width_100 vc_sep_pos_align_center vc_separator_no_text vc_sep_color_grey wpb_content_element  wpb_content_element\" ><span class=\"vc_sep_holder vc_sep_holder_l\"><span class=\"vc_sep_line\"><\/span><\/span><span class=\"vc_sep_holder vc_sep_holder_r\"><span class=\"vc_sep_line\"><\/span><\/span>\n<\/div>\n\t<div class=\"wpb_text_column wpb_content_element\" >\n\t\t<div class=\"wpb_wrapper\">\n\t\t\t<p><img loading=\"lazy\" decoding=\"async\" class=\"wp-image-26369 alignleft\" src=\"https:\/\/wearevillage.org\/wp-content\/uploads\/2025\/05\/0X4A2704-scaled-e1747304212680.jpg\" alt=\"\" width=\"160\" height=\"177\" \/><strong>neo seefried<\/strong> (*1995) ist freischaffende Kulturvermittler*in, Kuratorin, K\u00fcnstler und Autor mit Schwerpunkt auf queere Lebensrealit\u00e4ten, Clubkultur und gesellschaftliche Teilhabe. In Berlin lebend und t\u00e4tig, verbindet neo Bildungsformate wie Workshops, Podcasts und Ausstellungen mit einer aktivistischen, intersektionalen Praxis. Neo studierte Kunstp\u00e4dagogik (Universit\u00e4t Leipzig) und Curatorial Studies (ZHdK) und arbeitete u.a. f\u00fcr das Schwule Museum, Schloss Biesdorf, Kunstmuseum Basel, Universit\u00e4t der K\u00fcnste Berlin, TU Berlin, HFBK Hamburg, Haus f\u00fcr Poesie Berlin, Tanzquartier Wien sowie unabh\u00e4ngige Kunstr\u00e4ume wie Parat, Clubb\u00fcro, Baby Angel und Last Tango in Z\u00fcrich.<\/p>\n\n\t\t<\/div>\n\t<\/div>\n<div class=\"vc_separator wpb_content_element vc_separator_align_center vc_sep_width_100 vc_sep_pos_align_center vc_separator_no_text vc_sep_color_grey wpb_content_element  wpb_content_element\" ><span class=\"vc_sep_holder vc_sep_holder_l\"><span class=\"vc_sep_line\"><\/span><\/span><span class=\"vc_sep_holder vc_sep_holder_r\"><span class=\"vc_sep_line\"><\/span><\/span>\n<\/div>\n\t<div class=\"wpb_text_column wpb_content_element\" >\n\t\t<div class=\"wpb_wrapper\">\n\t\t\t<p><strong>Queer Bridges: Verbindungen schaffen und Ressourcen f\u00fcr LGBTQIA+ Menschen mit Migrationserfahrung bereitstellen.<\/strong><\/p>\n<p>Queere Menschen mit Migrationserfahrung in Berlin sehen sich in ihrem t\u00e4glichen Leben oft mit besonderen Herausforderungen konfrontiert, die ihren Zugang zu unterst\u00fctzenden Gemeinschaften und integrativen Umgebungen einschr\u00e4nken k\u00f6nnen.<\/p>\n<p><img loading=\"lazy\" decoding=\"async\" class=\"wp-image-15170 alignleft\" src=\"https:\/\/wearevillage.org\/wp-content\/uploads\/2024\/06\/stiftung-300x121.png\" alt=\"\" width=\"216\" height=\"87\" srcset=\"https:\/\/wearevillage.org\/wp-content\/uploads\/2024\/06\/stiftung-300x121.png 300w, https:\/\/wearevillage.org\/wp-content\/uploads\/2024\/06\/stiftung-1024x414.png 1024w, https:\/\/wearevillage.org\/wp-content\/uploads\/2024\/06\/stiftung-150x61.png 150w, https:\/\/wearevillage.org\/wp-content\/uploads\/2024\/06\/stiftung-768x310.png 768w, https:\/\/wearevillage.org\/wp-content\/uploads\/2024\/06\/stiftung-1536x620.png 1536w, https:\/\/wearevillage.org\/wp-content\/uploads\/2024\/06\/stiftung-2048x827.png 2048w, https:\/\/wearevillage.org\/wp-content\/uploads\/2024\/06\/stiftung-624x252.png 624w, https:\/\/wearevillage.org\/wp-content\/uploads\/2024\/06\/stiftung-390x158.png 390w, https:\/\/wearevillage.org\/wp-content\/uploads\/2024\/06\/stiftung-600x242.png 600w\" sizes=\"auto, (max-width: 216px) 100vw, 216px\" \/>Mit Unterst\u00fctzung der<strong> Deutschen Fernsehlotterie Stiftung<\/strong>, haben wir das Programm Queer Bridges entwickelt, um diese H\u00fcrden zu \u00fcberwinden. Wir bieten Ressourcen, Vernetzung und Unterst\u00fctzung in einem einladenden Umfeld f\u00fcr queere Migrant*innen und Gefl\u00fcchtete durch unser spezielles Programm. Unser Ziel ist es, ein Gef\u00fchl der Zugeh\u00f6rigkeit zur lokalen LGBTQIA+ Community zu f\u00f6rdern und damit eine reibungslose Integration sowie eine verbesserte Lebensqualit\u00e4t f\u00fcr queere Menschen mit Migrations- und\/oder Fluchterfahrung zu erm\u00f6glichen.<\/p>\n<p><span style=\"vertical-align: inherit;\"><span style=\"vertical-align: inherit;\">\u2705 Unser <strong>Queer Bridges<\/strong> Programm wird sich stetig weiter entwickeln und wir freuen uns auch jederzeit von Euren Bedarfen zu h\u00f6ren. Bei Interesse k\u00f6nnt ihr uns eine E-Mail schicken, um \u00fcber weitere Aktualisierungen informiert zu bleiben.<\/span><\/span><\/p>\n\n\t\t<\/div>\n\t<\/div>\n<div class=\"vc_separator wpb_content_element vc_separator_align_center vc_sep_width_100 vc_sep_pos_align_center vc_separator_no_text vc_sep_color_grey wpb_content_element  wpb_content_element\" ><span class=\"vc_sep_holder vc_sep_holder_l\"><span class=\"vc_sep_line\"><\/span><\/span><span class=\"vc_sep_holder vc_sep_holder_r\"><span class=\"vc_sep_line\"><\/span><\/span>\n<\/div>\n\t<div class=\"wpb_text_column wpb_content_element\" >\n\t\t<div class=\"wpb_wrapper\">\n\t\t\t<p><span style=\"text-decoration: underline;\"><strong>Hinweise<\/strong><\/span><br \/>\n<strong>Teilnehmende<\/strong>: Dieser Workshop richtet sich an alle, die sich als LGBTQIA+ identifizieren und Migrations- und\/oder Fluchterfahrung erlebt haben. Wenn ihr diese Erfahrungen nicht teilt, aber dennoch an einer Teilnahme interessiert seid, meldet euch bitte zuerst bei uns, um zu kl\u00e4ren, ob ein Platz frei ist. Wir bitten alle Teilnehmenden, den Schwerpunkt des Programms zu respektieren und dazu beizutragen, einen offenen, respektvollen Raum zu schaffen.<br \/>\n<strong>Anmeldung<\/strong>: F\u00fcr dieses Event stehen begrenzte Pl\u00e4tze zur Verf\u00fcgung. Eine Registrierung \u00fcber unsere Website ist daher erforderlich.<br \/>\n<strong>Sprache<\/strong>: Je nach Bed\u00fcrfnissen der Gruppe werden wir Deutsch und\/oder Englisch sprechen.<br \/>\n<strong>Kosten<\/strong>: Die Teilnahme ist kostenlos.<\/p>\n\n\t\t<\/div>\n\t<\/div>\n<\/div><\/div><\/div><\/div>\n<\/div>","protected":false},"excerpt":{"rendered":"<h5>Monday<br \/>\n18:00-19:30<\/p>\n<p>Frei, Anmeldung erforderlich<\/h5>\n<p><strong> | <span style=\"color: #ec6c23;\">LGBTQIA+<\/span> | <\/strong><\/p>\n<p>In diesem Workshop \u00f6ffnen wir einen Raum f\u00fcr kollektive Trauer, Reflexion und queeres Erinnern. Bring etwas Pers\u00f6nliches mit und lass uns gemeinsam loslassen.<\/p>\n","protected":false},"author":12,"featured_media":26364,"template":"","meta":{"pmpro_default_level":"","inline_featured_image":false},"product_brand":[],"product_cat":[769,797,83],"product_tag":[469],"class_list":{"0":"post-26356","1":"product","2":"type-product","3":"status-publish","4":"has-post-thumbnail","6":"product_cat-kostenloser-zugang","7":"product_cat-queer-bridges-events-2","8":"product_cat-workshops","9":"product_tag-lgbtqiaplus","10":"pmpro-has-access","12":"first","13":"instock","14":"sold-individually","15":"product-type-simple"},"wpml_current_locale":"de_DE","wpml_translations":{"en_US":{"locale":"en_US","id":26366,"slug":"letting-go-and-collective-grieving-queer-bridges","post_title":"Letting Go and Collective Grieving \u2013 Queer Bridges","href":"https:\/\/wearevillage.org\/en\/shop\/queer-bridges-grieving-trauer-workshop\/w23-2025"}},"language":{"code":"de","locale":"","name":"","is_rtl":false},"_links":{"self":[{"href":"https:\/\/wearevillage.org\/wp-json\/wp\/v2\/product\/26356","targetHints":{"allow":["GET"]}}],"collection":[{"href":"https:\/\/wearevillage.org\/wp-json\/wp\/v2\/product"}],"about":[{"href":"https:\/\/wearevillage.org\/wp-json\/wp\/v2\/types\/product"}],"author":[{"embeddable":true,"href":"https:\/\/wearevillage.org\/wp-json\/wp\/v2\/users\/12"}],"wp:featuredmedia":[{"embeddable":true,"href":"https:\/\/wearevillage.org\/wp-json\/wp\/v2\/media\/26364"}],"wp:attachment":[{"href":"https:\/\/wearevillage.org\/wp-json\/wp\/v2\/media?parent=26356"}],"wp:term":[{"taxonomy":"product_brand","embeddable":true,"href":"https:\/\/wearevillage.org\/wp-json\/wp\/v2\/product_brand?post=26356"},{"taxonomy":"product_cat","embeddable":true,"href":"https:\/\/wearevillage.org\/wp-json\/wp\/v2\/product_cat?post=26356"},{"taxonomy":"product_tag","embeddable":true,"href":"https:\/\/wearevillage.org\/wp-json\/wp\/v2\/product_tag?post=26356"}],"curies":[{"name":"wp","href":"https:\/\/api.w.org\/{rel}","templated":true}]}}