{"id":26732,"date":"2025-05-26T22:37:23","date_gmt":"2025-05-26T20:37:23","guid":{"rendered":"https:\/\/wearevillage.org\/?post_type=product&#038;p=26732"},"modified":"2025-05-26T22:47:14","modified_gmt":"2025-05-26T20:47:14","slug":"buchklub-4","status":"publish","type":"product","link":"https:\/\/wearevillage.org\/shop\/book-club\/w27-2025\/","title":{"rendered":"Buchklub"},"content":{"rendered":"<div class=\"wpb-content-wrapper\"><div class=\"vc_row wpb_row vc_row-fluid\"><div class=\"wpb_column vc_column_container vc_col-sm-12\"><div class=\"vc_column-inner\"><div class=\"wpb_wrapper\"><h4 style=\"text-align: left\" class=\"vc_custom_heading vc_do_custom_heading\" >Buchklub - Als wir das Wunder waren von Misha Schoeneberg (2021) <\/h4><h5 style=\"text-align: left\" class=\"vc_custom_heading vc_do_custom_heading\" >Gast: Nils Philipp<\/h5>\n\t<div class=\"wpb_text_column wpb_content_element\" >\n\t\t<div class=\"wpb_wrapper\">\n\t\t\t<p>In seinem Roman <strong>Als wir das Wunder waren<\/strong> nimmt Misha Schoeneberg uns mit auf eine Reise durch die Jugend einer Generation, die in Berlin der 1980er Jahre aufw\u00e4chst, einer Stadt zwischen politischen Umbr\u00fcchen und pers\u00f6nlicher Selbstfindung. In der Zeit der Teilung, als die Musikszene von Kreativit\u00e4t, Widerstand und sexueller Befreiung gepr\u00e4gt war, sucht Joshua inmitten von Unsicherheit und Ver\u00e4nderung nach seinem Platz in der Welt. Ein zentraler Aspekt ist dabei Joshuas Beziehung zu Till Traven, einem charismatischen Musiker, dessen Leben und Pers\u00f6nlichkeit viele Parallelen zu Rio Reiser aufweisen \u2013 auch wenn Schoeneberg uns versichert, dass es sich nicht um einen Rio-Reiser-Roman handelt. Die Beziehung der M\u00e4nner ist von Leidenschaft, Musik und auch sexueller Freiheit bestimmt und verwebt k\u00fcnstlerische und pers\u00f6nliche Revolutionen zu einer Geschichte des Aufbruchs.<\/p>\n<p>Der Roman f\u00e4ngt ein Lebensgef\u00fchl ein, das vielen von uns in Berlin so vertraut ist \u2013 eine Stadt, die sich st\u00e4ndig ver\u00e4ndert, die im Umbruch ist, und in der sich Identit\u00e4t, pers\u00f6nliches Wachsen und das Ringen mit sich selbst widerspiegeln. In pr\u00e4gnanten Momenten entfaltet sich eine Geschichte, die sowohl pers\u00f6nlich als auch universell ist. Sie wirft Fragen zur eigenen Vergangenheit und Zukunft auf \u2013 und erm\u00f6glicht uns eine berauschende Zeitreise in die Punk-Phase Berlins.<\/p>\n\n\t\t<\/div>\n\t<\/div>\n<div class=\"vc_separator wpb_content_element vc_separator_align_center vc_sep_width_100 vc_sep_pos_align_center vc_separator_no_text vc_sep_color_grey wpb_content_element  wpb_content_element\" ><span class=\"vc_sep_holder vc_sep_holder_l\"><span class=\"vc_sep_line\"><\/span><\/span><span class=\"vc_sep_holder vc_sep_holder_r\"><span class=\"vc_sep_line\"><\/span><\/span>\n<\/div>\n\t<div class=\"wpb_text_column wpb_content_element\" >\n\t\t<div class=\"wpb_wrapper\">\n\t\t\t<p><img loading=\"lazy\" decoding=\"async\" class=\"wp-image-16166 alignleft\" src=\"https:\/\/wearevillage.org\/wp-content\/uploads\/2024\/08\/wav-team-Nils-Philipp2.png\" alt=\"\" width=\"160\" height=\"178\" srcset=\"https:\/\/wearevillage.org\/wp-content\/uploads\/2024\/08\/wav-team-Nils-Philipp2.png 900w, https:\/\/wearevillage.org\/wp-content\/uploads\/2024\/08\/wav-team-Nils-Philipp2-270x300.png 270w, https:\/\/wearevillage.org\/wp-content\/uploads\/2024\/08\/wav-team-Nils-Philipp2-135x150.png 135w, https:\/\/wearevillage.org\/wp-content\/uploads\/2024\/08\/wav-team-Nils-Philipp2-768x853.png 768w, https:\/\/wearevillage.org\/wp-content\/uploads\/2024\/08\/wav-team-Nils-Philipp2-624x693.png 624w, https:\/\/wearevillage.org\/wp-content\/uploads\/2024\/08\/wav-team-Nils-Philipp2-390x433.png 390w, https:\/\/wearevillage.org\/wp-content\/uploads\/2024\/08\/wav-team-Nils-Philipp2-600x667.png 600w\" sizes=\"auto, (max-width: 160px) 100vw, 160px\" \/> <strong>Nils Philipp<\/strong> ist Kunst- und Architekturvermittler und bet\u00e4tigt sich zudem als Dichter, Fotograf und Dekofee. Nach Erfahrungen als Hausmeister, Feinkostverk\u00e4ufer und Bademeister arbeitet er u.a. als Buchh\u00e4ndler. W\u00e4hrend er auf seinen Durchbruch wahlweise als Schriftsteller oder Dekorateur wartet, liest er viel und gerne.<\/p>\n\n\t\t<\/div>\n\t<\/div>\n<div class=\"vc_separator wpb_content_element vc_separator_align_center vc_sep_width_100 vc_sep_pos_align_center vc_separator_no_text vc_sep_color_grey vc_custom_1723801636502 wpb_content_element  vc_custom_1723801636502 wpb_content_element\" ><span class=\"vc_sep_holder vc_sep_holder_l\"><span class=\"vc_sep_line\"><\/span><\/span><span class=\"vc_sep_holder vc_sep_holder_r\"><span class=\"vc_sep_line\"><\/span><\/span>\n<\/div>\n\t<div class=\"wpb_text_column wpb_content_element\" >\n\t\t<div class=\"wpb_wrapper\">\n\t\t\t<p><span style=\"text-decoration: underline;\"><strong>\u00dcber den Village Book Club<\/strong><\/span><br \/>\n\u2022 B\u00fccherliebhaber und Leseratten treffen sich jeden Monat, um Literatur und Sachb\u00fccher (Romane, Biografien und Essays) zu besprechen, die sich mit LGBTQIA+-Themen und -Pers\u00f6nlichkeiten befassen oder damit in Zusammenhang stehen.<br \/>\n\u2022 In Voraussicht auf aufschlussreiche Diskussionen w\u00e4hlen wir das n\u00e4chste Buch zwei Monate im Voraus aus.<br \/>\n\u2022 Die Diskussionen am Abend finden auf Deutsch statt, aber die Teilnehmenden k\u00f6nnen die B\u00fccher in ihrer Lieblingssprache lesen.<br \/>\n\u2022 Die Veranstaltung ist kostenlos und ohne Anmeldung<\/p>\n\n\t\t<\/div>\n\t<\/div>\n<\/div><\/div><\/div><\/div>\n<\/div>","protected":false},"excerpt":{"rendered":"<h5>Dienstag (jeden zweiten Monat)<br \/>\n20:00 \u2013 22:30<br \/>\nkostenlos<br \/>\nAuf Deutsch<\/h5>\n<p class=\"p1\"><strong>| <span style=\"color: #ec6c23;\">LGBTQIA+<\/span>\u00a0|<\/strong><\/p>\n<p>Heute werden wir Misha Schoenebergs \u201e<strong>Als wir das Wunder waren<\/strong>\u201c pr\u00e4sentieren, eine fesselnde Reise durch das lebendige und sich wandelnde Berlin der 1980er Jahre.<\/p>\n","protected":false},"author":12,"featured_media":26662,"template":"","meta":{"pmpro_default_level":"","inline_featured_image":false},"product_brand":[],"product_cat":[791,76,769,79],"product_tag":[469],"class_list":{"0":"post-26732","1":"product","2":"type-product","3":"status-publish","4":"has-post-thumbnail","6":"product_cat-gemeinsam-statt-einsam","7":"product_cat-ausstellung","8":"product_cat-kostenloser-zugang","9":"product_cat-monatliche-events","10":"product_tag-lgbtqiaplus","11":"pmpro-has-access","13":"first","14":"outofstock","15":"purchasable","16":"product-type-variable"},"wpml_current_locale":"de_DE","wpml_translations":{"en_US":{"locale":"en_US","id":26740,"slug":"buchklub-4","post_title":"Book Club in German","href":"https:\/\/wearevillage.org\/en\/shop\/book-club\/w27-2025"}},"language":{"code":"de","locale":"","name":"","is_rtl":false},"_links":{"self":[{"href":"https:\/\/wearevillage.org\/wp-json\/wp\/v2\/product\/26732","targetHints":{"allow":["GET"]}}],"collection":[{"href":"https:\/\/wearevillage.org\/wp-json\/wp\/v2\/product"}],"about":[{"href":"https:\/\/wearevillage.org\/wp-json\/wp\/v2\/types\/product"}],"author":[{"embeddable":true,"href":"https:\/\/wearevillage.org\/wp-json\/wp\/v2\/users\/12"}],"wp:featuredmedia":[{"embeddable":true,"href":"https:\/\/wearevillage.org\/wp-json\/wp\/v2\/media\/26662"}],"wp:attachment":[{"href":"https:\/\/wearevillage.org\/wp-json\/wp\/v2\/media?parent=26732"}],"wp:term":[{"taxonomy":"product_brand","embeddable":true,"href":"https:\/\/wearevillage.org\/wp-json\/wp\/v2\/product_brand?post=26732"},{"taxonomy":"product_cat","embeddable":true,"href":"https:\/\/wearevillage.org\/wp-json\/wp\/v2\/product_cat?post=26732"},{"taxonomy":"product_tag","embeddable":true,"href":"https:\/\/wearevillage.org\/wp-json\/wp\/v2\/product_tag?post=26732"}],"curies":[{"name":"wp","href":"https:\/\/api.w.org\/{rel}","templated":true}]}}