{"id":27041,"date":"2025-06-08T12:30:14","date_gmt":"2025-06-08T10:30:14","guid":{"rendered":"https:\/\/wearevillage.org\/?post_type=product&#038;p=27041"},"modified":"2025-07-18T10:03:23","modified_gmt":"2025-07-18T08:03:23","slug":"playfight-queerfight-20","status":"publish","type":"product","link":"https:\/\/wearevillage.org\/shop\/playfight-ritual\/w46-2025\/","title":{"rendered":"Playfight Queerfight"},"content":{"rendered":"<div class=\"wpb-content-wrapper\"><div class=\"vc_row wpb_row vc_row-fluid\"><div class=\"wpb_column vc_column_container vc_col-sm-12\"><div class=\"vc_column-inner\"><div class=\"wpb_wrapper\"><h4 style=\"text-align: left\" class=\"vc_custom_heading vc_do_custom_heading\" >Playfight Queerfight<\/h4><h5 style=\"text-align: left\" class=\"vc_custom_heading vc_do_custom_heading\" >mit Su<\/h5>\n\t<div class=\"wpb_text_column wpb_content_element\" >\n\t\t<div class=\"wpb_wrapper\">\n\t\t\t<p>Das Playfight-Ritual bietet einen sicheren Raum f\u00fcr queere Menschen, um sich in einer Gemeinschaft k\u00f6rperlich zu begegnen. Es findet in Form von Einzelbegegnungen statt, bei denen sich die Kommunikation haupts\u00e4chlich auf die K\u00f6rpersprache und weniger auf den verbalen Ausdruck st\u00fctzt.<\/p>\n<p>Das Ritual kann von einem Tanz mit minimalem K\u00f6rperkontakt \u00fcber gem\u00fctliches Kuscheln und spielerisches Herumrollen bis hin zu energiegeladenen K\u00e4mpfen reichen, bei denen Kraft und Beweglichkeit erprobt werden.<\/p>\n<p>Jeder Playfight wird von den beiden beteiligten Personen bestimmt und kann jederzeit beendet werden durch ein Wort oder durch einen Doppelklopfer<\/p>\n<p>Bevor das eigentliche Ritual beginnt, gibt es eine Aufw\u00e4rmphase und eine Erkl\u00e4rung der Regeln.<\/p>\n\n\t\t<\/div>\n\t<\/div>\n<div class=\"vc_separator wpb_content_element vc_separator_align_center vc_sep_width_100 vc_sep_pos_align_center vc_separator_no_text vc_sep_color_grey wpb_content_element  wpb_content_element\" ><span class=\"vc_sep_holder vc_sep_holder_l\"><span class=\"vc_sep_line\"><\/span><\/span><span class=\"vc_sep_holder vc_sep_holder_r\"><span class=\"vc_sep_line\"><\/span><\/span>\n<\/div>\n\t<div class=\"wpb_text_column wpb_content_element\" >\n\t\t<div class=\"wpb_wrapper\">\n\t\t\t<p><img loading=\"lazy\" decoding=\"async\" class=\"wp-image-14379 alignleft\" src=\"https:\/\/wearevillage.org\/wp-content\/uploads\/2024\/05\/wav-team-Jan-Suren-270x300.png\" alt=\"\" width=\"161\" height=\"179\" srcset=\"https:\/\/wearevillage.org\/wp-content\/uploads\/2024\/05\/wav-team-Jan-Suren-270x300.png 270w, https:\/\/wearevillage.org\/wp-content\/uploads\/2024\/05\/wav-team-Jan-Suren-135x150.png 135w, https:\/\/wearevillage.org\/wp-content\/uploads\/2024\/05\/wav-team-Jan-Suren-768x853.png 768w, https:\/\/wearevillage.org\/wp-content\/uploads\/2024\/05\/wav-team-Jan-Suren-624x693.png 624w, https:\/\/wearevillage.org\/wp-content\/uploads\/2024\/05\/wav-team-Jan-Suren-390x433.png 390w, https:\/\/wearevillage.org\/wp-content\/uploads\/2024\/05\/wav-team-Jan-Suren-600x667.png 600w, https:\/\/wearevillage.org\/wp-content\/uploads\/2024\/05\/wav-team-Jan-Suren.png 900w\" sizes=\"auto, (max-width: 161px) 100vw, 161px\" \/><strong>Su<\/strong> ist kultureller Anthropologe, Bestatter und ehemaliger Boxer und Rugby Spieler.<\/p>\n\n\t\t<\/div>\n\t<\/div>\n<div class=\"vc_separator wpb_content_element vc_separator_align_center vc_sep_width_100 vc_sep_pos_align_center vc_separator_no_text vc_sep_color_grey wpb_content_element  wpb_content_element\" ><span class=\"vc_sep_holder vc_sep_holder_l\"><span class=\"vc_sep_line\"><\/span><\/span><span class=\"vc_sep_holder vc_sep_holder_r\"><span class=\"vc_sep_line\"><\/span><\/span>\n<\/div>\n\t<div class=\"wpb_text_column wpb_content_element\" >\n\t\t<div class=\"wpb_wrapper\">\n\t\t\t<p><span style=\"text-decoration: underline;\"><strong>Hinweise<br \/>\n<\/strong><\/span>Trage bequeme Kleidung, in der du dich frei bewegen kannst. Lange Hosen sind ratsam, um Verletzungen an den Knien zu vermeiden. Auf Schmuck sollte verzichtet werden.<br \/>\n<strong>Sprache<\/strong>: Je nach Bed\u00fcrfnissen der Gruppe werden wir Deutsch und\/oder Englisch sprechen.<br \/>\n<strong>Kosten<\/strong>: Diese Veranstaltung z\u00e4hlt zu den zwei kostenfreien Veranstaltungen pro Monat f\u00fcr Mitglieder.<br \/>\n<strong>Member werden<\/strong>: Als Mitglied unterst\u00fctzt du nicht nur unser Projekt, sondern du erh\u00e4ltst gleichzeitig monatlich Zugang zu zwei kostenfreien Veranstaltungen. Mehr Infos\u00a0<a href=\"https:\/\/wearevillage.org\/mitgliedschaft\/\" target=\"_blank\" rel=\"noopener\"><strong>hier<\/strong><\/a>.<\/p>\n\n\t\t<\/div>\n\t<\/div>\n<\/div><\/div><\/div><\/div>\n<\/div>","protected":false},"excerpt":{"rendered":"<h5>Sonntags (einmal im Monat)<br \/>\n18:00 \u2013 21:00<\/h5>\n<p><strong>| <span style=\"color: #ec6c23;\">GBTQ men*<\/span>\u00a0|<\/strong><\/p>\n<p>Das Playfight-Ritual zielt darauf ab, ein sicheres Umfeld zu schaffen, in dem wir uns k\u00f6rperlich miteinander verbinden k\u00f6nnen, indem wir uns einzeln begegnen, wobei die Zeugen einen Kreis um sie herum bilden. W\u00e4hrend dieses Rituals minimieren wir den Gebrauch von Worten und erlauben unseren K\u00f6rpern zu kommunizieren.<\/p>\n","protected":false},"author":11,"featured_media":1845,"template":"","meta":{"pmpro_default_level":"","inline_featured_image":false},"product_brand":[],"product_cat":[79],"product_tag":[256],"class_list":{"0":"post-27041","1":"product","2":"type-product","3":"status-publish","4":"has-post-thumbnail","6":"product_cat-monatliche-events","7":"product_tag-gbtq-men","8":"pmpro-has-access","10":"first","11":"instock","12":"product-type-variable"},"wpml_current_locale":"de_DE","wpml_translations":{"en_US":{"locale":"en_US","id":27045,"slug":"playfight-queerfight-copy","post_title":"Playfight Queerfight","href":"https:\/\/wearevillage.org\/en\/shop\/playfight-ritual\/w46-2025"}},"language":{"code":"de","locale":"","name":"","is_rtl":false},"_links":{"self":[{"href":"https:\/\/wearevillage.org\/wp-json\/wp\/v2\/product\/27041","targetHints":{"allow":["GET"]}}],"collection":[{"href":"https:\/\/wearevillage.org\/wp-json\/wp\/v2\/product"}],"about":[{"href":"https:\/\/wearevillage.org\/wp-json\/wp\/v2\/types\/product"}],"author":[{"embeddable":true,"href":"https:\/\/wearevillage.org\/wp-json\/wp\/v2\/users\/11"}],"wp:featuredmedia":[{"embeddable":true,"href":"https:\/\/wearevillage.org\/wp-json\/wp\/v2\/media\/1845"}],"wp:attachment":[{"href":"https:\/\/wearevillage.org\/wp-json\/wp\/v2\/media?parent=27041"}],"wp:term":[{"taxonomy":"product_brand","embeddable":true,"href":"https:\/\/wearevillage.org\/wp-json\/wp\/v2\/product_brand?post=27041"},{"taxonomy":"product_cat","embeddable":true,"href":"https:\/\/wearevillage.org\/wp-json\/wp\/v2\/product_cat?post=27041"},{"taxonomy":"product_tag","embeddable":true,"href":"https:\/\/wearevillage.org\/wp-json\/wp\/v2\/product_tag?post=27041"}],"curies":[{"name":"wp","href":"https:\/\/api.w.org\/{rel}","templated":true}]}}