{"id":27710,"date":"2025-06-21T12:09:39","date_gmt":"2025-06-21T10:09:39","guid":{"rendered":"https:\/\/wearevillage.org\/?post_type=product&#038;p=27710"},"modified":"2025-07-14T11:21:51","modified_gmt":"2025-07-14T09:21:51","slug":"queer-bridges-klangvolle-verbindung","status":"publish","type":"product","link":"https:\/\/wearevillage.org\/shop\/queer-bridges-monday\/w29-2025\/","title":{"rendered":"Queer Bridges \u2013 Resonante Verbindung"},"content":{"rendered":"<div class=\"wpb-content-wrapper\"><div class=\"vc_row wpb_row vc_row-fluid\"><div class=\"wpb_column vc_column_container vc_col-sm-12\"><div class=\"vc_column-inner\"><div class=\"wpb_wrapper\"><h4 style=\"text-align: left\" class=\"vc_custom_heading vc_do_custom_heading\" >Resonante Verbindung: Ein gemeinsames erdendes Klangbad<\/h4><h5 style=\"text-align: left\" class=\"vc_custom_heading vc_do_custom_heading\" >mit Rajaa Sabbagh<\/h5>\n\t<div class=\"wpb_text_column wpb_content_element\" >\n\t\t<div class=\"wpb_wrapper\">\n\t\t\t<p>Begleite Rajaa zu einer Klang-Session, die darauf ausgerichtet ist, dein Sein zu erden und dein Bewusstsein durch die wohltuende Kraft des Klangs zu erweitern. Mit den reinen, harmonischen T\u00f6nen von Alchemy Crystal Bowls, tibetischen Klangschalen sowie R\u00f6hren- und Bambusklangspielen l\u00e4dt dich dieses immersive Erlebnis ein, dich zur\u00fcckzulehnen, Anspannung loszulassen und wieder mit einem Gef\u00fchl der Leichtigkeit in dir selbst in Verbindung zu treten.<\/p>\n<p>Die Session beginnt mit sanfter Atemarbeit und einer angeleiteten Erdungsmeditation, um einen sicheren, unterst\u00fctzenden Raum zu schaffen, in dem du ganz ankommen kannst. W\u00e4hrend die vibrierenden Kl\u00e4nge K\u00f6rper und Geist umgeben, bist du eingeladen, dich zu entspannen, nach innen zu lauschen und dich vom L\u00e4rm, Schnelllebigkeit und t\u00e4glichen Anforderungen zu befreien.<\/p>\n<p>Dieses Zusammenkommen bietet eine gemeinsame Praxis des Innehaltens, des Hineinhorchens und der Pflege deiner inneren Landschaft \u2014 eine Gelegenheit, dich im gegenw\u00e4rtigen Moment zu verankern, in Gemeinschaft mit anderen, und gen\u00e4hrt, ausgeglichen und zentriert wieder hinauszugehen.<\/p>\n\n\t\t<\/div>\n\t<\/div>\n<div class=\"vc_separator wpb_content_element vc_separator_align_center vc_sep_width_100 vc_sep_pos_align_center vc_separator_no_text vc_sep_color_grey wpb_content_element  wpb_content_element\" ><span class=\"vc_sep_holder vc_sep_holder_l\"><span class=\"vc_sep_line\"><\/span><\/span><span class=\"vc_sep_holder vc_sep_holder_r\"><span class=\"vc_sep_line\"><\/span><\/span>\n<\/div>\n\t<div class=\"wpb_text_column wpb_content_element\" >\n\t\t<div class=\"wpb_wrapper\">\n\t\t\t<p><img loading=\"lazy\" decoding=\"async\" class=\"wp-image-27718 alignleft\" src=\"https:\/\/wearevillage.org\/wp-content\/uploads\/2025\/06\/IMG_0887-249x300.jpg\" alt=\"\" width=\"160\" height=\"193\" srcset=\"https:\/\/wearevillage.org\/wp-content\/uploads\/2025\/06\/IMG_0887-249x300.jpg 249w, https:\/\/wearevillage.org\/wp-content\/uploads\/2025\/06\/IMG_0887-850x1024.jpg 850w, https:\/\/wearevillage.org\/wp-content\/uploads\/2025\/06\/IMG_0887-125x150.jpg 125w, https:\/\/wearevillage.org\/wp-content\/uploads\/2025\/06\/IMG_0887-768x925.jpg 768w, https:\/\/wearevillage.org\/wp-content\/uploads\/2025\/06\/IMG_0887-1275x1536.jpg 1275w, https:\/\/wearevillage.org\/wp-content\/uploads\/2025\/06\/IMG_0887-1701x2048.jpg 1701w, https:\/\/wearevillage.org\/wp-content\/uploads\/2025\/06\/IMG_0887-624x751.jpg 624w, https:\/\/wearevillage.org\/wp-content\/uploads\/2025\/06\/IMG_0887-390x470.jpg 390w, https:\/\/wearevillage.org\/wp-content\/uploads\/2025\/06\/IMG_0887-600x723.jpg 600w\" sizes=\"auto, (max-width: 160px) 100vw, 160px\" \/><strong>Rajaa Sabbagh<\/strong> ist eine ganzheitlich und multidisziplin\u00e4r arbeitende Praktikerin mit Fokus auf integrative F\u00fcrsorge und sozialen Wandel. Als traumasensible Klangheilungspraktikerin verbindet sie Wissen aus Sozialarbeit, Menschenrechten, NLP und interkultureller Mediation. Ihre Mission ist es, sichere(r) R\u00e4ume zu schaffen, in denen Menschen bei sich selbst ankommen {Root in Peace} und ihre Wahrheit aussprechen {Rise in Trust and Love}. Sie begleitet innere Wandlungsprozesse durch Klang und f\u00f6rdert bewussten, kollektiven Wandel.<\/p>\n\n\t\t<\/div>\n\t<\/div>\n<div class=\"vc_separator wpb_content_element vc_separator_align_center vc_sep_width_100 vc_sep_pos_align_center vc_separator_no_text vc_sep_color_grey wpb_content_element  wpb_content_element\" ><span class=\"vc_sep_holder vc_sep_holder_l\"><span class=\"vc_sep_line\"><\/span><\/span><span class=\"vc_sep_holder vc_sep_holder_r\"><span class=\"vc_sep_line\"><\/span><\/span>\n<\/div>\n\t<div class=\"wpb_text_column wpb_content_element\" >\n\t\t<div class=\"wpb_wrapper\">\n\t\t\t<p><strong>Queer Bridges: Verbindungen schaffen und Ressourcen f\u00fcr LGBTQIA+ Menschen mit Migrationserfahrung bereitstellen.<\/strong><\/p>\n<p>Queere Menschen mit Migrationserfahrung in Berlin sehen sich in ihrem t\u00e4glichen Leben oft mit besonderen Herausforderungen konfrontiert, die ihren Zugang zu unterst\u00fctzenden Gemeinschaften und integrativen Umgebungen einschr\u00e4nken k\u00f6nnen.<\/p>\n<p><img loading=\"lazy\" decoding=\"async\" class=\"wp-image-15170 alignleft\" src=\"https:\/\/wearevillage.org\/wp-content\/uploads\/2024\/06\/stiftung-300x121.png\" alt=\"\" width=\"216\" height=\"87\" srcset=\"https:\/\/wearevillage.org\/wp-content\/uploads\/2024\/06\/stiftung-300x121.png 300w, https:\/\/wearevillage.org\/wp-content\/uploads\/2024\/06\/stiftung-1024x414.png 1024w, https:\/\/wearevillage.org\/wp-content\/uploads\/2024\/06\/stiftung-150x61.png 150w, https:\/\/wearevillage.org\/wp-content\/uploads\/2024\/06\/stiftung-768x310.png 768w, https:\/\/wearevillage.org\/wp-content\/uploads\/2024\/06\/stiftung-1536x620.png 1536w, https:\/\/wearevillage.org\/wp-content\/uploads\/2024\/06\/stiftung-2048x827.png 2048w, https:\/\/wearevillage.org\/wp-content\/uploads\/2024\/06\/stiftung-624x252.png 624w, https:\/\/wearevillage.org\/wp-content\/uploads\/2024\/06\/stiftung-390x158.png 390w, https:\/\/wearevillage.org\/wp-content\/uploads\/2024\/06\/stiftung-600x242.png 600w\" sizes=\"auto, (max-width: 216px) 100vw, 216px\" \/>Mit Unterst\u00fctzung der<strong> Deutschen Fernsehlotterie Stiftung<\/strong>, haben wir das Programm Queer Bridges entwickelt, um diese H\u00fcrden zu \u00fcberwinden. Wir bieten Ressourcen, Vernetzung und Unterst\u00fctzung in einem einladenden Umfeld f\u00fcr queere Migrant*innen und Gefl\u00fcchtete durch unser spezielles Programm. Unser Ziel ist es, ein Gef\u00fchl der Zugeh\u00f6rigkeit zur lokalen LGBTQIA+ Community zu f\u00f6rdern und damit eine reibungslose Integration sowie eine verbesserte Lebensqualit\u00e4t f\u00fcr queere Menschen mit Migrations- und\/oder Fluchterfahrung zu erm\u00f6glichen.<\/p>\n<p><span style=\"vertical-align: inherit;\"><span style=\"vertical-align: inherit;\">\u2705 Unser <strong>Queer Bridges<\/strong> Programm wird sich stetig weiter entwickeln und wir freuen uns auch jederzeit von Euren Bedarfen zu h\u00f6ren. Bei Interesse k\u00f6nnt ihr uns eine E-Mail schicken, um \u00fcber weitere Aktualisierungen informiert zu bleiben.<\/span><\/span><\/p>\n\n\t\t<\/div>\n\t<\/div>\n<div class=\"vc_separator wpb_content_element vc_separator_align_center vc_sep_width_100 vc_sep_pos_align_center vc_separator_no_text vc_sep_color_grey wpb_content_element  wpb_content_element\" ><span class=\"vc_sep_holder vc_sep_holder_l\"><span class=\"vc_sep_line\"><\/span><\/span><span class=\"vc_sep_holder vc_sep_holder_r\"><span class=\"vc_sep_line\"><\/span><\/span>\n<\/div>\n\t<div class=\"wpb_text_column wpb_content_element\" >\n\t\t<div class=\"wpb_wrapper\">\n\t\t\t<p><span style=\"text-decoration: underline;\"><strong>Hinweise<\/strong><\/span><br \/>\n<strong>Teilnehmende<\/strong>: Dieser Workshop richtet sich an alle, die sich als LGBTQIA+ identifizieren und Migrations- und\/oder Fluchterfahrung erlebt haben. Wenn ihr diese Erfahrungen nicht teilt, aber dennoch an einer Teilnahme interessiert seid, meldet euch bitte zuerst bei uns, um zu kl\u00e4ren, ob ein Platz frei ist. Wir bitten alle Teilnehmenden, den Schwerpunkt des Programms zu respektieren und dazu beizutragen, einen offenen, respektvollen Raum zu schaffen.<br \/>\n<strong>Anmeldung<\/strong>: F\u00fcr dieses Event stehen begrenzte Pl\u00e4tze zur Verf\u00fcgung. Eine Registrierung \u00fcber unsere Website ist daher erforderlich.<br \/>\n<strong>Sprache<\/strong>: Dieses Event wird haupts\u00e4chlich auf Englisch stattfinden, deutsche und arabische \u00dcbersetzungen werden bei Bedarf angeboten.<br \/>\n<strong>Kosten<\/strong>: Die Teilnahme ist kostenlos.<\/p>\n\n\t\t<\/div>\n\t<\/div>\n<\/div><\/div><\/div><\/div>\n<\/div>","protected":false},"excerpt":{"rendered":"<h5>Montag<br \/>\n18:00-19:30<br \/>\nKostenlos mit Anmeldung<\/h5>\n<p><strong> | <span style=\"color: #ec6c23;\">LGBTQIA+<\/span> | <\/strong><\/p>\n<p>Komm zu einer wohltuenden Klang-Erfahrung, um dich zu erden, loszulassen und wieder zu verbinden.<\/p>\n","protected":false},"author":12,"featured_media":27780,"template":"","meta":{"pmpro_default_level":"","inline_featured_image":false},"product_brand":[],"product_cat":[769,797,83],"product_tag":[469],"class_list":{"0":"post-27710","1":"product","2":"type-product","3":"status-publish","4":"has-post-thumbnail","6":"product_cat-kostenloser-zugang","7":"product_cat-queer-bridges-events-2","8":"product_cat-workshops","9":"product_tag-lgbtqiaplus","10":"pmpro-has-access","12":"first","13":"instock","14":"sold-individually","15":"purchasable","16":"product-type-simple"},"wpml_current_locale":"de_DE","wpml_translations":{"en_US":{"locale":"en_US","id":27723,"slug":"queer-bridges-klangvolle-verbindung","post_title":"Queer Bridges \u2013 Resonant Connection","href":"https:\/\/wearevillage.org\/en\/shop\/queer-bridges-monday\/w29-2025"}},"language":{"code":"de","locale":"","name":"","is_rtl":false},"_links":{"self":[{"href":"https:\/\/wearevillage.org\/wp-json\/wp\/v2\/product\/27710","targetHints":{"allow":["GET"]}}],"collection":[{"href":"https:\/\/wearevillage.org\/wp-json\/wp\/v2\/product"}],"about":[{"href":"https:\/\/wearevillage.org\/wp-json\/wp\/v2\/types\/product"}],"author":[{"embeddable":true,"href":"https:\/\/wearevillage.org\/wp-json\/wp\/v2\/users\/12"}],"wp:featuredmedia":[{"embeddable":true,"href":"https:\/\/wearevillage.org\/wp-json\/wp\/v2\/media\/27780"}],"wp:attachment":[{"href":"https:\/\/wearevillage.org\/wp-json\/wp\/v2\/media?parent=27710"}],"wp:term":[{"taxonomy":"product_brand","embeddable":true,"href":"https:\/\/wearevillage.org\/wp-json\/wp\/v2\/product_brand?post=27710"},{"taxonomy":"product_cat","embeddable":true,"href":"https:\/\/wearevillage.org\/wp-json\/wp\/v2\/product_cat?post=27710"},{"taxonomy":"product_tag","embeddable":true,"href":"https:\/\/wearevillage.org\/wp-json\/wp\/v2\/product_tag?post=27710"}],"curies":[{"name":"wp","href":"https:\/\/api.w.org\/{rel}","templated":true}]}}