{"id":28061,"date":"2025-06-27T18:23:24","date_gmt":"2025-06-27T16:23:24","guid":{"rendered":"https:\/\/wearevillage.org\/?post_type=product&#038;p=28061"},"modified":"2025-09-30T17:56:39","modified_gmt":"2025-09-30T15:56:39","slug":"film-night-celebration","status":"publish","type":"product","link":"https:\/\/wearevillage.org\/shop\/village-film\/w40-2025\/","title":{"rendered":"Film Night \u2013 Celebration"},"content":{"rendered":"<div class=\"wpb-content-wrapper\"><div class=\"vc_row wpb_row vc_row-fluid\"><div class=\"wpb_column vc_column_container vc_col-sm-12\"><div class=\"vc_column-inner\"><div class=\"wpb_wrapper\"><h4 style=\"text-align: left\" class=\"vc_custom_heading vc_do_custom_heading\" >Village Film Night - Celebration (2007)<\/h4><h5 style=\"text-align: left\" class=\"vc_custom_heading vc_do_custom_heading\" >Gast: Pierre Em\u00f6<\/h5>\n\t<div class=\"wpb_text_column wpb_content_element\" >\n\t\t<div class=\"wpb_wrapper\">\n\t\t\t<p><strong>Celebration<br \/>\nRegie<\/strong>: Olivier Meyrou<br \/>\nDokumentarfilm, 2007 \u2013 74 Min.<br \/>\nAuf Franz\u00f6sisch mit englischen Untertiteln<\/p>\n<p><strong>CELEBRATION<\/strong> ist ein visuell eindrucksvoller Dokumentarfilm, der einen beispiellosen Blick hinter die Kulissen des legend\u00e4ren Modehauses von <strong>Yves Saint Laurent<\/strong> in seinen letzten Jahren bietet. Zwischen 1998 und 2001 gedreht, f\u00e4ngt Regisseur Olivier Meyrou die intime und oft angespannte Beziehung zwischen Saint Laurent und seinem Gesch\u00e4ftspartner Pierre Berg\u00e9 ein. W\u00e4hrend Saint Laurent, bereits gebrechlich und zur\u00fcckgezogen, seine letzte Haute-Couture-Kollektion entwirft, orchestriert Berg\u00e9 eine Reihe gro\u00dfer Veranstaltungen, um das Erbe des Designers als modernes Mythos zu festigen.<\/p>\n<p>Der Film zeichnet sich durch seine \u00e4sthetische Ambition aus: Meyrous Kamera verweilt auf Blicken, Gesten und fl\u00fcchtigen Momenten und erschafft ein geheimnisvolles und fast experimentelles Portr\u00e4t einer Welt im Wandel. Anstatt einer konventionellen Erz\u00e4hlung zu folgen, taucht CELEBRATION die Zuschauer in die Rituale und Spannungen des Ateliers ein und enth\u00fcllt sowohl den Glamour als auch das existenzielle Gewicht hinter der Fassade der hohen Mode. Der Dokumentarfilm wurde urspr\u00fcnglich \u00fcber ein Jahrzehnt lang von Berg\u00e9 unterdr\u00fcckt, wodurch seine letztliche Ver\u00f6ffentlichung zu einem bedeutenden Ereignis f\u00fcr Mode und Kino gleicherma\u00dfen wurde.<\/p>\n\n\t\t<\/div>\n\t<\/div>\n<div class=\"vc_separator wpb_content_element vc_separator_align_center vc_sep_width_100 vc_sep_pos_align_center vc_separator_no_text vc_sep_color_grey wpb_content_element  wpb_content_element\" ><span class=\"vc_sep_holder vc_sep_holder_l\"><span class=\"vc_sep_line\"><\/span><\/span><span class=\"vc_sep_holder vc_sep_holder_r\"><span class=\"vc_sep_line\"><\/span><\/span>\n<\/div>\n\t<div class=\"wpb_text_column wpb_content_element\" >\n\t\t<div class=\"wpb_wrapper\">\n\t\t\t<p><strong>\u00dcber die Filmnacht am Village<\/strong><br \/>\nDie monatliche Filmnacht von we are village hat sich zu einem Muss f\u00fcr Cineasten entwickelt, die eine Auswahl an beliebten Klassikern genie\u00dfen wollen. Das Programm umfasst eine breite Erkundung queerer und nicht-normativer Perspektiven in verschiedenen Genres und k\u00fcnstlerischen Stilen, die \u00fcber LGBTQIA+Themen hinausgehen. Nach jeder Vorf\u00fchrung werden die G\u00e4ste zum Verweilen und zur Teilnahme an entspannten Gruppendiskussionen \u00fcber die Filme und damit verbundene Themen eingeladen.<\/p>\n\n\t\t<\/div>\n\t<\/div>\n<div class=\"vc_separator wpb_content_element vc_separator_align_center vc_sep_width_100 vc_sep_pos_align_center vc_separator_no_text vc_sep_color_grey wpb_content_element  wpb_content_element\" ><span class=\"vc_sep_holder vc_sep_holder_l\"><span class=\"vc_sep_line\"><\/span><\/span><span class=\"vc_sep_holder vc_sep_holder_r\"><span class=\"vc_sep_line\"><\/span><\/span>\n<\/div>\n\t<div class=\"wpb_text_column wpb_content_element\" >\n\t\t<div class=\"wpb_wrapper\">\n\t\t\t<p><img loading=\"lazy\" decoding=\"async\" class=\" wp-image-2218 alignleft\" src=\"https:\/\/wearevillage.org\/wp-content\/uploads\/2022\/12\/Pierre_Emoe-271x300.jpg\" alt=\"\" width=\"162\" height=\"179\" srcset=\"https:\/\/wearevillage.org\/wp-content\/uploads\/2022\/12\/Pierre_Emoe-271x300.jpg 271w, https:\/\/wearevillage.org\/wp-content\/uploads\/2022\/12\/Pierre_Emoe-136x150.jpg 136w, https:\/\/wearevillage.org\/wp-content\/uploads\/2022\/12\/Pierre_Emoe-624x690.jpg 624w, https:\/\/wearevillage.org\/wp-content\/uploads\/2022\/12\/Pierre_Emoe-390x431.jpg 390w, https:\/\/wearevillage.org\/wp-content\/uploads\/2022\/12\/Pierre_Emoe-600x663.jpg 600w, https:\/\/wearevillage.org\/wp-content\/uploads\/2022\/12\/Pierre_Emoe.jpg 700w\" sizes=\"auto, (max-width: 162px) 100vw, 162px\" \/><strong>Pierre Em\u00f6<\/strong>, urspr\u00fcnglich aus Frankreich, lebt in Berlin und arbeitet in Film, Theater, Performance und Modeling. Er spielte in Filmen wie Yann Gonzalez\u2019 Knife + Heart, Bruce La Bruce\u2019s It Is Not the Pornographer That Is Perverse\u2026 und Henrika Kulls Bliss. Auf der B\u00fchne trat er in Decameron und The Valkyrie auf. Er war Teil der Ausstellung Fenster zum Klo im Schwulen Museum Berlin und tourt derzeit mit Matthieu Hocquemillers Performance The Ethics. Em\u00f6 ist auch Mitglied des Kollektivs Pornceptual.<\/p>\n\n\t\t<\/div>\n\t<\/div>\n<div class=\"vc_separator wpb_content_element vc_separator_align_center vc_sep_width_100 vc_sep_pos_align_center vc_separator_no_text vc_sep_color_grey vc_custom_1724778095340 wpb_content_element  vc_custom_1724778095340 wpb_content_element\" ><span class=\"vc_sep_holder vc_sep_holder_l\"><span class=\"vc_sep_line\"><\/span><\/span><span class=\"vc_sep_holder vc_sep_holder_r\"><span class=\"vc_sep_line\"><\/span><\/span>\n<\/div>\n\t<div class=\"wpb_text_column wpb_content_element\" >\n\t\t<div class=\"wpb_wrapper\">\n\t\t\t<p><b>Hinweise:<br \/>\n<\/b><strong>Sprache<\/strong>: Die Veranstaltung wird auf Englisch abgehalten.<br \/>\n<strong>Kosten<\/strong>: Die Veranstaltung ist f\u00fcr alle zug\u00e4nglich und kostenlos.<\/p>\n<p><em>** Diese Veranstaltung ist Teil unseres Programms \u201a<strong><a href=\"https:\/\/wearevillage.org\/village-quartiere\/addressing-queer-lonliness\" target=\"_blank\" rel=\"noopener\">Gemeinsam statt einsam<\/a><\/strong>\u201a, unterst\u00fctzt von der <strong><a href=\"https:\/\/www.berlin.de\/sen\/lads\/\" target=\"_blank\" rel=\"noopener\">LADS<\/a><\/strong>. <\/em><br \/>\n<em>Erfahre mehr \u00fcber das Programm <a href=\"https:\/\/wearevillage.org\/village-quartiere\/addressing-queer-lonliness\" target=\"_blank\" rel=\"noopener\">hier<\/a>.<\/em><\/p>\n\n\t\t<\/div>\n\t<\/div>\n<\/div><\/div><\/div><\/div>\n<\/div>","protected":false},"excerpt":{"rendered":"<h5>Dienstags (einmal im Monat)<br \/>\n20:00 \u2013 22:30<br \/>\nEintritt frei<\/h5>\n<p class=\"p1\"><strong>| <span style=\"color: #ec6c23;\">LGBTQIA+<\/span> |<\/strong><\/p>\n<p><strong>CELEBRATION<br \/>\n<\/strong>Regie: Olivier Meyrou<br \/>\nDokumentarfilm, 2007 \u2013 74 Min.<br \/>\nAuf Franz\u00f6sisch mit englischen Untertiteln<\/p>\n<p><strong>CELEBRATION<\/strong> ist ein visuell eindrucksvoller Dokumentarfilm, der einen beispiellosen Blick hinter die Kulissen des legend\u00e4ren Modehauses von <strong>Yves Saint Laurent<\/strong> in seinen letzten Jahren bietet.<\/p>\n","protected":false},"author":12,"featured_media":28064,"template":"","meta":{"pmpro_default_level":"","inline_featured_image":false},"product_brand":[],"product_cat":[77,76,769,79],"product_tag":[469],"class_list":{"0":"post-28061","1":"product","2":"type-product","3":"status-publish","4":"has-post-thumbnail","6":"product_cat-community-events","7":"product_cat-ausstellung","8":"product_cat-kostenloser-zugang","9":"product_cat-monatliche-events","10":"product_tag-lgbtqiaplus","11":"pmpro-has-access","13":"first","14":"instock","15":"sold-individually","16":"purchasable","17":"product-type-simple"},"wpml_current_locale":"de_DE","wpml_translations":{"en_US":{"locale":"en_US","id":28062,"slug":"film-night-w40-2025","post_title":"Film Night - Celebration","href":"https:\/\/wearevillage.org\/en\/shop\/village-film\/w40-2025"}},"language":{"code":"de","locale":"","name":"","is_rtl":false},"_links":{"self":[{"href":"https:\/\/wearevillage.org\/wp-json\/wp\/v2\/product\/28061","targetHints":{"allow":["GET"]}}],"collection":[{"href":"https:\/\/wearevillage.org\/wp-json\/wp\/v2\/product"}],"about":[{"href":"https:\/\/wearevillage.org\/wp-json\/wp\/v2\/types\/product"}],"author":[{"embeddable":true,"href":"https:\/\/wearevillage.org\/wp-json\/wp\/v2\/users\/12"}],"wp:featuredmedia":[{"embeddable":true,"href":"https:\/\/wearevillage.org\/wp-json\/wp\/v2\/media\/28064"}],"wp:attachment":[{"href":"https:\/\/wearevillage.org\/wp-json\/wp\/v2\/media?parent=28061"}],"wp:term":[{"taxonomy":"product_brand","embeddable":true,"href":"https:\/\/wearevillage.org\/wp-json\/wp\/v2\/product_brand?post=28061"},{"taxonomy":"product_cat","embeddable":true,"href":"https:\/\/wearevillage.org\/wp-json\/wp\/v2\/product_cat?post=28061"},{"taxonomy":"product_tag","embeddable":true,"href":"https:\/\/wearevillage.org\/wp-json\/wp\/v2\/product_tag?post=28061"}],"curies":[{"name":"wp","href":"https:\/\/api.w.org\/{rel}","templated":true}]}}