{"id":28094,"date":"2025-06-28T11:46:53","date_gmt":"2025-06-28T09:46:53","guid":{"rendered":"https:\/\/wearevillage.org\/?post_type=product&#038;p=28094"},"modified":"2025-09-09T17:44:04","modified_gmt":"2025-09-09T15:44:04","slug":"mit-einsamkeit-umgehen-verbindungen-schaffen-19","status":"publish","type":"product","link":"https:\/\/wearevillage.org\/shop\/building-bridges-of-belonging\/w37-2025\/","title":{"rendered":"Mit Einsamkeit umgehen. Verbindungen schaffen"},"content":{"rendered":"<div class=\"wpb-content-wrapper\"><div class=\"vc_row wpb_row vc_row-fluid\"><div class=\"wpb_column vc_column_container vc_col-sm-12\"><div class=\"vc_column-inner\"><div class=\"wpb_wrapper\"><h4 style=\"text-align: left\" class=\"vc_custom_heading vc_do_custom_heading\" >Building bridges of belonging \u2013 Mit Einsamkeit umgehen. Verbindungen schaffen<\/h4><h5 style=\"text-align: left\" class=\"vc_custom_heading vc_do_custom_heading\" >mit Jochen Kleres<\/h5>\n\t<div class=\"wpb_text_column wpb_content_element\" >\n\t\t<div class=\"wpb_wrapper\">\n\t\t\t<p>Einsamkeit kann so viele Gesichter haben. Manche finden es schwer, \u00fcberhaupt Kontakte zu finden, gerade auch in einer Stadt wie Berlin mit ihren vielen sozialen M\u00f6glichkeiten. Manche m\u00f6gen Menschen um sich haben, aber f\u00fchlen sich dennoch bisweilen einsam, nicht zuletzt auch in Beziehungen. Andere sehnen sich nach Beziehungen, aber finden es schwierig, welche zu finden.<\/p>\n<p>Diese Gruppe bietet einen angeleiteten Raum, um Gef\u00fchle der Einsamkeit und was sie mit uns machen zu erkunden. Gemeinsam werden wir einander darin unterst\u00fctzen, Wege zu suchen und mit ihnen zu experimentieren, wie wir mit Einsamkeit umgehen und erf\u00fcllende Verbindungen kn\u00fcpfen k\u00f6nnen. Daf\u00fcr nutzen wir Methoden aus den Kreativtherapien.<\/p>\n<p>Wenn du deine eigenen Einsamkeitsgef\u00fchle verstehen und bew\u00e4ltigen willst und dich danach sehnst, tiefere Beziehungen zu anderen zu kn\u00fcpfen, laden wir dich zu diesem Workshop ein.<\/p>\n\n\t\t<\/div>\n\t<\/div>\n<div class=\"vc_separator wpb_content_element vc_separator_align_center vc_sep_width_100 vc_sep_pos_align_center vc_separator_no_text vc_sep_color_grey wpb_content_element  wpb_content_element\" ><span class=\"vc_sep_holder vc_sep_holder_l\"><span class=\"vc_sep_line\"><\/span><\/span><span class=\"vc_sep_holder vc_sep_holder_r\"><span class=\"vc_sep_line\"><\/span><\/span>\n<\/div>\n\t<div class=\"wpb_text_column wpb_content_element\" >\n\t\t<div class=\"wpb_wrapper\">\n\t\t\t<p><strong><img loading=\"lazy\" decoding=\"async\" class=\"wp-image-28 alignleft\" src=\"https:\/\/wearevillage.org\/wp-content\/uploads\/2022\/08\/Jochen-Kleres-271x300.jpg\" alt=\"\" width=\"170\" height=\"188\" srcset=\"https:\/\/wearevillage.org\/wp-content\/uploads\/2022\/08\/Jochen-Kleres-271x300.jpg 271w, https:\/\/wearevillage.org\/wp-content\/uploads\/2022\/08\/Jochen-Kleres-390x431.jpg 390w, https:\/\/wearevillage.org\/wp-content\/uploads\/2022\/08\/Jochen-Kleres-600x663.jpg 600w, https:\/\/wearevillage.org\/wp-content\/uploads\/2022\/08\/Jochen-Kleres-624x690.jpg 624w, https:\/\/wearevillage.org\/wp-content\/uploads\/2022\/08\/Jochen-Kleres.jpg 700w\" sizes=\"auto, (max-width: 170px) 100vw, 170px\" \/>Jochen Kleres<\/strong> ist Tanztherapeut, Heilpraktiker f\u00fcr Psychotherapie und Soziologe. Er macht leidenschaftlich Improvisationstanz (Contact Improvisation, Instant Composition, Gaga) und spielt Fagott.<strong><br \/>\n<\/strong><\/p>\n\n\t\t<\/div>\n\t<\/div>\n<div class=\"vc_separator wpb_content_element vc_separator_align_center vc_sep_width_100 vc_sep_pos_align_center vc_separator_no_text vc_sep_color_grey wpb_content_element  wpb_content_element\" ><span class=\"vc_sep_holder vc_sep_holder_l\"><span class=\"vc_sep_line\"><\/span><\/span><span class=\"vc_sep_holder vc_sep_holder_r\"><span class=\"vc_sep_line\"><\/span><\/span>\n<\/div>\n\t<div class=\"wpb_text_column wpb_content_element\" >\n\t\t<div class=\"wpb_wrapper\">\n\t\t\t<p><strong>gemeinsam statt einsam: jede*r f\u00fchlt sich manchmal einsam<\/strong><br \/>\nAls Menschen haben wir eine nat\u00fcrliche Sehnsucht nach sozialer Verbindung und Unterst\u00fctzung durch andere.\u00a0Queere Menschen haben aufgrund individueller und struktureller Formen der\u00a0Diskriminierung\u00a0ein noch h\u00f6heres Risiko, unter chronischer\u00a0Einsamkeit\u00a0zu leiden.<br \/>\nIn Zusammenarbeit mit der <strong>Landesstelle f\u00fcr Gleichbehandlung<\/strong> \u2013 gegen Diskriminierung hat sich <strong>we are village | queer matters<\/strong>\u00a0zum Ziel gesetzt, das Thema Einsamkeit in der queeren Community anzugehen.<br \/>\n<img loading=\"lazy\" decoding=\"async\" class=\"wp-image-7522 alignleft\" src=\"https:\/\/wearevillage.org\/wp-content\/uploads\/2023\/06\/image001.jpg\" alt=\"\" width=\"218\" height=\"37\" srcset=\"https:\/\/wearevillage.org\/wp-content\/uploads\/2023\/06\/image001.jpg 242w, https:\/\/wearevillage.org\/wp-content\/uploads\/2023\/06\/image001-150x25.jpg 150w\" sizes=\"auto, (max-width: 218px) 100vw, 218px\" \/>Wir haben auch einen <a href=\"https:\/\/forms.gle\/BZkLsma3sRX2vdRb8\" target=\"_blank\" rel=\"noopener\"><strong>Fragebogen<\/strong><\/a> erstellt, um mehr \u00fcber Ihre Erfahrungen mit Einsamkeit zu erfahren. Mit eurer Hilfe k\u00f6nnen wir ein besseres Programm erstellen, das euren Bed\u00fcrfnissen entspricht und mit dem wir mehr Zugeh\u00f6rigkeit schaffen k\u00f6nnen!<\/p>\n\n\t\t<\/div>\n\t<\/div>\n<div class=\"vc_separator wpb_content_element vc_separator_align_center vc_sep_width_100 vc_sep_pos_align_center vc_separator_no_text vc_sep_color_grey wpb_content_element  wpb_content_element\" ><span class=\"vc_sep_holder vc_sep_holder_l\"><span class=\"vc_sep_line\"><\/span><\/span><span class=\"vc_sep_holder vc_sep_holder_r\"><span class=\"vc_sep_line\"><\/span><\/span>\n<\/div>\n\t<div class=\"wpb_text_column wpb_content_element\" >\n\t\t<div class=\"wpb_wrapper\">\n\t\t\t<p><span style=\"text-decoration: underline;\"><strong>Hinweise<\/strong><\/span><br \/>\n<strong>Anmeldung<\/strong>: Eine verbindliche Anmeldung ist erforderlich. Die Teilnehmerzahl ist auf 18 Personen begrenzt, um die Qualit\u00e4t des Austauschs zu gew\u00e4hrleisten.<br \/>\n<strong>Sprache<\/strong>: Wir werden auf Englisch und\/oder Deutsch sprechen, je nach den Bed\u00fcrfnissen der Teilnehmer.<br \/>\n<strong>Kosten<\/strong>: Die Teilnahme ist kostenlos.<\/p>\n\n\t\t<\/div>\n\t<\/div>\n<\/div><\/div><\/div><\/div>\n<\/div>","protected":false},"excerpt":{"rendered":"<h5>Dienstags (einmal im Monat)<br \/>\n19:00-21:30<\/h5>\n<p>Kostenfreier Workshop<br \/>\nAnmeldung erforderlich<\/p>\n<p><strong style=\"font-size: 16px;\">| <span style=\"color: #ec6c23;\">LGBTQIA+<\/span>|<\/strong><\/p>\n<p>Diese Gruppe bietet einen angeleiteten Raum, um Gef\u00fchle der Einsamkeit und was sie mit uns machen zu erkunden. Gemeinsam werden wir einander darin unterst\u00fctzen, Wege zu suchen und mit ihnen zu experimentieren, wie wir mit Einsamkeit umgehen und erf\u00fcllende Verbindungen kn\u00fcpfen k\u00f6nnen. Daf\u00fcr nutzen wir Methoden aus den Kreativtherapien.<\/p>\n","protected":false},"author":12,"featured_media":12015,"template":"","meta":{"pmpro_default_level":"","inline_featured_image":false},"product_brand":[],"product_cat":[791,769,79],"product_tag":[469],"class_list":{"0":"post-28094","1":"product","2":"type-product","3":"status-publish","4":"has-post-thumbnail","6":"product_cat-gemeinsam-statt-einsam","7":"product_cat-kostenloser-zugang","8":"product_cat-monatliche-events","9":"product_tag-lgbtqiaplus","10":"pmpro-has-access","12":"first","13":"outofstock","14":"sold-individually","15":"product-type-simple"},"wpml_current_locale":"de_DE","wpml_translations":{"en_US":{"locale":"en_US","id":28095,"slug":"dealing-with-loneliness-creating-connections-copy-2","post_title":"Dealing with loneliness. Creating connections","href":"https:\/\/wearevillage.org\/en\/shop\/building-bridges-of-belonging\/w37-2025"}},"language":{"code":"de","locale":"","name":"","is_rtl":false},"_links":{"self":[{"href":"https:\/\/wearevillage.org\/wp-json\/wp\/v2\/product\/28094","targetHints":{"allow":["GET"]}}],"collection":[{"href":"https:\/\/wearevillage.org\/wp-json\/wp\/v2\/product"}],"about":[{"href":"https:\/\/wearevillage.org\/wp-json\/wp\/v2\/types\/product"}],"author":[{"embeddable":true,"href":"https:\/\/wearevillage.org\/wp-json\/wp\/v2\/users\/12"}],"wp:featuredmedia":[{"embeddable":true,"href":"https:\/\/wearevillage.org\/wp-json\/wp\/v2\/media\/12015"}],"wp:attachment":[{"href":"https:\/\/wearevillage.org\/wp-json\/wp\/v2\/media?parent=28094"}],"wp:term":[{"taxonomy":"product_brand","embeddable":true,"href":"https:\/\/wearevillage.org\/wp-json\/wp\/v2\/product_brand?post=28094"},{"taxonomy":"product_cat","embeddable":true,"href":"https:\/\/wearevillage.org\/wp-json\/wp\/v2\/product_cat?post=28094"},{"taxonomy":"product_tag","embeddable":true,"href":"https:\/\/wearevillage.org\/wp-json\/wp\/v2\/product_tag?post=28094"}],"curies":[{"name":"wp","href":"https:\/\/api.w.org\/{rel}","templated":true}]}}