{"id":28126,"date":"2025-06-29T15:41:25","date_gmt":"2025-06-29T13:41:25","guid":{"rendered":"https:\/\/wearevillage.org\/?post_type=product&#038;p=28126"},"modified":"2025-06-29T16:18:08","modified_gmt":"2025-06-29T14:18:08","slug":"book-club-special","status":"publish","type":"product","link":"https:\/\/wearevillage.org\/shop\/book-club\/w32-2025\/","title":{"rendered":"Book Club Special"},"content":{"rendered":"<div class=\"wpb-content-wrapper\"><div class=\"vc_row wpb_row vc_row-fluid\"><div class=\"wpb_column vc_column_container vc_col-sm-12\"><div class=\"vc_column-inner\"><div class=\"wpb_wrapper\"><h4 style=\"text-align: left\" class=\"vc_custom_heading vc_do_custom_heading\" >Village Book Club - \u201cRomeo & Seahorse\u201c (2024) by Nikolaj Tange Lange<\/h4><h5 style=\"text-align: left\" class=\"vc_custom_heading vc_do_custom_heading\" >Gast: Nikolaj Tange Lange<\/h5>\n\t<div class=\"wpb_text_column wpb_content_element\" >\n\t\t<div class=\"wpb_wrapper\">\n\t\t\t<p>Romeo hat schon wieder Hepatitis. Keine \u00dcberraschung \u2013 und ohnehin lockt das Versprechen von mehr Sex, mehr Drogen. Er l\u00e4sst seinen Freund zu Hause und begibt sich auf die Suche nach schnellen Abenteuern, wird hemmungslos high und treibt seinen K\u00f6rper bis an groteske Grenzen \u2013 in einer dringlichen, aber abgekoppelten Suche nach Romantik. Was folgt, ist ein fiebriger Trip durch heruntergekommene Wohnungen, Krankenhauszimmer und n\u00e4chtliche Parks, durchzogen von Erinnerungen an erste Lieben, Reisen durch Europa und Gedanken dar\u00fcber, was es bedeutet, ein Romeo zu sein.<\/p>\n<p><strong>Romeo & Seahorse<\/strong> ist ein einzigartiger Roman \u00fcber Sucht, Verlangen und Zugeh\u00f6rigkeit. Mit chaotischen Chemsex-Eskapaden und Reflexionen \u00fcber romantische Liebe, Kunst und das Gef\u00fchl, irgendwo dazuzugeh\u00f6ren, f\u00fchrt uns das Buch an Orte, die in der Literatur selten betreten werden. F\u00fcr diese Sonderausgabe des Buchclubs haben wir die Gelegenheit, das Buch nicht nur mit anderen Leser*innen, sondern auch mit dem Autor selbst zu besprechen.<\/p>\n\n\t\t<\/div>\n\t<\/div>\n<div class=\"vc_separator wpb_content_element vc_separator_align_center vc_sep_width_100 vc_sep_pos_align_center vc_separator_no_text vc_sep_color_grey wpb_content_element  wpb_content_element\" ><span class=\"vc_sep_holder vc_sep_holder_l\"><span class=\"vc_sep_line\"><\/span><\/span><span class=\"vc_sep_holder vc_sep_holder_r\"><span class=\"vc_sep_line\"><\/span><\/span>\n<\/div>\n\t<div class=\"wpb_text_column wpb_content_element\" >\n\t\t<div class=\"wpb_wrapper\">\n\t\t\t<p><strong><img loading=\"lazy\" decoding=\"async\" class=\"wp-image-19291 alignleft\" src=\"https:\/\/wearevillage.org\/wp-content\/uploads\/2024\/10\/Nikolaj-Tange-Lange-200x300.jpg\" alt=\"\" width=\"160\" height=\"240\" srcset=\"https:\/\/wearevillage.org\/wp-content\/uploads\/2024\/10\/Nikolaj-Tange-Lange-200x300.jpg 200w, https:\/\/wearevillage.org\/wp-content\/uploads\/2024\/10\/Nikolaj-Tange-Lange-683x1024.jpg 683w, https:\/\/wearevillage.org\/wp-content\/uploads\/2024\/10\/Nikolaj-Tange-Lange-100x150.jpg 100w, https:\/\/wearevillage.org\/wp-content\/uploads\/2024\/10\/Nikolaj-Tange-Lange-768x1152.jpg 768w, https:\/\/wearevillage.org\/wp-content\/uploads\/2024\/10\/Nikolaj-Tange-Lange-1024x1536.jpg 1024w, https:\/\/wearevillage.org\/wp-content\/uploads\/2024\/10\/Nikolaj-Tange-Lange-1365x2048.jpg 1365w, https:\/\/wearevillage.org\/wp-content\/uploads\/2024\/10\/Nikolaj-Tange-Lange-624x936.jpg 624w, https:\/\/wearevillage.org\/wp-content\/uploads\/2024\/10\/Nikolaj-Tange-Lange-390x585.jpg 390w, https:\/\/wearevillage.org\/wp-content\/uploads\/2024\/10\/Nikolaj-Tange-Lange-600x900.jpg 600w, https:\/\/wearevillage.org\/wp-content\/uploads\/2024\/10\/Nikolaj-Tange-Lange-scaled.jpg 1707w\" sizes=\"auto, (max-width: 160px) 100vw, 160px\" \/>Nikolaj Tange Lange<\/strong> lebt in Berlin und ist d\u00e4nischer Autor, Musiker und Erwachsenendarsteller. Er schrieb vier Romane, die oft Berlins Subkulturen thematisieren, darunter Livet er en fest og s\u00e5 d\u00f8r man (Das Leben ist eine Party und dann stirbt man). Seine Karriere begann im Kopenhagener Trash-Drag-Kollektiv dunst, sp\u00e4ter gr\u00fcndete er die NSFW-Elektropunk-Band Nuclear Family. Sein aktueller Roman Romeo & Seahorse \u2013sein erster auf Englisch- erforscht romantische Liebe, Chemsex und ihre Verbindungen.<\/p>\n\n\t\t<\/div>\n\t<\/div>\n<div class=\"vc_separator wpb_content_element vc_separator_align_center vc_sep_width_100 vc_sep_pos_align_center vc_separator_no_text vc_sep_color_grey vc_custom_1723801636502 wpb_content_element  vc_custom_1723801636502 wpb_content_element\" ><span class=\"vc_sep_holder vc_sep_holder_l\"><span class=\"vc_sep_line\"><\/span><\/span><span class=\"vc_sep_holder vc_sep_holder_r\"><span class=\"vc_sep_line\"><\/span><\/span>\n<\/div>\n\t<div class=\"wpb_text_column wpb_content_element\" >\n\t\t<div class=\"wpb_wrapper\">\n\t\t\t<p><strong>\u00dcber den Village Book Club<\/strong><br \/>\nB\u00fccherliebhaber und Leseratten treffen sich jeden Monat, um Literatur und Sachb\u00fccher (Romane, Biografien und Essays) zu besprechen, die sich mit LGBTQIA+-Themen und -Pers\u00f6nlichkeiten befassen oder damit in Zusammenhang stehen.<br \/>\nIn Voraussicht auf aufschlussreiche Diskussionen w\u00e4hlen wir das n\u00e4chste Buch zwei Monate im Voraus aus.<br \/>\nDie Diskussionen am Abend finden <strong>auf Englisch<\/strong> statt, aber die Teilnehmenden k\u00f6nnen die B\u00fccher in ihrer Lieblingssprache lesen.<\/p>\n\n\t\t<\/div>\n\t<\/div>\n<div class=\"vc_separator wpb_content_element vc_separator_align_center vc_sep_width_100 vc_sep_pos_align_center vc_separator_no_text vc_sep_color_grey vc_custom_1723801636502 wpb_content_element  vc_custom_1723801636502 wpb_content_element\" ><span class=\"vc_sep_holder vc_sep_holder_l\"><span class=\"vc_sep_line\"><\/span><\/span><span class=\"vc_sep_holder vc_sep_holder_r\"><span class=\"vc_sep_line\"><\/span><\/span>\n<\/div>\n\t<div class=\"wpb_text_column wpb_content_element\" >\n\t\t<div class=\"wpb_wrapper\">\n\t\t\t<p><b>Hinweise:<br \/>\n<\/b><strong>Sprache<\/strong>: Die Veranstaltung wird auf Englisch abgehalten.<br \/>\n<strong>Kosten<\/strong>: Die Veranstaltung ist f\u00fcr alle zug\u00e4nglich und kostenlos.<\/p>\n<p><em>** Diese Veranstaltung ist Teil unseres Programms \u201a<strong><a href=\"https:\/\/wearevillage.org\/village-quartiere\/addressing-queer-lonliness\" target=\"_blank\" rel=\"noopener\">Gemeinsam statt einsam<\/a><\/strong>\u201a, unterst\u00fctzt von der <strong><a href=\"https:\/\/www.berlin.de\/sen\/lads\/\" target=\"_blank\" rel=\"noopener\">LADS<\/a><\/strong>. <\/em><br \/>\n<em>Erfahre mehr \u00fcber das Programm <a href=\"https:\/\/wearevillage.org\/village-quartiere\/addressing-queer-lonliness\" target=\"_blank\" rel=\"noopener\">hier<\/a>.<\/em><\/p>\n\n\t\t<\/div>\n\t<\/div>\n<\/div><\/div><\/div><\/div>\n<\/div>","protected":false},"excerpt":{"rendered":"<h5>Dienstag (einmal im Monat)<br \/>\n20:00 \u2013 22:30<br \/>\nkostenlos mit Anmeldung<br \/>\nAuf Englisch<\/h5>\n<p class=\"p1\"><strong>| <span style=\"color: #ec6c23;\">LGBTQIA+<\/span>\u00a0|<\/strong><\/p>\n<p><strong>Romeo & Seahorse<\/strong> ist ein einzigartiger Roman \u00fcber Sucht, Verlangen und Zugeh\u00f6rigkeit. Mit chaotischen Chemsex-Eskapaden und Reflexionen \u00fcber romantische Liebe, Kunst und das Gef\u00fchl, irgendwo dazuzugeh\u00f6ren, f\u00fchrt uns das Buch an Orte, die in der Literatur selten betreten werden. <strong>F\u00fcr diese Sonderausgabe des Buchclubs haben wir die Gelegenheit, das Buch nicht nur mit anderen Leser*innen, sondern auch mit dem Autor selbst zu besprechen.<\/strong><\/p>\n","protected":false},"author":12,"featured_media":28129,"template":"","meta":{"pmpro_default_level":"","inline_featured_image":false},"product_brand":[],"product_cat":[791,76,769,79],"product_tag":[469],"class_list":{"0":"post-28126","1":"product","2":"type-product","3":"status-publish","4":"has-post-thumbnail","6":"product_cat-gemeinsam-statt-einsam","7":"product_cat-ausstellung","8":"product_cat-kostenloser-zugang","9":"product_cat-monatliche-events","10":"product_tag-lgbtqiaplus","11":"pmpro-has-access","13":"first","14":"instock","15":"purchasable","16":"product-type-simple"},"wpml_current_locale":"de_DE","wpml_translations":{"en_US":{"locale":"en_US","id":28127,"slug":"book-club-special","post_title":"Book Club Special","href":"https:\/\/wearevillage.org\/en\/shop\/book-club\/w32-2025"}},"language":{"code":"de","locale":"","name":"","is_rtl":false},"_links":{"self":[{"href":"https:\/\/wearevillage.org\/wp-json\/wp\/v2\/product\/28126","targetHints":{"allow":["GET"]}}],"collection":[{"href":"https:\/\/wearevillage.org\/wp-json\/wp\/v2\/product"}],"about":[{"href":"https:\/\/wearevillage.org\/wp-json\/wp\/v2\/types\/product"}],"author":[{"embeddable":true,"href":"https:\/\/wearevillage.org\/wp-json\/wp\/v2\/users\/12"}],"wp:featuredmedia":[{"embeddable":true,"href":"https:\/\/wearevillage.org\/wp-json\/wp\/v2\/media\/28129"}],"wp:attachment":[{"href":"https:\/\/wearevillage.org\/wp-json\/wp\/v2\/media?parent=28126"}],"wp:term":[{"taxonomy":"product_brand","embeddable":true,"href":"https:\/\/wearevillage.org\/wp-json\/wp\/v2\/product_brand?post=28126"},{"taxonomy":"product_cat","embeddable":true,"href":"https:\/\/wearevillage.org\/wp-json\/wp\/v2\/product_cat?post=28126"},{"taxonomy":"product_tag","embeddable":true,"href":"https:\/\/wearevillage.org\/wp-json\/wp\/v2\/product_tag?post=28126"}],"curies":[{"name":"wp","href":"https:\/\/api.w.org\/{rel}","templated":true}]}}