{"id":28258,"date":"2025-07-04T10:28:59","date_gmt":"2025-07-04T08:28:59","guid":{"rendered":"https:\/\/wearevillage.org\/?post_type=product&#038;p=28258"},"modified":"2025-11-19T17:17:19","modified_gmt":"2025-11-19T16:17:19","slug":"sprachcafe-queer-bridges-20","status":"publish","type":"product","link":"https:\/\/wearevillage.org\/shop\/language-cafe\/w47-2025\/","title":{"rendered":"Sprachcaf\u00e9 \u2013 Queer Bridges"},"content":{"rendered":"<div class=\"wpb-content-wrapper\"><div class=\"vc_row wpb_row vc_row-fluid\"><div class=\"wpb_column vc_column_container vc_col-sm-12\"><div class=\"vc_column-inner\"><div class=\"wpb_wrapper\"><h4 style=\"text-align: left\" class=\"vc_custom_heading vc_do_custom_heading\" >Queer Bridges Sprachcaf\u00e9<\/h4><h5 style=\"text-align: left\" class=\"vc_custom_heading vc_do_custom_heading\" >mit Pari Ludin<\/h5>\n\t<div class=\"wpb_text_column wpb_content_element\" >\n\t\t<div class=\"wpb_wrapper\">\n\t\t\t<p>Kostenlose mit Anmeldung \u00fcber unsere Website<\/p>\n<p>Besuchen Sie uns jeden ersten und dritten Donnerstag im Monat in unserem Queer Language Caf\u00e9, wo in freundlicher Atmosph\u00e4re angeregte Gespr\u00e4che stattfinden. Es ist eine tolle Gelegenheit, neue Leute kennenzulernen, Sprachen zu \u00fcben und eine sch\u00f6ne Zeit zu verbringen. Jede Veranstaltung beginnt mit einem lockeren Thema, um das Eis zu brechen und den allt\u00e4glichen Wortschatz zu \u00fcben. Kommt wegen der Gespr\u00e4che, bleibt wegen der Gemeinschaft!<\/p>\n<p>Normalerweise \u00fcben wir Deutsch und Englisch in kleinen Gruppen. Dar\u00fcber hinaus sind Sie herzlich eingeladen, auch andere Sprachen zu sprechen! Wir hoffen, in Zukunft eine gro\u00dfe Vielfalt an Sprachen anbieten zu k\u00f6nnen und freuen uns, wenn dieses Caf\u00e9 mit Ihrer Unterst\u00fctzung w\u00e4chst.<\/p>\n<p>Unser Sprachcaf\u00e9 steht allen offen, unabh\u00e4ngig von ihren Sprachkenntnissen. Egal auf welchem \u200b\u200bNiveau Sie sich befinden, alle sind herzlich eingeladen, teilzunehmen und gemeinsam zu lernen.<\/p>\n<p>Anmeldung: Besuchen Sie unsere Website, w\u00e4hlen Sie die Veranstaltung aus, legen Sie sie in den Warenkorb und schlie\u00dfen Sie die Buchung ab. Sollten Sie Schwierigkeiten bei der Anmeldung haben, sind Sie trotzdem herzlich willkommen.<\/p>\n<p>Dieses Treffen ist Teil unseres Projekts \u201eQueer Bridges\u201c, das darauf abzielt, Verbindungen zu kn\u00fcpfen und Ressourcen f\u00fcr LGBTQIA+-Personen mit Migrationserfahrung bereitzustellen.<\/p>\n\n\t\t<\/div>\n\t<\/div>\n<div class=\"vc_separator wpb_content_element vc_separator_align_center vc_sep_width_100 vc_sep_pos_align_center vc_separator_no_text vc_sep_color_grey wpb_content_element  wpb_content_element\" ><span class=\"vc_sep_holder vc_sep_holder_l\"><span class=\"vc_sep_line\"><\/span><\/span><span class=\"vc_sep_holder vc_sep_holder_r\"><span class=\"vc_sep_line\"><\/span><\/span>\n<\/div>\n\t<div class=\"wpb_text_column wpb_content_element\" >\n\t\t<div class=\"wpb_wrapper\">\n\t\t\t<p><img loading=\"lazy\" decoding=\"async\" class=\"wp-image-31584 alignleft\" src=\"https:\/\/wearevillage.org\/wp-content\/uploads\/2025\/09\/wav-team-micha-sprachcafe.png\" alt=\"\" width=\"151\" height=\"168\" srcset=\"https:\/\/wearevillage.org\/wp-content\/uploads\/2025\/09\/wav-team-micha-sprachcafe.png 900w, https:\/\/wearevillage.org\/wp-content\/uploads\/2025\/09\/wav-team-micha-sprachcafe-270x300.png 270w, https:\/\/wearevillage.org\/wp-content\/uploads\/2025\/09\/wav-team-micha-sprachcafe-135x150.png 135w, https:\/\/wearevillage.org\/wp-content\/uploads\/2025\/09\/wav-team-micha-sprachcafe-768x853.png 768w, https:\/\/wearevillage.org\/wp-content\/uploads\/2025\/09\/wav-team-micha-sprachcafe-624x693.png 624w, https:\/\/wearevillage.org\/wp-content\/uploads\/2025\/09\/wav-team-micha-sprachcafe-390x433.png 390w, https:\/\/wearevillage.org\/wp-content\/uploads\/2025\/09\/wav-team-micha-sprachcafe-600x667.png 600w\" sizes=\"auto, (max-width: 151px) 100vw, 151px\" \/><strong>Micha\u0142<\/strong>, urspr\u00fcnglich aus Polen, engagiert sich ehrenamtlich im Village. Beruflich arbeitet er als HR-Manager und hat einen Abschluss in Slawischer Linguistik. Besonders wichtig sind ihm Flexibilit\u00e4t, pers\u00f6nliche N\u00e4he und ein l\u00f6sungsorientiertes Miteinander. Sein Leitsatz lautet <em>\u201esupport to succeed\u201c<\/em> \u2013 er begleitet ihn in seiner Arbeit und in Gespr\u00e4chen rund um berufliche Entwicklung. Micha\u0142 spricht flie\u00dfend Polnisch, Englisch und Kroatisch und lernt zurzeit Deutsch.<\/p>\n\n\t\t<\/div>\n\t<\/div>\n<div class=\"vc_separator wpb_content_element vc_separator_align_center vc_sep_width_100 vc_sep_pos_align_center vc_separator_no_text vc_sep_color_grey wpb_content_element  wpb_content_element\" ><span class=\"vc_sep_holder vc_sep_holder_l\"><span class=\"vc_sep_line\"><\/span><\/span><span class=\"vc_sep_holder vc_sep_holder_r\"><span class=\"vc_sep_line\"><\/span><\/span>\n<\/div>\n\t<div class=\"wpb_text_column wpb_content_element\" >\n\t\t<div class=\"wpb_wrapper\">\n\t\t\t<p><strong>Queer Bridges: Verbindungen schaffen und Ressourcen f\u00fcr LGBTQIA+ Menschen mit Migrationserfahrung bereitstellen<\/strong><br \/>\nQueere Menschen mit Migrationshintergrund in Berlin sehen sich in ihrem t\u00e4glichen Leben oft mit besonderen Herausforderungen konfrontiert, die ihren Zugang zu unterst\u00fctzenden Gemeinschaften und integrativen Umgebungen einschr\u00e4nken k\u00f6nnen.<br \/>\n<img loading=\"lazy\" decoding=\"async\" class=\"wp-image-15170 alignleft\" src=\"https:\/\/wearevillage.org\/wp-content\/uploads\/2024\/06\/stiftung-300x121.png\" alt=\"\" width=\"236\" height=\"95\" srcset=\"https:\/\/wearevillage.org\/wp-content\/uploads\/2024\/06\/stiftung-300x121.png 300w, https:\/\/wearevillage.org\/wp-content\/uploads\/2024\/06\/stiftung-1024x414.png 1024w, https:\/\/wearevillage.org\/wp-content\/uploads\/2024\/06\/stiftung-150x61.png 150w, https:\/\/wearevillage.org\/wp-content\/uploads\/2024\/06\/stiftung-768x310.png 768w, https:\/\/wearevillage.org\/wp-content\/uploads\/2024\/06\/stiftung-1536x620.png 1536w, https:\/\/wearevillage.org\/wp-content\/uploads\/2024\/06\/stiftung-2048x827.png 2048w, https:\/\/wearevillage.org\/wp-content\/uploads\/2024\/06\/stiftung-624x252.png 624w, https:\/\/wearevillage.org\/wp-content\/uploads\/2024\/06\/stiftung-390x158.png 390w, https:\/\/wearevillage.org\/wp-content\/uploads\/2024\/06\/stiftung-600x242.png 600w\" sizes=\"auto, (max-width: 236px) 100vw, 236px\" \/> Mit Unterst\u00fctzung der <strong>Deutschen Fernsehlotterie Stiftung<\/strong>, haben wir das Programm Queer Bridges entwickelt, um diese H\u00fcrden zu \u00fcberwinden. Wir bieten Ressourcen, Vernetzung und Unterst\u00fctzung in einem einladenden Umfeld f\u00fcr queere Migrant*innen und Gefl\u00fcchtete durch unser spezielles Programm. Unser Ziel ist es, ein Gef\u00fchl der Zugeh\u00f6rigkeit zur lokalen LGBTQIA+ Community zu f\u00f6rdern und damit eine reibungslose Integration sowie eine verbesserte Lebensqualit\u00e4t f\u00fcr queere Menschen mit Migrationshintergrund zu erm\u00f6glichen.<br \/>\nUnser Queer Bridges Programm wird sich stetig weiter entwickeln und wir freuen uns auch jederzeit von Euren Bedarfen zu h\u00f6ren. Bei Interesse k\u00f6nnt ihr uns eine E-Mail schicken, um \u00fcber weitere Aktualisierungen informiert zu bleiben.<\/p>\n\n\t\t<\/div>\n\t<\/div>\n<div class=\"vc_separator wpb_content_element vc_separator_align_center vc_sep_width_100 vc_sep_pos_align_center vc_separator_no_text vc_sep_color_grey wpb_content_element  wpb_content_element\" ><span class=\"vc_sep_holder vc_sep_holder_l\"><span class=\"vc_sep_line\"><\/span><\/span><span class=\"vc_sep_holder vc_sep_holder_r\"><span class=\"vc_sep_line\"><\/span><\/span>\n<\/div>\n\t<div class=\"wpb_text_column wpb_content_element\" >\n\t\t<div class=\"wpb_wrapper\">\n\t\t\t<p><strong><u>Hinweise<\/u><\/strong><br \/>\n<strong>Sprache<\/strong>: Dieses Event wird auf Deutsch und Englisch sein.<br \/>\n<strong>Anmeldung<\/strong>: Eine Anmeldung ist erforderlich, damit wir wissen, wie viele Personen wir erwarten k\u00f6nnen und welche Sprachen du sprichst bzw. gerne \u00fcben m\u00f6chtest. Wenn du dich jedoch nicht angemeldet hast, kannst du gerne vorbeikommen!<br \/>\n<strong>Kosten<\/strong>: Die Teilnahme ist kostenlos.<\/p>\n\n\t\t<\/div>\n\t<\/div>\n<\/div><\/div><\/div><\/div>\n<\/div>","protected":false},"excerpt":{"rendered":"<h5>Donnerstags<br \/>\n(zweimal im Monat)<br \/>\n18:30-20:30<\/h5>\n<p>Kostenfrei<br \/>\nAnmeldung erforderlich<\/p>\n<p><strong> | <span style=\"color: #ec6c23;\">LGBTQIA+<\/span> |<\/strong><\/p>\n<p>Kommt zu unserem Sprachcaf\u00e9, wo ihr euch mit anderen austauschen und an lebhaften Gespr\u00e4chen teilnehmen k\u00f6nnt. Es ist eine gro\u00dfartige Gelegenheit, eure Sprech- und H\u00f6rf\u00e4higkeiten zu verbessern und neue W\u00f6rter zu lernen, w\u00e4hrend ihr in lockerer Umgebung neue Bekanntschaften kn\u00fcpft.<\/p>\n","protected":false},"author":12,"featured_media":28245,"template":"","meta":{"pmpro_default_level":"","inline_featured_image":false},"product_brand":[],"product_cat":[769,797],"product_tag":[469],"class_list":{"0":"post-28258","1":"product","2":"type-product","3":"status-publish","4":"has-post-thumbnail","6":"product_cat-kostenloser-zugang","7":"product_cat-queer-bridges-events-2","8":"product_tag-lgbtqiaplus","9":"pmpro-has-access","11":"first","12":"instock","13":"sold-individually","14":"product-type-simple"},"wpml_current_locale":"de_DE","wpml_translations":{"en_US":{"locale":"en_US","id":28285,"slug":"language-cafe-w47-2025","post_title":"Language Caf\u00e9 - Queer Bridges","href":"https:\/\/wearevillage.org\/en\/shop\/language-cafe-w47-2025\/"}},"language":{"code":"de","locale":"","name":"","is_rtl":false},"_links":{"self":[{"href":"https:\/\/wearevillage.org\/wp-json\/wp\/v2\/product\/28258","targetHints":{"allow":["GET"]}}],"collection":[{"href":"https:\/\/wearevillage.org\/wp-json\/wp\/v2\/product"}],"about":[{"href":"https:\/\/wearevillage.org\/wp-json\/wp\/v2\/types\/product"}],"author":[{"embeddable":true,"href":"https:\/\/wearevillage.org\/wp-json\/wp\/v2\/users\/12"}],"wp:featuredmedia":[{"embeddable":true,"href":"https:\/\/wearevillage.org\/wp-json\/wp\/v2\/media\/28245"}],"wp:attachment":[{"href":"https:\/\/wearevillage.org\/wp-json\/wp\/v2\/media?parent=28258"}],"wp:term":[{"taxonomy":"product_brand","embeddable":true,"href":"https:\/\/wearevillage.org\/wp-json\/wp\/v2\/product_brand?post=28258"},{"taxonomy":"product_cat","embeddable":true,"href":"https:\/\/wearevillage.org\/wp-json\/wp\/v2\/product_cat?post=28258"},{"taxonomy":"product_tag","embeddable":true,"href":"https:\/\/wearevillage.org\/wp-json\/wp\/v2\/product_tag?post=28258"}],"curies":[{"name":"wp","href":"https:\/\/api.w.org\/{rel}","templated":true}]}}