{"id":28631,"date":"2025-07-05T11:07:22","date_gmt":"2025-07-05T09:07:22","guid":{"rendered":"https:\/\/wearevillage.org\/?post_type=product&#038;p=28631"},"modified":"2025-08-29T19:34:39","modified_gmt":"2025-08-29T17:34:39","slug":"outdoor-rundwanderung-um-das-kloster-lehnin","status":"publish","type":"product","link":"https:\/\/wearevillage.org\/shop\/village-outdoor\/w35-2025\/","title":{"rendered":"Outdoor \u2013 Rundwanderung um das Kloster Lehnin"},"content":{"rendered":"<div class=\"wpb-content-wrapper\"><div class=\"vc_row wpb_row vc_row-fluid\"><div class=\"wpb_column vc_column_container vc_col-sm-12\"><div class=\"vc_column-inner\"><div class=\"wpb_wrapper\"><h4 style=\"text-align: left\" class=\"vc_custom_heading vc_do_custom_heading\" >Outdoor \u2013 Rundwanderung um das Kloster Lehnin<\/h4><h5 style=\"text-align: left\" class=\"vc_custom_heading vc_do_custom_heading\" >mit Harms Wulf und Daniel Salamon<\/h5>\n\t<div class=\"wpb_text_column wpb_content_element\" >\n\t\t<div class=\"wpb_wrapper\">\n\t\t\t<p>Der Ausgangspunkt unserer Sommerwanderung im August ist das Kloster Lehnin, ein gut erhaltenes Zisterzienserkloster aus dem 12. Jahrhundert s\u00fcdwestlich von Potsdam. Au\u00dfer dem Besuch des Klosters werden wir die abwechslungsreiche Gegend mit ihren ausgedehnten Laubw\u00e4ldern und idyllischen Seen, die uns zum Baden einladen, auf einem Rundweg erkunden. Dabei gelangen wir auch in das sch\u00f6n gelegene Dorf Emstal, in dem sich ein Backoffenmuseum befindet. Zur\u00fcck in Lehnin, k\u00f6nnen wir unsere Wanderung in einem Caf\u00e9 am Strandbad entspannt ausklingen lassen.<\/p>\n<p>Bringt gern etwas f\u00fcr ein gemeinsames Picknick mit. Eine Einkehr ist erst am Ende der Wanderung m\u00f6glich.<br \/>\nNeben Badesachen, Sonnenschutz und Proviant denkt bitte auch an M\u00fcckenschutz.<\/p>\n\n\t\t<\/div>\n\t<\/div>\n<div class=\"vc_separator wpb_content_element vc_separator_align_center vc_sep_width_100 vc_sep_pos_align_center vc_separator_no_text vc_sep_color_grey wpb_content_element  wpb_content_element\" ><span class=\"vc_sep_holder vc_sep_holder_l\"><span class=\"vc_sep_line\"><\/span><\/span><span class=\"vc_sep_holder vc_sep_holder_r\"><span class=\"vc_sep_line\"><\/span><\/span>\n<\/div>\n\t<div class=\"wpb_text_column wpb_content_element\" >\n\t\t<div class=\"wpb_wrapper\">\n\t\t\t<p><strong>Was ist Village Outdoor?<\/strong><br \/>\nVillage Outdoor Events sind monatliche Treffen der we are village-Community und ihrer Freunde, um Outdoor-Aktivit\u00e4ten in und um Berlin zu genie\u00dfen. Zu den Aktivit\u00e4ten geh\u00f6ren Waldwanderungen, Radtouren, Schwimmen in Seen, Sightseeing und Kajakfahren.<br \/>\nJeden Monat gibt es einen kostenlosen und unkomplizierten Spaziergang oder eine Wanderung in Bereichen Berlins oder in der Umgebung, die mit \u00f6ffentlichen Verkehrsmitteln erreichbar sind.<\/p>\n\n\t\t<\/div>\n\t<\/div>\n<div class=\"vc_separator wpb_content_element vc_separator_align_center vc_sep_width_100 vc_sep_pos_align_center vc_separator_no_text vc_sep_color_grey wpb_content_element  wpb_content_element\" ><span class=\"vc_sep_holder vc_sep_holder_l\"><span class=\"vc_sep_line\"><\/span><\/span><span class=\"vc_sep_holder vc_sep_holder_r\"><span class=\"vc_sep_line\"><\/span><\/span>\n<\/div>\n\t<div class=\"wpb_text_column wpb_content_element\" >\n\t\t<div class=\"wpb_wrapper\">\n\t\t\t<p><img loading=\"lazy\" decoding=\"async\" class=\"wp-image-13760 alignleft\" src=\"https:\/\/wearevillage.org\/wp-content\/uploads\/2024\/04\/wav-team-Harms-Wulf-270x300.png\" alt=\"\" width=\"130\" height=\"144\" srcset=\"https:\/\/wearevillage.org\/wp-content\/uploads\/2024\/04\/wav-team-Harms-Wulf-270x300.png 270w, https:\/\/wearevillage.org\/wp-content\/uploads\/2024\/04\/wav-team-Harms-Wulf-135x150.png 135w, https:\/\/wearevillage.org\/wp-content\/uploads\/2024\/04\/wav-team-Harms-Wulf-768x853.png 768w, https:\/\/wearevillage.org\/wp-content\/uploads\/2024\/04\/wav-team-Harms-Wulf-624x693.png 624w, https:\/\/wearevillage.org\/wp-content\/uploads\/2024\/04\/wav-team-Harms-Wulf-390x433.png 390w, https:\/\/wearevillage.org\/wp-content\/uploads\/2024\/04\/wav-team-Harms-Wulf-600x667.png 600w, https:\/\/wearevillage.org\/wp-content\/uploads\/2024\/04\/wav-team-Harms-Wulf.png 900w\" sizes=\"auto, (max-width: 130px) 100vw, 130px\" \/><strong>Harms Wulf<\/strong> kennt Berlin bereits aus den Zeiten der Teilung. Seitdem hat er die Stadt- und Naturr\u00e4ume Berlins und seiner Umgebung beruflich und privat erkundet.<\/p>\n\n\t\t<\/div>\n\t<\/div>\n\n\t<div class=\"wpb_text_column wpb_content_element\" >\n\t\t<div class=\"wpb_wrapper\">\n\t\t\t<p><img loading=\"lazy\" decoding=\"async\" class=\"wp-image-16123 alignleft\" src=\"https:\/\/wearevillage.org\/wp-content\/uploads\/2024\/08\/wav-team-Thomas-Fischer-270x300.png\" alt=\"\" width=\"129\" height=\"144\" srcset=\"https:\/\/wearevillage.org\/wp-content\/uploads\/2024\/08\/wav-team-Thomas-Fischer-270x300.png 270w, https:\/\/wearevillage.org\/wp-content\/uploads\/2024\/08\/wav-team-Thomas-Fischer-135x150.png 135w, https:\/\/wearevillage.org\/wp-content\/uploads\/2024\/08\/wav-team-Thomas-Fischer-768x853.png 768w, https:\/\/wearevillage.org\/wp-content\/uploads\/2024\/08\/wav-team-Thomas-Fischer-624x693.png 624w, https:\/\/wearevillage.org\/wp-content\/uploads\/2024\/08\/wav-team-Thomas-Fischer-390x433.png 390w, https:\/\/wearevillage.org\/wp-content\/uploads\/2024\/08\/wav-team-Thomas-Fischer-600x667.png 600w, https:\/\/wearevillage.org\/wp-content\/uploads\/2024\/08\/wav-team-Thomas-Fischer.png 900w\" sizes=\"auto, (max-width: 129px) 100vw, 129px\" \/> F\u00fcr <strong>Thomas Fischer<\/strong> ist Bewegung im Freien und besonders in der Natur wichtig, um sich mit sich selbst und der Welt um ihn herum zu verbinden. Er unterst\u00fctzt daher die Village Outdoor Angebote und bringt seine zwanzigj\u00e4hrige Erfahrung aus der Erkundung von Berlin und Brandenburg ein.<br \/>\nMit seinem Hintergrund in den Gesundheitswissenschaften ist er besonders an der Verbindung von Geist, K\u00f6rper und sozialen Verbindungen interessiert. Er ist davon \u00fcberzeugt, dass Bewegung, Neugier und kontinuierliche Entwicklung zentral f\u00fcr die menschliche Reise durchs Leben sind.<\/p>\n\n\t\t<\/div>\n\t<\/div>\n<div class=\"vc_separator wpb_content_element vc_separator_align_center vc_sep_width_100 vc_sep_pos_align_center vc_separator_no_text vc_sep_color_grey wpb_content_element  wpb_content_element\" ><span class=\"vc_sep_holder vc_sep_holder_l\"><span class=\"vc_sep_line\"><\/span><\/span><span class=\"vc_sep_holder vc_sep_holder_r\"><span class=\"vc_sep_line\"><\/span><\/span>\n<\/div>\n\t<div class=\"wpb_text_column wpb_content_element\" >\n\t\t<div class=\"wpb_wrapper\">\n\t\t\t<p><u><strong>Hinweise<\/strong><\/u><br \/>\n<strong>Treffpunkt<\/strong>: Berlin Hauptbahnhof, 9:00 a.m., platform 14 by the elevator, for the RE7 Beelitz-Heilst\u00e4tten (Abfahrt 9:14 Uhr).<br \/>\n<strong>R\u00fcckfahrt<\/strong>: Lehnin, Bus 580 nach Potsdam Hauptbahnhof.<br \/>\n<strong>Streckenl\u00e4nge<\/strong>: ca. 14 km (ca. 5 Std.).<br \/>\n<strong>Sprache<\/strong>: Je nach Bed\u00fcrfnissen der Gruppe werden wir Deutsch und\/oder Englisch sprechen.<br \/>\n<strong>Kosten<\/strong>: Die Teilnahme ist kostenlos.<\/p>\n<p><em>** Diese Veranstaltung ist Teil unseres Programms \u201a<strong><a href=\"https:\/\/wearevillage.org\/village-quartiere\/addressing-queer-lonliness\" target=\"_blank\" rel=\"noopener\">Gemeinsam statt einsam<\/a><\/strong>\u201a, unterst\u00fctzt von der <strong><a href=\"https:\/\/www.berlin.de\/sen\/lads\/\" target=\"_blank\" rel=\"noopener\">LADS<\/a><\/strong>. <\/em><br \/>\n<em>Erfahre mehr \u00fcber das Programm <a href=\"https:\/\/wearevillage.org\/village-quartiere\/addressing-queer-lonliness\" target=\"_blank\" rel=\"noopener\">hier<\/a>.<\/em><\/p>\n\n\t\t<\/div>\n\t<\/div>\n<\/div><\/div><\/div><\/div>\n<\/div>","protected":false},"excerpt":{"rendered":"<h5>Sonntags (einmal im Monat)<br \/>\n9:00 \u2013 17:30<br \/>\nKostenlos mit Anmeldung<br \/>\nTreffpunkt: Berlin Hauptbahnhof, platform 14 by the elevator, for the RE7 Beelitz-Heilst\u00e4tten,<\/h5>\n<p><strong>| <span style=\"color: #ec6c23;\">LGBTQIA+\u00a0<\/span>|<\/strong><\/p>\n<p><strong>Rundwanderung um das Kloster Lehnin.<\/strong> Au\u00dfer dem Besuch des Klosters werden wir die abwechslungsreiche Gegend mit ihren ausgedehnten Laubw\u00e4ldern und idyllischen Seen, die uns zum Baden einladen, auf einem Rundweg erkunden.<\/p>\n","protected":false},"author":12,"featured_media":28634,"template":"","meta":{"pmpro_default_level":"","inline_featured_image":false},"product_brand":[],"product_cat":[77,791,769,79],"product_tag":[469],"class_list":{"0":"post-28631","1":"product","2":"type-product","3":"status-publish","4":"has-post-thumbnail","6":"product_cat-community-events","7":"product_cat-gemeinsam-statt-einsam","8":"product_cat-kostenloser-zugang","9":"product_cat-monatliche-events","10":"product_tag-lgbtqiaplus","11":"pmpro-has-access","13":"first","14":"instock","15":"sold-individually","16":"product-type-simple"},"wpml_current_locale":"de_DE","wpml_translations":{"en_US":{"locale":"en_US","id":28632,"slug":"village-outdoor-w35-2025","post_title":"Outdoor \u2013 Circular hike around Lehnin Monastery","href":"https:\/\/wearevillage.org\/en\/shop\/village-outdoor\/w35-2025"}},"language":{"code":"de","locale":"","name":"","is_rtl":false},"_links":{"self":[{"href":"https:\/\/wearevillage.org\/wp-json\/wp\/v2\/product\/28631","targetHints":{"allow":["GET"]}}],"collection":[{"href":"https:\/\/wearevillage.org\/wp-json\/wp\/v2\/product"}],"about":[{"href":"https:\/\/wearevillage.org\/wp-json\/wp\/v2\/types\/product"}],"author":[{"embeddable":true,"href":"https:\/\/wearevillage.org\/wp-json\/wp\/v2\/users\/12"}],"wp:featuredmedia":[{"embeddable":true,"href":"https:\/\/wearevillage.org\/wp-json\/wp\/v2\/media\/28634"}],"wp:attachment":[{"href":"https:\/\/wearevillage.org\/wp-json\/wp\/v2\/media?parent=28631"}],"wp:term":[{"taxonomy":"product_brand","embeddable":true,"href":"https:\/\/wearevillage.org\/wp-json\/wp\/v2\/product_brand?post=28631"},{"taxonomy":"product_cat","embeddable":true,"href":"https:\/\/wearevillage.org\/wp-json\/wp\/v2\/product_cat?post=28631"},{"taxonomy":"product_tag","embeddable":true,"href":"https:\/\/wearevillage.org\/wp-json\/wp\/v2\/product_tag?post=28631"}],"curies":[{"name":"wp","href":"https:\/\/api.w.org\/{rel}","templated":true}]}}