{"id":28708,"date":"2025-07-05T18:32:36","date_gmt":"2025-07-05T16:32:36","guid":{"rendered":"https:\/\/wearevillage.org\/?post_type=product&#038;p=28708"},"modified":"2025-07-11T18:10:08","modified_gmt":"2025-07-11T16:10:08","slug":"tiefe-naturerfahrung","status":"publish","type":"product","link":"https:\/\/wearevillage.org\/shop\/einsamkeit-natur\/w28-2025\/","title":{"rendered":"Tiefe Naturerfahrung \/\/ Entf\u00e4llt wegen Regen"},"content":{"rendered":"<div class=\"wpb-content-wrapper\"><div class=\"vc_row wpb_row vc_row-fluid\"><div class=\"wpb_column vc_column_container vc_col-sm-12\"><div class=\"vc_column-inner\"><div class=\"wpb_wrapper\"><h4 style=\"text-align: left\" class=\"vc_custom_heading vc_do_custom_heading\" >Mit Einsamkeit umgehen \u2013 Tiefe Naturerfahrung<\/h4><h5 style=\"text-align: left\" class=\"vc_custom_heading vc_do_custom_heading\" >mit Jochen Kleres<\/h5>\n\t<div class=\"wpb_text_column wpb_content_element\" >\n\t\t<div class=\"wpb_wrapper\">\n\t\t\t<p>Einsamkeit hat viele Gesichter: von Menschen mit wenigen sozialen Beziehungen zu solchen, die sich einsam f\u00fchlen, obwohl sie eigentlich ein reges Sozial- und Beziehungsleben haben. Nicht zuletzt kann man sich gerade auch in einer gro\u00dfen Stadt wie Berlin mit ihren vielen Menschen und Angeboten einsam f\u00fchlen.<\/p>\n<p>Wir m\u00f6chten Euch zu einem Tag des R\u00fcckzugs aus der Stadt in die Natur einladen. Natur kann ein Raum der Erdung und des (neuen) Kontaktes mit sich selbst sein. Beides ist die Basis einer Auseinandersetzung mit Gef\u00fchlen der Einsamkeit und erster Schritte in Richtung mehr Verbundenheit.<\/p>\n<p>Dieser Workshop bietet einen angeleiteten Raum zur Erkundung von Einsamkeitsgef\u00fchlen und wie sie uns beeinflussen. Wir arbeiten mit und in der Natur (Shirin-Yoku\/Waldbaden) und nutzen k\u00f6rper- sowie kreativtherapeutische Methoden (z.B. Bewegung, Malen, Schreiben). Indem wir in der Gruppe unsere Empfindungen teilen sind wir schon weniger allein und k\u00f6nnen uns gegenseitig unterst\u00fctzen.<\/p>\n\n\t\t<\/div>\n\t<\/div>\n<div class=\"vc_separator wpb_content_element vc_separator_align_center vc_sep_width_100 vc_sep_pos_align_center vc_separator_no_text vc_sep_color_grey wpb_content_element  wpb_content_element\" ><span class=\"vc_sep_holder vc_sep_holder_l\"><span class=\"vc_sep_line\"><\/span><\/span><span class=\"vc_sep_holder vc_sep_holder_r\"><span class=\"vc_sep_line\"><\/span><\/span>\n<\/div>\n\t<div class=\"wpb_text_column wpb_content_element\" >\n\t\t<div class=\"wpb_wrapper\">\n\t\t\t<p><strong><img loading=\"lazy\" decoding=\"async\" class=\"wp-image-28 alignleft\" src=\"https:\/\/wearevillage.org\/wp-content\/uploads\/2022\/08\/Jochen-Kleres-271x300.jpg\" alt=\"\" width=\"170\" height=\"188\" srcset=\"https:\/\/wearevillage.org\/wp-content\/uploads\/2022\/08\/Jochen-Kleres-271x300.jpg 271w, https:\/\/wearevillage.org\/wp-content\/uploads\/2022\/08\/Jochen-Kleres-390x431.jpg 390w, https:\/\/wearevillage.org\/wp-content\/uploads\/2022\/08\/Jochen-Kleres-600x663.jpg 600w, https:\/\/wearevillage.org\/wp-content\/uploads\/2022\/08\/Jochen-Kleres-624x690.jpg 624w, https:\/\/wearevillage.org\/wp-content\/uploads\/2022\/08\/Jochen-Kleres.jpg 700w\" sizes=\"auto, (max-width: 170px) 100vw, 170px\" \/>Jochen Kleres<\/strong> ist Tanztherapeut, Heilpraktiker f\u00fcr Psychotherapie und Soziologe. Er macht leidenschaftlich Improvisationstanz (Contact Improvisation, Instant Composition, Gaga) und spielt Fagott.<strong><br \/>\n<\/strong><\/p>\n\n\t\t<\/div>\n\t<\/div>\n<div class=\"vc_separator wpb_content_element vc_separator_align_center vc_sep_width_100 vc_sep_pos_align_center vc_separator_no_text vc_sep_color_grey wpb_content_element  wpb_content_element\" ><span class=\"vc_sep_holder vc_sep_holder_l\"><span class=\"vc_sep_line\"><\/span><\/span><span class=\"vc_sep_holder vc_sep_holder_r\"><span class=\"vc_sep_line\"><\/span><\/span>\n<\/div>\n\t<div class=\"wpb_text_column wpb_content_element\" >\n\t\t<div class=\"wpb_wrapper\">\n\t\t\t<p><strong>gemeinsam statt einsam: jede*r f\u00fchlt sich manchmal einsam<\/strong><br \/>\nAls Menschen haben wir eine nat\u00fcrliche Sehnsucht nach sozialer Verbindung und Unterst\u00fctzung durch andere.\u00a0Queere Menschen haben aufgrund individueller und struktureller Formen der\u00a0Diskriminierung\u00a0ein noch h\u00f6heres Risiko, unter chronischer\u00a0Einsamkeit\u00a0zu leiden.<br \/>\nIn Zusammenarbeit mit der <strong>Landesstelle f\u00fcr Gleichbehandlung<\/strong> \u2013 gegen Diskriminierung hat sich <strong>we are village | queer matters<\/strong>\u00a0zum Ziel gesetzt, das Thema Einsamkeit in der queeren Community anzugehen.<br \/>\n<img loading=\"lazy\" decoding=\"async\" class=\"wp-image-7522 alignleft\" src=\"https:\/\/wearevillage.org\/wp-content\/uploads\/2023\/06\/image001.jpg\" alt=\"\" width=\"218\" height=\"37\" srcset=\"https:\/\/wearevillage.org\/wp-content\/uploads\/2023\/06\/image001.jpg 242w, https:\/\/wearevillage.org\/wp-content\/uploads\/2023\/06\/image001-150x25.jpg 150w\" sizes=\"auto, (max-width: 218px) 100vw, 218px\" \/>Wir haben auch einen <a href=\"https:\/\/forms.gle\/BZkLsma3sRX2vdRb8\" target=\"_blank\" rel=\"noopener\"><strong>Fragebogen<\/strong><\/a> erstellt, um mehr \u00fcber Ihre Erfahrungen mit Einsamkeit zu erfahren. Mit eurer Hilfe k\u00f6nnen wir ein besseres Programm erstellen, das euren Bed\u00fcrfnissen entspricht und mit dem wir mehr Zugeh\u00f6rigkeit schaffen k\u00f6nnen!<\/p>\n\n\t\t<\/div>\n\t<\/div>\n<div class=\"vc_separator wpb_content_element vc_separator_align_center vc_sep_width_100 vc_sep_pos_align_center vc_separator_no_text vc_sep_color_grey wpb_content_element  wpb_content_element\" ><span class=\"vc_sep_holder vc_sep_holder_l\"><span class=\"vc_sep_line\"><\/span><\/span><span class=\"vc_sep_holder vc_sep_holder_r\"><span class=\"vc_sep_line\"><\/span><\/span>\n<\/div>\n\t<div class=\"wpb_text_column wpb_content_element\" >\n\t\t<div class=\"wpb_wrapper\">\n\t\t\t<p><span style=\"text-decoration: underline;\"><strong>Hinweise<br \/>\n<\/strong><\/span><strong>Treffpunkt: vor S Grunewald Bahnhof bei der Gastst\u00e4tte Taverna Inos <\/strong><br \/>\n<strong>Anmeldung<\/strong>: Eine verbindliche Anmeldung ist erforderlich. Die Teilnehmerzahl ist auf 18 Personen begrenzt, um die Qualit\u00e4t des Austauschs zu gew\u00e4hrleisten.<br \/>\n<strong>Sprache<\/strong>: Wir werden auf Englisch und\/oder Deutsch sprechen, je nach den Bed\u00fcrfnissen der Teilnehmer.<br \/>\n<strong>Kosten<\/strong>: Die Teilnahme ist kostenlos.<\/p>\n\n\t\t<\/div>\n\t<\/div>\n<\/div><\/div><\/div><\/div>\n<\/div>","protected":false},"excerpt":{"rendered":"<h5>Samstag<br \/>\n10:00-17:00<\/h5>\n<p>Kostenlos mit Anmeldung<br \/>\nTreffpunkt vor S Grunewald bei der Gastst\u00e4tte Taverna Inos<\/p>\n<p><strong style=\"font-size: 16px;\">| <span style=\"color: #ec6c23;\">LGBTQIA+<\/span>|<\/strong><\/p>\n<div class=\"woocommerce-product-details__short-description\">\n<p>Wir laden Euch zu einem Tag des R\u00fcckzugs aus der Stadt ein. Mittels tiefer Naturerfahrung erkunden wir Wege zu gr\u00f6\u00dferer Erdung und der Auseinandersetzung mit Gef\u00fchlen der Einsamkeit.<\/p>\n<\/div>\n","protected":false},"author":12,"featured_media":27876,"template":"","meta":{"pmpro_default_level":"","inline_featured_image":false},"product_brand":[],"product_cat":[791,769,79],"product_tag":[469],"class_list":{"0":"post-28708","1":"product","2":"type-product","3":"status-publish","4":"has-post-thumbnail","6":"product_cat-gemeinsam-statt-einsam","7":"product_cat-kostenloser-zugang","8":"product_cat-monatliche-events","9":"product_tag-lgbtqiaplus","10":"pmpro-has-access","12":"first","13":"instock","14":"sold-individually","15":"product-type-simple"},"wpml_current_locale":"de_DE","wpml_translations":{"en_US":{"locale":"en_US","id":28716,"slug":"einsamkeit-natur-w28-2025","post_title":"Bonding with Nature \/\/ canceled due bad weather...","href":"https:\/\/wearevillage.org\/en\/shop\/einsamkeit-natur-w28-2025\/"}},"language":{"code":"de","locale":"","name":"","is_rtl":false},"_links":{"self":[{"href":"https:\/\/wearevillage.org\/wp-json\/wp\/v2\/product\/28708","targetHints":{"allow":["GET"]}}],"collection":[{"href":"https:\/\/wearevillage.org\/wp-json\/wp\/v2\/product"}],"about":[{"href":"https:\/\/wearevillage.org\/wp-json\/wp\/v2\/types\/product"}],"author":[{"embeddable":true,"href":"https:\/\/wearevillage.org\/wp-json\/wp\/v2\/users\/12"}],"wp:featuredmedia":[{"embeddable":true,"href":"https:\/\/wearevillage.org\/wp-json\/wp\/v2\/media\/27876"}],"wp:attachment":[{"href":"https:\/\/wearevillage.org\/wp-json\/wp\/v2\/media?parent=28708"}],"wp:term":[{"taxonomy":"product_brand","embeddable":true,"href":"https:\/\/wearevillage.org\/wp-json\/wp\/v2\/product_brand?post=28708"},{"taxonomy":"product_cat","embeddable":true,"href":"https:\/\/wearevillage.org\/wp-json\/wp\/v2\/product_cat?post=28708"},{"taxonomy":"product_tag","embeddable":true,"href":"https:\/\/wearevillage.org\/wp-json\/wp\/v2\/product_tag?post=28708"}],"curies":[{"name":"wp","href":"https:\/\/api.w.org\/{rel}","templated":true}]}}