{"id":28741,"date":"2025-07-07T09:59:01","date_gmt":"2025-07-07T07:59:01","guid":{"rendered":"https:\/\/wearevillage.org\/?post_type=product&#038;p=28741"},"modified":"2025-07-18T09:30:20","modified_gmt":"2025-07-18T07:30:20","slug":"queer-images-17","status":"publish","type":"product","link":"https:\/\/wearevillage.org\/shop\/queer-images\/w38-2025\/","title":{"rendered":"Queer Images"},"content":{"rendered":"<div class=\"wpb-content-wrapper\"><div class=\"vc_row wpb_row vc_row-fluid\"><div class=\"wpb_column vc_column_container vc_col-sm-12\"><div class=\"vc_column-inner\"><div class=\"wpb_wrapper\"><h4 style=\"text-align: left\" class=\"vc_custom_heading vc_do_custom_heading\" >Queer Images: Kreativit\u00e4t und Verbindung entdecken<\/h4><h5 style=\"text-align: left\" class=\"vc_custom_heading vc_do_custom_heading\" >mit Michael Rolnick<\/h5>\n\t<div class=\"wpb_text_column wpb_content_element\" >\n\t\t<div class=\"wpb_wrapper\">\n\t\t\t<p><strong>\u201eFesthalten und Loslassen\u201c<\/strong> \u2013 Eine Beziehungsreise mit Partner und Ton\u2028Diesmal widmen wir uns dem Thema \u201eFesthalten und Loslassen\u201c. Gemeinsam erkunden wir die Dynamik von Beziehungen durch eine einzigartige Erfahrung mit Ton und Partnerarbeit. Erfahre, wie die Arbeit mit Ton dir neue Einblicke in deine Beziehungsmuster geben kann.<\/p>\n<p>In diesem Workshop, der monatlich stattfindet, bist du eingeladen, dich durch die Schaffung von visueller Kunst auszudr\u00fccken. Der Fokus liegt auf dem Prozess, nicht auf dem Ergebnis. Unser Ziel ist es, einen Kanal zu unserer pers\u00f6nlichen Kreativit\u00e4t zu \u00f6ffnen und tiefere Verbindungen zu unserem inneren Selbst und zueinander zu schaffen. Es sind keine besonderen F\u00e4higkeiten oder \u201eTalente\u201c erforderlich, nur die Bereitschaft, sich mit Neugier aktiv einzubringen.<\/p>\n\n\t\t<\/div>\n\t<\/div>\n<div class=\"vc_separator wpb_content_element vc_separator_align_center vc_sep_width_100 vc_sep_pos_align_center vc_separator_no_text vc_sep_color_grey wpb_content_element  wpb_content_element\" ><span class=\"vc_sep_holder vc_sep_holder_l\"><span class=\"vc_sep_line\"><\/span><\/span><span class=\"vc_sep_holder vc_sep_holder_r\"><span class=\"vc_sep_line\"><\/span><\/span>\n<\/div><\/div><\/div><\/div><\/div><div class=\"vc_row wpb_row vc_row-fluid\"><div class=\"wpb_column vc_column_container vc_col-sm-12\"><div class=\"vc_column-inner\"><div class=\"wpb_wrapper\">\n\t<div class=\"wpb_text_column wpb_content_element\" >\n\t\t<div class=\"wpb_wrapper\">\n\t\t\t<p><img loading=\"lazy\" decoding=\"async\" class=\"wp-image-20636 alignleft\" src=\"https:\/\/wearevillage.org\/wp-content\/uploads\/2024\/12\/wav-team-Michael-Rolnick-270x300.png\" alt=\"\" width=\"161\" height=\"179\" srcset=\"https:\/\/wearevillage.org\/wp-content\/uploads\/2024\/12\/wav-team-Michael-Rolnick-270x300.png 270w, https:\/\/wearevillage.org\/wp-content\/uploads\/2024\/12\/wav-team-Michael-Rolnick-135x150.png 135w, https:\/\/wearevillage.org\/wp-content\/uploads\/2024\/12\/wav-team-Michael-Rolnick-768x853.png 768w, https:\/\/wearevillage.org\/wp-content\/uploads\/2024\/12\/wav-team-Michael-Rolnick-624x693.png 624w, https:\/\/wearevillage.org\/wp-content\/uploads\/2024\/12\/wav-team-Michael-Rolnick-390x433.png 390w, https:\/\/wearevillage.org\/wp-content\/uploads\/2024\/12\/wav-team-Michael-Rolnick-600x667.png 600w, https:\/\/wearevillage.org\/wp-content\/uploads\/2024\/12\/wav-team-Michael-Rolnick.png 900w\" sizes=\"auto, (max-width: 161px) 100vw, 161px\" \/><strong>Michael Rolnick<\/strong> wurde in London geboren, wo er eine Ausbildung zum T\u00e4nzer an den Royal Ballet Schools absolvierte. Er tanzte unter anderem f\u00fcr das Northern Ballet Theatre, das Scottish Ballet, die Lindsay Kemp Company, AMP und zahlreiche andere. Michael arbeitet auch als Choreograf und macht bildende Kunst. Au\u00dferdem unterrichtet er Pilates und ist co-facilitator unseres Authentic Eros One-Year Trainings.<\/p>\n\n\t\t<\/div>\n\t<\/div>\n<\/div><\/div><\/div><\/div><div class=\"vc_row wpb_row vc_row-fluid\"><div class=\"wpb_column vc_column_container vc_col-sm-12\"><div class=\"vc_column-inner\"><div class=\"wpb_wrapper\">\n\t<div class=\"wpb_text_column wpb_content_element\" >\n\t\t<div class=\"wpb_wrapper\">\n\t\t\t<p><strong><u>Hinweise<\/u><\/strong><br \/>\n<strong>Sprache<\/strong>:\u00a0Je nach Bed\u00fcrfnissen der Gruppe werden wir Deutsch und\/oder Englisch sprechen.<br \/>\n<b>Kosten<\/b>: Die Veranstaltung ist kostenlos mit Anmeldung<\/p>\n\n\t\t<\/div>\n\t<\/div>\n<\/div><\/div><\/div><\/div>\n<\/div>","protected":false},"excerpt":{"rendered":"<h5>Samstags (einmal im Monat)<br \/>\n13:00 \u2013 16:00<br \/>\nkostenlos<\/h5>\n<p><strong>| <span style=\"color: #ec6c23;\">LGBTQIA+ <\/span>|<\/strong><\/p>\n<p><strong>\u201eFesthalten und Loslassen\u201c \u2013 Eine Beziehungsreise mit Partner und Ton.<\/strong>\u2028Diesmal widmen wir uns dem Thema \u201eFesthalten und Loslassen\u201c. Gemeinsam erkunden wir die Dynamik von Beziehungen durch eine einzigartige Erfahrung mit Ton und Partnerarbeit. Erfahre, wie die Arbeit mit Ton dir neue Einblicke in deine Beziehungsmuster geben kann.<\/p>\n","protected":false},"author":12,"featured_media":20634,"template":"","meta":{"pmpro_default_level":"","inline_featured_image":false},"product_brand":[],"product_cat":[77,791,769,79],"product_tag":[469],"class_list":{"0":"post-28741","1":"product","2":"type-product","3":"status-publish","4":"has-post-thumbnail","6":"product_cat-community-events","7":"product_cat-gemeinsam-statt-einsam","8":"product_cat-kostenloser-zugang","9":"product_cat-monatliche-events","10":"product_tag-lgbtqiaplus","11":"pmpro-has-access","13":"first","14":"instock","15":"product-type-simple"},"wpml_current_locale":"de_DE","wpml_translations":{"en_US":{"locale":"en_US","id":28742,"slug":"queer-images-w38-2025","post_title":"Queer Images","href":"https:\/\/wearevillage.org\/en\/queer-images\/w38-2025"}},"language":{"code":"de","locale":"","name":"","is_rtl":false},"_links":{"self":[{"href":"https:\/\/wearevillage.org\/wp-json\/wp\/v2\/product\/28741","targetHints":{"allow":["GET"]}}],"collection":[{"href":"https:\/\/wearevillage.org\/wp-json\/wp\/v2\/product"}],"about":[{"href":"https:\/\/wearevillage.org\/wp-json\/wp\/v2\/types\/product"}],"author":[{"embeddable":true,"href":"https:\/\/wearevillage.org\/wp-json\/wp\/v2\/users\/12"}],"wp:featuredmedia":[{"embeddable":true,"href":"https:\/\/wearevillage.org\/wp-json\/wp\/v2\/media\/20634"}],"wp:attachment":[{"href":"https:\/\/wearevillage.org\/wp-json\/wp\/v2\/media?parent=28741"}],"wp:term":[{"taxonomy":"product_brand","embeddable":true,"href":"https:\/\/wearevillage.org\/wp-json\/wp\/v2\/product_brand?post=28741"},{"taxonomy":"product_cat","embeddable":true,"href":"https:\/\/wearevillage.org\/wp-json\/wp\/v2\/product_cat?post=28741"},{"taxonomy":"product_tag","embeddable":true,"href":"https:\/\/wearevillage.org\/wp-json\/wp\/v2\/product_tag?post=28741"}],"curies":[{"name":"wp","href":"https:\/\/api.w.org\/{rel}","templated":true}]}}