{"id":29426,"date":"2025-07-31T22:40:04","date_gmt":"2025-07-31T20:40:04","guid":{"rendered":"https:\/\/wearevillage.org\/?post_type=product&#038;p=29426"},"modified":"2025-08-09T18:13:45","modified_gmt":"2025-08-09T16:13:45","slug":"open-writing-circle-20","status":"publish","type":"product","link":"https:\/\/wearevillage.org\/shop\/writing-circle\/w37-2025\/","title":{"rendered":"Open writing circle"},"content":{"rendered":"<div class=\"wpb-content-wrapper\"><div class=\"vc_row wpb_row vc_row-fluid\"><div class=\"wpb_column vc_column_container vc_col-sm-12\"><div class=\"vc_column-inner\"><div class=\"wpb_wrapper\"><h4 style=\"text-align: left\" class=\"vc_custom_heading vc_do_custom_heading\" >Open writing circle<\/h4><h5 style=\"text-align: left\" class=\"vc_custom_heading vc_do_custom_heading\" >Gast: Alan Murrin<\/h5>\n\t<div class=\"wpb_text_column wpb_content_element\" >\n\t\t<div class=\"wpb_wrapper\">\n\t\t\t<p><strong>Worte und Geschichten wohnen in uns allen und warten darauf, entdeckt zu werden.<\/strong><\/p>\n<p>Unser monatlicher offener Schreibkreis l\u00e4dt Menschen mit allen Erfahrungsstufen im Schreiben ein, ihre Kreativit\u00e4t und Fantasie zu erforschen.In jeder Sitzung wird eine der vielen au\u00dfergew\u00f6hnlichen schreibenden, dichtenden oder k\u00fcnstlerisch t\u00e4tigen Personen Berlins ein lebendiges und kollektives Lernerlebnis gestalten.<\/p>\n<p>Ob du dich f\u00fcr Fiktion, Memoiren, Sachb\u00fccher oder Poesie interessierst, dieser unterst\u00fctzende Raum ermutigt dich, die Worte in deinem Inneren zu entdecken. Wir werden Techniken aus Schreibworkshops nutzen, um dein angeborenes Talent in einer kollaborativen Umgebung zu entfesseln, die einen dynamischen Austausch von Ideen und Einsichten erm\u00f6glicht.<\/p>\n<p>Dieser Workshop zielt darauf ab, einen best\u00e4rkenden, spielerischen und erm\u00e4chtigenden Raum f\u00fcr queere Menschen zu schaffen, um ihre Identit\u00e4ten zu erforschen, auszudr\u00fccken und zu feiern, sowie eine Plattform zu bieten, auf der die Geschichten der LGBTQIA+-Gemeinschaft geteilt, geh\u00f6rt und wertgesch\u00e4tzt werden k\u00f6nnen.<\/p>\n\n\t\t<\/div>\n\t<\/div>\n<div class=\"vc_separator wpb_content_element vc_separator_align_center vc_sep_width_100 vc_sep_pos_align_center vc_separator_no_text vc_sep_color_grey wpb_content_element  wpb_content_element\" ><span class=\"vc_sep_holder vc_sep_holder_l\"><span class=\"vc_sep_line\"><\/span><\/span><span class=\"vc_sep_holder vc_sep_holder_r\"><span class=\"vc_sep_line\"><\/span><\/span>\n<\/div>\n\t<div class=\"wpb_text_column wpb_content_element\" >\n\t\t<div class=\"wpb_wrapper\">\n\t\t\t<p><img loading=\"lazy\" decoding=\"async\" class=\" wp-image-29434 alignleft\" src=\"https:\/\/wearevillage.org\/wp-content\/uploads\/2025\/07\/Murrin_Alan_1_c_Lena_Obst_2024_FA-Urheberbild-Web-300x300.jpg\" alt=\"\" width=\"160\" height=\"160\" srcset=\"https:\/\/wearevillage.org\/wp-content\/uploads\/2025\/07\/Murrin_Alan_1_c_Lena_Obst_2024_FA-Urheberbild-Web-300x300.jpg 300w, https:\/\/wearevillage.org\/wp-content\/uploads\/2025\/07\/Murrin_Alan_1_c_Lena_Obst_2024_FA-Urheberbild-Web-150x150.jpg 150w, https:\/\/wearevillage.org\/wp-content\/uploads\/2025\/07\/Murrin_Alan_1_c_Lena_Obst_2024_FA-Urheberbild-Web-390x390.jpg 390w, https:\/\/wearevillage.org\/wp-content\/uploads\/2025\/07\/Murrin_Alan_1_c_Lena_Obst_2024_FA-Urheberbild-Web-100x100.jpg 100w, https:\/\/wearevillage.org\/wp-content\/uploads\/2025\/07\/Murrin_Alan_1_c_Lena_Obst_2024_FA-Urheberbild-Web.jpg 500w\" sizes=\"auto, (max-width: 160px) 100vw, 160px\" \/><strong>Alan Murrin<\/strong>\u00a0ist ein irischer Schriftsteller. Seine Kurzgeschichte \u201eThe Wake\u201c wurde bei den Irish Book Awards f\u00fcr die Geschichte des Jahres nominiert. Sein Deb\u00fctroman \u201eThe Coast Road\u201c wurde 2024 von Bloomsbury (UK) und Harper Collins (US) ver\u00f6ffentlicht und seitdem in acht Sprachen \u00fcbersetzt. Er wurde bei den Irish Book Awards als Newcomer des Jahres ausgezeichnet. Er ist Empf\u00e4nger des Next Generation Award 2023 des Irish Arts Council und Absolvent des Masterstudiengangs f\u00fcr Prosa-Fiktion an der University of East Anglia.<\/p>\n\n\t\t<\/div>\n\t<\/div>\n<div class=\"vc_separator wpb_content_element vc_separator_align_center vc_sep_width_100 vc_sep_pos_align_center vc_separator_no_text vc_sep_color_grey vc_custom_1731067047055 wpb_content_element  vc_custom_1731067047055 wpb_content_element\" ><span class=\"vc_sep_holder vc_sep_holder_l\"><span class=\"vc_sep_line\"><\/span><\/span><span class=\"vc_sep_holder vc_sep_holder_r\"><span class=\"vc_sep_line\"><\/span><\/span>\n<\/div>\n\t<div class=\"wpb_text_column wpb_content_element\" >\n\t\t<div class=\"wpb_wrapper\">\n\t\t\t<p><span style=\"text-decoration: underline;\"><strong>Hinweise<\/strong><\/span><br \/>\n<strong>Level<\/strong>: Es sind keine Vorkenntnisse erforderlich.<br \/>\n<strong>Sprache<\/strong>: W\u00e4hrend die Gruppe haupts\u00e4chlich auf Englisch durchgef\u00fchrt wird, bist du herzlich eingeladen, in jeder Sprache zu schreiben, in der du dich wohlf\u00fchlst.<br \/>\n<strong>Kosten<\/strong>: Diese Veranstaltung ist kostenlos.<br \/>\nWir laden au\u00dferdem alle Schreibenden ein, eine zuk\u00fcnftige Sitzung zu leiten \u2013 bitte kontaktiere uns f\u00fcr weitere Informationen.<\/p>\n\n\t\t<\/div>\n\t<\/div>\n<\/div><\/div><\/div><\/div>\n<\/div>","protected":false},"excerpt":{"rendered":"<h5>(einmal pro Monat)<br \/>\n19:30 \u2013 21:30<br \/>\nKostenlos with registration<\/h5>\n<p class=\"p1\"><strong>|<span style=\"color: #ec6c23;\"> LGBTQIA+ <\/span>|<\/strong><\/p>\n<p><strong>Gast in diesem Monat: Alan Murrin<br \/>\n<\/strong>Worte und Geschichten wohnen in uns allen und warten darauf, entdeckt zu werden. Unser monatlicher offener Schreibkreis l\u00e4dt Menschen mit allen Erfahrungsstufen im Schreiben ein, ihre Kreativit\u00e4t und Fantasie zu erforschen.In jeder Sitzung wird eine der vielen au\u00dfergew\u00f6hnlichen schreibenden, dichtenden oder k\u00fcnstlerisch t\u00e4tigen Personen Berlins ein lebendiges und kollektives Lernerlebnis gestalten.<\/p>\n","protected":false},"author":12,"featured_media":29789,"template":"","meta":{"pmpro_default_level":"","inline_featured_image":false},"product_brand":[],"product_cat":[769,79,80],"product_tag":[469],"class_list":{"0":"post-29426","1":"product","2":"type-product","3":"status-publish","4":"has-post-thumbnail","6":"product_cat-kostenloser-zugang","7":"product_cat-monatliche-events","8":"product_cat-queer-matters","9":"product_tag-lgbtqiaplus","10":"pmpro-has-access","12":"first","13":"instock","14":"purchasable","15":"product-type-simple"},"wpml_current_locale":"de_DE","wpml_translations":{"en_US":{"locale":"en_US","id":29471,"slug":"writing-circle-w37-2025","post_title":"Open writing circle","href":"https:\/\/wearevillage.org\/en\/shop\/writing-circle-w37-2025\/"}},"language":{"code":"de","locale":"","name":"","is_rtl":false},"_links":{"self":[{"href":"https:\/\/wearevillage.org\/wp-json\/wp\/v2\/product\/29426","targetHints":{"allow":["GET"]}}],"collection":[{"href":"https:\/\/wearevillage.org\/wp-json\/wp\/v2\/product"}],"about":[{"href":"https:\/\/wearevillage.org\/wp-json\/wp\/v2\/types\/product"}],"author":[{"embeddable":true,"href":"https:\/\/wearevillage.org\/wp-json\/wp\/v2\/users\/12"}],"wp:featuredmedia":[{"embeddable":true,"href":"https:\/\/wearevillage.org\/wp-json\/wp\/v2\/media\/29789"}],"wp:attachment":[{"href":"https:\/\/wearevillage.org\/wp-json\/wp\/v2\/media?parent=29426"}],"wp:term":[{"taxonomy":"product_brand","embeddable":true,"href":"https:\/\/wearevillage.org\/wp-json\/wp\/v2\/product_brand?post=29426"},{"taxonomy":"product_cat","embeddable":true,"href":"https:\/\/wearevillage.org\/wp-json\/wp\/v2\/product_cat?post=29426"},{"taxonomy":"product_tag","embeddable":true,"href":"https:\/\/wearevillage.org\/wp-json\/wp\/v2\/product_tag?post=29426"}],"curies":[{"name":"wp","href":"https:\/\/api.w.org\/{rel}","templated":true}]}}