{"id":29613,"date":"2025-08-02T14:00:50","date_gmt":"2025-08-02T12:00:50","guid":{"rendered":"https:\/\/wearevillage.org\/?post_type=product&#038;p=29613"},"modified":"2025-10-08T20:39:03","modified_gmt":"2025-10-08T18:39:03","slug":"village-queer-needlework-10","status":"publish","type":"product","link":"https:\/\/wearevillage.org\/shop\/needlework\/w47-2025\/","title":{"rendered":"Village Queer Needlework"},"content":{"rendered":"<div class=\"wpb-content-wrapper\"><div class=\"vc_row wpb_row vc_row-fluid\"><div class=\"wpb_column vc_column_container vc_col-sm-12\"><div class=\"vc_column-inner\"><div class=\"wpb_wrapper\"><h4 style=\"text-align: left\" class=\"vc_custom_heading vc_do_custom_heading\" >Village Queer Needlework<\/h4><h5 style=\"text-align: left\" class=\"vc_custom_heading vc_do_custom_heading\" ><\/h5>\n\t<div class=\"wpb_text_column wpb_content_element\" >\n\t\t<div class=\"wpb_wrapper\">\n\t\t\t<p><strong>Village Queer Needlework<\/strong> ist eine inklusive Gruppe, die f\u00fcr alle offen ist, die sich f\u00fcr Textilkunst interessieren. Wir treffen uns w\u00f6chentlich, um Techniken zu erkunden und durch gemeinsame Projekte mit der queeren Community in Berlin in Kontakt zu treten. Dabei tauschen wir Ideen f\u00fcr Textilarbeiten aus, sei es Sticken, Stricken, H\u00e4keln, Weben, N\u00e4hen, Quilten oder Patchwork.<\/p>\n<p>Unsere kollektiven Projekte, die sich \u00fcber einige Wochen oder Monate erstrecken k\u00f6nnen, werden gemeinsam beschlossen und bieten eine Plattform f\u00fcr langfristige Zusammenarbeit und Engagement.<\/p>\n<p>Du kannst auch ein bereits bestehendes Projekt mitbringen, an dem du arbeiten m\u00f6chtest, denn wir bieten eine unterst\u00fctzende Umgebung f\u00fcr individuelle Kreativit\u00e4t.<br \/>\nUnsere Treffen f\u00f6rdern Verbindung und Gemeinschaft und schaffen einen einladenden Raum f\u00fcr alle Beteiligten. Gemeinsam arbeiten wir daran, einen sicheren Raum f\u00fcr uns und andere zu schaffen.<\/p>\n<p>Die Gruppe trifft sich auch f\u00fcr andere gemeinsame Momente, wie z. B. Einkaufstouren, um Materialien zu besorgen und Inspiration zu sammeln.<\/p>\n\n\t\t<\/div>\n\t<\/div>\n<div class=\"vc_separator wpb_content_element vc_separator_align_center vc_sep_width_100 vc_sep_pos_align_center vc_separator_no_text vc_sep_color_grey wpb_content_element  wpb_content_element\" ><span class=\"vc_sep_holder vc_sep_holder_l\"><span class=\"vc_sep_line\"><\/span><\/span><span class=\"vc_sep_holder vc_sep_holder_r\"><span class=\"vc_sep_line\"><\/span><\/span>\n<\/div>\n\t<div class=\"wpb_text_column wpb_content_element\" >\n\t\t<div class=\"wpb_wrapper\">\n\t\t\t<p><u><b>Hinweise<\/b><\/u><br \/>\n<b>Sprache<\/b>:\u00a0Je nach Bed\u00fcrfnissen der Gruppe werden wir Deutsch und\/oder Englisch sprechen.<br \/>\n<b>Kosten<\/b>: Die Teilnahme ist kostenlos.<\/p>\n\n\t\t<\/div>\n\t<\/div>\n\n\t<div class=\"wpb_text_column wpb_content_element\" >\n\t\t<div class=\"wpb_wrapper\">\n\t\t\t\n\t\t<\/div>\n\t<\/div>\n<\/div><\/div><\/div><\/div>\n<\/div>","protected":false},"excerpt":{"rendered":"<h5>Mittwochs<br \/>\n19:30 \u2013 22:00<br \/>\nKostenlos mit Anmeldung<\/h5>\n<p><strong>| <span style=\"color: #ec6c23;\">LGBTQIA+\u00a0<\/span>|\u00a0<\/strong><\/p>\n<p>Village Queer Needlework ist eine Gruppe von LGBTQIA+ Textilhandwerkern, die sich regelm\u00e4\u00dfig treffen, um verschiedene Techniken auszutauschen und gemeinsam kreativ zu arbeiten.<\/p>\n","protected":false},"author":12,"featured_media":29493,"template":"","meta":{"pmpro_default_level":"","inline_featured_image":false},"product_brand":[],"product_cat":[769],"product_tag":[469],"class_list":{"0":"post-29613","1":"product","2":"type-product","3":"status-publish","4":"has-post-thumbnail","6":"product_cat-kostenloser-zugang","7":"product_tag-lgbtqiaplus","8":"pmpro-has-access","10":"first","11":"instock","12":"purchasable","13":"product-type-simple"},"wpml_current_locale":"de_DE","wpml_translations":{"en_US":{"locale":"en_US","id":29614,"slug":"needlework-w47-2025","post_title":"Village Queer Needlework","href":"https:\/\/wearevillage.org\/en\/shop\/needlework\/w47-2025"}},"language":{"code":"de","locale":"","name":"","is_rtl":false},"_links":{"self":[{"href":"https:\/\/wearevillage.org\/wp-json\/wp\/v2\/product\/29613","targetHints":{"allow":["GET"]}}],"collection":[{"href":"https:\/\/wearevillage.org\/wp-json\/wp\/v2\/product"}],"about":[{"href":"https:\/\/wearevillage.org\/wp-json\/wp\/v2\/types\/product"}],"author":[{"embeddable":true,"href":"https:\/\/wearevillage.org\/wp-json\/wp\/v2\/users\/12"}],"wp:featuredmedia":[{"embeddable":true,"href":"https:\/\/wearevillage.org\/wp-json\/wp\/v2\/media\/29493"}],"wp:attachment":[{"href":"https:\/\/wearevillage.org\/wp-json\/wp\/v2\/media?parent=29613"}],"wp:term":[{"taxonomy":"product_brand","embeddable":true,"href":"https:\/\/wearevillage.org\/wp-json\/wp\/v2\/product_brand?post=29613"},{"taxonomy":"product_cat","embeddable":true,"href":"https:\/\/wearevillage.org\/wp-json\/wp\/v2\/product_cat?post=29613"},{"taxonomy":"product_tag","embeddable":true,"href":"https:\/\/wearevillage.org\/wp-json\/wp\/v2\/product_tag?post=29613"}],"curies":[{"name":"wp","href":"https:\/\/api.w.org\/{rel}","templated":true}]}}