{"id":29936,"date":"2025-08-15T17:59:14","date_gmt":"2025-08-15T15:59:14","guid":{"rendered":"https:\/\/wearevillage.org\/?post_type=product&#038;p=29936"},"modified":"2025-08-25T14:07:32","modified_gmt":"2025-08-25T12:07:32","slug":"instinct-19-performance-bodyhacking","status":"publish","type":"product","link":"https:\/\/wearevillage.org\/shop\/instinct-performance\/w34-2025\/","title":{"rendered":"Instinct #19 | Performance BODYHACKING"},"content":{"rendered":"<div class=\"wpb-content-wrapper\"><div class=\"vc_row wpb_row vc_row-fluid\"><div class=\"wpb_column vc_column_container vc_col-sm-12\"><div class=\"vc_column-inner\"><div class=\"wpb_wrapper\"><h4 style=\"text-align: left\" class=\"vc_custom_heading vc_do_custom_heading\" >Instinct #19 _ Performance: BODYHACKING<\/h4><h5 style=\"text-align: left\" class=\"vc_custom_heading vc_do_custom_heading\" >Performance by Trangels Productions (Lux\u00edfera and Blumenatrix)<\/h5>\n\t<div class=\"wpb_text_column wpb_content_element\" >\n\t\t<div class=\"wpb_wrapper\">\n\t\t\t\n\t\t<\/div>\n\t<\/div>\n\n\t<div class=\"wpb_text_column wpb_content_element\" >\n\t\t<div class=\"wpb_wrapper\">\n\t\t\t<p><strong>BODYHACKING<\/strong> ist ein immersives, performatives Ritual, das die Schnittstellen von Gesundheit, Identit\u00e4t und technologischem Eingriff durch die erotischen, verspielten und politisierten Dimensionen des Hormoncocktails erforscht. Als Fetisch gerahmt, untergr\u00e4bt der Akt bin\u00e4re Geschlechternormen und beansprucht die k\u00f6rperliche Autonomie unter dem Mantra \u201emein K\u00f6rper, meine Entscheidung\u201c.<\/p>\n<p>Dieser bewusste Fokus auf Vergn\u00fcgen und Widerstand stellt reduktionistische Gesundheitsmodelle und systemische Gewalt gegen trans K\u00f6rper in Frage, indem er den K\u00f6rper als Ort des Widerstands und der Transformation behauptet. Die Performance gipfelt in einem intimen Akt der F\u00fcrsorge und l\u00e4dt das Publikum ein, Vorstellungen von Transhumanismus, Wohlbefinden und Selbstbestimmung neu zu \u00fcberdenken.<\/p>\n<p>Name des Fotografen:<br \/>\nCamila Bolatti @camila.bolatti (IG)<\/p>\n\n\t\t<\/div>\n\t<\/div>\n<div class=\"vc_separator wpb_content_element vc_separator_align_center vc_sep_width_100 vc_sep_pos_align_center vc_separator_no_text vc_sep_color_grey wpb_content_element  wpb_content_element\" ><span class=\"vc_sep_holder vc_sep_holder_l\"><span class=\"vc_sep_line\"><\/span><\/span><span class=\"vc_sep_holder vc_sep_holder_r\"><span class=\"vc_sep_line\"><\/span><\/span>\n<\/div>\n\t<div class=\"wpb_text_column wpb_content_element\" >\n\t\t<div class=\"wpb_wrapper\">\n\t\t\t<p><strong>Trangels Productions,<\/strong> gegr\u00fcndet von Lux\u00edfera und Blumenatrix, ist eine Plattform aus Berlin, die queere Veranstaltungen aus einer migrationskritischen, dekolonialen und intersektionalen Perspektive produziert und pr\u00e4sentiert. Verankert in Liebe und radikaler Z\u00e4rtlichkeit, feiert Trangels Vielfalt und hinterfragt Exklusionsdiskurse. Durch Techniken wie Hormontherapie, Drag und Kreaturen\u00e4sthetik werden Transgender-Erfahrungen bei Trangels als universeller Spiegel der menschlichen Vielfalt gest\u00e4rkt.<\/p>\n<p><strong>Blumenatrix<\/strong> (er\/ihm) \u2013 Ein argentinischer Travesti-Transmask-K\u00fcnstler, Mediziner und Universit\u00e4tsdozent mit Wohnsitz in Berlin.<br \/>\n<strong>Luxifera<\/strong> (sie\/es) \u2013 Eine in Berlin lebende italienische trans Femme Gender Nonkonforme K\u00fcnstlerin, Bewegungsleiterin, somatische Praktikerin und DJ.<\/p>\n\n\t\t<\/div>\n\t<\/div>\n<div class=\"vc_separator wpb_content_element vc_separator_align_center vc_sep_width_100 vc_sep_pos_align_center vc_separator_no_text vc_sep_color_grey wpb_content_element  wpb_content_element\" ><span class=\"vc_sep_holder vc_sep_holder_l\"><span class=\"vc_sep_line\"><\/span><\/span><span class=\"vc_sep_holder vc_sep_holder_r\"><span class=\"vc_sep_line\"><\/span><\/span>\n<\/div>\n\t<div class=\"wpb_text_column wpb_content_element\" >\n\t\t<div class=\"wpb_wrapper\">\n\t\t\t<p><strong>\u00dcber Instinct<br \/>\n<\/strong>Instinct.berlin ist eine Kunstorganisation, die zweimal j\u00e4hrlich Ausstellungen mit queeren K\u00fcnstler:innen im Village, einem Community Center f\u00fcr queere Menschen in Berlin, pr\u00e4sentiert. Diese Ausstellungen, zusammen mit Performances und Gespr\u00e4chen, f\u00f6rdern die Interaktion zwischen K\u00fcnstler:innen und der lokalen Community.<\/p>\n<p>Das Residenzprogramm erm\u00f6glicht es den K\u00fcnstler:innen, sich intensiv mit der lebendigen Atmosph\u00e4re des Village auseinanderzusetzen und eine Br\u00fccke zwischen ihrer Arbeit und der breiteren queeren Community zu schlagen. Diese Zusammenarbeit bereichert den kulturellen Dialog und unterst\u00fctzt die Entwicklung queerer Kunstprojekte, was sowohl den K\u00fcnstlerinnen als auch der Gemeinschaft insgesamt zugutekommt.<\/p>\n\n\t\t<\/div>\n\t<\/div>\n<div class=\"vc_separator wpb_content_element vc_separator_align_center vc_sep_width_100 vc_sep_pos_align_center vc_separator_no_text vc_sep_color_grey wpb_content_element  wpb_content_element\" ><span class=\"vc_sep_holder vc_sep_holder_l\"><span class=\"vc_sep_line\"><\/span><\/span><span class=\"vc_sep_holder vc_sep_holder_r\"><span class=\"vc_sep_line\"><\/span><\/span>\n<\/div>\n\t<div class=\"wpb_text_column wpb_content_element\" >\n\t\t<div class=\"wpb_wrapper\">\n\t\t\t<div class=\"page\" title=\"Page 1\">\n<div class=\"section\">\n<div class=\"layoutArea\">\n<div class=\"column\">\n<div class=\"page\" title=\"Page 1\">\n<div class=\"section\">\n<div class=\"layoutArea\">\n<div class=\"column\">\n<p>Schau auf <strong><a href=\"https:\/\/www.instinct.berlin\/\">www.instinct.berlin<\/a><\/strong> vorbei, um die K\u00fcnstler, Programmdetails und \u00d6ffnungszeiten zu finden.<\/p>\n<\/div>\n<\/div>\n<\/div>\n<\/div>\n<\/div>\n<\/div>\n<\/div>\n<\/div>\n\n\t\t<\/div>\n\t<\/div>\n<\/div><\/div><\/div><\/div>\n<\/div>","protected":false},"excerpt":{"rendered":"<p><strong>Instinct #19<br \/>\n20:30 \u2013 20:42<\/strong><\/p>\n<p class=\"p1\"><strong>| <span style=\"color: #ec6c23;\">LGBTQI+ <\/span>|<\/strong><\/p>\n<p><strong>BODYHACKING<\/strong> ist ein immersives, performatives Ritual, das die Schnittstellen von Gesundheit, Identit\u00e4t und technologischem Eingriff durch die erotischen, verspielten und politisierten Dimensionen des Hormoncocktails erforscht.<\/p>\n","protected":false},"author":12,"featured_media":29939,"template":"","meta":{"pmpro_default_level":"","inline_featured_image":false},"product_brand":[],"product_cat":[769],"product_tag":[469],"class_list":{"0":"post-29936","1":"product","2":"type-product","3":"status-publish","4":"has-post-thumbnail","6":"product_cat-kostenloser-zugang","7":"product_tag-lgbtqiaplus","8":"pmpro-has-access","10":"first","11":"outofstock","12":"purchasable","13":"product-type-simple"},"wpml_current_locale":"de_DE","wpml_translations":{"en_US":{"locale":"en_US","id":29937,"slug":"instinct-19-performance-bodyhacking","post_title":"Instinct #19 | Performance BODYHACKING","href":"https:\/\/wearevillage.org\/en\/shop\/instinct-performance\/w34-2025"}},"language":{"code":"de","locale":"","name":"","is_rtl":false},"_links":{"self":[{"href":"https:\/\/wearevillage.org\/wp-json\/wp\/v2\/product\/29936","targetHints":{"allow":["GET"]}}],"collection":[{"href":"https:\/\/wearevillage.org\/wp-json\/wp\/v2\/product"}],"about":[{"href":"https:\/\/wearevillage.org\/wp-json\/wp\/v2\/types\/product"}],"author":[{"embeddable":true,"href":"https:\/\/wearevillage.org\/wp-json\/wp\/v2\/users\/12"}],"wp:featuredmedia":[{"embeddable":true,"href":"https:\/\/wearevillage.org\/wp-json\/wp\/v2\/media\/29939"}],"wp:attachment":[{"href":"https:\/\/wearevillage.org\/wp-json\/wp\/v2\/media?parent=29936"}],"wp:term":[{"taxonomy":"product_brand","embeddable":true,"href":"https:\/\/wearevillage.org\/wp-json\/wp\/v2\/product_brand?post=29936"},{"taxonomy":"product_cat","embeddable":true,"href":"https:\/\/wearevillage.org\/wp-json\/wp\/v2\/product_cat?post=29936"},{"taxonomy":"product_tag","embeddable":true,"href":"https:\/\/wearevillage.org\/wp-json\/wp\/v2\/product_tag?post=29936"}],"curies":[{"name":"wp","href":"https:\/\/api.w.org\/{rel}","templated":true}]}}