{"id":29941,"date":"2025-08-16T13:23:03","date_gmt":"2025-08-16T11:23:03","guid":{"rendered":"https:\/\/wearevillage.org\/?post_type=product&#038;p=29941"},"modified":"2025-08-16T13:52:32","modified_gmt":"2025-08-16T11:52:32","slug":"curatorial-tour-instinct19","status":"publish","type":"product","link":"https:\/\/wearevillage.org\/shop\/instinct-curatorial-tour\/w34-2025\/","title":{"rendered":"Curatorial Tour \u2013 Instinct#19"},"content":{"rendered":"<div class=\"wpb-content-wrapper\"><div class=\"vc_row wpb_row vc_row-fluid\"><div class=\"wpb_column vc_column_container vc_col-sm-12\"><div class=\"vc_column-inner\"><div class=\"wpb_wrapper\"><h4 style=\"text-align: left\" class=\"vc_custom_heading vc_do_custom_heading\" >Curatorial Tour - Instinct#19 CRUISING<\/h4><h5 style=\"text-align: left\" class=\"vc_custom_heading vc_do_custom_heading\" >Kuratorische F\u00fchrung mit Eric Le Rouge, Sebasti\u00e1n Arcos & Pierre Em\u00f6<\/h5>\n\t<div class=\"wpb_text_column wpb_content_element\" >\n\t\t<div class=\"wpb_wrapper\">\n\t\t\t\n\t\t<\/div>\n\t<\/div>\n\n\t<div class=\"wpb_text_column wpb_content_element\" >\n\t\t<div class=\"wpb_wrapper\">\n\t\t\t<p>Willkommen zu unserer Ausstellungstour, in der wir die bedeutende Rolle des \u201eCruising\u201c in der schwulen und queeren Kultur erkunden. \u201eCruising\u201c hat historisch gesehen sowohl als Zuflucht als auch als Form des Widerstands gedient und marginalisierten Identit\u00e4ten R\u00e4ume f\u00fcr Ausdruck und Zugeh\u00f6rigkeit geboten.<\/p>\n<p>W\u00e4hrend dieser Tour f\u00fchren wir Sie durch Kunstwerke, die \u201eCruising\u201c als lebendige kulturelle und politische Tradition neu interpretieren. Wir werden untersuchen, wie \u201eCruising\u201c \u00f6ffentliche R\u00e4ume durchquert, sich an digitale Bereiche angepasst und dominante Erz\u00e4hlungen im Laufe der Jahre widerstanden hat.<\/p>\n\n\t\t<\/div>\n\t<\/div>\n<div class=\"vc_separator wpb_content_element vc_separator_align_center vc_sep_width_100 vc_sep_pos_align_center vc_separator_no_text vc_sep_color_grey wpb_content_element  wpb_content_element\" ><span class=\"vc_sep_holder vc_sep_holder_l\"><span class=\"vc_sep_line\"><\/span><\/span><span class=\"vc_sep_holder vc_sep_holder_r\"><span class=\"vc_sep_line\"><\/span><\/span>\n<\/div>\n\t<div class=\"wpb_text_column wpb_content_element\" >\n\t\t<div class=\"wpb_wrapper\">\n\t\t\t<p><strong>\u00dcber Instinct<br \/>\n<\/strong>Instinct.berlin ist eine Kunstorganisation, die zweimal j\u00e4hrlich Ausstellungen mit queeren K\u00fcnstler:innen im Village, einem Community Center f\u00fcr queere Menschen in Berlin, pr\u00e4sentiert. Diese Ausstellungen, zusammen mit Performances und Gespr\u00e4chen, f\u00f6rdern die Interaktion zwischen K\u00fcnstler:innen und der lokalen Community.<\/p>\n<p>Das Residenzprogramm erm\u00f6glicht es den K\u00fcnstler:innen, sich intensiv mit der lebendigen Atmosph\u00e4re des Village auseinanderzusetzen und eine Br\u00fccke zwischen ihrer Arbeit und der breiteren queeren Community zu schlagen. Diese Zusammenarbeit bereichert den kulturellen Dialog und unterst\u00fctzt die Entwicklung queerer Kunstprojekte, was sowohl den K\u00fcnstlerinnen als auch der Gemeinschaft insgesamt zugutekommt.<\/p>\n\n\t\t<\/div>\n\t<\/div>\n<div class=\"vc_separator wpb_content_element vc_separator_align_center vc_sep_width_100 vc_sep_pos_align_center vc_separator_no_text vc_sep_color_grey wpb_content_element  wpb_content_element\" ><span class=\"vc_sep_holder vc_sep_holder_l\"><span class=\"vc_sep_line\"><\/span><\/span><span class=\"vc_sep_holder vc_sep_holder_r\"><span class=\"vc_sep_line\"><\/span><\/span>\n<\/div>\n\t<div class=\"wpb_text_column wpb_content_element\" >\n\t\t<div class=\"wpb_wrapper\">\n\t\t\t<p><span style=\"text-decoration: underline;\"><strong>Hinweise<\/strong><\/span><br \/>\nSchau auf <strong><a href=\"https:\/\/www.instinct.berlin\/\">www.instinct.berlin<\/a><\/strong> vorbei, um die K\u00fcnstler, Programmdetails und \u00d6ffnungszeiten zu finden.<br \/>\n<strong>Sprache<\/strong>: Dieses Event wird auf Englisch sein.<br \/>\n<strong>Kosten<\/strong>: Die F\u00fchrung ist kostenlos.<\/p>\n\n\t\t<\/div>\n\t<\/div>\n<\/div><\/div><\/div><\/div>\n<\/div>","protected":false},"excerpt":{"rendered":"<p><strong>Instinct #19<br \/>\n17:00 \u2013 18:00<\/strong><\/p>\n<p class=\"p1\"><strong>| <span style=\"color: #ec6c23;\">LGBTQIA+ <\/span>|<\/strong><\/p>\n<p>Die kuratorische F\u00fchrung im Instinct Berlin bietet eine einzigartige Gelegenheit, die Ausstellung \u201eCruising \u2013 Intergenerational Bridges and Labyrinthine Journeys\u201c zu erleben.<br \/>\n<strong><a href=\"https:\/\/www.instinct.berlin\/\">www.instinct.berlin<\/a><\/strong><\/p>\n","protected":false},"author":12,"featured_media":29944,"template":"","meta":{"pmpro_default_level":"","inline_featured_image":false},"product_brand":[],"product_cat":[769],"product_tag":[469],"class_list":{"0":"post-29941","1":"product","2":"type-product","3":"status-publish","4":"has-post-thumbnail","6":"product_cat-kostenloser-zugang","7":"product_tag-lgbtqiaplus","8":"pmpro-has-access","10":"first","11":"outofstock","12":"purchasable","13":"product-type-variable"},"wpml_current_locale":"de_DE","wpml_translations":{"en_US":{"locale":"en_US","id":29942,"slug":"instinct-curatorial-tour-w34-2025","post_title":"Curatorial Tour - Instinct#19","href":"https:\/\/wearevillage.org\/en\/shop\/instinct-curatorial-tour-w34-2025\/"}},"language":{"code":"de","locale":"","name":"","is_rtl":false},"_links":{"self":[{"href":"https:\/\/wearevillage.org\/wp-json\/wp\/v2\/product\/29941","targetHints":{"allow":["GET"]}}],"collection":[{"href":"https:\/\/wearevillage.org\/wp-json\/wp\/v2\/product"}],"about":[{"href":"https:\/\/wearevillage.org\/wp-json\/wp\/v2\/types\/product"}],"author":[{"embeddable":true,"href":"https:\/\/wearevillage.org\/wp-json\/wp\/v2\/users\/12"}],"wp:featuredmedia":[{"embeddable":true,"href":"https:\/\/wearevillage.org\/wp-json\/wp\/v2\/media\/29944"}],"wp:attachment":[{"href":"https:\/\/wearevillage.org\/wp-json\/wp\/v2\/media?parent=29941"}],"wp:term":[{"taxonomy":"product_brand","embeddable":true,"href":"https:\/\/wearevillage.org\/wp-json\/wp\/v2\/product_brand?post=29941"},{"taxonomy":"product_cat","embeddable":true,"href":"https:\/\/wearevillage.org\/wp-json\/wp\/v2\/product_cat?post=29941"},{"taxonomy":"product_tag","embeddable":true,"href":"https:\/\/wearevillage.org\/wp-json\/wp\/v2\/product_tag?post=29941"}],"curies":[{"name":"wp","href":"https:\/\/api.w.org\/{rel}","templated":true}]}}