{"id":30041,"date":"2025-08-20T14:50:59","date_gmt":"2025-08-20T12:50:59","guid":{"rendered":"https:\/\/wearevillage.org\/?post_type=product&#038;p=30041"},"modified":"2025-09-03T16:13:24","modified_gmt":"2025-09-03T14:13:24","slug":"rest-resist-rise-a-day-of-empowerment-queer-bridges","status":"publish","type":"product","link":"https:\/\/wearevillage.org\/shop\/lesmigras\/w36-2025\/","title":{"rendered":"Rest, Resist, Rise: A Day of Empowerment \u2013 Queer Bridges \/ ABGESAGT"},"content":{"rendered":"<div class=\"wpb-content-wrapper\"><div class=\"vc_row wpb_row vc_row-fluid\"><div class=\"wpb_column vc_column_container vc_col-sm-12\"><div class=\"vc_column-inner\"><div class=\"wpb_wrapper\"><h4 style=\"text-align: left\" class=\"vc_custom_heading vc_do_custom_heading\" >Ausruhen, Widerstehen, Empowerment: Ein Tag der Selbstbestimmung<\/h4><h5 style=\"text-align: left\" class=\"vc_custom_heading vc_do_custom_heading\" >LesMigraS ist unser Gastgeber und organisiert diese Veranstaltung.<\/h5>\n\t<div class=\"wpb_text_column wpb_content_element\" >\n\t\t<div class=\"wpb_wrapper\">\n\t\t\t<p>Wir sind ersch\u00f6pft davon, so viel zu tragen. Verdienen wir nicht alle einen Tag zum Durchatmen? Um von den t\u00e4glichen Herausforderungen zur\u00fcckzutreten und unsere Kraft zur\u00fcckzugewinnen?<\/p>\n<p>Lass uns f\u00fcr einen ganzen Tag voller Workshops zusammenkommen: ein Raum zum Ausruhen, um Freude und Bewegung zu feiern und uns mit Werkzeugen auszustatten, um der Gewalt und Diskriminierung, der wir in unserem Alltag begegnen, entgegenzuwirken. Gemeinsam verwandeln wir F\u00fcrsorge in Empowerment und Solidarit\u00e4t in Aktion.<\/p>\n<p><strong>\u2022 Tanz- & Ber\u00fchrungsworkshop<\/strong> <em>(mit t\u00fcrkisch-deutscher \u00dcbersetzung)<br \/>\n<\/em>In diesem Workshop bewegen wir uns frei ohne feste Schritte oder Choreografie und entdecken unseren eigenen Tanz. Ber\u00fchrung geht nicht nur um physischen Kontakt, sondern auch um das Schaffen tiefer Verbindungen \u2013 mit den Geschichten anderer K\u00f6rper, mit sozialen Themen und mit uns selbst. Gemeinsam begeben wir uns auf eine individuelle und kollektive innere Reise.<\/p>\n<p><strong>\u2022 Selbstverteidigungsworkshop<\/strong> <em>(mit t\u00fcrkisch-deutscher \u00dcbersetzung)<br \/>\n<\/em>Lerne Werkzeuge und Praktiken der physischen und emotionalen Selbstverteidigung, um sowohl K\u00f6rper als auch Geist zu st\u00e4rken.<\/p>\n<p><strong>\u2022 Self-Care Workshop<\/strong> <em>(auf T\u00fcrkisch)<br \/>\n<\/em>Fokussiert auf Entspannung, Resilienz und kollektive F\u00fcrsorge.<\/p>\n<p>Nach der Veranstaltung sind alle Teilnehmer herzlich eingeladen, dem <a class=\"_ps2id\" href=\"https:\/\/wearevillage.org\/shop\/language-cafe\/w36-2025\" data-ps2id-offset=\"\">Queer Bridge Language Caf\u00e9<\/a>\u00a0teilzunehmen, das um 18:30 Uhr beginnt. Die Teilnahme ist kostenlos.<\/p>\n\n\t\t<\/div>\n\t<\/div>\n<div class=\"vc_separator wpb_content_element vc_separator_align_center vc_sep_width_100 vc_sep_pos_align_center vc_separator_no_text vc_sep_color_grey wpb_content_element  wpb_content_element\" ><span class=\"vc_sep_holder vc_sep_holder_l\"><span class=\"vc_sep_line\"><\/span><\/span><span class=\"vc_sep_holder vc_sep_holder_r\"><span class=\"vc_sep_line\"><\/span><\/span>\n<\/div>\n\t<div class=\"wpb_text_column wpb_content_element\" >\n\t\t<div class=\"wpb_wrapper\">\n\t\t\t<p><img loading=\"lazy\" decoding=\"async\" class=\" wp-image-30534 alignleft\" src=\"https:\/\/wearevillage.org\/wp-content\/uploads\/2025\/08\/download-300x108.png\" alt=\"\" width=\"172\" height=\"62\" srcset=\"https:\/\/wearevillage.org\/wp-content\/uploads\/2025\/08\/download-300x108.png 300w, https:\/\/wearevillage.org\/wp-content\/uploads\/2025\/08\/download-150x54.png 150w, https:\/\/wearevillage.org\/wp-content\/uploads\/2025\/08\/download.png 374w\" sizes=\"auto, (max-width: 172px) 100vw, 172px\" \/><\/p>\n<p><strong>LesMigras<\/strong> ist ein Ort von und f\u00fcr trans* und cis Frauen, trans* und cis M\u00e4nner, alle gender-queeren, nicht-bin\u00e4ren, trans* und inter* Personen, die lesbisch, bisexuell, schwul, pansexuell, asexuell, queer sind und auch Schwarz, Indigenous, Personen of Color, Migrant*innen, Gefl\u00fcchtete oder wei\u00df sind.<br \/>\n<a class=\"_ps2id\" href=\"https:\/\/lesmigras.de\/de\/\" data-ps2id-offset=\"\">www.lesmigras.de<\/a><\/p>\n\n\t\t<\/div>\n\t<\/div>\n<div class=\"vc_separator wpb_content_element vc_separator_align_center vc_sep_width_100 vc_sep_pos_align_center vc_separator_no_text vc_sep_color_grey wpb_content_element  wpb_content_element\" ><span class=\"vc_sep_holder vc_sep_holder_l\"><span class=\"vc_sep_line\"><\/span><\/span><span class=\"vc_sep_holder vc_sep_holder_r\"><span class=\"vc_sep_line\"><\/span><\/span>\n<\/div>\n\t<div class=\"wpb_text_column wpb_content_element\" >\n\t\t<div class=\"wpb_wrapper\">\n\t\t\t<p><strong>Queer Bridges: Verbindungen schaffen und Ressourcen f\u00fcr LGBTQIA+ Menschen mit Migrationserfahrung bereitstellen<\/strong><br \/>\nQueere Menschen mit Migrationshintergrund in Berlin sehen sich in ihrem t\u00e4glichen Leben oft mit besonderen Herausforderungen konfrontiert, die ihren Zugang zu unterst\u00fctzenden Gemeinschaften und integrativen Umgebungen einschr\u00e4nken k\u00f6nnen.<br \/>\n<img loading=\"lazy\" decoding=\"async\" class=\"wp-image-15170 alignleft\" src=\"https:\/\/wearevillage.org\/wp-content\/uploads\/2024\/06\/stiftung-300x121.png\" alt=\"\" width=\"176\" height=\"71\" srcset=\"https:\/\/wearevillage.org\/wp-content\/uploads\/2024\/06\/stiftung-300x121.png 300w, https:\/\/wearevillage.org\/wp-content\/uploads\/2024\/06\/stiftung-1024x414.png 1024w, https:\/\/wearevillage.org\/wp-content\/uploads\/2024\/06\/stiftung-150x61.png 150w, https:\/\/wearevillage.org\/wp-content\/uploads\/2024\/06\/stiftung-768x310.png 768w, https:\/\/wearevillage.org\/wp-content\/uploads\/2024\/06\/stiftung-1536x620.png 1536w, https:\/\/wearevillage.org\/wp-content\/uploads\/2024\/06\/stiftung-2048x827.png 2048w, https:\/\/wearevillage.org\/wp-content\/uploads\/2024\/06\/stiftung-624x252.png 624w, https:\/\/wearevillage.org\/wp-content\/uploads\/2024\/06\/stiftung-390x158.png 390w, https:\/\/wearevillage.org\/wp-content\/uploads\/2024\/06\/stiftung-600x242.png 600w\" sizes=\"auto, (max-width: 176px) 100vw, 176px\" \/> Mit Unterst\u00fctzung der <strong>Deutschen Fernsehlotterie Stiftung<\/strong>, haben wir das Programm Queer Bridges entwickelt, um diese H\u00fcrden zu \u00fcberwinden. Wir bieten Ressourcen, Vernetzung und Unterst\u00fctzung in einem einladenden Umfeld f\u00fcr queere Migrant*innen und Gefl\u00fcchtete durch unser spezielles Programm. Unser Ziel ist es, ein Gef\u00fchl der Zugeh\u00f6rigkeit zur lokalen LGBTQIA+ Community zu f\u00f6rdern und damit eine reibungslose Integration sowie eine verbesserte Lebensqualit\u00e4t f\u00fcr queere Menschen mit Migrationshintergrund zu erm\u00f6glichen.<br \/>\nUnser Queer Bridges Programm wird sich stetig weiter entwickeln und wir freuen uns auch jederzeit von Euren Bedarfen zu h\u00f6ren. Bei Interesse k\u00f6nnt ihr uns eine E-Mail schicken, um \u00fcber weitere Aktualisierungen informiert zu bleiben.<\/p>\n\n\t\t<\/div>\n\t<\/div>\n<div class=\"vc_separator wpb_content_element vc_separator_align_center vc_sep_width_100 vc_sep_pos_align_center vc_separator_no_text vc_sep_color_grey wpb_content_element  wpb_content_element\" ><span class=\"vc_sep_holder vc_sep_holder_l\"><span class=\"vc_sep_line\"><\/span><\/span><span class=\"vc_sep_holder vc_sep_holder_r\"><span class=\"vc_sep_line\"><\/span><\/span>\n<\/div>\n\t<div class=\"wpb_text_column wpb_content_element\" >\n\t\t<div class=\"wpb_wrapper\">\n\t\t\t<p><strong><u>Hinweise<\/u><\/strong><br \/>\n<strong>Anmeldung <\/strong>durch\u00a0info@lesmigras.de<br \/>\n<strong>Kosten<\/strong>: Die Teilnahme ist kostenlos.<br \/>\n<span class=\"s1\">\u2728 Diese Veranstaltung wird in Zusammenarbeit mit <strong>LesMigras<\/strong> organisiert.<\/span><\/p>\n\n\t\t<\/div>\n\t<\/div>\n<\/div><\/div><\/div><\/div>\n<\/div>","protected":false},"excerpt":{"rendered":"<h5>Donnerstag<br \/>\n10:00-17:00<\/h5>\n<p>kostenlos mit Anmeldung: <a href=\"mailto:info@lesmigras.de\">info@lesmigras.de<\/a><\/p>\n<p><strong> | <span style=\"color: #ec6c23;\">LGTBQIA+<\/span>\u00a0|<\/strong><\/p>\n<p>Lass uns f\u00fcr einen ganzen Tag voller Workshops zusammenkommen: ein Raum zum Ausruhen, um Freude und Bewegung zu feiern und uns mit Werkzeugen auszustatten, um der Gewalt und Diskriminierung, der wir in unserem Alltag begegnen, entgegenzuwirken. Gemeinsam verwandeln wir F\u00fcrsorge in Empowerment und Solidarit\u00e4t in Aktion.<\/p>\n","protected":false},"author":12,"featured_media":30536,"template":"","meta":{"pmpro_default_level":"","inline_featured_image":false},"product_brand":[],"product_cat":[769,797],"product_tag":[],"class_list":{"0":"post-30041","1":"product","2":"type-product","3":"status-publish","4":"has-post-thumbnail","6":"product_cat-kostenloser-zugang","7":"product_cat-queer-bridges-events-2","8":"pmpro-has-access","10":"first","11":"outofstock","12":"product-type-variable"},"wpml_current_locale":"de_DE","wpml_translations":{"en_US":{"locale":"en_US","id":30042,"slug":"lesmigras-w36-2025","post_title":"Rest, Resist, Rise: A Day of Empowerment - Queer Bridges \/ CANCELLED","href":"https:\/\/wearevillage.org\/en\/shop\/lesmigras\/w36-2025"}},"language":{"code":"de","locale":"","name":"","is_rtl":false},"_links":{"self":[{"href":"https:\/\/wearevillage.org\/wp-json\/wp\/v2\/product\/30041","targetHints":{"allow":["GET"]}}],"collection":[{"href":"https:\/\/wearevillage.org\/wp-json\/wp\/v2\/product"}],"about":[{"href":"https:\/\/wearevillage.org\/wp-json\/wp\/v2\/types\/product"}],"author":[{"embeddable":true,"href":"https:\/\/wearevillage.org\/wp-json\/wp\/v2\/users\/12"}],"wp:featuredmedia":[{"embeddable":true,"href":"https:\/\/wearevillage.org\/wp-json\/wp\/v2\/media\/30536"}],"wp:attachment":[{"href":"https:\/\/wearevillage.org\/wp-json\/wp\/v2\/media?parent=30041"}],"wp:term":[{"taxonomy":"product_brand","embeddable":true,"href":"https:\/\/wearevillage.org\/wp-json\/wp\/v2\/product_brand?post=30041"},{"taxonomy":"product_cat","embeddable":true,"href":"https:\/\/wearevillage.org\/wp-json\/wp\/v2\/product_cat?post=30041"},{"taxonomy":"product_tag","embeddable":true,"href":"https:\/\/wearevillage.org\/wp-json\/wp\/v2\/product_tag?post=30041"}],"curies":[{"name":"wp","href":"https:\/\/api.w.org\/{rel}","templated":true}]}}