{"id":30567,"date":"2025-08-25T10:08:33","date_gmt":"2025-08-25T08:08:33","guid":{"rendered":"https:\/\/wearevillage.org\/?post_type=product&#038;p=30567"},"modified":"2025-08-25T10:54:02","modified_gmt":"2025-08-25T08:54:02","slug":"instinct-19-short-film-program","status":"publish","type":"product","link":"https:\/\/wearevillage.org\/shop\/instinct-screening\/w35-2025\/","title":{"rendered":"Instinct #19 | Short film program"},"content":{"rendered":"<div class=\"wpb-content-wrapper\"><div class=\"vc_row wpb_row vc_row-fluid\"><div class=\"wpb_column vc_column_container vc_col-sm-10\"><div class=\"vc_column-inner\"><div class=\"wpb_wrapper\"><\/div><\/div><\/div><div class=\"wpb_column vc_column_container vc_col-sm-2\"><div class=\"vc_column-inner\"><div class=\"wpb_wrapper\"><\/div><\/div><\/div><\/div><div class=\"vc_row wpb_row vc_row-fluid\"><div class=\"wpb_column vc_column_container vc_col-sm-12\"><div class=\"vc_column-inner\"><div class=\"wpb_wrapper\"><h4 style=\"text-align: left\" class=\"vc_custom_heading vc_do_custom_heading\" >Instinct #19 | Film screening<\/h4><h5 style=\"text-align: left\" class=\"vc_custom_heading vc_do_custom_heading\" >Kuratiert und pr\u00e4sentiert von Pierre Em\u00f6<\/h5>\n\t<div class=\"wpb_text_column wpb_content_element\" >\n\t\t<div class=\"wpb_wrapper\">\n\t\t\t<p>Diese Vorf\u00fchrung zeigt sechs Kurzfilme, die das queere Cruising als Zuflucht und Rebellion erkunden. Sie bieten R\u00e4ume f\u00fcr Ausdruck, Anerkennung und Zugeh\u00f6rigkeit. Die Filme untersuchen, wie Cruising \u00f6ffentliche und digitale R\u00e4ume nutzt. Dies steht im Einklang mit unserer Ausstellung \u201e<strong>Cruising \u2013 Intergenerational Bridges and Labyrinthine Journeys<\/strong>\u201c und hebt die kulturelle und politische Bedeutung \u00fcber Generationen hinweg hervor.<\/p>\n\n\t\t<\/div>\n\t<\/div>\n<div class=\"vc_separator wpb_content_element vc_separator_align_center vc_sep_width_100 vc_sep_pos_align_center vc_separator_no_text vc_sep_color_grey wpb_content_element  wpb_content_element\" ><span class=\"vc_sep_holder vc_sep_holder_l\"><span class=\"vc_sep_line\"><\/span><\/span><span class=\"vc_sep_holder vc_sep_holder_r\"><span class=\"vc_sep_line\"><\/span><\/span>\n<\/div>\n\t<div class=\"wpb_text_column wpb_content_element\" >\n\t\t<div class=\"wpb_wrapper\">\n\t\t\t<div>\u2022 <strong>Supersexual<\/strong> (Directed by <strong>Kosta Karakashyan<\/strong>, 2023, 6 minutes)\u2028A young Bulgarian man, riding the endless rollercoaster of workouts, anonymous sex, and dopamine, asks how to finally get off in a world where the body is everything.<\/div>\n<div>\u2022 <strong>Piss Off X<\/strong> (Directed by <strong>Henry Baker<\/strong>, 2019, 20 minutes)\u2028A documentary that explores a long-practiced erotic fetish from the point of view of a gay millennial who expresses it as performance art.<\/div>\n<div>\u2022 <strong>Pussy Cruising<\/strong> (Directed by <strong>Ma\u0161a Zia Len\u00e1rdi\u010d & Anja Wutej<\/strong>)\u2028What would cruising among lesbians look like? Cruising seems to be a normal part of the gay culture and we all know scenes from famous gay films where men cruise in parks or other public spaces. At the same time, cruising is barely practised among lesbians. Why? Pussy Cruising tackles this topic in a humorous way and takes you on a flirtatious journey between vibrant fantasy and mundane reality.<\/div>\n<div>\u2022 <strong>Trade Center<\/strong> (Directed by <strong>Adam Baran<\/strong>)\u2028The voices of five gay men who cruised for sex at the World Trade Center in the 1980s and 1990s haunt the sanitized, commerce-driven landscape that is the newly rebuilt Freedom Tower campus. In the process they reveal the breadth of the underground subculture that flourished in the Twin Towers\u2018 shadows, but remains excluded from the history books and the memorials. This mournful day-in-the-life documentary of the WTC today serves as a memorial to the unknown men who cruised there and a meditation on disaster capitalism that\u2019s especially resonant in the wake of the COVID-19 pandemic.<\/div>\n<div>\u2022 <strong>Ecstatic Unity<\/strong> (Directed by <strong>Gerard X Reyes & Poppy Sanchez<\/strong>, 2024, 18 minutes)<br \/>\nIn summer, Berlin\u2019s lakes become mystical places where people go to transcend their mundane lives. Jorge and Gerard set out on a\u00a0ritualistic trip to one of these lakes. Enraptured by the natural surroundings and guided by their primal instincts, the bearded boys spin themselves into a\u00a0whirlwind of blissful breath and tantric touch.<\/div>\n<div>\u2022 <strong>Islands<\/strong> (Directed by <strong>Yann Gonzalez<\/strong>, 2017, 23 minutes)\u2028Characters wander through an erotic maze of love and desire.<\/div>\n\n\t\t<\/div>\n\t<\/div>\n<div class=\"vc_separator wpb_content_element vc_separator_align_center vc_sep_width_100 vc_sep_pos_align_center vc_separator_no_text vc_sep_color_grey wpb_content_element  wpb_content_element\" ><span class=\"vc_sep_holder vc_sep_holder_l\"><span class=\"vc_sep_line\"><\/span><\/span><span class=\"vc_sep_holder vc_sep_holder_r\"><span class=\"vc_sep_line\"><\/span><\/span>\n<\/div>\n\t<div class=\"wpb_text_column wpb_content_element\" >\n\t\t<div class=\"wpb_wrapper\">\n\t\t\t<p><strong>\u00dcber Instinct<br \/>\n<\/strong>Instinct.berlin ist eine Kunstorganisation, die zweimal j\u00e4hrlich Ausstellungen mit queeren K\u00fcnstler:innen im Village, einem Community Center f\u00fcr queere Menschen in Berlin, pr\u00e4sentiert. Diese Ausstellungen, zusammen mit Performances und Gespr\u00e4chen, f\u00f6rdern die Interaktion zwischen K\u00fcnstler:innen und der lokalen Community.<\/p>\n<p>Das Residenzprogramm erm\u00f6glicht es den K\u00fcnstler:innen, sich intensiv mit der lebendigen Atmosph\u00e4re des Village auseinanderzusetzen und eine Br\u00fccke zwischen ihrer Arbeit und der breiteren queeren Community zu schlagen. Diese Zusammenarbeit bereichert den kulturellen Dialog und unterst\u00fctzt die Entwicklung queerer Kunstprojekte, was sowohl den K\u00fcnstlerinnen als auch der Gemeinschaft insgesamt zugutekommt.<\/p>\n<div id=\"content\" class=\"site-content\">\n<div class=\"container\">\n<div class=\"bb-grid site-content-grid\">\n<div id=\"primary\" class=\"content-area\">\n<p>Schau auf <strong><a href=\"https:\/\/www.instinct.berlin\/\">www.instinct.berlin<\/a><\/strong> vorbei, um die K\u00fcnstler, Programmdetails und \u00d6ffnungszeiten zu finden.<\/p>\n<p>\u00a0<\/p>\n<\/div>\n<\/div>\n<\/div>\n<\/div>\n\n\t\t<\/div>\n\t<\/div>\n<\/div><\/div><\/div><\/div>\n<\/div>","protected":false},"excerpt":{"rendered":"<h5>Freitag<br \/>\n19:30 \u2013 22:30<br \/>\nEintritt frei<\/h5>\n<p class=\"p1\"><strong>| <span style=\"color: #ec6c23;\">LGBTQIA+<\/span>\u00a0|<\/strong><\/p>\n<p><strong>Instinct #19- CRUSING<\/strong>Diese Vorf\u00fchrung zeigt sechs Kurzfilme, die das queere Cruising als Zuflucht und Rebellion erkunden. Sie bieten R\u00e4ume f\u00fcr Ausdruck, Anerkennung und Zugeh\u00f6rigkeit.<\/p>\n","protected":false},"author":12,"featured_media":30570,"template":"","meta":{"pmpro_default_level":"","inline_featured_image":false},"product_brand":[],"product_cat":[77,79],"product_tag":[469],"class_list":{"0":"post-30567","1":"product","2":"type-product","3":"status-publish","4":"has-post-thumbnail","6":"product_cat-community-events","7":"product_cat-monatliche-events","8":"product_tag-lgbtqiaplus","9":"pmpro-has-access","11":"first","12":"outofstock","13":"purchasable","14":"product-type-variable"},"wpml_current_locale":"de_DE","wpml_translations":{"en_US":{"locale":"en_US","id":30568,"slug":"instinct-screening-w35-2025","post_title":"Instinct #19 | Short film program","href":"https:\/\/wearevillage.org\/en\/shop\/instinct-screening\/w35-2025"}},"language":{"code":"de","locale":"","name":"","is_rtl":false},"_links":{"self":[{"href":"https:\/\/wearevillage.org\/wp-json\/wp\/v2\/product\/30567","targetHints":{"allow":["GET"]}}],"collection":[{"href":"https:\/\/wearevillage.org\/wp-json\/wp\/v2\/product"}],"about":[{"href":"https:\/\/wearevillage.org\/wp-json\/wp\/v2\/types\/product"}],"author":[{"embeddable":true,"href":"https:\/\/wearevillage.org\/wp-json\/wp\/v2\/users\/12"}],"wp:featuredmedia":[{"embeddable":true,"href":"https:\/\/wearevillage.org\/wp-json\/wp\/v2\/media\/30570"}],"wp:attachment":[{"href":"https:\/\/wearevillage.org\/wp-json\/wp\/v2\/media?parent=30567"}],"wp:term":[{"taxonomy":"product_brand","embeddable":true,"href":"https:\/\/wearevillage.org\/wp-json\/wp\/v2\/product_brand?post=30567"},{"taxonomy":"product_cat","embeddable":true,"href":"https:\/\/wearevillage.org\/wp-json\/wp\/v2\/product_cat?post=30567"},{"taxonomy":"product_tag","embeddable":true,"href":"https:\/\/wearevillage.org\/wp-json\/wp\/v2\/product_tag?post=30567"}],"curies":[{"name":"wp","href":"https:\/\/api.w.org\/{rel}","templated":true}]}}