{"id":31451,"date":"2025-09-14T14:44:04","date_gmt":"2025-09-14T12:44:04","guid":{"rendered":"https:\/\/wearevillage.org\/?post_type=product&#038;p=31451"},"modified":"2025-09-14T14:57:46","modified_gmt":"2025-09-14T12:57:46","slug":"village-outdoor-spaziergang-um-den-liebnitzsee-2","status":"publish","type":"product","link":"https:\/\/wearevillage.org\/shop\/village-outdoor\/w43-2025\/","title":{"rendered":"Village Outdoor \u2013 Spaziergang um den Liebnitzsee"},"content":{"rendered":"<div class=\"wpb-content-wrapper\"><div class=\"vc_row wpb_row vc_row-fluid\"><div class=\"wpb_column vc_column_container vc_col-sm-12\"><div class=\"vc_column-inner\"><div class=\"wpb_wrapper\"><h4 style=\"text-align: left\" class=\"vc_custom_heading vc_do_custom_heading\" >Village Outdoor - Spaziergang um den Liebnitzsee<\/h4><h5 style=\"text-align: left\" class=\"vc_custom_heading vc_do_custom_heading\" >mit Daniel Salamon<\/h5>\n\t<div class=\"wpb_text_column wpb_content_element\" >\n\t\t<div class=\"wpb_wrapper\">\n\t\t\t<div class=\"x11i5rnm xat24cr x1mh8g0r x1vvkbs xtlvy1s\">\n<div class=\"x11i5rnm xat24cr x1mh8g0r x1vvkbs xtlvy1s\">\n<div class=\"x11i5rnm xat24cr x1mh8g0r x1vvkbs xtlvy1s\">\n<div class=\"x11i5rnm xat24cr x1mh8g0r x1vvkbs xtlvy1s\">\n<p>Diese 12 km lange Strecke f\u00fchrt uns rund um den Liepnitzsee durch Mischw\u00e4lder, nachdem wir von Wandlitz aus am Ufer angekommen sind. Vielleicht nehmen wir die letzte F\u00e4hre der Saison zum Gro\u00dfen Werder, der Insel im See, um die Wanderung zu verl\u00e4ngern. F\u00fcr hartgesottene Abenteurer k\u00f6nnte das auch eine Gelegenheit zum Schwimmen sein!<\/p>\n<p>Treffpunkt: Bahnhof Wandlitz<\/p>\n<\/div>\n<\/div>\n<\/div>\n<\/div>\n\n\t\t<\/div>\n\t<\/div>\n<div class=\"vc_separator wpb_content_element vc_separator_align_center vc_sep_width_100 vc_sep_pos_align_center vc_separator_no_text vc_sep_color_grey wpb_content_element  wpb_content_element\" ><span class=\"vc_sep_holder vc_sep_holder_l\"><span class=\"vc_sep_line\"><\/span><\/span><span class=\"vc_sep_holder vc_sep_holder_r\"><span class=\"vc_sep_line\"><\/span><\/span>\n<\/div>\n\t<div class=\"wpb_text_column wpb_content_element\" >\n\t\t<div class=\"wpb_wrapper\">\n\t\t\t<p><img loading=\"lazy\" decoding=\"async\" class=\"wp-image-3097 alignleft\" src=\"https:\/\/wearevillage.org\/wp-content\/uploads\/2023\/02\/Daniel_Salamon-270x300.png\" alt=\"\" width=\"130\" height=\"144\" srcset=\"https:\/\/wearevillage.org\/wp-content\/uploads\/2023\/02\/Daniel_Salamon-270x300.png 270w, https:\/\/wearevillage.org\/wp-content\/uploads\/2023\/02\/Daniel_Salamon-135x150.png 135w, https:\/\/wearevillage.org\/wp-content\/uploads\/2023\/02\/Daniel_Salamon-768x853.png 768w, https:\/\/wearevillage.org\/wp-content\/uploads\/2023\/02\/Daniel_Salamon-624x693.png 624w, https:\/\/wearevillage.org\/wp-content\/uploads\/2023\/02\/Daniel_Salamon-390x433.png 390w, https:\/\/wearevillage.org\/wp-content\/uploads\/2023\/02\/Daniel_Salamon-600x667.png 600w, https:\/\/wearevillage.org\/wp-content\/uploads\/2023\/02\/Daniel_Salamon.png 900w\" sizes=\"auto, (max-width: 130px) 100vw, 130px\" \/><strong>Daniel Salamon<\/strong> genie\u00dft die Natur und das Leben im Freien schon seit fr\u00fchester Kindheit, praktiziert Yoga seit den sp\u00e4ten 1990er Jahren und hat ein wachsendes Interesse an therapeutischer und sinnlicher Ber\u00fchrung. Seit 2013 ist er auf verschiedene Weise mit dem Village und den Radical Faeries (weltweit) verbunden. Er lebt in Berlin, hat einen Garten im \u00e4u\u00dfersten Brandenburg und ist an anderen Orten anzutreffen, meist im Winter.<\/p>\n\n\t\t<\/div>\n\t<\/div>\n<div class=\"vc_separator wpb_content_element vc_separator_align_center vc_sep_width_100 vc_sep_pos_align_center vc_separator_no_text vc_sep_color_grey wpb_content_element  wpb_content_element\" ><span class=\"vc_sep_holder vc_sep_holder_l\"><span class=\"vc_sep_line\"><\/span><\/span><span class=\"vc_sep_holder vc_sep_holder_r\"><span class=\"vc_sep_line\"><\/span><\/span>\n<\/div>\n\t<div class=\"wpb_text_column wpb_content_element\" >\n\t\t<div class=\"wpb_wrapper\">\n\t\t\t<p><u><strong>Hinweise<\/strong><\/u><br \/>\n<strong>Sprache<\/strong>: Deutsch und\/oder Englisch<br \/>\n<strong>Kosten<\/strong>: Die Teilnahme ist kostenlos.<\/p>\n<p><em>** Diese Veranstaltung ist Teil unseres Programms \u201a<strong><a href=\"https:\/\/wearevillage.org\/village-quartiere\/addressing-queer-lonliness\" target=\"_blank\" rel=\"noopener\">Gemeinsam statt einsam<\/a><\/strong>\u201a, unterst\u00fctzt von der <strong><a href=\"https:\/\/www.berlin.de\/sen\/lads\/\" target=\"_blank\" rel=\"noopener\">LADS<\/a><\/strong>. <\/em><br \/>\n<em>Erfahre mehr \u00fcber das Programm <a href=\"https:\/\/wearevillage.org\/village-quartiere\/addressing-queer-lonliness\" target=\"_blank\" rel=\"noopener\">hier<\/a>.<\/em><\/p>\n\n\t\t<\/div>\n\t<\/div>\n<\/div><\/div><\/div><\/div>\n<\/div>","protected":false},"excerpt":{"rendered":"<h5>Outdoor Event<br \/>\nTreffpunkt: Bhf Wandlitz<\/h5>\n<h5>11:00-15:00<\/h5>\n<p class=\"p1\"><strong>| <span style=\"color: #ec6c23;\">LGBTQIA+ <\/span>|<\/strong><\/p>\n<div class=\"x11i5rnm xat24cr x1mh8g0r x1vvkbs xtlvy1s\">\n<div class=\"x11i5rnm xat24cr x1mh8g0r x1vvkbs xtlvy1s\">\n<p>Wanderung um den Liebnitzsee \u00fcber Wandlitz zum Grossen Werder.<\/p>\n<\/div>\n<\/div>\n","protected":false},"author":12,"featured_media":8858,"template":"","meta":{"pmpro_default_level":"","inline_featured_image":false},"product_brand":[],"product_cat":[77,79],"product_tag":[469],"class_list":{"0":"post-31451","1":"product","2":"type-product","3":"status-publish","4":"has-post-thumbnail","6":"product_cat-community-events","7":"product_cat-monatliche-events","8":"product_tag-lgbtqiaplus","9":"pmpro-has-access","11":"first","12":"instock","13":"product-type-simple"},"wpml_current_locale":"de_DE","wpml_translations":{"en_US":{"locale":"en_US","id":31452,"slug":"village-outdoor-w43-2025","post_title":"Village Outdoor \u2013 Around the Liepnitzsee","href":"https:\/\/wearevillage.org\/en\/shop\/village-outdoor\/w43-2025"}},"language":{"code":"de","locale":"","name":"","is_rtl":false},"_links":{"self":[{"href":"https:\/\/wearevillage.org\/wp-json\/wp\/v2\/product\/31451","targetHints":{"allow":["GET"]}}],"collection":[{"href":"https:\/\/wearevillage.org\/wp-json\/wp\/v2\/product"}],"about":[{"href":"https:\/\/wearevillage.org\/wp-json\/wp\/v2\/types\/product"}],"author":[{"embeddable":true,"href":"https:\/\/wearevillage.org\/wp-json\/wp\/v2\/users\/12"}],"wp:featuredmedia":[{"embeddable":true,"href":"https:\/\/wearevillage.org\/wp-json\/wp\/v2\/media\/8858"}],"wp:attachment":[{"href":"https:\/\/wearevillage.org\/wp-json\/wp\/v2\/media?parent=31451"}],"wp:term":[{"taxonomy":"product_brand","embeddable":true,"href":"https:\/\/wearevillage.org\/wp-json\/wp\/v2\/product_brand?post=31451"},{"taxonomy":"product_cat","embeddable":true,"href":"https:\/\/wearevillage.org\/wp-json\/wp\/v2\/product_cat?post=31451"},{"taxonomy":"product_tag","embeddable":true,"href":"https:\/\/wearevillage.org\/wp-json\/wp\/v2\/product_tag?post=31451"}],"curies":[{"name":"wp","href":"https:\/\/api.w.org\/{rel}","templated":true}]}}