{"id":32154,"date":"2025-09-23T18:34:24","date_gmt":"2025-09-23T16:34:24","guid":{"rendered":"https:\/\/wearevillage.org\/?post_type=product&#038;p=32154"},"modified":"2025-10-01T16:46:29","modified_gmt":"2025-10-01T14:46:29","slug":"haende-zum-herzen","status":"publish","type":"product","link":"https:\/\/wearevillage.org\/shop\/regenerative-touch\/w41-2025\/","title":{"rendered":"H\u00e4nde zum Herzen"},"content":{"rendered":"<div class=\"wpb-content-wrapper\"><div class=\"vc_row wpb_row vc_row-fluid\"><div class=\"wpb_column vc_column_container vc_col-sm-12\"><div class=\"vc_column-inner\"><div class=\"wpb_wrapper\"><h4 style=\"text-align: left\" class=\"vc_custom_heading vc_do_custom_heading\" >H\u00e4nde zu Herzen mit Stijn<\/h4><h5 style=\"text-align: left\" class=\"vc_custom_heading vc_do_custom_heading\" >Regenerative Touch Workshopreihe f\u00fcr queere Menschen<\/h5><div class=\"vc_separator wpb_content_element vc_separator_align_center vc_sep_width_100 vc_sep_pos_align_center vc_separator_no_text vc_sep_color_grey wpb_content_element  wpb_content_element\" ><span class=\"vc_sep_holder vc_sep_holder_l\"><span class=\"vc_sep_line\"><\/span><\/span><span class=\"vc_sep_holder vc_sep_holder_r\"><span class=\"vc_sep_line\"><\/span><\/span>\n<\/div>\n\t<div class=\"wpb_text_column wpb_content_element\" >\n\t\t<div class=\"wpb_wrapper\">\n\t\t\t<p class=\"p1\"><span class=\"s1\">Mit dem Ende des Sommers und dem Beginn des Herbstes ist es an der Zeit, den Raum in der Mitte unseres Seins zu w\u00fcrdigen: das Herz.<br \/>\nDas Herz ist nicht nur unser physisches Zentrum, sondern auch ein energetisches \u2013 ein Ort der Liebe, der Verbindung und des Lebens.<\/span><\/p>\n<p class=\"p1\"><span class=\"s1\">In diesem Workshop erforschen wir die regenerative Kraft der Ber\u00fchrung durch Atemarbeit, Selbstwahrnehmung und Partner\u00fcbungen, die uns einladen, von Herz zu Herz in Kontakt zu treten. Es ist eine sanfte Einladung, langsamer zu werden, wieder in Verbindung zu kommen und das Herz als Quelle von Balance, Intimit\u00e4t und Pr\u00e4senz zu entdecken.<\/span><\/p>\n<p class=\"p2\"><span class=\"s1\">Alle K\u00f6rper und Geschlechter sind willkommen. Vorkenntnisse sind nicht erforderlich.<\/span><\/p>\n\n\t\t<\/div>\n\t<\/div>\n<div class=\"vc_separator wpb_content_element vc_separator_align_center vc_sep_width_100 vc_sep_pos_align_center vc_separator_no_text vc_sep_color_grey vc_custom_1734460489038 wpb_content_element  vc_custom_1734460489038 wpb_content_element\" ><span class=\"vc_sep_holder vc_sep_holder_l\"><span class=\"vc_sep_line\"><\/span><\/span><span class=\"vc_sep_holder vc_sep_holder_r\"><span class=\"vc_sep_line\"><\/span><\/span>\n<\/div>\n\t<div class=\"wpb_text_column wpb_content_element\" >\n\t\t<div class=\"wpb_wrapper\">\n\t\t\t<p><img loading=\"lazy\" decoding=\"async\" class=\"wp-image-26385 alignleft\" src=\"https:\/\/wearevillage.org\/wp-content\/uploads\/2025\/05\/wav-team-Stijn.jpg\" alt=\"\" width=\"160\" height=\"178\" srcset=\"https:\/\/wearevillage.org\/wp-content\/uploads\/2025\/05\/wav-team-Stijn.jpg 900w, https:\/\/wearevillage.org\/wp-content\/uploads\/2025\/05\/wav-team-Stijn-270x300.jpg 270w, https:\/\/wearevillage.org\/wp-content\/uploads\/2025\/05\/wav-team-Stijn-135x150.jpg 135w, https:\/\/wearevillage.org\/wp-content\/uploads\/2025\/05\/wav-team-Stijn-768x853.jpg 768w, https:\/\/wearevillage.org\/wp-content\/uploads\/2025\/05\/wav-team-Stijn-624x693.jpg 624w, https:\/\/wearevillage.org\/wp-content\/uploads\/2025\/05\/wav-team-Stijn-390x433.jpg 390w, https:\/\/wearevillage.org\/wp-content\/uploads\/2025\/05\/wav-team-Stijn-600x667.jpg 600w\" sizes=\"auto, (max-width: 160px) 100vw, 160px\" \/><strong>Stijn <\/strong>(er) ist P\u00e4dagoge, Facilitator und Massagetherapeut mit einer tiefen Leidenschaft f\u00fcr die Intersektion von Ber\u00fchrung, Konsens und Intimit\u00e4t. Mit einem professionellen Hintergrund in Atemarbeit und verschiedenen Massagetechniken genie\u00dft er es, R\u00e4ume f\u00fcr tiefe Verbindung und k\u00f6rperliche Erkundung zu schaffen.<\/p>\n\n\t\t<\/div>\n\t<\/div>\n<div class=\"vc_separator wpb_content_element vc_separator_align_center vc_sep_width_100 vc_sep_pos_align_center vc_separator_no_text vc_sep_color_grey vc_custom_1734460489038 wpb_content_element  vc_custom_1734460489038 wpb_content_element\" ><span class=\"vc_sep_holder vc_sep_holder_l\"><span class=\"vc_sep_line\"><\/span><\/span><span class=\"vc_sep_holder vc_sep_holder_r\"><span class=\"vc_sep_line\"><\/span><\/span>\n<\/div>\n\t<div class=\"wpb_text_column wpb_content_element\" >\n\t\t<div class=\"wpb_wrapper\">\n\t\t\t<p><strong>Was ist Regenerative Ber\u00fchrung?<\/strong><br \/>\nRegenerative Touch ist ein monatlicher Workshop f\u00fcr Queer People, bei dem wir uns gegenseitig helfen, langsamer zu werden, in unseren K\u00f6rper zu kommen und in einer unterst\u00fctzenden und n\u00e4hrenden Umgebung die wohltuende Wirkung von regenerativer Ber\u00fchrung erkunden. Ber\u00fchrung, die im t\u00e4glichen Leben oft \u00fcbersehen wird, ist ein grundlegendes menschliches Bed\u00fcrfnis.<br \/>\nIn diesen Workshops schaffen wir einen Raum, der ausschlie\u00dflich ihrer regenerativen und heilenden Kraft gewidmet ist, frei von romantischen oder sexuellen Konnotationen.<br \/>\nBer\u00fchrung kommuniziert direkt und erreicht Orte, die Worte nicht erreichen k\u00f6nnen. Hast du jemals die beruhigende Wirkung einer warmen Umarmung oder einer tr\u00f6stenden Hand auf deiner Schulter erlebt? Selbst ein kurzes 15-min\u00fctiges Handhalten kann zu einer signifikanten Senkung der Herzfrequenz und des Blutdrucks f\u00fchren und eine starke Entspannungsreaktion signalisieren. Eine einfache 20-sek\u00fcndige Umarmung kann zu h\u00f6heren Oxytocinspiegeln f\u00fchren, dem Hormon, das mit Bindung und Vertrauen verbunden ist.<br \/>\nJeden Monat wird unser trauma-sensitiver Moderator den Abend um Themen wie Pr\u00e4senz, Regulierung des Nervensystems und emotionale Sicherheit gestalten und sich auf praktisches Erleben anstatt auf zu viele Worte oder Techniken konzentrieren. Es sind keine Vorkenntnisse in K\u00f6rperarbeit erforderlich \u2013 bring einfach deine Neugier mit.<\/p>\n\n\t\t<\/div>\n\t<\/div>\n\n\t<div class=\"wpb_text_column wpb_content_element\" >\n\t\t<div class=\"wpb_wrapper\">\n\t\t\t<p><strong>Vorteile<\/strong><br \/>\n\u2013 Erfahre eine Verringerung von Angstzust\u00e4nden und Depressionen sowie eine erh\u00f6hte emotionale Widerstandsf\u00e4higkeit durch beruhigende, achtsame Ber\u00fchrung.<br \/>\n\u2013 Kultiviere wertsch\u00e4tzende Anwesenheit und tiefere Verbindungen zu dir selbst und anderen.<br \/>\n\u2013 Unterst\u00fctze die Heilung von Traumata und setze in einer sicheren, n\u00e4hrenden Umgebung Emotionen frei.<br \/>\n\u2013 Verbessere deine Stimmung und deine Immunfunktion, indem du Stress reduzierst und Endorphine freisetzt.<br \/>\n\u2013 F\u00f6rdere ein Gef\u00fchl von Gemeinschaft und Zugeh\u00f6rigkeit durch gemeinsame, nonverbale Erfahrungen.<br \/>\n\u2013 Ermutige tieferes Mitgef\u00fchl und Akzeptanz durch sanften, unterst\u00fctzenden Kontakt.<\/p>\n\n\t\t<\/div>\n\t<\/div>\n<div class=\"vc_separator wpb_content_element vc_separator_align_center vc_sep_width_100 vc_sep_pos_align_center vc_separator_no_text vc_sep_color_grey wpb_content_element  wpb_content_element\" ><span class=\"vc_sep_holder vc_sep_holder_l\"><span class=\"vc_sep_line\"><\/span><\/span><span class=\"vc_sep_holder vc_sep_holder_r\"><span class=\"vc_sep_line\"><\/span><\/span>\n<\/div>\n\t<div class=\"wpb_text_column wpb_content_element\" >\n\t\t<div class=\"wpb_wrapper\">\n\t\t\t<p><b>Hinweise<\/b><br \/>\n\u2013 Dieses Format ist f\u00fcr alle queeren Personen (LGBTQIA+), die Ber\u00fchrung in einer einvernehmlichen, unterst\u00fctzenden Atmosph\u00e4re erfahren m\u00f6chten. (Siehe auch unsere <strong><a href=\"https:\/\/wearevillage.org\/faq\">FAQ<\/a><\/strong>)<br \/>\n\u2013 Teilnehmende bleiben bei diesem Format bekleidet.<br \/>\n\u2013 Bringe zum Abdecken von Kissen, Matten oder Massageliegen ein Laken und ein Handtuch mit.<br \/>\n\u2013 Der Workshop wird in englischer Sprache abgehalten<br \/>\n\u2013 Wir haben erm\u00e4\u00dfigte Solidarit\u00e4tstickets.<br \/>\n\u2013 Dieses Event ist auch zu einem erm\u00e4\u00dfigten Mitgliederpreis erh\u00e4ltlich \u2013 aber kein Bestandteil der zwei kostenlosen monatlichen Mitgliederveranstaltungen.<br \/>\n\u2013 Erm\u00e4\u00dfigter Zugang ist auf schriftliche Anfrage per E-Mail an\u00a0<strong><a href=\"mailto:events@wearevillage.org\">events@wearevillage.org<\/a><\/strong><\/p>\n\n\t\t<\/div>\n\t<\/div>\n<\/div><\/div><\/div><\/div>\n<\/div>","protected":false},"excerpt":{"rendered":"<h5>Freitags (einmal im Monat)<br \/>\n20:00 \u2013 22:00<\/h5>\n<p class=\"p1\"><strong>| <span style=\"color: #ec6c23;\">LGBTQIA+<\/span>\u00a0|<\/strong><\/p>\n<p><strong><span class=\"\">Regenerative Touch Workshopreihe f\u00fcr queere Menschen<br \/>\n<\/span><\/strong><span class=\"s1\">In diesem Workshop wenden wir uns dem Herzen zu \u2013 dem physischen und energetischen Zentrum von Liebe, Verbindung und Leben. Durch Atemarbeit, Selbstwahrnehmung und Partner\u00fcbungen erforschen wir die regenerative Kraft des Herzens und die Intimit\u00e4t der Begegnung von Herz zu Herz.<\/span><\/p>\n","protected":false},"author":11,"featured_media":32165,"template":"","meta":{"pmpro_default_level":"","inline_featured_image":false},"product_brand":[],"product_cat":[79,83],"product_tag":[469],"class_list":{"0":"post-32154","1":"product","2":"type-product","3":"status-publish","4":"has-post-thumbnail","6":"product_cat-monatliche-events","7":"product_cat-workshops","8":"product_tag-lgbtqiaplus","9":"pmpro-has-access","11":"first","12":"instock","13":"product-type-variable","14":"has-default-attributes"},"wpml_current_locale":"de_DE","wpml_translations":{"en_US":{"locale":"en_US","id":32157,"slug":"regenerative-touch-w41-2025","post_title":"Hands to Heart","href":"https:\/\/wearevillage.org\/en\/shop\/regenerative-touch\/w41-2025"}},"language":{"code":"de","locale":"","name":"","is_rtl":false},"_links":{"self":[{"href":"https:\/\/wearevillage.org\/wp-json\/wp\/v2\/product\/32154","targetHints":{"allow":["GET"]}}],"collection":[{"href":"https:\/\/wearevillage.org\/wp-json\/wp\/v2\/product"}],"about":[{"href":"https:\/\/wearevillage.org\/wp-json\/wp\/v2\/types\/product"}],"author":[{"embeddable":true,"href":"https:\/\/wearevillage.org\/wp-json\/wp\/v2\/users\/11"}],"wp:featuredmedia":[{"embeddable":true,"href":"https:\/\/wearevillage.org\/wp-json\/wp\/v2\/media\/32165"}],"wp:attachment":[{"href":"https:\/\/wearevillage.org\/wp-json\/wp\/v2\/media?parent=32154"}],"wp:term":[{"taxonomy":"product_brand","embeddable":true,"href":"https:\/\/wearevillage.org\/wp-json\/wp\/v2\/product_brand?post=32154"},{"taxonomy":"product_cat","embeddable":true,"href":"https:\/\/wearevillage.org\/wp-json\/wp\/v2\/product_cat?post=32154"},{"taxonomy":"product_tag","embeddable":true,"href":"https:\/\/wearevillage.org\/wp-json\/wp\/v2\/product_tag?post=32154"}],"curies":[{"name":"wp","href":"https:\/\/api.w.org\/{rel}","templated":true}]}}