{"id":32187,"date":"2025-09-23T19:33:37","date_gmt":"2025-09-23T17:33:37","guid":{"rendered":"https:\/\/wearevillage.org\/?post_type=product&#038;p=32187"},"modified":"2025-10-20T13:50:44","modified_gmt":"2025-10-20T11:50:44","slug":"beyond-the-clinic-queer-bridges","status":"publish","type":"product","link":"https:\/\/wearevillage.org\/shop\/queer-bridges-monday\/w43-2025\/","title":{"rendered":"Beyond the Clinic \u2013 Queer Bridges"},"content":{"rendered":"<div class=\"wpb-content-wrapper\"><div class=\"vc_row wpb_row vc_row-fluid\"><div class=\"wpb_column vc_column_container vc_col-sm-12\"><div class=\"vc_column-inner\"><div class=\"wpb_wrapper\"><h4 style=\"text-align: left\" class=\"vc_custom_heading vc_do_custom_heading\" >Jenseits der Klinik: Sexuelle Gesundheit neu denken<\/h4><h5 style=\"text-align: left\" class=\"vc_custom_heading vc_do_custom_heading\" >Monday Queer Bridges mit Madi Awadalla<\/h5>\n\t<div class=\"wpb_text_column wpb_content_element\" >\n\t\t<div class=\"wpb_wrapper\">\n\t\t\t<p class=\"p1\"><strong><span class=\"s1\">Jenseits der Klinik: Sexuelle Gesundheit neu denken<\/span><\/strong><span class=\"s2\"> ist ein Workshop, der zeigt, wie koloniale Geschichten immer noch unsere Sicht auf sexuelle Gesundheit beeinflussen. Mit kurzen Vortr\u00e4gen, Gruppen\u00fcbungen und Diskussionen erkunden wir, wie Hintergrund, Geschlecht, Klasse und Sexualit\u00e4t beeinflussen, wie Menschen in der Medizin behandelt werden. <\/span><\/p>\n<p class=\"p1\"><span class=\"s2\">Gemeinsam wollen wir Scham abbauen, alte Ideen \u00fcber Risiko hinterfragen und praktische Strategien f\u00fcr den Umgang mit dem Gesundheitssystem teilen. Dies ist ein Raum, um neue Wege zu Freude, Selbstbestimmung und gemeinschaftlicher F\u00fcrsorge zu finden \u2013 jenseits der Klinik.<\/span><\/p>\n\n\t\t<\/div>\n\t<\/div>\n<div class=\"vc_separator wpb_content_element vc_separator_align_center vc_sep_width_100 vc_sep_pos_align_center vc_separator_no_text vc_sep_color_grey wpb_content_element  wpb_content_element\" ><span class=\"vc_sep_holder vc_sep_holder_l\"><span class=\"vc_sep_line\"><\/span><\/span><span class=\"vc_sep_holder vc_sep_holder_r\"><span class=\"vc_sep_line\"><\/span><\/span>\n<\/div>\n\t<div class=\"wpb_text_column wpb_content_element\" >\n\t\t<div class=\"wpb_wrapper\">\n\t\t\t<p><strong><img loading=\"lazy\" decoding=\"async\" class=\"wp-image-32194 alignleft\" src=\"https:\/\/wearevillage.org\/wp-content\/uploads\/2025\/09\/wav-team-Madi-Awadalla-270x300.png\" alt=\"\" width=\"160\" height=\"178\" srcset=\"https:\/\/wearevillage.org\/wp-content\/uploads\/2025\/09\/wav-team-Madi-Awadalla-270x300.png 270w, https:\/\/wearevillage.org\/wp-content\/uploads\/2025\/09\/wav-team-Madi-Awadalla-135x150.png 135w, https:\/\/wearevillage.org\/wp-content\/uploads\/2025\/09\/wav-team-Madi-Awadalla-768x853.png 768w, https:\/\/wearevillage.org\/wp-content\/uploads\/2025\/09\/wav-team-Madi-Awadalla-624x693.png 624w, https:\/\/wearevillage.org\/wp-content\/uploads\/2025\/09\/wav-team-Madi-Awadalla-390x433.png 390w, https:\/\/wearevillage.org\/wp-content\/uploads\/2025\/09\/wav-team-Madi-Awadalla-600x667.png 600w, https:\/\/wearevillage.org\/wp-content\/uploads\/2025\/09\/wav-team-Madi-Awadalla.png 900w\" sizes=\"auto, (max-width: 160px) 100vw, 160px\" \/>Madi Awadalla<\/strong> ist Schriftsteller*in, P\u00e4dagog*in und visuelle*r Geschichtenerz\u00e4hler*in, deren*dessen Arbeit die Schnittstellen von sexueller Gesundheit, radikaler F\u00fcrsorge und verk\u00f6rpertem Wissen erkundet. Verwurzelt in der Gemeinschaftspraxis in \u00c4gypten und Deutschland, stellt ihre*seine Arbeit diejenigen in den Mittelpunkt, die von dominanten Gesundheitsnarrativen ausgeschlossen werden. Awadalla ist Gr\u00fcnderin von Decolonizing Sexual Health, einer Workshop-Reihe, die zur Reflexion \u00fcber Macht, Freude und Heilung jenseits institutioneller Rahmen einl\u00e4dt. Ihr*Sein Schaffen umfasst Film, Performance und kritisches Schreiben und wurde auf Festivals, Ausstellungen und in Aktivismus-R\u00e4umen in ganz Europa gezeigt.<\/p>\n\n\t\t<\/div>\n\t<\/div>\n<div class=\"vc_separator wpb_content_element vc_separator_align_center vc_sep_width_100 vc_sep_pos_align_center vc_separator_no_text vc_sep_color_grey wpb_content_element  wpb_content_element\" ><span class=\"vc_sep_holder vc_sep_holder_l\"><span class=\"vc_sep_line\"><\/span><\/span><span class=\"vc_sep_holder vc_sep_holder_r\"><span class=\"vc_sep_line\"><\/span><\/span>\n<\/div>\n\t<div class=\"wpb_text_column wpb_content_element\" >\n\t\t<div class=\"wpb_wrapper\">\n\t\t\t<p><strong>Queer Bridges: Verbindungen schaffen und Ressourcen f\u00fcr Queer Femmes* + Menschen mit Migrationserfahrung bereitstellen.<\/strong><\/p>\n<p>Queere Menschen mit Migrationserfahrung in Berlin sehen sich in ihrem t\u00e4glichen Leben oft mit besonderen Herausforderungen konfrontiert, die ihren Zugang zu unterst\u00fctzenden Gemeinschaften und integrativen Umgebungen einschr\u00e4nken k\u00f6nnen.<\/p>\n<p><img loading=\"lazy\" decoding=\"async\" class=\"wp-image-15170 alignleft\" src=\"https:\/\/wearevillage.org\/wp-content\/uploads\/2024\/06\/stiftung-300x121.png\" alt=\"\" width=\"216\" height=\"87\" srcset=\"https:\/\/wearevillage.org\/wp-content\/uploads\/2024\/06\/stiftung-300x121.png 300w, https:\/\/wearevillage.org\/wp-content\/uploads\/2024\/06\/stiftung-1024x414.png 1024w, https:\/\/wearevillage.org\/wp-content\/uploads\/2024\/06\/stiftung-150x61.png 150w, https:\/\/wearevillage.org\/wp-content\/uploads\/2024\/06\/stiftung-768x310.png 768w, https:\/\/wearevillage.org\/wp-content\/uploads\/2024\/06\/stiftung-1536x620.png 1536w, https:\/\/wearevillage.org\/wp-content\/uploads\/2024\/06\/stiftung-2048x827.png 2048w, https:\/\/wearevillage.org\/wp-content\/uploads\/2024\/06\/stiftung-624x252.png 624w, https:\/\/wearevillage.org\/wp-content\/uploads\/2024\/06\/stiftung-390x158.png 390w, https:\/\/wearevillage.org\/wp-content\/uploads\/2024\/06\/stiftung-600x242.png 600w\" sizes=\"auto, (max-width: 216px) 100vw, 216px\" \/>Mit Unterst\u00fctzung der<strong> Deutschen Fernsehlotterie Stiftung<\/strong>, haben wir das Programm Queer Bridges entwickelt, um diese H\u00fcrden zu \u00fcberwinden. Wir bieten Ressourcen, Vernetzung und Unterst\u00fctzung in einem einladenden Umfeld f\u00fcr queere Migrant*innen und Gefl\u00fcchtete durch unser spezielles Programm. Unser Ziel ist es, ein Gef\u00fchl der Zugeh\u00f6rigkeit zur lokalen LGBTQIA+ Community zu f\u00f6rdern und damit eine reibungslose Integration sowie eine verbesserte Lebensqualit\u00e4t f\u00fcr queere Menschen mit Migrations- und\/oder Fluchterfahrung zu erm\u00f6glichen.<\/p>\n<p><span style=\"vertical-align: inherit;\"><span style=\"vertical-align: inherit;\">\u2705 Unser <strong>Queer Bridges<\/strong> Programm wird sich stetig weiter entwickeln und wir freuen uns auch jederzeit von Euren Bedarfen zu h\u00f6ren. Bei Interesse k\u00f6nnt ihr uns eine E-Mail schicken, um \u00fcber weitere Aktualisierungen informiert zu bleiben.<\/span><\/span><\/p>\n\n\t\t<\/div>\n\t<\/div>\n<div class=\"vc_separator wpb_content_element vc_separator_align_center vc_sep_width_100 vc_sep_pos_align_center vc_separator_no_text vc_sep_color_grey wpb_content_element  wpb_content_element\" ><span class=\"vc_sep_holder vc_sep_holder_l\"><span class=\"vc_sep_line\"><\/span><\/span><span class=\"vc_sep_holder vc_sep_holder_r\"><span class=\"vc_sep_line\"><\/span><\/span>\n<\/div>\n\t<div class=\"wpb_text_column wpb_content_element\" >\n\t\t<div class=\"wpb_wrapper\">\n\t\t\t<p><span style=\"text-decoration: underline;\"><strong>Hinweise<\/strong><\/span><br \/>\n<strong>Teilnehmende<\/strong>: Dieser Workshop richtet sich an alle, die sich als <strong>Queer Femmes*<\/strong>+ identifizieren und Migrations- und\/oder Fluchterfahrung erlebt haben. Wenn ihr diese Erfahrungen nicht teilt, aber dennoch an einer Teilnahme interessiert seid, meldet euch bitte zuerst bei uns, um zu kl\u00e4ren, ob ein Platz frei ist. Wir bitten alle Teilnehmenden, den Schwerpunkt des Programms zu respektieren und dazu beizutragen, einen offenen, respektvollen Raum zu schaffen.<br \/>\n<strong>Anmeldung<\/strong>: F\u00fcr dieses Event stehen begrenzte Pl\u00e4tze zur Verf\u00fcgung. Eine Registrierung \u00fcber unsere Website ist daher erforderlich.<br \/>\n<strong>Sprache<\/strong>: Je nach Bed\u00fcrfnissen der Gruppe werden wir Deutsch und\/oder Englisch sprechen.<br \/>\n<strong>Kosten<\/strong>: Die Teilnahme ist kostenlos.<\/p>\n\n\t\t<\/div>\n\t<\/div>\n<\/div><\/div><\/div><\/div>\n<\/div>","protected":false},"excerpt":{"rendered":"<h5>Montag<br \/>\n18:00-19:30<br \/>\nKostenlos mit Anmeldung<\/h5>\n<p><strong> | <span style=\"color: #ec6c23;\">LGBTQIA+ <\/span>| <\/strong><\/p>\n<p><strong>Jenseits der Klinik: Sexuelle Gesundheit neu denken<\/strong> ist ein interaktiver Workshop, der untersucht, wie Scham, Stigma und medizinische Systeme unsere Erfahrungen mit sexueller Gesundheit pr\u00e4gen. Durch gemeinsames Nachdenken und kreative Aktivit\u00e4ten stellen sich die Teilnehmenden neue Wege zu Freude, Selbstbestimmung und gemeinschaftlicher F\u00fcrsorge vor.<\/p>\n","protected":false},"author":12,"featured_media":32190,"template":"","meta":{"pmpro_default_level":"","inline_featured_image":false},"product_brand":[],"product_cat":[769,797,83],"product_tag":[469],"class_list":{"0":"post-32187","1":"product","2":"type-product","3":"status-publish","4":"has-post-thumbnail","6":"product_cat-kostenloser-zugang","7":"product_cat-queer-bridges-events-2","8":"product_cat-workshops","9":"product_tag-lgbtqiaplus","10":"pmpro-has-access","12":"first","13":"instock","14":"sold-individually","15":"product-type-simple"},"wpml_current_locale":"de_DE","wpml_translations":{"en_US":{"locale":"en_US","id":32188,"slug":"queer-bridges-monday-w43-2025","post_title":"Beyond the Clinic \u2013 Queer Bridges","href":"https:\/\/wearevillage.org\/en\/shop\/queer-bridges-monday\/w43-2025"}},"language":{"code":"de","locale":"","name":"","is_rtl":false},"_links":{"self":[{"href":"https:\/\/wearevillage.org\/wp-json\/wp\/v2\/product\/32187","targetHints":{"allow":["GET"]}}],"collection":[{"href":"https:\/\/wearevillage.org\/wp-json\/wp\/v2\/product"}],"about":[{"href":"https:\/\/wearevillage.org\/wp-json\/wp\/v2\/types\/product"}],"author":[{"embeddable":true,"href":"https:\/\/wearevillage.org\/wp-json\/wp\/v2\/users\/12"}],"wp:featuredmedia":[{"embeddable":true,"href":"https:\/\/wearevillage.org\/wp-json\/wp\/v2\/media\/32190"}],"wp:attachment":[{"href":"https:\/\/wearevillage.org\/wp-json\/wp\/v2\/media?parent=32187"}],"wp:term":[{"taxonomy":"product_brand","embeddable":true,"href":"https:\/\/wearevillage.org\/wp-json\/wp\/v2\/product_brand?post=32187"},{"taxonomy":"product_cat","embeddable":true,"href":"https:\/\/wearevillage.org\/wp-json\/wp\/v2\/product_cat?post=32187"},{"taxonomy":"product_tag","embeddable":true,"href":"https:\/\/wearevillage.org\/wp-json\/wp\/v2\/product_tag?post=32187"}],"curies":[{"name":"wp","href":"https:\/\/api.w.org\/{rel}","templated":true}]}}