{"id":32290,"date":"2025-09-24T21:00:11","date_gmt":"2025-09-24T19:00:11","guid":{"rendered":"https:\/\/wearevillage.org\/?post_type=product&#038;p=32290"},"modified":"2025-10-27T22:04:05","modified_gmt":"2025-10-27T21:04:05","slug":"film-night-ursprung-der-arten","status":"publish","type":"product","link":"https:\/\/wearevillage.org\/shop\/village-film\/w44-2025\/","title":{"rendered":"Film Night \u2013 Ursprung der Arten"},"content":{"rendered":"<div class=\"wpb-content-wrapper\"><div class=\"vc_row wpb_row vc_row-fluid\"><div class=\"wpb_column vc_column_container vc_col-sm-12\"><div class=\"vc_column-inner\"><div class=\"wpb_wrapper\"><h4 style=\"text-align: left\" class=\"vc_custom_heading vc_do_custom_heading\" >Village Film Night - Ursprung der Arten (2024)<\/p>\n<p><\/h4><h5 style=\"text-align: left\" class=\"vc_custom_heading vc_do_custom_heading\" >Gast: Sebasti\u00e1n Arcos<\/h5>\n\t<div class=\"wpb_text_column wpb_content_element\" >\n\t\t<div class=\"wpb_wrapper\">\n\t\t\t<p><strong>Ursprung der Arten<\/strong><br \/>\n<strong>Regie<\/strong>: Tiagx V\u00e9lez, Juliana Zuluaga Montoya und Anal\u00fa Laferal<br \/>\nExperimentalfilm, 2024 \u2013 70 Min.<br \/>\nIn Spanisch mit englischen Untertiteln<\/p>\n<p>Nach der Durchquerung des Kosmos und der Reise ins Innere eisiger Eisbrocken ver\u00e4ndert eine neue Spezies den Lauf des blauen Planeten, als Millionen von ihnen auf die Weiten der Erde treffen. Ein mutierter und kapitulierender Film, der das transfuturistische Schaffen des Cris\u00e1lida Cine-Kollektivs der letzten Jahre vereint.<\/p>\n<p>Cris\u00e1lida ist ein Filmkollektiv aus Medell\u00edn, Kolumbien. Das Kollektiv interessiert sich f\u00fcr Filme, die nur durch Form und Sprache existieren k\u00f6nnen \u2013 durch das Experimentieren mit ihrer eigenen Materialit\u00e4t und ihrer Beziehung zu anderen Ausdrucksm\u00f6glichkeiten. Arbeiten, die ihre eigenen Wege um K\u00f6rper, Animalit\u00e4t, Weiblichkeit, den queeren K\u00f6rper, Science-Fiction, Prozesse der Hybridisierung und Glauben an die Welt erkunden.<\/p>\n<p>Die Filme von Cris\u00e1lida wurden bereits auf Festivals wie dem Mar del Plata Film Festival, Rotterdam, Zinebi, FID Marseille, FIC Valdivia, Clermont-Ferrand, Ficunam, Havana Film Festival, Moscow International Film Festival, Indie Lisboa, Ficci, Midbo und vielen anderen gezeigt.<\/p>\n\n\t\t<\/div>\n\t<\/div>\n<div class=\"vc_separator wpb_content_element vc_separator_align_center vc_sep_width_100 vc_sep_pos_align_center vc_separator_no_text vc_sep_color_grey wpb_content_element  wpb_content_element\" ><span class=\"vc_sep_holder vc_sep_holder_l\"><span class=\"vc_sep_line\"><\/span><\/span><span class=\"vc_sep_holder vc_sep_holder_r\"><span class=\"vc_sep_line\"><\/span><\/span>\n<\/div>\n\t<div class=\"wpb_text_column wpb_content_element\" >\n\t\t<div class=\"wpb_wrapper\">\n\t\t\t<p><strong>\u00dcber die Filmnacht am Village<\/strong><br \/>\nDie monatliche Filmnacht von we are village hat sich zu einem Muss f\u00fcr Cineasten entwickelt, die eine Auswahl an beliebten Klassikern genie\u00dfen wollen. Das Programm umfasst eine breite Erkundung queerer und nicht-normativer Perspektiven in verschiedenen Genres und k\u00fcnstlerischen Stilen, die \u00fcber LGBTQIA+Themen hinausgehen. Nach jeder Vorf\u00fchrung werden die G\u00e4ste zum Verweilen und zur Teilnahme an entspannten Gruppendiskussionen \u00fcber die Filme und damit verbundene Themen eingeladen.<\/p>\n\n\t\t<\/div>\n\t<\/div>\n<div class=\"vc_separator wpb_content_element vc_separator_align_center vc_sep_width_100 vc_sep_pos_align_center vc_separator_no_text vc_sep_color_grey wpb_content_element  wpb_content_element\" ><span class=\"vc_sep_holder vc_sep_holder_l\"><span class=\"vc_sep_line\"><\/span><\/span><span class=\"vc_sep_holder vc_sep_holder_r\"><span class=\"vc_sep_line\"><\/span><\/span>\n<\/div>\n\t<div class=\"wpb_text_column wpb_content_element\" >\n\t\t<div class=\"wpb_wrapper\">\n\t\t\t<p><strong><img loading=\"lazy\" decoding=\"async\" class=\"wp-image-24023 alignleft\" src=\"https:\/\/wearevillage.org\/wp-content\/uploads\/2025\/03\/wav-team-Sebastian-Arcos-270x300.png\" alt=\"\" width=\"160\" height=\"178\" srcset=\"https:\/\/wearevillage.org\/wp-content\/uploads\/2025\/03\/wav-team-Sebastian-Arcos-270x300.png 270w, https:\/\/wearevillage.org\/wp-content\/uploads\/2025\/03\/wav-team-Sebastian-Arcos-135x150.png 135w, https:\/\/wearevillage.org\/wp-content\/uploads\/2025\/03\/wav-team-Sebastian-Arcos-768x853.png 768w, https:\/\/wearevillage.org\/wp-content\/uploads\/2025\/03\/wav-team-Sebastian-Arcos-624x693.png 624w, https:\/\/wearevillage.org\/wp-content\/uploads\/2025\/03\/wav-team-Sebastian-Arcos-390x433.png 390w, https:\/\/wearevillage.org\/wp-content\/uploads\/2025\/03\/wav-team-Sebastian-Arcos-600x667.png 600w, https:\/\/wearevillage.org\/wp-content\/uploads\/2025\/03\/wav-team-Sebastian-Arcos.png 900w\" sizes=\"auto, (max-width: 160px) 100vw, 160px\" \/>Sebasti\u00e1n Arcos<\/strong> ist ein kolumbianischer Kreativer, der in Berlin lebt und sich mit Design, Kuratierung und kultureller Produktion besch\u00e4ftigt. Er ist Mitbegr\u00fcnder von Maricafest!, einem Festival in Kolumbien, das LGBTIQ+-Stimmen feiert. Im Village Film Collective bringt Sebasti\u00e1n seine Expertise f\u00fcr vielf\u00e4ltige Geschichten ein und setzt sich f\u00fcr queere lateinamerikanische Stimmen ein.<\/p>\n\n\t\t<\/div>\n\t<\/div>\n<div class=\"vc_separator wpb_content_element vc_separator_align_center vc_sep_width_100 vc_sep_pos_align_center vc_separator_no_text vc_sep_color_grey vc_custom_1724778095340 wpb_content_element  vc_custom_1724778095340 wpb_content_element\" ><span class=\"vc_sep_holder vc_sep_holder_l\"><span class=\"vc_sep_line\"><\/span><\/span><span class=\"vc_sep_holder vc_sep_holder_r\"><span class=\"vc_sep_line\"><\/span><\/span>\n<\/div>\n\t<div class=\"wpb_text_column wpb_content_element\" >\n\t\t<div class=\"wpb_wrapper\">\n\t\t\t<p><b>Hinweise:<br \/>\n<\/b><strong>Sprache<\/strong>: Die Veranstaltung wird auf Englisch abgehalten.<br \/>\n<strong>Kosten<\/strong>: Die Veranstaltung ist f\u00fcr alle zug\u00e4nglich und kostenlos.<\/p>\n<p><em>** Diese Veranstaltung ist Teil unseres Programms \u201a<strong><a href=\"https:\/\/wearevillage.org\/village-quartiere\/addressing-queer-lonliness\" target=\"_blank\" rel=\"noopener\">Gemeinsam statt einsam<\/a><\/strong>\u201a, unterst\u00fctzt von der <strong><a href=\"https:\/\/www.berlin.de\/sen\/lads\/\" target=\"_blank\" rel=\"noopener\">LADS<\/a><\/strong>. <\/em><br \/>\n<em>Erfahre mehr \u00fcber das Programm <a href=\"https:\/\/wearevillage.org\/village-quartiere\/addressing-queer-lonliness\" target=\"_blank\" rel=\"noopener\">hier<\/a>.<\/em><\/p>\n\n\t\t<\/div>\n\t<\/div>\n<\/div><\/div><\/div><\/div>\n<\/div>","protected":false},"excerpt":{"rendered":"<h5>Dienstags (einmal im Monat)<br \/>\n20:00 \u2013 22:30<br \/>\nEintritt frei<\/h5>\n<p class=\"p1\"><strong>| <span style=\"color: #ec6c23;\">LGBTQIA+<\/span> |<\/strong><strong>Ursprung der Arten<\/strong><br \/>\n<strong>Regie<\/strong>: Tiagx V\u00e9lez, Juliana Zuluaga Montoya und Anal\u00fa Laferal<br \/>\nExperimentalfilm, 2024 \u2013 70 Min.<br \/>\nIn Spanisch mit englischen Untertiteln<\/p>\n<p>Nach der Durchquerung des Kosmos und der Reise ins Innere eisiger Eisbrocken ver\u00e4ndert eine neue Spezies den Lauf des blauen Planeten, als Millionen von ihnen auf die Weiten der Erde treffen. Ein mutierter und kapitulierender Film, der das transfuturistische Schaffen des Cris\u00e1lida Cine-Kollektivs der letzten Jahre vereint.<\/p>\n","protected":false},"author":12,"featured_media":32298,"template":"","meta":{"pmpro_default_level":"","inline_featured_image":false},"product_brand":[],"product_cat":[77,76,769,79],"product_tag":[469],"class_list":{"0":"post-32290","1":"product","2":"type-product","3":"status-publish","4":"has-post-thumbnail","6":"product_cat-community-events","7":"product_cat-ausstellung","8":"product_cat-kostenloser-zugang","9":"product_cat-monatliche-events","10":"product_tag-lgbtqiaplus","11":"pmpro-has-access","13":"first","14":"instock","15":"sold-individually","16":"product-type-simple"},"wpml_current_locale":"de_DE","wpml_translations":{"en_US":{"locale":"en_US","id":32291,"slug":"village-film-w44-2025","post_title":"Film Night - The Origin of the Species","href":"https:\/\/wearevillage.org\/en\/shop\/village-film\/w44-2025"}},"language":{"code":"de","locale":"","name":"","is_rtl":false},"_links":{"self":[{"href":"https:\/\/wearevillage.org\/wp-json\/wp\/v2\/product\/32290","targetHints":{"allow":["GET"]}}],"collection":[{"href":"https:\/\/wearevillage.org\/wp-json\/wp\/v2\/product"}],"about":[{"href":"https:\/\/wearevillage.org\/wp-json\/wp\/v2\/types\/product"}],"author":[{"embeddable":true,"href":"https:\/\/wearevillage.org\/wp-json\/wp\/v2\/users\/12"}],"wp:featuredmedia":[{"embeddable":true,"href":"https:\/\/wearevillage.org\/wp-json\/wp\/v2\/media\/32298"}],"wp:attachment":[{"href":"https:\/\/wearevillage.org\/wp-json\/wp\/v2\/media?parent=32290"}],"wp:term":[{"taxonomy":"product_brand","embeddable":true,"href":"https:\/\/wearevillage.org\/wp-json\/wp\/v2\/product_brand?post=32290"},{"taxonomy":"product_cat","embeddable":true,"href":"https:\/\/wearevillage.org\/wp-json\/wp\/v2\/product_cat?post=32290"},{"taxonomy":"product_tag","embeddable":true,"href":"https:\/\/wearevillage.org\/wp-json\/wp\/v2\/product_tag?post=32290"}],"curies":[{"name":"wp","href":"https:\/\/api.w.org\/{rel}","templated":true}]}}