{"id":32482,"date":"2025-09-30T09:44:53","date_gmt":"2025-09-30T07:44:53","guid":{"rendered":"https:\/\/wearevillage.org\/?post_type=product&#038;p=32482"},"modified":"2025-10-08T20:42:18","modified_gmt":"2025-10-08T18:42:18","slug":"buchklub-6","status":"publish","type":"product","link":"https:\/\/wearevillage.org\/shop\/book-club\/w45-2025\/","title":{"rendered":"Buchklub"},"content":{"rendered":"<div class=\"wpb-content-wrapper\"><div class=\"vc_row wpb_row vc_row-fluid\"><div class=\"wpb_column vc_column_container vc_col-sm-12\"><div class=\"vc_column-inner\"><div class=\"wpb_wrapper\"><h4 style=\"text-align: left\" class=\"vc_custom_heading vc_do_custom_heading\" >Village Buchklub - Annemarie Schwarzenbach, Das gl\u00fcckliche Tal (1939)<\/h4><h5 style=\"text-align: left\" class=\"vc_custom_heading vc_do_custom_heading\" >Gast: Nils Philipp<\/h5>\n\t<div class=\"wpb_text_column wpb_content_element\" >\n\t\t<div class=\"wpb_wrapper\">\n\t\t\t<p>In \u201eDas gl\u00fcckliche Tal\u201c erz\u00e4hlt Annemarie Schwarzenbach von einer Reise ins afghanische Karun-Tal, die sie 1939 gemeinsam mit Ella Maillart unternahm. Was als Bericht einer Expedition in die Fremde beginnt, verwandelt sich in ein fiebriges Protokoll innerer Zust\u00e4nde: die Schweizer Autorin, Morphinistin und kosmopolitische Fotografin der Zwischenkriegszeit, geht von Beschreibungen der rauen Tallandschaft mehr und mehr \u00fcber zu sich selbst.<\/p>\n<p>Naturbeschreibungen stehen im Kontrast zu einer zerrissenen Seele, die zwischen Sehnsucht und Zerst\u00f6rung schwankt. An Schwarzenbachs Seite erscheint Maillart, die Gef\u00e4hrtin und Gegenfigur, deren N\u00e4he nicht nur intellektuell und freundschaftlich, sondern auch erotisch aufgeladen ist. Das Buch ist einerseits Reisetagebuch der Boh\u00e8me, durchzogen von melancholischen Selbstportr\u00e4ts und scharfen Beobachtungen, die sie auch in ihren Fotografien einf\u00e4ngt; andererseits das Dokument einer Frau, die zwischen Kontinenten, Geschlechtern und Schichten changiert \u2013 und deren literarische Spur so schillernd wie tragisch bleibt.<\/p>\n\n\t\t<\/div>\n\t<\/div>\n<div class=\"vc_separator wpb_content_element vc_separator_align_center vc_sep_width_100 vc_sep_pos_align_center vc_separator_no_text vc_sep_color_grey wpb_content_element  wpb_content_element\" ><span class=\"vc_sep_holder vc_sep_holder_l\"><span class=\"vc_sep_line\"><\/span><\/span><span class=\"vc_sep_holder vc_sep_holder_r\"><span class=\"vc_sep_line\"><\/span><\/span>\n<\/div>\n\t<div class=\"wpb_text_column wpb_content_element\" >\n\t\t<div class=\"wpb_wrapper\">\n\t\t\t<p><img loading=\"lazy\" decoding=\"async\" class=\"wp-image-16166 alignleft\" src=\"https:\/\/wearevillage.org\/wp-content\/uploads\/2024\/08\/wav-team-Nils-Philipp2.png\" alt=\"\" width=\"160\" height=\"178\" srcset=\"https:\/\/wearevillage.org\/wp-content\/uploads\/2024\/08\/wav-team-Nils-Philipp2.png 900w, https:\/\/wearevillage.org\/wp-content\/uploads\/2024\/08\/wav-team-Nils-Philipp2-270x300.png 270w, https:\/\/wearevillage.org\/wp-content\/uploads\/2024\/08\/wav-team-Nils-Philipp2-135x150.png 135w, https:\/\/wearevillage.org\/wp-content\/uploads\/2024\/08\/wav-team-Nils-Philipp2-768x853.png 768w, https:\/\/wearevillage.org\/wp-content\/uploads\/2024\/08\/wav-team-Nils-Philipp2-624x693.png 624w, https:\/\/wearevillage.org\/wp-content\/uploads\/2024\/08\/wav-team-Nils-Philipp2-390x433.png 390w, https:\/\/wearevillage.org\/wp-content\/uploads\/2024\/08\/wav-team-Nils-Philipp2-600x667.png 600w\" sizes=\"auto, (max-width: 160px) 100vw, 160px\" \/> <strong>Nils Philipp<\/strong> ist Kunst- und Architekturvermittler und bet\u00e4tigt sich zudem als Dichter, Fotograf und Dekofee. Nach Erfahrungen als Hausmeister, Feinkostverk\u00e4ufer und Bademeister arbeitet er u.a. als Buchh\u00e4ndler. W\u00e4hrend er auf seinen Durchbruch wahlweise als Schriftsteller oder Dekorateur wartet, liest er viel und gerne.<\/p>\n\n\t\t<\/div>\n\t<\/div>\n<div class=\"vc_separator wpb_content_element vc_separator_align_center vc_sep_width_100 vc_sep_pos_align_center vc_separator_no_text vc_sep_color_grey vc_custom_1723801636502 wpb_content_element  vc_custom_1723801636502 wpb_content_element\" ><span class=\"vc_sep_holder vc_sep_holder_l\"><span class=\"vc_sep_line\"><\/span><\/span><span class=\"vc_sep_holder vc_sep_holder_r\"><span class=\"vc_sep_line\"><\/span><\/span>\n<\/div>\n\t<div class=\"wpb_text_column wpb_content_element\" >\n\t\t<div class=\"wpb_wrapper\">\n\t\t\t<p><span style=\"text-decoration: underline;\"><strong>\u00dcber den Village Book Club<\/strong><\/span><br \/>\n\u2022 B\u00fccherliebhaber und Leseratten treffen sich jeden Monat, um Literatur und Sachb\u00fccher (Romane, Biografien und Essays) zu besprechen, die sich mit LGBTQIA+-Themen und -Pers\u00f6nlichkeiten befassen oder damit in Zusammenhang stehen.<br \/>\n\u2022 In Voraussicht auf aufschlussreiche Diskussionen w\u00e4hlen wir das n\u00e4chste Buch zwei Monate im Voraus aus.<br \/>\n\u2022 Die Diskussionen am Abend finden auf Deutsch statt, aber die Teilnehmenden k\u00f6nnen die B\u00fccher in ihrer Lieblingssprache lesen.<br \/>\n\u2022 Die Veranstaltung ist kostenlos und ohne Anmeldung<\/p>\n<p><em>** Diese Veranstaltung ist Teil unseres Programms \u201a<strong><a href=\"https:\/\/wearevillage.org\/village-quartiere\/addressing-queer-lonliness\" target=\"_blank\" rel=\"noopener\">Gemeinsam statt einsam<\/a><\/strong>\u201a, unterst\u00fctzt von der <strong><a href=\"https:\/\/www.berlin.de\/sen\/lads\/\" target=\"_blank\" rel=\"noopener\">LADS<\/a><\/strong>. <\/em><br \/>\n<em>Erfahre mehr \u00fcber das Programm <a href=\"https:\/\/wearevillage.org\/village-quartiere\/addressing-queer-lonliness\" target=\"_blank\" rel=\"noopener\">hier<\/a>.<\/em><\/p>\n\n\t\t<\/div>\n\t<\/div>\n<\/div><\/div><\/div><\/div>\n<\/div>","protected":false},"excerpt":{"rendered":"<h5>Dienstag (jeden zweiten Monat)<br \/>\n20:00 \u2013 22:30<br \/>\nkostenlos<br \/>\nAuf Deutsch<\/h5>\n<p class=\"p1\"><strong>| <span style=\"color: #ec6c23;\">LGBTQIA+<\/span>\u00a0|<\/strong><\/p>\n<p><strong>Annemarie Schwarzenbach, Das gl\u00fcckliche Tal (1939)<\/strong><\/p>\n<p>In \u201eDas gl\u00fcckliche Tal\u201c erz\u00e4hlt Annemarie Schwarzenbach von einer Reise ins afghanische Karun-Tal, die sie 1939 gemeinsam mit Ella Maillart unternahm. Was als Bericht einer Expedition in die Fremde beginnt, verwandelt sich in ein fiebriges Protokoll innerer Zust\u00e4nde: die Schweizer Autorin, Morphinistin und kosmopolitische Fotografin der Zwischenkriegszeit, geht von Beschreibungen der rauen Tallandschaft mehr und mehr \u00fcber zu sich selbst.<\/p>\n","protected":false},"author":12,"featured_media":32484,"template":"","meta":{"pmpro_default_level":"","inline_featured_image":false},"product_brand":[],"product_cat":[791,769,79],"product_tag":[469],"class_list":{"0":"post-32482","1":"product","2":"type-product","3":"status-publish","4":"has-post-thumbnail","6":"product_cat-gemeinsam-statt-einsam","7":"product_cat-kostenloser-zugang","8":"product_cat-monatliche-events","9":"product_tag-lgbtqiaplus","10":"pmpro-has-access","12":"first","13":"instock","14":"product-type-simple"},"wpml_current_locale":"de_DE","wpml_translations":{"en_US":{"locale":"en_US","id":32483,"slug":"book-club-w45-2025","post_title":"Book Club in German","href":"https:\/\/wearevillage.org\/en\/shop\/book-club\/w45-2025"}},"language":{"code":"de","locale":"","name":"","is_rtl":false},"_links":{"self":[{"href":"https:\/\/wearevillage.org\/wp-json\/wp\/v2\/product\/32482","targetHints":{"allow":["GET"]}}],"collection":[{"href":"https:\/\/wearevillage.org\/wp-json\/wp\/v2\/product"}],"about":[{"href":"https:\/\/wearevillage.org\/wp-json\/wp\/v2\/types\/product"}],"author":[{"embeddable":true,"href":"https:\/\/wearevillage.org\/wp-json\/wp\/v2\/users\/12"}],"wp:featuredmedia":[{"embeddable":true,"href":"https:\/\/wearevillage.org\/wp-json\/wp\/v2\/media\/32484"}],"wp:attachment":[{"href":"https:\/\/wearevillage.org\/wp-json\/wp\/v2\/media?parent=32482"}],"wp:term":[{"taxonomy":"product_brand","embeddable":true,"href":"https:\/\/wearevillage.org\/wp-json\/wp\/v2\/product_brand?post=32482"},{"taxonomy":"product_cat","embeddable":true,"href":"https:\/\/wearevillage.org\/wp-json\/wp\/v2\/product_cat?post=32482"},{"taxonomy":"product_tag","embeddable":true,"href":"https:\/\/wearevillage.org\/wp-json\/wp\/v2\/product_tag?post=32482"}],"curies":[{"name":"wp","href":"https:\/\/api.w.org\/{rel}","templated":true}]}}