{"id":32494,"date":"2025-09-30T10:36:52","date_gmt":"2025-09-30T08:36:52","guid":{"rendered":"https:\/\/wearevillage.org\/?post_type=product&#038;p=32494"},"modified":"2025-10-24T21:46:49","modified_gmt":"2025-10-24T19:46:49","slug":"ethno-bewegung-queer-bridges-2","status":"publish","type":"product","link":"https:\/\/wearevillage.org\/shop\/queer-images\/w43-2025\/","title":{"rendered":"Ethno-Bewegung"},"content":{"rendered":"<div class=\"wpb-content-wrapper\"><div class=\"vc_row wpb_row vc_row-fluid\"><div class=\"wpb_column vc_column_container vc_col-sm-12\"><div class=\"vc_column-inner\"><div class=\"wpb_wrapper\"><h4 style=\"text-align: left\" class=\"vc_custom_heading vc_do_custom_heading\" >Ethno-Bewegung \u2013 Der Puls des Erbes<\/h4><h5 style=\"text-align: left\" class=\"vc_custom_heading vc_do_custom_heading\" >mit Munir Arreola<\/h5>\n\t<div class=\"wpb_text_column wpb_content_element\" >\n\t\t<div class=\"wpb_wrapper\">\n\t\t\t<p>In diesem Workshop tauchen die Teilnehmenden in eine physische und expressive Reise in drei Aktivierungsphasen ein: k\u00f6rperlich, animalisch und festlich. Der Workshop beginnt mit einem Warm-up f\u00fcr Muskeln und Mobilit\u00e4t und bereitet den K\u00f6rper auf eine tiefgehende und sensorische Erfahrung vor.<\/p>\n<p>Anschlie\u00dfend erforschen die Teilnehmenden zentrale Prinzipien der animalischen Bewegung, Bodenarbeit und Release-Technik \u2013 mit einer Verbindung zu animalischen Bewegungsmustern, Instinkt und verk\u00f6rperter Pr\u00e4senz. Danach wird der K\u00f6rper eingeladen, sich zu l\u00f6sen und zu den Rhythmen lateinamerikanischer und nordafrikanischer Musik zu vibrieren \u2013 eine Phase in der dynamische, rhythmische und freudvolle Bewegung m\u00f6glich ist.<\/p>\n<p>Der Workshop kulminiert in einer kollektiven Improvisations\u00fcbung, die in einer festlichen, spielerischen und kreativen Atmosph\u00e4re stattfindet. Es ist eine Einladung, sich mit der Essenz der Bewegung, der Weisheit des K\u00f6rpers und dem gemeinschaftlichen Geist des Tanzes zu verbinden.<\/p>\n\n\t\t<\/div>\n\t<\/div>\n<div class=\"vc_separator wpb_content_element vc_separator_align_center vc_sep_width_100 vc_sep_pos_align_center vc_separator_no_text vc_sep_color_grey wpb_content_element  wpb_content_element\" ><span class=\"vc_sep_holder vc_sep_holder_l\"><span class=\"vc_sep_line\"><\/span><\/span><span class=\"vc_sep_holder vc_sep_holder_r\"><span class=\"vc_sep_line\"><\/span><\/span>\n<\/div>\n\t<div class=\"wpb_text_column wpb_content_element\" >\n\t\t<div class=\"wpb_wrapper\">\n\t\t\t<p><strong><img loading=\"lazy\" decoding=\"async\" class=\" wp-image-29455 alignleft\" src=\"https:\/\/wearevillage.org\/wp-content\/uploads\/2025\/08\/wav-team-Munir-Arreola-270x300.png\" alt=\"\" width=\"160\" height=\"178\" srcset=\"https:\/\/wearevillage.org\/wp-content\/uploads\/2025\/08\/wav-team-Munir-Arreola-270x300.png 270w, https:\/\/wearevillage.org\/wp-content\/uploads\/2025\/08\/wav-team-Munir-Arreola-135x150.png 135w, https:\/\/wearevillage.org\/wp-content\/uploads\/2025\/08\/wav-team-Munir-Arreola-768x853.png 768w, https:\/\/wearevillage.org\/wp-content\/uploads\/2025\/08\/wav-team-Munir-Arreola-624x693.png 624w, https:\/\/wearevillage.org\/wp-content\/uploads\/2025\/08\/wav-team-Munir-Arreola-390x433.png 390w, https:\/\/wearevillage.org\/wp-content\/uploads\/2025\/08\/wav-team-Munir-Arreola-600x667.png 600w, https:\/\/wearevillage.org\/wp-content\/uploads\/2025\/08\/wav-team-Munir-Arreola.png 900w\" sizes=\"auto, (max-width: 160px) 100vw, 160px\" \/>Munir Arreola<\/strong> ist ein aufstrebender Tanzk\u00fcnstler mit Sitz in Berlin. In seiner Arbeit setzt er sich mit Identit\u00e4t, Queerness und Migration auseinander. Gepr\u00e4gt von seinem lateinamerikanisch-nordafrikanischen Hintergrund, verbindet er Einfl\u00fcsse aus der mexikanischen und marokkanischen Kultur mit zeitgen\u00f6ssischem Tanz, Flamenco, Ballett und Modern Dance. Er pr\u00e4sentierte Arbeiten in Berlin und Mexiko-Stadt und trat mit verschiedenen K\u00fcnstler*innen der Berliner Szene auf. Zudem ist er k\u00fcnstlerischer Leiter im Bereich Tanz der Veranstaltungsreihe \u201ePuticlub Berlin\u201c und dem \u201eQueer Arab Collective\u201c.<\/p>\n\n\t\t<\/div>\n\t<\/div>\n<div class=\"vc_separator wpb_content_element vc_separator_align_center vc_sep_width_100 vc_sep_pos_align_center vc_separator_no_text vc_sep_color_grey wpb_content_element  wpb_content_element\" ><span class=\"vc_sep_holder vc_sep_holder_l\"><span class=\"vc_sep_line\"><\/span><\/span><span class=\"vc_sep_holder vc_sep_holder_r\"><span class=\"vc_sep_line\"><\/span><\/span>\n<\/div>\n\t<div class=\"wpb_text_column wpb_content_element\" >\n\t\t<div class=\"wpb_wrapper\">\n\t\t\t<p>In diesem Workshop, der monatlich stattfindet, bist du eingeladen, dich durch die Schaffung von visueller Kunst auszudr\u00fccken. Der Fokus liegt auf dem Prozess, nicht auf dem Ergebnis. Unser Ziel ist es, einen Kanal zu unserer pers\u00f6nlichen Kreativit\u00e4t zu \u00f6ffnen und tiefere Verbindungen zu unserem inneren Selbst und zueinander zu schaffen. Es sind keine besonderen F\u00e4higkeiten oder \u201eTalente\u201c erforderlich, nur die Bereitschaft, sich mit Neugier aktiv einzubringen.<\/p>\n\n\t\t<\/div>\n\t<\/div>\n<div class=\"vc_separator wpb_content_element vc_separator_align_center vc_sep_width_100 vc_sep_pos_align_center vc_separator_no_text vc_sep_color_grey wpb_content_element  wpb_content_element\" ><span class=\"vc_sep_holder vc_sep_holder_l\"><span class=\"vc_sep_line\"><\/span><\/span><span class=\"vc_sep_holder vc_sep_holder_r\"><span class=\"vc_sep_line\"><\/span><\/span>\n<\/div>\n\t<div class=\"wpb_text_column wpb_content_element\" >\n\t\t<div class=\"wpb_wrapper\">\n\t\t\t<p><span style=\"text-decoration: underline;\"><strong>Hinweise<\/strong><\/span><br \/>\n<strong>Teilnehmende<\/strong>: Dieser Workshop richtet sich an alle, die sich als LGBTQIA+ identifizieren.<br \/>\n<strong>Sprache<\/strong>: Je nach Bed\u00fcrfnissen der Gruppe werden wir Deutsch und\/oder Englisch sprechen.<br \/>\n<strong>Kosten<\/strong>: kostenlos mit Anmeldung.<\/p>\n<p><em>** Diese Veranstaltung ist Teil unseres Programms \u201a<strong><a href=\"https:\/\/wearevillage.org\/village-quartiere\/addressing-queer-lonliness\" target=\"_blank\" rel=\"noopener\">Gemeinsam statt einsam<\/a><\/strong>\u201a, unterst\u00fctzt von der <strong><a href=\"https:\/\/www.berlin.de\/sen\/lads\/\" target=\"_blank\" rel=\"noopener\">LADS<\/a><\/strong>. <\/em><br \/>\n<em>Erfahre mehr \u00fcber das Programm <a href=\"https:\/\/wearevillage.org\/village-quartiere\/addressing-queer-lonliness\" target=\"_blank\" rel=\"noopener\">hier<\/a>.<\/em><\/p>\n\n\t\t<\/div>\n\t<\/div>\n<\/div><\/div><\/div><\/div>\n<\/div>","protected":false},"excerpt":{"rendered":"<h5>Samstag<br \/>\n13:00-15:00<br \/>\nkostenlos mit Anmeldung<\/h5>\n<p><strong> | <span style=\"color: #ec6c23;\"> LGBTQIA+ <\/span> | <\/strong><\/p>\n<p><strong>Ethno-Bewegung mit Munir Arreola<\/strong><br \/>\nBewegung durch K\u00f6rper, Instinkt und Rhythmus erkunden \u2013 ein lebendiger Tanzworkshop.<\/p>\n","protected":false},"author":12,"featured_media":32531,"template":"","meta":{"pmpro_default_level":"","inline_featured_image":false},"product_brand":[],"product_cat":[77,791,769],"product_tag":[469],"class_list":{"0":"post-32494","1":"product","2":"type-product","3":"status-publish","4":"has-post-thumbnail","6":"product_cat-community-events","7":"product_cat-gemeinsam-statt-einsam","8":"product_cat-kostenloser-zugang","9":"product_tag-lgbtqiaplus","10":"pmpro-has-access","12":"first","13":"instock","14":"product-type-simple"},"wpml_current_locale":"de_DE","wpml_translations":{"en_US":{"locale":"en_US","id":32495,"slug":"ethno-movement-queer-bridges-copy-2","post_title":"Ethno-Movement","href":"https:\/\/wearevillage.org\/en\/shop\/queer-images\/w43-20255"}},"language":{"code":"de","locale":"","name":"","is_rtl":false},"_links":{"self":[{"href":"https:\/\/wearevillage.org\/wp-json\/wp\/v2\/product\/32494","targetHints":{"allow":["GET"]}}],"collection":[{"href":"https:\/\/wearevillage.org\/wp-json\/wp\/v2\/product"}],"about":[{"href":"https:\/\/wearevillage.org\/wp-json\/wp\/v2\/types\/product"}],"author":[{"embeddable":true,"href":"https:\/\/wearevillage.org\/wp-json\/wp\/v2\/users\/12"}],"wp:featuredmedia":[{"embeddable":true,"href":"https:\/\/wearevillage.org\/wp-json\/wp\/v2\/media\/32531"}],"wp:attachment":[{"href":"https:\/\/wearevillage.org\/wp-json\/wp\/v2\/media?parent=32494"}],"wp:term":[{"taxonomy":"product_brand","embeddable":true,"href":"https:\/\/wearevillage.org\/wp-json\/wp\/v2\/product_brand?post=32494"},{"taxonomy":"product_cat","embeddable":true,"href":"https:\/\/wearevillage.org\/wp-json\/wp\/v2\/product_cat?post=32494"},{"taxonomy":"product_tag","embeddable":true,"href":"https:\/\/wearevillage.org\/wp-json\/wp\/v2\/product_tag?post=32494"}],"curies":[{"name":"wp","href":"https:\/\/api.w.org\/{rel}","templated":true}]}}