{"id":32843,"date":"2025-10-08T16:33:37","date_gmt":"2025-10-08T14:33:37","guid":{"rendered":"https:\/\/wearevillage.org\/?post_type=product&#038;p=32843"},"modified":"2025-11-23T22:31:54","modified_gmt":"2025-11-23T21:31:54","slug":"heimat-schreiben-queer-bridges","status":"publish","type":"product","link":"https:\/\/wearevillage.org\/shop\/writing-home-queer-bridges\/w48-2025\/","title":{"rendered":"Heimat schreiben \u2013 Queer Bridges"},"content":{"rendered":"<div class=\"wpb-content-wrapper\"><div class=\"vc_row wpb_row vc_row-fluid\"><div class=\"wpb_column vc_column_container vc_col-sm-12\"><div class=\"vc_column-inner\"><div class=\"wpb_wrapper\"><h4 style=\"text-align: left\" class=\"vc_custom_heading vc_do_custom_heading\" >Heimat schreiben \u2013 Queer Bridges<\/h4><h5 style=\"text-align: left\" class=\"vc_custom_heading vc_do_custom_heading\" >mit Todd Barrowclough<\/h5>\n\t<div class=\"wpb_text_column wpb_content_element\" >\n\t\t<div class=\"wpb_wrapper\">\n\t\t\t<p><strong>Was bedeutet \u201eZuhause\u201c f\u00fcr dich?<\/strong><\/p>\n<p>Bist du \u2013 freiwillig oder unfreiwillig \u2013 migriert, und was bedeutet es, fern von dem Ort zu leben, an dem du aufgewachsen bist? Todd wird dir dabei helfen, Wege zu entdecken, \u00fcber Zuhause zu denken, zu lesen und zu schreiben \u2013 ganz gleich, was diese Idee f\u00fcr dich bedeutet. Inspiriert von Schriftsteller:innen und Denker:innen, die vor uns kamen, wird er Diskussionen \u00fcber Orte, \u00dcberg\u00e4nge und Zugeh\u00f6rigkeit leiten.<\/p>\n<p>Worte und Geschichten wohnen in uns allen und warten darauf, entdeckt zu werden. Dieser <strong>Queer Bridges Writing Workshop<\/strong> l\u00e4dt Menschen aller Schreibniveaus \u2013 insbesondere Migrant:innen und Gefl\u00fcchtete \u2013 ein, ihre Kreativit\u00e4t und Vorstellungskraft zu erforschen.<\/p>\n\n\t\t<\/div>\n\t<\/div>\n<div class=\"vc_separator wpb_content_element vc_separator_align_center vc_sep_width_100 vc_sep_pos_align_center vc_separator_no_text vc_sep_color_grey wpb_content_element  wpb_content_element\" ><span class=\"vc_sep_holder vc_sep_holder_l\"><span class=\"vc_sep_line\"><\/span><\/span><span class=\"vc_sep_holder vc_sep_holder_r\"><span class=\"vc_sep_line\"><\/span><\/span>\n<\/div>\n\t<div class=\"wpb_text_column wpb_content_element\" >\n\t\t<div class=\"wpb_wrapper\">\n\t\t\t<p><strong><img loading=\"lazy\" decoding=\"async\" class=\"alignnone wp-image-32846 \" src=\"https:\/\/wearevillage.org\/wp-content\/uploads\/2025\/10\/Todd_landscape_2-scaled-e1759934881896.jpg\" alt=\"\" width=\"150\" height=\"158\" srcset=\"https:\/\/wearevillage.org\/wp-content\/uploads\/2025\/10\/Todd_landscape_2-scaled-e1759934881896.jpg 866w, https:\/\/wearevillage.org\/wp-content\/uploads\/2025\/10\/Todd_landscape_2-scaled-e1759934881896-285x300.jpg 285w, https:\/\/wearevillage.org\/wp-content\/uploads\/2025\/10\/Todd_landscape_2-scaled-e1759934881896-143x150.jpg 143w, https:\/\/wearevillage.org\/wp-content\/uploads\/2025\/10\/Todd_landscape_2-scaled-e1759934881896-768x807.jpg 768w, https:\/\/wearevillage.org\/wp-content\/uploads\/2025\/10\/Todd_landscape_2-scaled-e1759934881896-624x656.jpg 624w, https:\/\/wearevillage.org\/wp-content\/uploads\/2025\/10\/Todd_landscape_2-scaled-e1759934881896-390x410.jpg 390w, https:\/\/wearevillage.org\/wp-content\/uploads\/2025\/10\/Todd_landscape_2-scaled-e1759934881896-600x630.jpg 600w\" sizes=\"auto, (max-width: 150px) 100vw, 150px\" \/>Todd Barrowclough <\/strong>ist ein S\u0101moan-Schriftsteller, Lehrer f\u00fcr kreatives Schreiben und Programmmanager aus Aotearoa-Neuseeland und Naarm\/Melbourne. Er schloss 2016 einen Master of Creative Writing an der University of Auckland ab. Seine Arbeiten sind in der Academy of New Zealand Literature, der Aotearoa New Zealand Review of Books und der Literaturzeitschrift The Three Lamps erschienen.<strong><br \/>\n<\/strong><\/p>\n\n\t\t<\/div>\n\t<\/div>\n<div class=\"vc_separator wpb_content_element vc_separator_align_center vc_sep_width_100 vc_sep_pos_align_center vc_separator_no_text vc_sep_color_grey wpb_content_element  wpb_content_element\" ><span class=\"vc_sep_holder vc_sep_holder_l\"><span class=\"vc_sep_line\"><\/span><\/span><span class=\"vc_sep_holder vc_sep_holder_r\"><span class=\"vc_sep_line\"><\/span><\/span>\n<\/div>\n\t<div class=\"wpb_text_column wpb_content_element\" >\n\t\t<div class=\"wpb_wrapper\">\n\t\t\t<p><strong>Queer Bridges: Verbindungen schaffen und Ressourcen f\u00fcr LGBTQIA+ Menschen mit Migrationserfahrung bereitstellen.<\/strong><\/p>\n<p>Queere Menschen mit Migrationserfahrung in Berlin sehen sich in ihrem t\u00e4glichen Leben oft mit besonderen Herausforderungen konfrontiert, die ihren Zugang zu unterst\u00fctzenden Gemeinschaften und integrativen Umgebungen einschr\u00e4nken k\u00f6nnen.<\/p>\n<p><img loading=\"lazy\" decoding=\"async\" class=\"wp-image-15170 alignleft\" src=\"https:\/\/wearevillage.org\/wp-content\/uploads\/2024\/06\/stiftung-300x121.png\" alt=\"\" width=\"216\" height=\"87\" srcset=\"https:\/\/wearevillage.org\/wp-content\/uploads\/2024\/06\/stiftung-300x121.png 300w, https:\/\/wearevillage.org\/wp-content\/uploads\/2024\/06\/stiftung-1024x414.png 1024w, https:\/\/wearevillage.org\/wp-content\/uploads\/2024\/06\/stiftung-150x61.png 150w, https:\/\/wearevillage.org\/wp-content\/uploads\/2024\/06\/stiftung-768x310.png 768w, https:\/\/wearevillage.org\/wp-content\/uploads\/2024\/06\/stiftung-1536x620.png 1536w, https:\/\/wearevillage.org\/wp-content\/uploads\/2024\/06\/stiftung-2048x827.png 2048w, https:\/\/wearevillage.org\/wp-content\/uploads\/2024\/06\/stiftung-624x252.png 624w, https:\/\/wearevillage.org\/wp-content\/uploads\/2024\/06\/stiftung-390x158.png 390w, https:\/\/wearevillage.org\/wp-content\/uploads\/2024\/06\/stiftung-600x242.png 600w\" sizes=\"auto, (max-width: 216px) 100vw, 216px\" \/>Mit Unterst\u00fctzung der <strong>Deutschen Fernsehlotterie Stiftung<\/strong>, haben wir das Programm Queer Bridges entwickelt, um diese H\u00fcrden zu \u00fcberwinden. Wir bieten Ressourcen, Vernetzung und Unterst\u00fctzung in einem einladenden Umfeld f\u00fcr queere Migrant*innen und Gefl\u00fcchtete durch unser spezielles Programm. Unser Ziel ist es, ein Gef\u00fchl der Zugeh\u00f6rigkeit zur lokalen LGBTQIA+ Community zu f\u00f6rdern und damit eine reibungslose Integration sowie eine verbesserte Lebensqualit\u00e4t f\u00fcr queere Menschen mit Migrationserfahrung zu erm\u00f6glichen.<\/p>\n<p>\u2705 Unser<strong> Queer Bridges<\/strong> Programm wird sich stetig weiter entwickeln und wir freuen uns auch jederzeit von Euren Bedarfen zu h\u00f6ren. Bei Interesse k\u00f6nnt ihr uns eine E-Mail schicken, um \u00fcber weitere Aktualisierungen informiert zu bleiben.<\/p>\n\n\t\t<\/div>\n\t<\/div>\n<div class=\"vc_separator wpb_content_element vc_separator_align_center vc_sep_width_100 vc_sep_pos_align_center vc_separator_no_text vc_sep_color_grey wpb_content_element  wpb_content_element\" ><span class=\"vc_sep_holder vc_sep_holder_l\"><span class=\"vc_sep_line\"><\/span><\/span><span class=\"vc_sep_holder vc_sep_holder_r\"><span class=\"vc_sep_line\"><\/span><\/span>\n<\/div>\n\t<div class=\"wpb_text_column wpb_content_element\" >\n\t\t<div class=\"wpb_wrapper\">\n\t\t\t<p><u><strong>Hinweise<\/strong><\/u><br \/>\n<strong>Teilnehmende<\/strong>: Dieser Workshop richtet sich an alle, die sich als LGBTQIA+ identifizieren und Migrations- und\/oder Fluchterfahrung erlebt haben. Wenn ihr diese Erfahrungen nicht teilt, aber dennoch an einer Teilnahme interessiert seid, meldet euch bitte zuerst bei uns, um zu kl\u00e4ren, ob ein Platz frei ist. Wir bitten alle Teilnehmenden, den Schwerpunkt des Programms zu respektieren und dazu beizutragen, einen offenen, respektvollen Raum zu schaffen.<br \/>\n<strong>Sprache<\/strong>: Dieses Event wird auf Englisch sein.<br \/>\n<strong>Kosten<\/strong>: Die Teilnahme ist kostenlos mit Anmeldung<\/p>\n\n\t\t<\/div>\n\t<\/div>\n<\/div><\/div><\/div><\/div>\n<\/div>","protected":false},"excerpt":{"rendered":"<h5>Montag<br \/>\nkostenlos mit Ameldung<br \/>\n18:00 \u2013 19:30<\/h5>\n<p><strong style=\"font-size: 16px;\">| <span style=\"color: #ec6c23;\">LGBTQIA+<\/span>|<\/strong><\/p>\n<p><strong>Was bedeutet \u201eZuhause\u201c f\u00fcr dich?<\/strong><\/p>\n<p>Bist du \u2013 freiwillig oder unfreiwillig \u2013 migriert, und was bedeutet es, fern von dem Ort zu leben, an dem du aufgewachsen bist? Todd wird dir dabei helfen, Wege zu entdecken, \u00fcber Zuhause zu denken, zu lesen und zu schreiben \u2013 ganz gleich, was diese Idee f\u00fcr dich bedeutet. Inspiriert von Schriftsteller:innen und Denker:innen, die vor uns kamen, wird er Diskussionen \u00fcber Orte, \u00dcberg\u00e4nge und Zugeh\u00f6rigkeit leiten.<\/p>\n","protected":false},"author":12,"featured_media":32848,"template":"","meta":{"pmpro_default_level":"","inline_featured_image":false},"product_brand":[],"product_cat":[77,769,83],"product_tag":[469],"class_list":{"0":"post-32843","1":"product","2":"type-product","3":"status-publish","4":"has-post-thumbnail","6":"product_cat-community-events","7":"product_cat-kostenloser-zugang","8":"product_cat-workshops","9":"product_tag-lgbtqiaplus","10":"pmpro-has-access","12":"first","13":"instock","14":"product-type-simple"},"wpml_current_locale":"de_DE","wpml_translations":{"en_US":{"locale":"en_US","id":32844,"slug":"crafting-your-career-workshop-queer-bridges-copy","post_title":"Writing Home - Queer Bridges","href":"https:\/\/wearevillage.org\/en\/shop\/writing-home-queer-bridges\/w48-2025"}},"language":{"code":"de","locale":"","name":"","is_rtl":false},"_links":{"self":[{"href":"https:\/\/wearevillage.org\/wp-json\/wp\/v2\/product\/32843","targetHints":{"allow":["GET"]}}],"collection":[{"href":"https:\/\/wearevillage.org\/wp-json\/wp\/v2\/product"}],"about":[{"href":"https:\/\/wearevillage.org\/wp-json\/wp\/v2\/types\/product"}],"author":[{"embeddable":true,"href":"https:\/\/wearevillage.org\/wp-json\/wp\/v2\/users\/12"}],"wp:featuredmedia":[{"embeddable":true,"href":"https:\/\/wearevillage.org\/wp-json\/wp\/v2\/media\/32848"}],"wp:attachment":[{"href":"https:\/\/wearevillage.org\/wp-json\/wp\/v2\/media?parent=32843"}],"wp:term":[{"taxonomy":"product_brand","embeddable":true,"href":"https:\/\/wearevillage.org\/wp-json\/wp\/v2\/product_brand?post=32843"},{"taxonomy":"product_cat","embeddable":true,"href":"https:\/\/wearevillage.org\/wp-json\/wp\/v2\/product_cat?post=32843"},{"taxonomy":"product_tag","embeddable":true,"href":"https:\/\/wearevillage.org\/wp-json\/wp\/v2\/product_tag?post=32843"}],"curies":[{"name":"wp","href":"https:\/\/api.w.org\/{rel}","templated":true}]}}