{"id":32900,"date":"2025-10-10T11:40:36","date_gmt":"2025-10-10T09:40:36","guid":{"rendered":"https:\/\/wearevillage.org\/?post_type=product&#038;p=32900"},"modified":"2025-11-12T16:51:35","modified_gmt":"2025-11-12T15:51:35","slug":"yoga-fuer-queere-maenner-53","status":"publish","type":"product","link":"https:\/\/wearevillage.org\/shop\/yoga-queer-men\/w47-2025\/","title":{"rendered":"Yoga f\u00fcr queere M\u00e4nner* \/ ABGESAGT"},"content":{"rendered":"<div class=\"wpb-content-wrapper\"><div class=\"vc_row wpb_row vc_row-fluid\"><div class=\"wpb_column vc_column_container vc_col-sm-12\"><div class=\"vc_column-inner\"><div class=\"wpb_wrapper\"><h4 style=\"text-align: left\" class=\"vc_custom_heading vc_do_custom_heading\" >Yoga f\u00fcr queere M\u00e4nner* \/ Mittleres Niveau<\/h4><h5 style=\"text-align: left\" class=\"vc_custom_heading vc_do_custom_heading\" >Mit Lucas Desmurs<\/h5>\n\t<div class=\"wpb_text_column wpb_content_element\" >\n\t\t<div class=\"wpb_wrapper\">\n\t\t\t<p class=\"p1\"><strong>Queer Yoga f\u00fcr M\u00e4nner \/\u00a0 Mittleres Niveau<\/strong><br \/>\nKomm zu einer belebenden Yogastunde, die speziell f\u00fcr queere M\u00e4nner mit etwas Erfahrung gestaltet wurde. Diese Klasse bietet eine dynamische und inklusive Umgebung, in der du deine Praxis vertiefen, dich mit anderen verbinden und deine Einzigartigkeit feiern kannst.<br \/>\nErwarte eine flie\u00dfende Abfolge, die deine Kraft und Flexibilit\u00e4t herausfordert, w\u00e4hrend sie achtsame Bewegung und Atembewusstsein f\u00f6rdert. Unsere unterst\u00fctzende Gemeinschaft hei\u00dft alle Identit\u00e4ten und F\u00e4higkeiten willkommen und f\u00f6rdert ein Gef\u00fchl der Zugeh\u00f6rigkeit und Erm\u00e4chtigung.<\/p>\n<p>Sei bereit, in einem Raum zu erkunden und dich zu verbinden, in dem du ganz du selbst sein kannst.<\/p>\n\n\t\t<\/div>\n\t<\/div>\n<div class=\"vc_separator wpb_content_element vc_separator_align_center vc_sep_width_100 vc_sep_pos_align_center vc_separator_no_text vc_sep_color_grey wpb_content_element  wpb_content_element\" ><span class=\"vc_sep_holder vc_sep_holder_l\"><span class=\"vc_sep_line\"><\/span><\/span><span class=\"vc_sep_holder vc_sep_holder_r\"><span class=\"vc_sep_line\"><\/span><\/span>\n<\/div>\n\t<div class=\"wpb_text_column wpb_content_element\" >\n\t\t<div class=\"wpb_wrapper\">\n\t\t\t<p><img loading=\"lazy\" decoding=\"async\" class=\"alignleft\" src=\"https:\/\/wearevillage.org\/wp-content\/uploads\/2024\/02\/wav-team-Lucas-Desmurs-copy.png\" width=\"160\" height=\"178\" \/><strong>Lucas Desmurs <\/strong>kommt aus Frankreich und lebt seit 2012 in Berlin. Er entdeckte Yoga 2007 in Indien und unterrichtet seit 2017 Vinyasa Flow. Er engagiert sich seit langem in der LGBTQI+-Gemeinschaft und freut sich darauf, durch seine Arbeit bei we are village weiterhin einen Beitrag zu leisten. Sein Ziel ist es, die Freude am Yoga in einem sicheren Raum durch eine spielerische und herausfordernde Praxis zu teilen, die Atem, Bewegung und Entspannung kombiniert und den Teilnehmern hilft, ihr wahres Potenzial zu entfalten.<\/p>\n\n\t\t<\/div>\n\t<\/div>\n<div class=\"vc_separator wpb_content_element vc_separator_align_center vc_sep_width_100 vc_sep_pos_align_center vc_separator_no_text vc_sep_color_grey vc_custom_1724856669252 wpb_content_element  vc_custom_1724856669252 wpb_content_element\" ><span class=\"vc_sep_holder vc_sep_holder_l\"><span class=\"vc_sep_line\"><\/span><\/span><span class=\"vc_sep_holder vc_sep_holder_r\"><span class=\"vc_sep_line\"><\/span><\/span>\n<\/div>\n\t<div class=\"wpb_text_column wpb_content_element\" >\n\t\t<div class=\"wpb_wrapper\">\n\t\t\t<p><strong><span style=\"text-decoration: underline;\">Hinweise<br \/>\n<\/span>Niveau: Mittelstufe (etwas Vorerfahrung mit Yoga wird empfohlen)<\/strong><br \/>\nTrage bequeme Kleidungen. Bringe ein Handtuch mit, um es auf die Matte zu legen.<br \/>\n<strong>Sprache<\/strong>: Je nach Bed\u00fcrfnissen der Gruppe werden wir Deutsch und\/oder Englisch sprechen.<br \/>\n<strong>Kosten<\/strong>: Diese Veranstaltung z\u00e4hlt zu den zwei kostenfreien Veranstaltungen pro Monat f\u00fcr Mitglieder.<br \/>\n<strong>Member werden<\/strong>: Als Mitglied unterst\u00fctzt du nicht nur unser Projekt, sondern du erh\u00e4ltst gleichzeitig monatlich Zugang zu zwei kostenfreien Veranstaltungen. Mehr Infos\u00a0<a href=\"https:\/\/wearevillage.org\/mitgliedschaft\/\" target=\"_blank\" rel=\"noopener\"><strong>hier<\/strong><\/a>.<\/p>\n\n\t\t<\/div>\n\t<\/div>\n<\/div><\/div><\/div><\/div>\n<\/div>","protected":false},"excerpt":{"rendered":"<h5>Mittwochs<br \/>\n20:00 \u2013 21:30<\/h5>\n<p class=\"p1\"><strong>| <span style=\"color: #ec6c23;\">GBTQ men*<\/span>\u00a0|<\/strong><\/p>\n<p>Mit einer ausgewogenen Mischung aus dynamischen Haltungen, etwas Flow und ruhigeren Positionen nehmen wir uns die Zeit, tief einzutauchen, zu sp\u00fcren und aus dem Kopf in den K\u00f6rper zu kommen.<\/p>\n","protected":false},"author":11,"featured_media":29809,"template":"","meta":{"pmpro_default_level":"","inline_featured_image":false},"product_brand":[],"product_cat":[82],"product_tag":[469],"class_list":{"0":"post-32900","1":"product","2":"type-product","3":"status-publish","4":"has-post-thumbnail","6":"product_cat-woechentliche-klassen","7":"product_tag-lgbtqiaplus","8":"pmpro-has-access","10":"first","11":"instock","12":"product-type-variable"},"wpml_current_locale":"de_DE","wpml_translations":{"en_US":{"locale":"en_US","id":32904,"slug":"yoga-fuer-queere-maenner-53","post_title":"Yoga for queer men* \/ CANCELLED","href":"https:\/\/wearevillage.org\/en\/shop\/yoga-queer-men\/w47-2025"}},"language":{"code":"de","locale":"","name":"","is_rtl":false},"_links":{"self":[{"href":"https:\/\/wearevillage.org\/wp-json\/wp\/v2\/product\/32900","targetHints":{"allow":["GET"]}}],"collection":[{"href":"https:\/\/wearevillage.org\/wp-json\/wp\/v2\/product"}],"about":[{"href":"https:\/\/wearevillage.org\/wp-json\/wp\/v2\/types\/product"}],"author":[{"embeddable":true,"href":"https:\/\/wearevillage.org\/wp-json\/wp\/v2\/users\/11"}],"wp:featuredmedia":[{"embeddable":true,"href":"https:\/\/wearevillage.org\/wp-json\/wp\/v2\/media\/29809"}],"wp:attachment":[{"href":"https:\/\/wearevillage.org\/wp-json\/wp\/v2\/media?parent=32900"}],"wp:term":[{"taxonomy":"product_brand","embeddable":true,"href":"https:\/\/wearevillage.org\/wp-json\/wp\/v2\/product_brand?post=32900"},{"taxonomy":"product_cat","embeddable":true,"href":"https:\/\/wearevillage.org\/wp-json\/wp\/v2\/product_cat?post=32900"},{"taxonomy":"product_tag","embeddable":true,"href":"https:\/\/wearevillage.org\/wp-json\/wp\/v2\/product_tag?post=32900"}],"curies":[{"name":"wp","href":"https:\/\/api.w.org\/{rel}","templated":true}]}}