{"id":33069,"date":"2025-10-12T07:37:59","date_gmt":"2025-10-12T05:37:59","guid":{"rendered":"https:\/\/wearevillage.org\/?post_type=product&#038;p=33069"},"modified":"2025-11-06T17:42:34","modified_gmt":"2025-11-06T16:42:34","slug":"herbsternte-massagekreis","status":"publish","type":"product","link":"https:\/\/wearevillage.org\/shop\/regenerative-touch\/w45-2025\/","title":{"rendered":"Herbsternte-Massagekreis \/ ABGESAGT"},"content":{"rendered":"<div class=\"wpb-content-wrapper\"><div class=\"vc_row wpb_row vc_row-fluid\"><div class=\"wpb_column vc_column_container vc_col-sm-12\"><div class=\"vc_column-inner\"><div class=\"wpb_wrapper\"><h4 style=\"text-align: left\" class=\"vc_custom_heading vc_do_custom_heading\" >Herbsternte-Massagekreis mit Zahiro<\/h4><h5 style=\"text-align: left\" class=\"vc_custom_heading vc_do_custom_heading\" >Regenerative Touch Workshopreihe f\u00fcr queere Menschen<\/h5><div class=\"vc_separator wpb_content_element vc_separator_align_center vc_sep_width_100 vc_sep_pos_align_center vc_separator_no_text vc_sep_color_grey wpb_content_element  wpb_content_element\" ><span class=\"vc_sep_holder vc_sep_holder_l\"><span class=\"vc_sep_line\"><\/span><\/span><span class=\"vc_sep_holder vc_sep_holder_r\"><span class=\"vc_sep_line\"><\/span><\/span>\n<\/div>\n\t<div class=\"wpb_text_column wpb_content_element\" >\n\t\t<div class=\"wpb_wrapper\">\n\t\t\t<div class=\"gmail-page\" title=\"Page 1\">\n<div class=\"gmail-section\">\n<div class=\"gmail-layoutArea\">\n<div class=\"gmail-column\">\n<p>Sei herzlich eingeladen zu<span class=\"gmail-Apple-converted-space\">\u00a0<\/span>einer gemeinsamen Zeit, in dem wir nach den warmen Tagen des Jahres zusammenkommen, um uns innerlich zu n\u00e4hren und neu zu verbinden. In einem gesch\u00fctzten Kreis mit wechselnden Partnern geben und empfangen wir achtsame Ber\u00fchrung \u2013 in einem flie\u00dfenden Mix aus sinnlicher Thai-Meridianmassage, von den vier Elementen inspirierter K\u00f6rperarbeit und osteopathisch angeleiteten Techniken.<\/p>\n<p>Die Session ist angeleitet und zugleich offen, unterst\u00fctzt tiefes Sp\u00fcren, reguliert das Nervensystem und sch\u00e4tzt den Wandlungsprozess der Jahreszeit. Indem wir uns in die Verbindung \u2013 mit uns selbst und anderen \u2013 hinein begeben, st\u00e4rken wir unsere inneren Ressourcen und bereiten uns darauf vor, sie mit in die kommenden Wintermonate zu nehmen.<\/p>\n<\/div>\n<\/div>\n<\/div>\n<\/div>\n\n\t\t<\/div>\n\t<\/div>\n<div class=\"vc_separator wpb_content_element vc_separator_align_center vc_sep_width_100 vc_sep_pos_align_center vc_separator_no_text vc_sep_color_grey vc_custom_1734460489038 wpb_content_element  vc_custom_1734460489038 wpb_content_element\" ><span class=\"vc_sep_holder vc_sep_holder_l\"><span class=\"vc_sep_line\"><\/span><\/span><span class=\"vc_sep_holder vc_sep_holder_r\"><span class=\"vc_sep_line\"><\/span><\/span>\n<\/div>\n\t<div class=\"wpb_text_column wpb_content_element\" >\n\t\t<div class=\"wpb_wrapper\">\n\t\t\t<p><img loading=\"lazy\" decoding=\"async\" class=\"wp-image-19326 alignleft\" src=\"https:\/\/wearevillage.org\/wp-content\/uploads\/2024\/11\/Zahiro-Ji-270x300.jpeg\" alt=\"\" width=\"160\" height=\"178\" srcset=\"https:\/\/wearevillage.org\/wp-content\/uploads\/2024\/11\/Zahiro-Ji-270x300.jpeg 270w, https:\/\/wearevillage.org\/wp-content\/uploads\/2024\/11\/Zahiro-Ji-135x150.jpeg 135w, https:\/\/wearevillage.org\/wp-content\/uploads\/2024\/11\/Zahiro-Ji-768x853.jpeg 768w, https:\/\/wearevillage.org\/wp-content\/uploads\/2024\/11\/Zahiro-Ji-624x693.jpeg 624w, https:\/\/wearevillage.org\/wp-content\/uploads\/2024\/11\/Zahiro-Ji-390x433.jpeg 390w, https:\/\/wearevillage.org\/wp-content\/uploads\/2024\/11\/Zahiro-Ji-600x667.jpeg 600w, https:\/\/wearevillage.org\/wp-content\/uploads\/2024\/11\/Zahiro-Ji.jpeg 900w\" sizes=\"auto, (max-width: 160px) 100vw, 160px\" \/> <strong>Zahiro Ji<\/strong> kommt urspr\u00fcnglich vom zeitgen\u00f6ssischen Tanz und arbeitete dann als Heilpraktiker und Dozent f\u00fcr Bewegung und Thai-Meridian-Massage. Er ist nun auf das Gebiet der Trauma- und Stressl\u00f6sung spezialisiert, basierend auf seiner Ausbildung als Somatic Experiencing (SE) und Integrated Somatic Psychology (ISP) Fascilitator und integriert hier seine Erfahrung in K\u00f6rperarbeit und Bewegung.<br \/>\n<a class=\"text-blue underline focus-visible\" contenteditable=\"plaintext-only\" href=\"http:\/\/www.gesundheit-durch-balance.de\/\" target=\"_blank\" rel=\"noreferrer noopener\">www.gesundheit-durch-balance.de<\/a><\/p>\n\n\t\t<\/div>\n\t<\/div>\n<div class=\"vc_separator wpb_content_element vc_separator_align_center vc_sep_width_100 vc_sep_pos_align_center vc_separator_no_text vc_sep_color_grey vc_custom_1734460489038 wpb_content_element  vc_custom_1734460489038 wpb_content_element\" ><span class=\"vc_sep_holder vc_sep_holder_l\"><span class=\"vc_sep_line\"><\/span><\/span><span class=\"vc_sep_holder vc_sep_holder_r\"><span class=\"vc_sep_line\"><\/span><\/span>\n<\/div>\n\t<div class=\"wpb_text_column wpb_content_element\" >\n\t\t<div class=\"wpb_wrapper\">\n\t\t\t<p><strong>Was ist Regenerative Ber\u00fchrung?<\/strong><br \/>\n\u2022 Regenerative Touch ist ein monatlicher Workshop f\u00fcr Queer People, bei dem wir uns gegenseitig helfen, langsamer zu werden, in unseren K\u00f6rper zu kommen und in einer unterst\u00fctzenden und n\u00e4hrenden Umgebung die wohltuende Wirkung von regenerativer Ber\u00fchrung erkunden. Ber\u00fchrung, die im t\u00e4glichen Leben oft \u00fcbersehen wird, ist ein grundlegendes menschliches Bed\u00fcrfnis.<br \/>\n\u2022 In diesen Workshops schaffen wir einen Raum, der ausschlie\u00dflich ihrer regenerativen und heilenden Kraft gewidmet ist, frei von romantischen oder sexuellen Konnotationen.<br \/>\n\u2022 Ber\u00fchrung kommuniziert direkt und erreicht Orte, die Worte nicht erreichen k\u00f6nnen. Hast du jemals die beruhigende Wirkung einer warmen Umarmung oder einer tr\u00f6stenden Hand auf deiner Schulter erlebt? Selbst ein kurzes 15-min\u00fctiges Handhalten kann zu einer signifikanten Senkung der Herzfrequenz und des Blutdrucks f\u00fchren und eine starke Entspannungsreaktion signalisieren.<br \/>\n\u2022 Eine einfache 20-sek\u00fcndige Umarmung kann zu h\u00f6heren Oxytocinspiegeln f\u00fchren, dem Hormon, das mit Bindung und Vertrauen verbunden ist.<br \/>\n\u2022 Jeden Monat wird unser trauma-sensitiver Moderator den Abend um Themen wie Pr\u00e4senz, Regulierung des Nervensystems und emotionale Sicherheit gestalten und sich auf praktisches Erleben anstatt auf zu viele Worte oder Techniken konzentrieren. Es sind keine Vorkenntnisse in K\u00f6rperarbeit erforderlich \u2013 bring einfach deine Neugier mit.<\/p>\n\n\t\t<\/div>\n\t<\/div>\n<div class=\"vc_separator wpb_content_element vc_separator_align_center vc_sep_width_100 vc_sep_pos_align_center vc_separator_no_text vc_sep_color_grey wpb_content_element  wpb_content_element\" ><span class=\"vc_sep_holder vc_sep_holder_l\"><span class=\"vc_sep_line\"><\/span><\/span><span class=\"vc_sep_holder vc_sep_holder_r\"><span class=\"vc_sep_line\"><\/span><\/span>\n<\/div>\n\t<div class=\"wpb_text_column wpb_content_element\" >\n\t\t<div class=\"wpb_wrapper\">\n\t\t\t<p><strong>Vorteile<\/strong><br \/>\n\u2022 Erfahre eine Verringerung von Angstzust\u00e4nden und Depressionen sowie eine erh\u00f6hte emotionale Widerstandsf\u00e4higkeit durch beruhigende, achtsame Ber\u00fchrung.<br \/>\n\u2022 Kultiviere wertsch\u00e4tzende Anwesenheit und tiefere Verbindungen zu dir selbst und anderen.<br \/>\n\u2022 Unterst\u00fctze die Heilung von Traumata und setze in einer sicheren, n\u00e4hrenden Umgebung Emotionen frei.<br \/>\n\u2022 Verbessere deine Stimmung und deine Immunfunktion, indem du Stress reduzierst und Endorphine freisetzt.<br \/>\n\u2022 F\u00f6rdere ein Gef\u00fchl von Gemeinschaft und Zugeh\u00f6rigkeit durch gemeinsame, nonverbale Erfahrungen.<br \/>\n\u2022 Ermutige tieferes Mitgef\u00fchl und Akzeptanz durch sanften, unterst\u00fctzenden Kontakt.<\/p>\n\n\t\t<\/div>\n\t<\/div>\n<div class=\"vc_separator wpb_content_element vc_separator_align_center vc_sep_width_100 vc_sep_pos_align_center vc_separator_no_text vc_sep_color_grey wpb_content_element  wpb_content_element\" ><span class=\"vc_sep_holder vc_sep_holder_l\"><span class=\"vc_sep_line\"><\/span><\/span><span class=\"vc_sep_holder vc_sep_holder_r\"><span class=\"vc_sep_line\"><\/span><\/span>\n<\/div>\n\t<div class=\"wpb_text_column wpb_content_element\" >\n\t\t<div class=\"wpb_wrapper\">\n\t\t\t<p><b>Hinweise<\/b><br \/>\n\u2022 Dieses Format ist f\u00fcr alle queeren Personen (LGBTQIA+), die Ber\u00fchrung in einer einvernehmlichen, unterst\u00fctzenden Atmosph\u00e4re erfahren m\u00f6chten. (Siehe auch unsere <strong><a href=\"https:\/\/wearevillage.org\/faq\">FAQ<\/a><\/strong>)<br \/>\n\u2022 Teilnehmende bleiben bei diesem Format bekleidet.<br \/>\n\u2022 Bringe zum Abdecken von Kissen, Matten oder Massageliegen ein Laken und ein Handtuch mit.<br \/>\n\u2022 Der Workshop wird in englischer Sprache abgehalten<br \/>\n\u2022 Dieses Event ist auch zu einem erm\u00e4\u00dfigten Mitgliederpreis erh\u00e4ltlich \u2013 aber kein Bestandteil der zwei kostenlosen monatlichen Mitgliederveranstaltungen.<br \/>\n\u2022 Erm\u00e4\u00dfigter Zugang ist auf schriftliche Anfrage per E-Mail an <strong><a href=\"mailto:events@wearevillage.org\">events@wearevillage.org<\/a><\/strong><\/p>\n<p><em><strong>photo@Kong Yuan<\/strong><\/em><\/p>\n\n\t\t<\/div>\n\t<\/div>\n<\/div><\/div><\/div><\/div>\n<\/div>","protected":false},"excerpt":{"rendered":"<h5>Freitags (einmal im Monat)<br \/>\n20:00 \u2013 22:00<\/h5>\n<p class=\"p1\"><strong>| <span style=\"color: #ec6c23;\">LGBTQIA+<\/span>\u00a0|<\/strong><\/p>\n<p><strong><span class=\"\">Regenerative Touch Workshopreihe f\u00fcr queere Menschen<br \/>\n<\/span>November: Herbsternte-Massagekreis mit Zahiro <\/strong><br \/>\nSei herzlich eingeladen zu<span class=\"gmail-Apple-converted-space\">\u00a0<\/span>einer gemeinsamen Zeit, in dem wir nach den warmen Tagen des Jahres zusammenkommen, um uns innerlich zu n\u00e4hren und neu zu verbinden.<\/p>\n","protected":false},"author":11,"featured_media":33112,"template":"","meta":{"pmpro_default_level":"","inline_featured_image":false},"product_brand":[],"product_cat":[79,83],"product_tag":[469],"class_list":{"0":"post-33069","1":"product","2":"type-product","3":"status-publish","4":"has-post-thumbnail","6":"product_cat-monatliche-events","7":"product_cat-workshops","8":"product_tag-lgbtqiaplus","9":"pmpro-has-access","11":"first","12":"instock","13":"product-type-variable","14":"has-default-attributes"},"wpml_current_locale":"de_DE","wpml_translations":{"en_US":{"locale":"en_US","id":33072,"slug":"regenerative-touch-w45-2025","post_title":"Autumn Harvest Massage Circle \/ CANCELLED","href":"https:\/\/wearevillage.org\/en\/shop\/regenerative-touch\/w45-2025"}},"language":{"code":"de","locale":"","name":"","is_rtl":false},"_links":{"self":[{"href":"https:\/\/wearevillage.org\/wp-json\/wp\/v2\/product\/33069","targetHints":{"allow":["GET"]}}],"collection":[{"href":"https:\/\/wearevillage.org\/wp-json\/wp\/v2\/product"}],"about":[{"href":"https:\/\/wearevillage.org\/wp-json\/wp\/v2\/types\/product"}],"author":[{"embeddable":true,"href":"https:\/\/wearevillage.org\/wp-json\/wp\/v2\/users\/11"}],"wp:featuredmedia":[{"embeddable":true,"href":"https:\/\/wearevillage.org\/wp-json\/wp\/v2\/media\/33112"}],"wp:attachment":[{"href":"https:\/\/wearevillage.org\/wp-json\/wp\/v2\/media?parent=33069"}],"wp:term":[{"taxonomy":"product_brand","embeddable":true,"href":"https:\/\/wearevillage.org\/wp-json\/wp\/v2\/product_brand?post=33069"},{"taxonomy":"product_cat","embeddable":true,"href":"https:\/\/wearevillage.org\/wp-json\/wp\/v2\/product_cat?post=33069"},{"taxonomy":"product_tag","embeddable":true,"href":"https:\/\/wearevillage.org\/wp-json\/wp\/v2\/product_tag?post=33069"}],"curies":[{"name":"wp","href":"https:\/\/api.w.org\/{rel}","templated":true}]}}