{"id":33087,"date":"2025-10-12T09:00:13","date_gmt":"2025-10-12T07:00:13","guid":{"rendered":"https:\/\/wearevillage.org\/?post_type=product&#038;p=33087"},"modified":"2025-10-12T09:10:06","modified_gmt":"2025-10-12T07:10:06","slug":"men50-_-leben-in-farbe-3","status":"publish","type":"product","link":"https:\/\/wearevillage.org\/shop\/men50plus\/w03-2026\/","title":{"rendered":"Men50+ _ Leben in Farbe"},"content":{"rendered":"<div class=\"wpb-content-wrapper\"><div class=\"vc_row wpb_row vc_row-fluid\"><div class=\"wpb_column vc_column_container vc_col-sm-12\"><div class=\"vc_column-inner\"><div class=\"wpb_wrapper\"><h4 style=\"text-align: left\" class=\"vc_custom_heading vc_do_custom_heading\" >Leben in Farbe: Queer und selbstbewusst mit 50+<\/h4><h5 style=\"text-align: left\" class=\"vc_custom_heading vc_do_custom_heading\" >mit J\u00f6rg Wellenk\u00f6tter<\/h5>\n\t<div class=\"wpb_text_column wpb_content_element\" >\n\t\t<div class=\"wpb_wrapper\">\n\t\t\t<p>Queere Menschen \u00fcber 50 sehen sich in einer von Jugendlichkeit, k\u00f6rperlicher Attraktivit\u00e4t und Heteronormativit\u00e4t gepr\u00e4gten Gesellschaft mit verschiedenen Herausforderungen konfrontiert.<\/p>\n<p>Selbst in der queeren Community kann es \u201eAltersdiskriminierung\u201c geben, bei der \u00e4ltere Menschen als weniger relevant oder interessant angesehen werden. Auch der Mangel an famili\u00e4ren Strukturen oder Freund:innen kann in der Lebensmitte zu Isolation f\u00fchren. In dieser Gruppe triffst du auf Gleichgesinnte, die sich ebenfalls mit den Herausforderungen des \u00c4lterwerdens auseinandersetzen.<\/p>\n<p>Hier k\u00f6nnen wir uns gegenseitig st\u00e4rken, Erfahrungen teilen und voneinander lernen. Gemeinsam wollen wir die Herausforderungen des \u00c4lterwerdens annehmen \u2013 und das Leben in vollen Z\u00fcgen genie\u00dfen!<\/p>\n\n\t\t<\/div>\n\t<\/div>\n<div class=\"vc_separator wpb_content_element vc_separator_align_center vc_sep_width_100 vc_sep_pos_align_center vc_separator_no_text vc_sep_color_grey wpb_content_element  wpb_content_element\" ><span class=\"vc_sep_holder vc_sep_holder_l\"><span class=\"vc_sep_line\"><\/span><\/span><span class=\"vc_sep_holder vc_sep_holder_r\"><span class=\"vc_sep_line\"><\/span><\/span>\n<\/div>\n\t<div class=\"wpb_text_column wpb_content_element\" >\n\t\t<div class=\"wpb_wrapper\">\n\t\t\t<p><strong><img loading=\"lazy\" decoding=\"async\" class=\" wp-image-29695 alignleft\" src=\"https:\/\/wearevillage.org\/wp-content\/uploads\/2025\/08\/wav-team-Joerg-Wellenkoetter-270x300.jpg\" alt=\"\" width=\"159\" height=\"177\" srcset=\"https:\/\/wearevillage.org\/wp-content\/uploads\/2025\/08\/wav-team-Joerg-Wellenkoetter-270x300.jpg 270w, https:\/\/wearevillage.org\/wp-content\/uploads\/2025\/08\/wav-team-Joerg-Wellenkoetter-135x150.jpg 135w, https:\/\/wearevillage.org\/wp-content\/uploads\/2025\/08\/wav-team-Joerg-Wellenkoetter-768x853.jpg 768w, https:\/\/wearevillage.org\/wp-content\/uploads\/2025\/08\/wav-team-Joerg-Wellenkoetter-624x693.jpg 624w, https:\/\/wearevillage.org\/wp-content\/uploads\/2025\/08\/wav-team-Joerg-Wellenkoetter-390x433.jpg 390w, https:\/\/wearevillage.org\/wp-content\/uploads\/2025\/08\/wav-team-Joerg-Wellenkoetter-600x667.jpg 600w, https:\/\/wearevillage.org\/wp-content\/uploads\/2025\/08\/wav-team-Joerg-Wellenkoetter.jpg 900w\" sizes=\"auto, (max-width: 159px) 100vw, 159px\" \/>J\u00f6rg Wellenk\u00f6tter<\/strong> ist ein zertifizierter systemischer Therapeut und Coach. Er hat mit Personen in Krisensituationen gearbeitet und sich auf pers\u00f6nliche Entwicklung und Resilienz konzentriert. J\u00f6rg bietet sowohl online als auch pers\u00f6nlich Unterst\u00fctzung in ganz Deutschland an und hilft bei einer Vielzahl von pers\u00f6nlichen und beruflichen Anliegen in Deutsch und Englisch.<\/p>\n\n\t\t<\/div>\n\t<\/div>\n<div class=\"vc_separator wpb_content_element vc_separator_align_center vc_sep_width_100 vc_sep_pos_align_center vc_separator_no_text vc_sep_color_grey vc_custom_1726585625985 wpb_content_element  vc_custom_1726585625985 wpb_content_element\" ><span class=\"vc_sep_holder vc_sep_holder_l\"><span class=\"vc_sep_line\"><\/span><\/span><span class=\"vc_sep_holder vc_sep_holder_r\"><span class=\"vc_sep_line\"><\/span><\/span>\n<\/div>\n\t<div class=\"wpb_text_column wpb_content_element\" >\n\t\t<div class=\"wpb_wrapper\">\n\t\t\t<p><strong><u>Hinweise<\/u><\/strong><br \/>\n<strong>Sprache<\/strong>: Je nach Bed\u00fcrfnissen der Gruppe werden wir Deutsch und\/oder Englisch sprechen.<br \/>\n<b>Kosten<\/b>: Die Veranstaltung ist kostenlos mit Anmeldung.<\/p>\n\n\t\t<\/div>\n\t<\/div>\n<\/div><\/div><\/div><\/div>\n<\/div>","protected":false},"excerpt":{"rendered":"<h5>Sonntag (einmal pro Monat)<br \/>\n14:00 \u2013 16:00<br \/>\nkostenfrei mit Anmeldung<\/h5>\n<p><strong>| <span style=\"color: #ec6c23;\">GBTQ men*<\/span>\u00a0|<\/strong><\/p>\n<p>Queere Menschen \u00fcber 50 sehen sich in einer von Jugendlichkeit, k\u00f6rperlicher Attraktivit\u00e4t und Heteronormativit\u00e4t gepr\u00e4gten Gesellschaft mit verschiedenen Problemen konfrontiert. In dieser Gruppe triffst du auf Gleichgesinnte. Gemeinsam wollen wir die Herausforderungen des \u00c4lterwerdens annehmen \u2013 und das Leben in vollen Z\u00fcgen genie\u00dfen!<\/p>\n","protected":false},"author":12,"featured_media":14599,"template":"","meta":{"pmpro_default_level":"","inline_featured_image":false},"product_brand":[],"product_cat":[77,791,769,79],"product_tag":[256],"class_list":{"0":"post-33087","1":"product","2":"type-product","3":"status-publish","4":"has-post-thumbnail","6":"product_cat-community-events","7":"product_cat-gemeinsam-statt-einsam","8":"product_cat-kostenloser-zugang","9":"product_cat-monatliche-events","10":"product_tag-gbtq-men","11":"pmpro-has-access","13":"first","14":"instock","15":"product-type-simple"},"wpml_current_locale":"de_DE","wpml_translations":{"en_US":{"locale":"en_US","id":33088,"slug":"men50plus-w03-2026","post_title":"Men50+ _ Living in Color","href":"https:\/\/wearevillage.org\/en\/shop\/men50plus\/w03-2026"}},"language":{"code":"de","locale":"","name":"","is_rtl":false},"_links":{"self":[{"href":"https:\/\/wearevillage.org\/wp-json\/wp\/v2\/product\/33087","targetHints":{"allow":["GET"]}}],"collection":[{"href":"https:\/\/wearevillage.org\/wp-json\/wp\/v2\/product"}],"about":[{"href":"https:\/\/wearevillage.org\/wp-json\/wp\/v2\/types\/product"}],"author":[{"embeddable":true,"href":"https:\/\/wearevillage.org\/wp-json\/wp\/v2\/users\/12"}],"wp:featuredmedia":[{"embeddable":true,"href":"https:\/\/wearevillage.org\/wp-json\/wp\/v2\/media\/14599"}],"wp:attachment":[{"href":"https:\/\/wearevillage.org\/wp-json\/wp\/v2\/media?parent=33087"}],"wp:term":[{"taxonomy":"product_brand","embeddable":true,"href":"https:\/\/wearevillage.org\/wp-json\/wp\/v2\/product_brand?post=33087"},{"taxonomy":"product_cat","embeddable":true,"href":"https:\/\/wearevillage.org\/wp-json\/wp\/v2\/product_cat?post=33087"},{"taxonomy":"product_tag","embeddable":true,"href":"https:\/\/wearevillage.org\/wp-json\/wp\/v2\/product_tag?post=33087"}],"curies":[{"name":"wp","href":"https:\/\/api.w.org\/{rel}","templated":true}]}}