{"id":33135,"date":"2025-10-13T11:29:23","date_gmt":"2025-10-13T09:29:23","guid":{"rendered":"https:\/\/wearevillage.org\/?post_type=product&#038;p=33135"},"modified":"2025-10-13T11:53:16","modified_gmt":"2025-10-13T09:53:16","slug":"massage-exchange-fuer-gbtq-maenner-16","status":"publish","type":"product","link":"https:\/\/wearevillage.org\/shop\/massage-exchange\/w02-2026\/","title":{"rendered":"Massage Exchange f\u00fcr GBTQ M\u00e4nner*"},"content":{"rendered":"<div class=\"wpb-content-wrapper\"><div class=\"vc_row wpb_row vc_row-fluid\"><div class=\"wpb_column vc_column_container vc_col-sm-12\"><div class=\"vc_column-inner\"><div class=\"wpb_wrapper\"><h4 style=\"text-align: left\" class=\"vc_custom_heading vc_do_custom_heading\" >Massage Exchange f\u00fcr GBTQ M\u00e4nner*<\/h4><h5 style=\"text-align: left\" class=\"vc_custom_heading vc_do_custom_heading\" >Mit Markus Kaufmann<\/h5>\n\t<div class=\"wpb_text_column wpb_content_element\" >\n\t\t<div class=\"wpb_wrapper\">\n\t\t\t<p data-start=\"73\" data-end=\"127\"><strong data-start=\"73\" data-end=\"125\">Massage Exchange Special: Lass mich dich halten!<\/strong><\/p>\n<p data-start=\"129\" data-end=\"579\">Manchmal ist weniger mehr \u2013 besonders bei Ber\u00fchrung und Massage. Oft haben wir das Gef\u00fchl, alle unsere Techniken zeigen zu m\u00fcssen, dabei kann schon eine einfache, langsame und tiefe Ber\u00fchrung Wunder bewirken. Allein das Halten der anderen Person kann Verbindung, Sicherheit und tiefe Entspannung schaffen und h\u00e4ufig das Nervensystem regulieren. Neugierig, langsame und tiefe Ber\u00fchrung zu erleben? Dann sei dabei bei diesem Massage Exchange Special.<\/p>\n<p data-start=\"581\" data-end=\"847\">Bitte beachte, dass der regul\u00e4re Ablauf leicht angepasst wird: Im ersten Teil der Session arbeitest du f\u00fcr k\u00fcrzere Zeitr\u00e4ume mit verschiedenen Partner*innen unter der Anleitung von Markus, bevor im zweiten Teil des Abends eine klassische Einzelmassage stattfindet.<\/p>\n<p data-start=\"581\" data-end=\"847\"><b>Massage Exchange f\u00fcr GBTQ M\u00e4nner*<\/b>\u00a0ist ein monatliches Event, das einen sicheren und einladenden Raum bietet, um ganzk\u00f6rperliche Ber\u00fchrung und Massagetechniken (unter Verwendung von Massageliegen) zu praktizieren und zu erleben. Bezugnehmend auf die Inhalte des \u201eSoul of Skin Massagetrainings\u201d, bietet jeder Abend den Teilnehmenden die M\u00f6glichkeit, entweder verschiedene Massage Stile zu probieren oder zu vertiefen, wodurch eine Gemeinschaft des Lernens und der Unterst\u00fctzung entsteht.<\/p>\n<p>Der Wechsel zwischen gebender und nehmender Rolle erlaubt es oft M\u00e4nnern*, sich tiefer einzulassen und dadurch mehr Wirkung und Verbindung zu erfahren. Es gibt thematisch sowohl Anregung f\u00fcr Massagegriffe und \u201cbest practices\u201c als auch genug Freiheit, den Raum im gegenseitigen Einvernehmen mit deinem Partner* zu nutzen.<\/p>\n<p>Egal, ob Du neu in der Massage oder aufmerksamen Ber\u00fchrung bist oder ein erfahrener Praktiker, dieses Event ist eine hervorragende Gelegenheit, Dich mit anderen zu verbinden, Deine F\u00e4higkeiten zu verbessern und die vielen Vorteile von Ber\u00fchrung in einer unterst\u00fctzenden Umgebung zu erfahren und zu genie\u00dfen.<\/p>\n<p><strong>Vorteile einer wertfreien, ganzk\u00f6rperlichen Ber\u00fchrung:<\/strong><\/p>\n<p>\u2022 Ber\u00fchrung ist essentiell f\u00fcr unsere seelische Gesundheit und beugt Vereinsamung vor Ber\u00fchrung verlangsamt, n\u00e4hrt und beruhigt.<br \/>\n\u2022 Ber\u00fchrung kann Scham oder negative K\u00f6rperbilder positiv beeinflussen.<br \/>\n\u2022 Ber\u00fchrung f\u00f6rdert Entspannung und Erholung.<br \/>\n\u2022 Ber\u00fchrung kommuniziert ohne Worte und schafft eine tiefere Verbindung zu anderen.<br \/>\n\u2022 Ber\u00fchrung stimuliert Genu\u00df- und Empathief\u00e4higkeit.<\/p>\n\n\t\t<\/div>\n\t<\/div>\n<div class=\"vc_separator wpb_content_element vc_separator_align_center vc_sep_width_100 vc_sep_pos_align_center vc_separator_no_text vc_sep_color_grey wpb_content_element  wpb_content_element\" ><span class=\"vc_sep_holder vc_sep_holder_l\"><span class=\"vc_sep_line\"><\/span><\/span><span class=\"vc_sep_holder vc_sep_holder_r\"><span class=\"vc_sep_line\"><\/span><\/span>\n<\/div>\n\t<div class=\"wpb_text_column wpb_content_element\" >\n\t\t<div class=\"wpb_wrapper\">\n\t\t\t<p><img loading=\"lazy\" decoding=\"async\" class=\"wp-image-36 alignleft\" src=\"https:\/\/wearevillage.org\/wp-content\/uploads\/2022\/08\/Markus-Kaufmann.jpg\" alt=\"\" width=\"119\" height=\"131\" srcset=\"https:\/\/wearevillage.org\/wp-content\/uploads\/2022\/08\/Markus-Kaufmann.jpg 700w, https:\/\/wearevillage.org\/wp-content\/uploads\/2022\/08\/Markus-Kaufmann-390x431.jpg 390w, https:\/\/wearevillage.org\/wp-content\/uploads\/2022\/08\/Markus-Kaufmann-600x663.jpg 600w, https:\/\/wearevillage.org\/wp-content\/uploads\/2022\/08\/Markus-Kaufmann-271x300.jpg 271w, https:\/\/wearevillage.org\/wp-content\/uploads\/2022\/08\/Markus-Kaufmann-624x690.jpg 624w\" sizes=\"auto, (max-width: 119px) 100vw, 119px\" \/> <strong>Markus Kaufmann <\/strong>unterst\u00fctzt in seiner T\u00e4tigkeit als Gesundheitscoach chronisch kranke Menschen bei ihrer Alltagsbew\u00e4ltigung. Die Arbeit, die Markus anbietet, l\u00e4sst sich am besten als Raum beschreiben, in dem Psychologie auf Spiritualit\u00e4t trifft. Markus ist ausgebildeter systemischer Coach, Heilpraktiker Psychotherapie, Yogatherapeut sowie Energiearbeiter.<\/p>\n\n\t\t<\/div>\n\t<\/div>\n<div class=\"vc_separator wpb_content_element vc_separator_align_center vc_sep_width_100 vc_sep_pos_align_center vc_separator_no_text vc_sep_color_grey vc_custom_1731929558679 wpb_content_element  vc_custom_1731929558679 wpb_content_element\" ><span class=\"vc_sep_holder vc_sep_holder_l\"><span class=\"vc_sep_line\"><\/span><\/span><span class=\"vc_sep_holder vc_sep_holder_r\"><span class=\"vc_sep_line\"><\/span><\/span>\n<\/div>\n\t<div class=\"wpb_text_column wpb_content_element\" >\n\t\t<div class=\"wpb_wrapper\">\n\t\t\t<p><u><b>Hinweise<\/b><\/u><br \/>\n\u25cf Dieses Format ist f\u00fcr alle queeren M\u00e4nner*\/M\u00e4nnlichkeiten, die Ber\u00fchrung in einer einvernehmlichen, unterst\u00fctzenden Atmosph\u00e4re erfahren m\u00f6chten.<br \/>\n\u25cf Bitte lege Wert auf pers\u00f6nliche Hygiene.<br \/>\n\u25cf Du solltest einen relativ entspannten Umgang mit Nacktheit haben. Diese Veranstaltung ist sinnlich und kann genitale Ber\u00fchrungen beinhalten, aber es geht nicht um Sex.<br \/>\n\u25cf Bringe dein eigenes \u00d6l und zum Abdecken von Kissen, Matten oder Massageliegen ein Laken und ein Handtuch mit.<br \/>\n\u25cf Das Event wird je nach Teilnehmer*bed\u00fcrfnissen auf Deutsch und\/oder Englisch sein.<br \/>\n\u25cf Dieses Event ist auch zu einem erm\u00e4\u00dfigten Mitgliederpreis erh\u00e4ltlich \u2013 aber kein Bestandteil der zwei kostenlosen monatlichen Mitgliederveranstaltungen.<br \/>\n\u25cf Erm\u00e4\u00dfigter Zugang m\u00f6glich auf schriftliche Anfrage an <strong><a href=\"mailto:events@wearevillage.org\">events@wearevillage.org<\/a><\/strong><\/p>\n\n\t\t<\/div>\n\t<\/div>\n<\/div><\/div><\/div><\/div>\n<\/div>","protected":false},"excerpt":{"rendered":"<h5>Dienstags (einmal im Monat)<br \/>\n20:00 \u2013 22:30<\/h5>\n<p class=\"p1\"><strong>| <span style=\"color: #ec6c23;\">GBTQ men*<\/span>\u00a0|<\/strong><\/p>\n<p>Massage Exchange f\u00fcr GBTQ M\u00e4nner* ist ein monatliches Event, das einen sicheren und einladenden Raum bietet, um ganzk\u00f6rperliche Ber\u00fchrung und Massagetechniken (unter Verwendung von Massageliegen) zu praktizieren und zu erleben.<\/p>\n","protected":false},"author":11,"featured_media":1751,"template":"","meta":{"pmpro_default_level":"","inline_featured_image":false},"product_brand":[],"product_cat":[79],"product_tag":[256],"class_list":{"0":"post-33135","1":"product","2":"type-product","3":"status-publish","4":"has-post-thumbnail","6":"product_cat-monatliche-events","7":"product_tag-gbtq-men","8":"pmpro-has-access","10":"first","11":"instock","12":"product-type-variable","13":"has-default-attributes"},"wpml_current_locale":"de_DE","wpml_translations":{"en_US":{"locale":"en_US","id":33138,"slug":"massage-exchange-for-gbtq-men-copy-2","post_title":"Massage Exchange for GBTQ men*","href":"https:\/\/wearevillage.org\/en\/shop\/massage-exchange\/w02-2026"}},"language":{"code":"de","locale":"","name":"","is_rtl":false},"_links":{"self":[{"href":"https:\/\/wearevillage.org\/wp-json\/wp\/v2\/product\/33135","targetHints":{"allow":["GET"]}}],"collection":[{"href":"https:\/\/wearevillage.org\/wp-json\/wp\/v2\/product"}],"about":[{"href":"https:\/\/wearevillage.org\/wp-json\/wp\/v2\/types\/product"}],"author":[{"embeddable":true,"href":"https:\/\/wearevillage.org\/wp-json\/wp\/v2\/users\/11"}],"wp:featuredmedia":[{"embeddable":true,"href":"https:\/\/wearevillage.org\/wp-json\/wp\/v2\/media\/1751"}],"wp:attachment":[{"href":"https:\/\/wearevillage.org\/wp-json\/wp\/v2\/media?parent=33135"}],"wp:term":[{"taxonomy":"product_brand","embeddable":true,"href":"https:\/\/wearevillage.org\/wp-json\/wp\/v2\/product_brand?post=33135"},{"taxonomy":"product_cat","embeddable":true,"href":"https:\/\/wearevillage.org\/wp-json\/wp\/v2\/product_cat?post=33135"},{"taxonomy":"product_tag","embeddable":true,"href":"https:\/\/wearevillage.org\/wp-json\/wp\/v2\/product_tag?post=33135"}],"curies":[{"name":"wp","href":"https:\/\/api.w.org\/{rel}","templated":true}]}}