{"id":33210,"date":"2025-10-13T13:43:03","date_gmt":"2025-10-13T11:43:03","guid":{"rendered":"https:\/\/wearevillage.org\/?post_type=product&#038;p=33210"},"modified":"2026-02-17T10:30:31","modified_gmt":"2026-02-17T09:30:31","slug":"queer-sprachcafe-4","status":"publish","type":"product","link":"https:\/\/wearevillage.org\/shop\/language-cafe\/w12-2026\/","title":{"rendered":"Queer Sprachcaf\u00e9"},"content":{"rendered":"<div class=\"wpb-content-wrapper\"><div class=\"vc_row wpb_row vc_row-fluid\"><div class=\"wpb_column vc_column_container vc_col-sm-12\"><div class=\"vc_column-inner\"><div class=\"wpb_wrapper\"><h4 style=\"text-align: left\" class=\"vc_custom_heading vc_do_custom_heading\" >Queer Sprachcaf\u00e9<\/h4><h5 style=\"text-align: left\" class=\"vc_custom_heading vc_do_custom_heading\" >mit Michal<\/h5>\n\t<div class=\"wpb_text_column wpb_content_element\" >\n\t\t<div class=\"wpb_wrapper\">\n\t\t\t<p>Kommt zu unserem Sprachcaf\u00e9, wo ihr euch mit anderen austauschen und an lebhaften Gespr\u00e4chen teilnehmen k\u00f6nnt. Es ist eine gro\u00dfartige Gelegenheit, eure Sprech- und H\u00f6rf\u00e4higkeiten zu verbessern und neue W\u00f6rter zu lernen, w\u00e4hrend ihr in lockerer Umgebung neue Bekanntschaften kn\u00fcpft. Egal, wie gut ihr die Sprache k\u00f6nnt, alle sind eingeladen mitzumachen und zusammen zu lernen. Kommt wegen der Gespr\u00e4che, bleibt wegen der Gemeinschaft!<\/p>\n<p><strong>Welche Sprachen sind vertreten?<\/strong><br \/>\nWir werden Tische f\u00fcr Englisch und Deutsch haben. Dar\u00fcber hinaus liegt es an euch! Wir hoffen, bald viele verschiedene Sprachen anbieten zu k\u00f6nnen und freuen uns darauf, dieses Caf\u00e9 mit eurer Hilfe wachsen zu sehen.<\/p>\n<p><strong>Was, wenn ich mir in meinen Sprachkenntnissen nicht sicher bin?<\/strong><br \/>\nUnser Sprachcaf\u00e9 ist f\u00fcr alle offen, egal, wie gut ihr die Sprache k\u00f6nnt. Von Anf\u00e4nger*innen bis zu Muttersprachler*innen \u2013 wir sorgen daf\u00fcr, dass es f\u00fcr alle eine lockere und sichere Umgebung ist.<\/p>\n\n\t\t<\/div>\n\t<\/div>\n<div class=\"vc_separator wpb_content_element vc_separator_align_center vc_sep_width_100 vc_sep_pos_align_center vc_separator_no_text vc_sep_color_grey wpb_content_element  wpb_content_element\" ><span class=\"vc_sep_holder vc_sep_holder_l\"><span class=\"vc_sep_line\"><\/span><\/span><span class=\"vc_sep_holder vc_sep_holder_r\"><span class=\"vc_sep_line\"><\/span><\/span>\n<\/div>\n\t<div class=\"wpb_text_column wpb_content_element\" >\n\t\t<div class=\"wpb_wrapper\">\n\t\t\t<p><img loading=\"lazy\" decoding=\"async\" class=\"alignleft wp-image-31584\" src=\"https:\/\/wearevillage.org\/wp-content\/uploads\/2025\/09\/wav-team-micha-sprachcafe.png\" alt=\"\" width=\"150\" height=\"167\" srcset=\"https:\/\/wearevillage.org\/wp-content\/uploads\/2025\/09\/wav-team-micha-sprachcafe.png 900w, https:\/\/wearevillage.org\/wp-content\/uploads\/2025\/09\/wav-team-micha-sprachcafe-270x300.png 270w, https:\/\/wearevillage.org\/wp-content\/uploads\/2025\/09\/wav-team-micha-sprachcafe-135x150.png 135w, https:\/\/wearevillage.org\/wp-content\/uploads\/2025\/09\/wav-team-micha-sprachcafe-768x853.png 768w, https:\/\/wearevillage.org\/wp-content\/uploads\/2025\/09\/wav-team-micha-sprachcafe-624x693.png 624w, https:\/\/wearevillage.org\/wp-content\/uploads\/2025\/09\/wav-team-micha-sprachcafe-390x433.png 390w, https:\/\/wearevillage.org\/wp-content\/uploads\/2025\/09\/wav-team-micha-sprachcafe-600x667.png 600w\" sizes=\"auto, (max-width: 150px) 100vw, 150px\" \/><strong>Micha\u0142<\/strong>, urspr\u00fcnglich aus Polen, engagiert sich ehrenamtlich im Village. Beruflich arbeitet er als HR-Manager und hat einen Abschluss in Slawischer Linguistik. Besonders wichtig sind ihm Flexibilit\u00e4t, pers\u00f6nliche N\u00e4he und ein l\u00f6sungsorientiertes Miteinander. Sein Leitsatz lautet <em data-start=\"922\" data-end=\"944\">\u201esupport to succeed\u201c<\/em> \u2013 er begleitet ihn in seiner Arbeit und in Gespr\u00e4chen rund um berufliche Entwicklung. Micha\u0142 spricht flie\u00dfend Polnisch, Englisch und Kroatisch und lernt zurzeit Deutsch.<\/p>\n\n\t\t<\/div>\n\t<\/div>\n<div class=\"vc_separator wpb_content_element vc_separator_align_center vc_sep_width_100 vc_sep_pos_align_center vc_separator_no_text vc_sep_color_grey wpb_content_element  wpb_content_element\" ><span class=\"vc_sep_holder vc_sep_holder_l\"><span class=\"vc_sep_line\"><\/span><\/span><span class=\"vc_sep_holder vc_sep_holder_r\"><span class=\"vc_sep_line\"><\/span><\/span>\n<\/div>\n\t<div class=\"wpb_text_column wpb_content_element\" >\n\t\t<div class=\"wpb_wrapper\">\n\t\t\t<p><strong>Queer Bridges: Verbindungen schaffen und Ressourcen f\u00fcr LGBTQIA+ Menschen mit Migrationserfahrung bereitstellen<\/strong><br \/>\nQueere Menschen mit Migrationshintergrund in Berlin sehen sich in ihrem t\u00e4glichen Leben oft mit besonderen Herausforderungen konfrontiert, die ihren Zugang zu unterst\u00fctzenden Gemeinschaften und integrativen Umgebungen einschr\u00e4nken k\u00f6nnen.<\/p>\n<p><img loading=\"lazy\" decoding=\"async\" class=\"wp-image-15170 alignleft\" src=\"https:\/\/wearevillage.org\/wp-content\/uploads\/2024\/06\/stiftung-300x121.png\" alt=\"\" width=\"236\" height=\"95\" srcset=\"https:\/\/wearevillage.org\/wp-content\/uploads\/2024\/06\/stiftung-300x121.png 300w, https:\/\/wearevillage.org\/wp-content\/uploads\/2024\/06\/stiftung-1024x414.png 1024w, https:\/\/wearevillage.org\/wp-content\/uploads\/2024\/06\/stiftung-150x61.png 150w, https:\/\/wearevillage.org\/wp-content\/uploads\/2024\/06\/stiftung-768x310.png 768w, https:\/\/wearevillage.org\/wp-content\/uploads\/2024\/06\/stiftung-1536x620.png 1536w, https:\/\/wearevillage.org\/wp-content\/uploads\/2024\/06\/stiftung-2048x827.png 2048w, https:\/\/wearevillage.org\/wp-content\/uploads\/2024\/06\/stiftung-624x252.png 624w, https:\/\/wearevillage.org\/wp-content\/uploads\/2024\/06\/stiftung-390x158.png 390w, https:\/\/wearevillage.org\/wp-content\/uploads\/2024\/06\/stiftung-600x242.png 600w\" sizes=\"auto, (max-width: 236px) 100vw, 236px\" \/> Mit Unterst\u00fctzung der <strong>Deutschen Fernsehlotterie Stiftung<\/strong>, haben wir das Programm Queer Bridges entwickelt, um diese H\u00fcrden zu \u00fcberwinden. Wir bieten Ressourcen, Vernetzung und Unterst\u00fctzung in einem einladenden Umfeld f\u00fcr queere Migrant*innen und Gefl\u00fcchtete durch unser spezielles Programm. Unser Ziel ist es, ein Gef\u00fchl der Zugeh\u00f6rigkeit zur lokalen LGBTQIA+ Community zu f\u00f6rdern und damit eine reibungslose Integration sowie eine verbesserte Lebensqualit\u00e4t f\u00fcr queere Menschen mit Migrationshintergrund zu erm\u00f6glichen.<br \/>\nUnser Queer Bridges Programm wird sich stetig weiter entwickeln und wir freuen uns auch jederzeit von Euren Bedarfen zu h\u00f6ren. Bei Interesse k\u00f6nnt ihr uns eine E-Mail schicken, um \u00fcber weitere Aktualisierungen informiert zu bleiben.<\/p>\n\n\t\t<\/div>\n\t<\/div>\n<div class=\"vc_separator wpb_content_element vc_separator_align_center vc_sep_width_100 vc_sep_pos_align_center vc_separator_no_text vc_sep_color_grey wpb_content_element  wpb_content_element\" ><span class=\"vc_sep_holder vc_sep_holder_l\"><span class=\"vc_sep_line\"><\/span><\/span><span class=\"vc_sep_holder vc_sep_holder_r\"><span class=\"vc_sep_line\"><\/span><\/span>\n<\/div>\n\t<div class=\"wpb_text_column wpb_content_element\" >\n\t\t<div class=\"wpb_wrapper\">\n\t\t\t<p><strong>Hinweise:<\/strong><br \/>\n<strong>Sprache:<\/strong> Diese Veranstaltung findet auf Deutsch und Englisch statt.<br \/>\n<strong>Anmeldung:<\/strong> eine Voranmeldung ist erw\u00fcnscht. Aber du kannst auch spontan vorbeikommen!<br \/>\n<strong>Kosten:<\/strong> kostenlos mit Anmeldun<\/p>\n\n\t\t<\/div>\n\t<\/div>\n<\/div><\/div><\/div><\/div>\n<\/div>","protected":false},"excerpt":{"rendered":"<h5>Donnerstags<br \/>\n(zweimal im Monat)<br \/>\n18:30-20:30<\/h5>\n<p>kostenlos mit Anmeldung<\/p>\n<p><strong> | <span style=\"color: #ec6c23;\">LGBTQIA+<\/span> |<\/strong><\/p>\n<p>Kommt zu unserem Sprachcaf\u00e9, wo ihr euch mit anderen austauschen und an lebhaften Gespr\u00e4chen teilnehmen k\u00f6nnt. Es ist eine gro\u00dfartige Gelegenheit, eure Sprech- und H\u00f6rf\u00e4higkeiten zu verbessern und neue W\u00f6rter zu lernen, w\u00e4hrend ihr in lockerer Umgebung neue Bekanntschaften kn\u00fcpft.<\/p>\n","protected":false},"author":12,"featured_media":28245,"template":"","meta":{"pmpro_default_level":"","inline_featured_image":false},"product_brand":[],"product_cat":[769,797],"product_tag":[469],"class_list":{"0":"post-33210","1":"product","2":"type-product","3":"status-publish","4":"has-post-thumbnail","6":"product_cat-kostenloser-zugang","7":"product_cat-queer-bridges-events-2","8":"product_tag-lgbtqiaplus","9":"pmpro-has-access","11":"first","12":"instock","13":"sold-individually","14":"product-type-simple"},"wpml_current_locale":"de_DE","wpml_translations":{"en_US":{"locale":"en_US","id":33211,"slug":"queer-sprachcafe-4","post_title":"Queer Sprachcaf\u00e9","href":"https:\/\/wearevillage.org\/en\/shop\/language-cafe\/w12-2026"}},"language":{"code":"de","locale":"","name":"","is_rtl":false},"_links":{"self":[{"href":"https:\/\/wearevillage.org\/wp-json\/wp\/v2\/product\/33210","targetHints":{"allow":["GET"]}}],"collection":[{"href":"https:\/\/wearevillage.org\/wp-json\/wp\/v2\/product"}],"about":[{"href":"https:\/\/wearevillage.org\/wp-json\/wp\/v2\/types\/product"}],"author":[{"embeddable":true,"href":"https:\/\/wearevillage.org\/wp-json\/wp\/v2\/users\/12"}],"wp:featuredmedia":[{"embeddable":true,"href":"https:\/\/wearevillage.org\/wp-json\/wp\/v2\/media\/28245"}],"wp:attachment":[{"href":"https:\/\/wearevillage.org\/wp-json\/wp\/v2\/media?parent=33210"}],"wp:term":[{"taxonomy":"product_brand","embeddable":true,"href":"https:\/\/wearevillage.org\/wp-json\/wp\/v2\/product_brand?post=33210"},{"taxonomy":"product_cat","embeddable":true,"href":"https:\/\/wearevillage.org\/wp-json\/wp\/v2\/product_cat?post=33210"},{"taxonomy":"product_tag","embeddable":true,"href":"https:\/\/wearevillage.org\/wp-json\/wp\/v2\/product_tag?post=33210"}],"curies":[{"name":"wp","href":"https:\/\/api.w.org\/{rel}","templated":true}]}}