{"id":33350,"date":"2025-10-13T17:04:50","date_gmt":"2025-10-13T15:04:50","guid":{"rendered":"https:\/\/wearevillage.org\/?post_type=product&#038;p=33350"},"modified":"2026-02-12T14:42:36","modified_gmt":"2026-02-12T13:42:36","slug":"cuddle-puddle-27","status":"publish","type":"product","link":"https:\/\/wearevillage.org\/shop\/cuddle-puddle\/w08-2026\/","title":{"rendered":"*Cuddle Puddle"},"content":{"rendered":"<div class=\"wpb-content-wrapper\"><div class=\"vc_row wpb_row vc_row-fluid\"><div class=\"wpb_column vc_column_container vc_col-sm-12\"><div class=\"vc_column-inner\"><div class=\"wpb_wrapper\"><h4 style=\"text-align: left\" class=\"vc_custom_heading vc_do_custom_heading\" >Cuddle Puddle<\/h4><h5 style=\"text-align: left\" class=\"vc_custom_heading vc_do_custom_heading\" >mit Max Wenzlaff<\/h5>\n\t<div class=\"wpb_text_column wpb_content_element\" >\n\t\t<div class=\"wpb_wrapper\">\n\t\t\t<p>Eine Cuddle Puddle bietet einen sicheren und einladenden Raum f\u00fcr GBTQ M\u00e4nner*, um nicht-sexuelle Ber\u00fchrungen zu erleben, emotionales Wohlbefinden zu f\u00f6rdern und klare Grenzen zu setzen. Dies tr\u00e4gt positiv zur allgemeinen psychischen Gesundheit und zum Zugeh\u00f6rigkeitsgef\u00fchl zu einer Gemeinschaft bei.<\/p>\n<p>Du entscheidest, was sich f\u00fcr dich richtig anf\u00fchlt \u2013 ob du mehr Abstand oder N\u00e4he bevorzugst. In unseren angeleiteten Cuddle Puddles stehen Selbsterfahrung und gegenseitiger Respekt im Mittelpunkt, so dass das Wohlbefinden und die Bed\u00fcrfnisse aller gewahrt bleiben.<\/p>\n\n\t\t<\/div>\n\t<\/div>\n<div class=\"vc_separator wpb_content_element vc_separator_align_center vc_sep_width_100 vc_sep_pos_align_center vc_separator_no_text vc_sep_color_grey wpb_content_element  wpb_content_element\" ><span class=\"vc_sep_holder vc_sep_holder_l\"><span class=\"vc_sep_line\"><\/span><\/span><span class=\"vc_sep_holder vc_sep_holder_r\"><span class=\"vc_sep_line\"><\/span><\/span>\n<\/div>\n\t<div class=\"wpb_text_column wpb_content_element\" >\n\t\t<div class=\"wpb_wrapper\">\n\t\t\t<p><img loading=\"lazy\" decoding=\"async\" class=\"wp-image-14387 alignleft\" src=\"https:\/\/wearevillage.org\/wp-content\/uploads\/2024\/05\/wav-team-Max-Wenzlaff-270x300.png\" alt=\"\" width=\"160\" height=\"178\" srcset=\"https:\/\/wearevillage.org\/wp-content\/uploads\/2024\/05\/wav-team-Max-Wenzlaff-270x300.png 270w, https:\/\/wearevillage.org\/wp-content\/uploads\/2024\/05\/wav-team-Max-Wenzlaff-135x150.png 135w, https:\/\/wearevillage.org\/wp-content\/uploads\/2024\/05\/wav-team-Max-Wenzlaff-768x853.png 768w, https:\/\/wearevillage.org\/wp-content\/uploads\/2024\/05\/wav-team-Max-Wenzlaff-624x693.png 624w, https:\/\/wearevillage.org\/wp-content\/uploads\/2024\/05\/wav-team-Max-Wenzlaff-390x433.png 390w, https:\/\/wearevillage.org\/wp-content\/uploads\/2024\/05\/wav-team-Max-Wenzlaff-600x667.png 600w, https:\/\/wearevillage.org\/wp-content\/uploads\/2024\/05\/wav-team-Max-Wenzlaff.png 900w\" sizes=\"auto, (max-width: 160px) 100vw, 160px\" \/><strong>Max Wenzlaff:<\/strong>\u00a0Als schwuler Cis-Mann, mit Ost-Kindheit im Schatten des Mauerstreifens entdecke ich bis heute, was Verbundenheit wirklich bedeutet. Mich fasziniert wie Kommunikation, Empathie, K\u00f6rperlichkeit, Sexualit\u00e4t und emotionale Bed\u00fcrfnisse in Einklang kommen.<\/p>\n<p>Ich bin \u00fcberzeugt, dass Z\u00e4rtlichkeit, Ber\u00fchrungen und K\u00f6rperkontakt unglaublich wichtige Ressourcen in der Interaktion sind, mit anderen wie auch mit sich selbst. Auch im Berufsleben schaffe ich Schnittstellen zwischen Menschen und Prozessen.<\/p>\n\n\t\t<\/div>\n\t<\/div>\n<div class=\"vc_separator wpb_content_element vc_separator_align_center vc_sep_width_100 vc_sep_pos_align_center vc_separator_no_text vc_sep_color_grey wpb_content_element  wpb_content_element\" ><span class=\"vc_sep_holder vc_sep_holder_l\"><span class=\"vc_sep_line\"><\/span><\/span><span class=\"vc_sep_holder vc_sep_holder_r\"><span class=\"vc_sep_line\"><\/span><\/span>\n<\/div>\n\t<div class=\"wpb_text_column wpb_content_element\" >\n\t\t<div class=\"wpb_wrapper\">\n\t\t\t<p><strong>Hinweise<\/strong><br \/>\nTrage bequeme Kleidung.<br \/>\n<strong>Sprache: <\/strong>Je nach Bed\u00fcrfnissen der Gruppe werden wir Deutsch und\/oder Englisch sprechen.<br \/>\n<b>Kosten<\/b>: Diese Veranstaltung z\u00e4hlt zu den kostenfreien Veranstaltungen pro Monat f\u00fcr Mitglieder.<br \/>\n<b>Member werden<\/b>: Als Mitglied unterst\u00fctzt du nicht nur unser Projekt, sondern du erh\u00e4ltst gleichzeitig monatlich Zugang zu den kostenfreien Veranstaltungen. Mehr Infos <u><a href=\"https:\/\/wearevillage.org\/membership\" target=\"_blank\" rel=\"noopener noreferrer\" data-sk=\"tooltip_parent\">hier<\/a><\/u>.<\/p>\n\n\t\t<\/div>\n\t<\/div>\n<\/div><\/div><\/div><\/div>\n<\/div>","protected":false},"excerpt":{"rendered":"<h5>Dienstag (einmal pro Monat)<br \/>\n20:00 \u2013 22:30<\/h5>\n<p class=\"p1\"><strong>| <span style=\"color: #ec6c23;\">GBTQ men*<\/span>\u00a0|<\/strong><\/p>\n<p>Eine Cuddle Puddle bietet einen sicheren und einladenden Raum f\u00fcr GBTQ M\u00e4nner*, um nicht-sexuelle Ber\u00fchrungen zu erleben, emotionales Wohlbefinden zu f\u00f6rdern und klare Grenzen zu setzen. Dies tr\u00e4gt positiv zur allgemeinen psychischen Gesundheit und zum Zugeh\u00f6rigkeitsgef\u00fchl zu einer Gemeinschaft bei.<\/p>\n","protected":false},"author":11,"featured_media":1760,"template":"","meta":{"pmpro_default_level":"","inline_featured_image":false},"product_brand":[],"product_cat":[79],"product_tag":[256],"class_list":{"0":"post-33350","1":"product","2":"type-product","3":"status-publish","4":"has-post-thumbnail","6":"product_cat-monatliche-events","7":"product_tag-gbtq-men","8":"pmpro-has-access","10":"first","11":"instock","12":"product-type-variable"},"wpml_current_locale":"de_DE","wpml_translations":{"en_US":{"locale":"en_US","id":33354,"slug":"cuddle-puddle-27","post_title":"*Cuddle Puddle","href":"https:\/\/wearevillage.org\/en\/shop\/cuddle-puddle\/w08-2026"}},"language":{"code":"de","locale":"","name":"","is_rtl":false},"_links":{"self":[{"href":"https:\/\/wearevillage.org\/wp-json\/wp\/v2\/product\/33350","targetHints":{"allow":["GET"]}}],"collection":[{"href":"https:\/\/wearevillage.org\/wp-json\/wp\/v2\/product"}],"about":[{"href":"https:\/\/wearevillage.org\/wp-json\/wp\/v2\/types\/product"}],"author":[{"embeddable":true,"href":"https:\/\/wearevillage.org\/wp-json\/wp\/v2\/users\/11"}],"wp:featuredmedia":[{"embeddable":true,"href":"https:\/\/wearevillage.org\/wp-json\/wp\/v2\/media\/1760"}],"wp:attachment":[{"href":"https:\/\/wearevillage.org\/wp-json\/wp\/v2\/media?parent=33350"}],"wp:term":[{"taxonomy":"product_brand","embeddable":true,"href":"https:\/\/wearevillage.org\/wp-json\/wp\/v2\/product_brand?post=33350"},{"taxonomy":"product_cat","embeddable":true,"href":"https:\/\/wearevillage.org\/wp-json\/wp\/v2\/product_cat?post=33350"},{"taxonomy":"product_tag","embeddable":true,"href":"https:\/\/wearevillage.org\/wp-json\/wp\/v2\/product_tag?post=33350"}],"curies":[{"name":"wp","href":"https:\/\/api.w.org\/{rel}","templated":true}]}}