{"id":33941,"date":"2025-10-23T14:21:23","date_gmt":"2025-10-23T12:21:23","guid":{"rendered":"https:\/\/wearevillage.org\/?post_type=product&#038;p=33941"},"modified":"2025-12-05T19:34:32","modified_gmt":"2025-12-05T18:34:32","slug":"synergy-5-dimensional-flow-traditional-yoga-for-the-modern-body","status":"publish","type":"product","link":"https:\/\/wearevillage.org\/shop\/regenerative-touch\/w49-2025\/","title":{"rendered":"Holistic regenerative touch"},"content":{"rendered":"<div class=\"wpb-content-wrapper\"><div class=\"vc_row wpb_row vc_row-fluid\"><div class=\"wpb_column vc_column_container vc_col-sm-12\"><div class=\"vc_column-inner\"><div class=\"wpb_wrapper\"><h4 style=\"text-align: left\" class=\"vc_custom_heading vc_do_custom_heading\" >Holistic regenerative touch: move, breathe from within<\/h4><h5 style=\"text-align: left\" class=\"vc_custom_heading vc_do_custom_heading\" >Regenerative Touch Workshopreihe f\u00fcr queere Menschen<\/h5><div class=\"vc_separator wpb_content_element vc_separator_align_center vc_sep_width_100 vc_sep_pos_align_center vc_separator_no_text vc_sep_color_grey wpb_content_element  wpb_content_element\" ><span class=\"vc_sep_holder vc_sep_holder_l\"><span class=\"vc_sep_line\"><\/span><\/span><span class=\"vc_sep_holder vc_sep_holder_r\"><span class=\"vc_sep_line\"><\/span><\/span>\n<\/div>\n\t<div class=\"wpb_text_column wpb_content_element\" >\n\t\t<div class=\"wpb_wrapper\">\n\t\t\t<p><strong>Holistic Regenerative Touch<\/strong> is a mindful movement practice that awakens your body\u2019s natural intelligence to restore balance, strength, and calm. Blending traditional movement wisdom with modern techniques, it helps you reconnect with your core; the living center that regenerates and sustains your vitality.<\/p>\n<p>Through gentle, functional movement, breath, and awareness, you\u2019ll learn practical tools to support daily physical and emotional health. This is healing from the inside out \u2013 where the touch that restores begins within you.<\/p>\n<p>This is an invitation to return home- to the intelligence that breathes, moves, and regenerates us from within. When we touch from that place, every gesture becomes healing- for ourselves, for others, and for the world we share.<\/p>\n<p><strong>Benefits include:<\/strong><br \/>\n\u2022 Natural posture, mobility, and breath<br \/>\n\u2022 Nervous system regulation and deep relaxation<br \/>\n\u2022 Pain-free strength and flexibility<br \/>\n\u2022 Emotional clarity and inner calm<br \/>\n\u2022 Connection between body, mind, & spirit<\/p>\n\n\t\t<\/div>\n\t<\/div>\n<div class=\"vc_separator wpb_content_element vc_separator_align_center vc_sep_width_100 vc_sep_pos_align_center vc_separator_no_text vc_sep_color_grey vc_custom_1734460489038 wpb_content_element  vc_custom_1734460489038 wpb_content_element\" ><span class=\"vc_sep_holder vc_sep_holder_l\"><span class=\"vc_sep_line\"><\/span><\/span><span class=\"vc_sep_holder vc_sep_holder_r\"><span class=\"vc_sep_line\"><\/span><\/span>\n<\/div>\n\t<div class=\"wpb_text_column wpb_content_element\" >\n\t\t<div class=\"wpb_wrapper\">\n\t\t\t<p><img loading=\"lazy\" decoding=\"async\" class=\"wp-image-33948 alignleft\" src=\"https:\/\/wearevillage.org\/wp-content\/uploads\/2025\/10\/IMG_3772.jpeg\" alt=\"Dmitry\" width=\"167\" height=\"179\" srcset=\"https:\/\/wearevillage.org\/wp-content\/uploads\/2025\/10\/IMG_3772.jpeg 1242w, https:\/\/wearevillage.org\/wp-content\/uploads\/2025\/10\/IMG_3772-280x300.jpeg 280w, https:\/\/wearevillage.org\/wp-content\/uploads\/2025\/10\/IMG_3772-954x1024.jpeg 954w, https:\/\/wearevillage.org\/wp-content\/uploads\/2025\/10\/IMG_3772-140x150.jpeg 140w, https:\/\/wearevillage.org\/wp-content\/uploads\/2025\/10\/IMG_3772-768x824.jpeg 768w, https:\/\/wearevillage.org\/wp-content\/uploads\/2025\/10\/IMG_3772-624x670.jpeg 624w, https:\/\/wearevillage.org\/wp-content\/uploads\/2025\/10\/IMG_3772-390x419.jpeg 390w, https:\/\/wearevillage.org\/wp-content\/uploads\/2025\/10\/IMG_3772-600x644.jpeg 600w\" sizes=\"auto, (max-width: 167px) 100vw, 167px\" \/><\/p>\n<p style=\"text-align: left;\"><strong>Dmitry Strigunkov<\/strong> ist ein ganzheitlicher Bewegungsleiter sowie Fitness- und Wellnessp\u00e4dagoge mit \u00fcber 10 Jahren Erfahrung in der Begleitung von Einzelpersonen und Gruppen durch Yoga, somatische Bewusstheit und therapeutische Bewegung. Sein Ansatz verbindet traditionelle \u00f6stliche Praktiken mit westlichen physiotherapeutischen Prinzipien, wissenschaftlich fundiert, um funktionale, schmerzfreie Bewegungen und emotionale Balance zu f\u00f6rdern. Er hat international Workshops und Retreats geleitet und legt dabei den Fokus auf zug\u00e4ngliche und inklusive Praktiken, die Regeneration, Vitalit\u00e4t und innere Verbundenheit unterst\u00fctzen. Seine Ausbildung umfasst Yoga-Therapie, Atemarbeit, Methoden zur K\u00f6rper-Geist-Integration sowie Core-Aktivierungstechniken und kombiniert dynamische, aktive Bewegungen mit meditativen und entspannenden Haltungen. www.strigun.co.uk<\/p>\n\n\t\t<\/div>\n\t<\/div>\n<div class=\"vc_separator wpb_content_element vc_separator_align_center vc_sep_width_100 vc_sep_pos_align_center vc_separator_no_text vc_sep_color_grey vc_custom_1734460489038 wpb_content_element  vc_custom_1734460489038 wpb_content_element\" ><span class=\"vc_sep_holder vc_sep_holder_l\"><span class=\"vc_sep_line\"><\/span><\/span><span class=\"vc_sep_holder vc_sep_holder_r\"><span class=\"vc_sep_line\"><\/span><\/span>\n<\/div>\n\t<div class=\"wpb_text_column wpb_content_element\" >\n\t\t<div class=\"wpb_wrapper\">\n\t\t\t<p><strong>Was ist Regenerative Ber\u00fchrung?<\/strong><br \/>\nRegenerative Touch ist ein monatlicher Workshop f\u00fcr Queer People, bei dem wir uns gegenseitig helfen, langsamer zu werden, in unseren K\u00f6rper zu kommen und in einer unterst\u00fctzenden und n\u00e4hrenden Umgebung die wohltuende Wirkung von regenerativer Ber\u00fchrung erkunden. Ber\u00fchrung, die im t\u00e4glichen Leben oft \u00fcbersehen wird, ist ein grundlegendes menschliches Bed\u00fcrfnis.<br \/>\nIn diesen Workshops schaffen wir einen Raum, der ausschlie\u00dflich ihrer regenerativen und heilenden Kraft gewidmet ist, frei von romantischen oder sexuellen Konnotationen.<br \/>\nBer\u00fchrung kommuniziert direkt und erreicht Orte, die Worte nicht erreichen k\u00f6nnen. Hast du jemals die beruhigende Wirkung einer warmen Umarmung oder einer tr\u00f6stenden Hand auf deiner Schulter erlebt? Selbst ein kurzes 15-min\u00fctiges Handhalten kann zu einer signifikanten Senkung der Herzfrequenz und des Blutdrucks f\u00fchren und eine starke Entspannungsreaktion signalisieren. Eine einfache 20-sek\u00fcndige Umarmung kann zu h\u00f6heren Oxytocinspiegeln f\u00fchren, dem Hormon, das mit Bindung und Vertrauen verbunden ist.<br \/>\nJeden Monat wird unser trauma-sensitiver Moderator den Abend um Themen wie Pr\u00e4senz, Regulierung des Nervensystems und emotionale Sicherheit gestalten und sich auf praktisches Erleben anstatt auf zu viele Worte oder Techniken konzentrieren. Es sind keine Vorkenntnisse in K\u00f6rperarbeit erforderlich \u2013 bring einfach deine Neugier mit.<\/p>\n\n\t\t<\/div>\n\t<\/div>\n\n\t<div class=\"wpb_text_column wpb_content_element\" >\n\t\t<div class=\"wpb_wrapper\">\n\t\t\t<p><strong>Vorteile<\/strong><br \/>\n\u2013 Erfahre eine Verringerung von Angstzust\u00e4nden und Depressionen sowie eine erh\u00f6hte emotionale Widerstandsf\u00e4higkeit durch beruhigende, achtsame Ber\u00fchrung.<br \/>\n\u2013 Kultiviere wertsch\u00e4tzende Anwesenheit und tiefere Verbindungen zu dir selbst und anderen.<br \/>\n\u2013 Unterst\u00fctze die Heilung von Traumata und setze in einer sicheren, n\u00e4hrenden Umgebung Emotionen frei.<br \/>\n\u2013 Verbessere deine Stimmung und deine Immunfunktion, indem du Stress reduzierst und Endorphine freisetzt.<br \/>\n\u2013 F\u00f6rdere ein Gef\u00fchl von Gemeinschaft und Zugeh\u00f6rigkeit durch gemeinsame, nonverbale Erfahrungen.<br \/>\n\u2013 Ermutige tieferes Mitgef\u00fchl und Akzeptanz durch sanften, unterst\u00fctzenden Kontakt.<\/p>\n\n\t\t<\/div>\n\t<\/div>\n<div class=\"vc_separator wpb_content_element vc_separator_align_center vc_sep_width_100 vc_sep_pos_align_center vc_separator_no_text vc_sep_color_grey wpb_content_element  wpb_content_element\" ><span class=\"vc_sep_holder vc_sep_holder_l\"><span class=\"vc_sep_line\"><\/span><\/span><span class=\"vc_sep_holder vc_sep_holder_r\"><span class=\"vc_sep_line\"><\/span><\/span>\n<\/div>\n\t<div class=\"wpb_text_column wpb_content_element\" >\n\t\t<div class=\"wpb_wrapper\">\n\t\t\t<p><b>Hinweise<\/b><br \/>\n\u2013 Dieses Format ist f\u00fcr alle queeren Personen (LGBTQIA+), die Ber\u00fchrung in einer einvernehmlichen, unterst\u00fctzenden Atmosph\u00e4re erfahren m\u00f6chten. (Siehe auch unsere <strong><a href=\"https:\/\/wearevillage.org\/faq\">FAQ<\/a><\/strong>)<br \/>\n\u2013 Teilnehmende bleiben bei diesem Format bekleidet.<br \/>\n\u2013 Bringe zum Abdecken von Kissen, Matten oder Massageliegen ein Laken und ein Handtuch mit.<br \/>\n\u2013 Der Workshop wird in englischer Sprache abgehalten<br \/>\n\u2013 Wir haben erm\u00e4\u00dfigte Solidarit\u00e4tstickets.<br \/>\n\u2013 Dieses Event ist auch zu einem erm\u00e4\u00dfigten Mitgliederpreis erh\u00e4ltlich \u2013 aber kein Bestandteil der zwei kostenlosen monatlichen Mitgliederveranstaltungen.<br \/>\n\u2013 Erm\u00e4\u00dfigter Zugang ist auf schriftliche Anfrage per E-Mail an\u00a0<strong><a href=\"mailto:events@wearevillage.org\">events@wearevillage.org<\/a><\/strong><\/p>\n\n\t\t<\/div>\n\t<\/div>\n<\/div><\/div><\/div><\/div>\n<\/div>","protected":false},"excerpt":{"rendered":"<h5>Freitags (einmal im Monat)<br \/>\n20:00 \u2013 22:00<\/h5>\n<p class=\"p1\"><strong>| <span style=\"color: #ec6c23;\">LGBTQIA+<\/span>\u00a0|<\/strong><\/p>\n<p><strong><span class=\"\">Regenerative Touch Workshopreihe f\u00fcr queere Menschen<br \/>\n<\/span><\/strong>Holistic Regenerative Touch is a mindful movement practice that awakens your body\u2019s natural intelligence to restore balance, strength, and calm. Blending traditional movement wisdom with modern techniques, it helps you reconnect with your core; the living center that regenerates and sustains your vitality.<br \/>\nThrough gentle, functional movement, breath, and awareness, you\u2019ll learn practical tools to support daily physical and emotional health. This is healing from the inside out \u2013 where the touch that restores begins within you.<\/p>\n","protected":false},"author":11,"featured_media":35171,"template":"","meta":{"pmpro_default_level":"","inline_featured_image":false},"product_brand":[],"product_cat":[79,83],"product_tag":[469],"class_list":{"0":"post-33941","1":"product","2":"type-product","3":"status-publish","4":"has-post-thumbnail","6":"product_cat-monatliche-events","7":"product_cat-workshops","8":"product_tag-lgbtqiaplus","9":"pmpro-has-access","11":"first","12":"instock","13":"product-type-variable","14":"has-default-attributes"},"wpml_current_locale":"de_DE","wpml_translations":{"en_US":{"locale":"en_US","id":33944,"slug":"hands-to-heart-copy","post_title":"Holistic regenerative touch","href":"https:\/\/wearevillage.org\/en\/shop\/regenerative-touch\/w49-2025"}},"language":{"code":"de","locale":"","name":"","is_rtl":false},"_links":{"self":[{"href":"https:\/\/wearevillage.org\/wp-json\/wp\/v2\/product\/33941","targetHints":{"allow":["GET"]}}],"collection":[{"href":"https:\/\/wearevillage.org\/wp-json\/wp\/v2\/product"}],"about":[{"href":"https:\/\/wearevillage.org\/wp-json\/wp\/v2\/types\/product"}],"author":[{"embeddable":true,"href":"https:\/\/wearevillage.org\/wp-json\/wp\/v2\/users\/11"}],"wp:featuredmedia":[{"embeddable":true,"href":"https:\/\/wearevillage.org\/wp-json\/wp\/v2\/media\/35171"}],"wp:attachment":[{"href":"https:\/\/wearevillage.org\/wp-json\/wp\/v2\/media?parent=33941"}],"wp:term":[{"taxonomy":"product_brand","embeddable":true,"href":"https:\/\/wearevillage.org\/wp-json\/wp\/v2\/product_brand?post=33941"},{"taxonomy":"product_cat","embeddable":true,"href":"https:\/\/wearevillage.org\/wp-json\/wp\/v2\/product_cat?post=33941"},{"taxonomy":"product_tag","embeddable":true,"href":"https:\/\/wearevillage.org\/wp-json\/wp\/v2\/product_tag?post=33941"}],"curies":[{"name":"wp","href":"https:\/\/api.w.org\/{rel}","templated":true}]}}