{"id":33955,"date":"2025-10-23T15:49:25","date_gmt":"2025-10-23T13:49:25","guid":{"rendered":"https:\/\/wearevillage.org\/?post_type=product&#038;p=33955"},"modified":"2025-11-19T15:15:28","modified_gmt":"2025-11-19T14:15:28","slug":"open-writing-circle-22","status":"publish","type":"product","link":"https:\/\/wearevillage.org\/shop\/writing-circle\/w46-2025\/","title":{"rendered":"Open writing circle"},"content":{"rendered":"<div class=\"wpb-content-wrapper\"><div class=\"vc_row wpb_row vc_row-fluid\"><div class=\"wpb_column vc_column_container vc_col-sm-12\"><div class=\"vc_column-inner\"><div class=\"wpb_wrapper\"><h4 style=\"text-align: left\" class=\"vc_custom_heading vc_do_custom_heading\" >Open writing circle<\/h4><h5 style=\"text-align: left\" class=\"vc_custom_heading vc_do_custom_heading\" >Gast: Pablo Santacana L\u00f3pez<\/h5>\n\t<div class=\"wpb_text_column wpb_content_element\" >\n\t\t<div class=\"wpb_wrapper\">\n\t\t\t<p>Pablo Santacana L\u00f3pez invites participants to explore writing as a practice of queer world-making.<br \/>\nThis workshop approaches writing as a way to build what doesn\u2019t yet exist. When we write from queer experience, we\u2019re constructing alternative realities, imagining different ways of being together, oriented toward the future.<br \/>\nWe\u2019ll practice using space and perception as tools for writing. How do our stories occupy, disrupt, and transform the territories they inhabit? How can we use autofiction and critical fabulation to challenge normative historical narratives and imagine alternative futures?<\/p>\n\n\t\t<\/div>\n\t<\/div>\n<div class=\"vc_separator wpb_content_element vc_separator_align_center vc_sep_width_100 vc_sep_pos_align_center vc_separator_no_text vc_sep_color_grey wpb_content_element  wpb_content_element\" ><span class=\"vc_sep_holder vc_sep_holder_l\"><span class=\"vc_sep_line\"><\/span><\/span><span class=\"vc_sep_holder vc_sep_holder_r\"><span class=\"vc_sep_line\"><\/span><\/span>\n<\/div>\n\t<div class=\"wpb_text_column wpb_content_element\" >\n\t\t<div class=\"wpb_wrapper\">\n\t\t\t<p><img loading=\"lazy\" decoding=\"async\" class=\" wp-image-34333 alignleft\" src=\"https:\/\/wearevillage.org\/wp-content\/uploads\/2025\/10\/wav-team-Pablo-Santacan-270x300.png\" alt=\"\" width=\"160\" height=\"178\" srcset=\"https:\/\/wearevillage.org\/wp-content\/uploads\/2025\/10\/wav-team-Pablo-Santacan-270x300.png 270w, https:\/\/wearevillage.org\/wp-content\/uploads\/2025\/10\/wav-team-Pablo-Santacan-135x150.png 135w, https:\/\/wearevillage.org\/wp-content\/uploads\/2025\/10\/wav-team-Pablo-Santacan-768x853.png 768w, https:\/\/wearevillage.org\/wp-content\/uploads\/2025\/10\/wav-team-Pablo-Santacan-624x693.png 624w, https:\/\/wearevillage.org\/wp-content\/uploads\/2025\/10\/wav-team-Pablo-Santacan-390x433.png 390w, https:\/\/wearevillage.org\/wp-content\/uploads\/2025\/10\/wav-team-Pablo-Santacan-600x667.png 600w, https:\/\/wearevillage.org\/wp-content\/uploads\/2025\/10\/wav-team-Pablo-Santacan.png 900w\" sizes=\"auto, (max-width: 160px) 100vw, 160px\" \/><strong>Pablo Santacana L\u00f3pez<\/strong> (Madrid, 1991) is an interdisciplinary artist and writer working between Madrid and Berlin. His practice interrogates how representations, archives, and monuments shape whose stories get remembered and whose get forgotten.<br \/>\nPablo is co-founder of the art collective Vendedores de Humo and a PhD researcher at Bauhaus-Universit\u00e4t Weimar. His work examines performative heritage, embodied memory, and the politics of queer space. He writes about how queerness transforms places and how places can be queered\u2014how a street corner, a monument, or a text can become a site where new forms of life become possible. His research includes collaborative work on hauntological remembrance and the entanglements between past, present, and futures of queerness visible in materialized forms of memory.<br \/>\nHis contributions have appeared in Texte Zur Kunst, Kaltblut Magazine, Arch+, and Arts of the Working Class, and he has collaborated with institutions including Gropius Bau and Haus der Kulturen del Welt in Berlin.<\/p>\n\n\t\t<\/div>\n\t<\/div>\n<div class=\"vc_separator wpb_content_element vc_separator_align_center vc_sep_width_100 vc_sep_pos_align_center vc_separator_no_text vc_sep_color_grey wpb_content_element  wpb_content_element\" ><span class=\"vc_sep_holder vc_sep_holder_l\"><span class=\"vc_sep_line\"><\/span><\/span><span class=\"vc_sep_holder vc_sep_holder_r\"><span class=\"vc_sep_line\"><\/span><\/span>\n<\/div>\n\t<div class=\"wpb_text_column wpb_content_element\" >\n\t\t<div class=\"wpb_wrapper\">\n\t\t\t<p><strong>Worte und Geschichten wohnen in uns allen und warten darauf, entdeckt zu werden.<\/strong><\/p>\n<p>\u2022 Unser monatlicher offener Schreibkreis l\u00e4dt Menschen mit allen Erfahrungsstufen im Schreiben ein, ihre Kreativit\u00e4t und Fantasie zu erforschen.In jeder Sitzung wird eine der vielen au\u00dfergew\u00f6hnlichen schreibenden, dichtenden oder k\u00fcnstlerisch t\u00e4tigen Personen Berlins ein lebendiges und kollektives Lernerlebnis gestalten.<br \/>\n\u2022 Ob du dich f\u00fcr Fiktion, Memoiren, Sachb\u00fccher oder Poesie interessierst, dieser unterst\u00fctzende Raum ermutigt dich, die Worte in deinem Inneren zu entdecken. Wir werden Techniken aus Schreibworkshops nutzen, um dein angeborenes Talent in einer kollaborativen Umgebung zu entfesseln, die einen dynamischen Austausch von Ideen und Einsichten erm\u00f6glicht.<br \/>\n\u2022 Dieser Workshop zielt darauf ab, einen best\u00e4rkenden, spielerischen und erm\u00e4chtigenden Raum f\u00fcr queere Menschen zu schaffen, um ihre Identit\u00e4ten zu erforschen, auszudr\u00fccken und zu feiern, sowie eine Plattform zu bieten, auf der die Geschichten der LGBTQIA+-Gemeinschaft geteilt, geh\u00f6rt und wertgesch\u00e4tzt werden k\u00f6nnen.<\/p>\n\n\t\t<\/div>\n\t<\/div>\n<div class=\"vc_separator wpb_content_element vc_separator_align_center vc_sep_width_100 vc_sep_pos_align_center vc_separator_no_text vc_sep_color_grey vc_custom_1731067047055 wpb_content_element  vc_custom_1731067047055 wpb_content_element\" ><span class=\"vc_sep_holder vc_sep_holder_l\"><span class=\"vc_sep_line\"><\/span><\/span><span class=\"vc_sep_holder vc_sep_holder_r\"><span class=\"vc_sep_line\"><\/span><\/span>\n<\/div>\n\t<div class=\"wpb_text_column wpb_content_element\" >\n\t\t<div class=\"wpb_wrapper\">\n\t\t\t<p><span style=\"text-decoration: underline;\"><strong>Hinweise<\/strong><\/span><br \/>\n<strong>Level<\/strong>: Es sind keine Vorkenntnisse erforderlich.<br \/>\n<strong>Sprache<\/strong>: W\u00e4hrend die Gruppe haupts\u00e4chlich auf Englisch durchgef\u00fchrt wird, bist du herzlich eingeladen, in jeder Sprache zu schreiben, in der du dich wohlf\u00fchlst.<br \/>\n<strong>Kosten<\/strong>: Diese Veranstaltung ist kostenlos.<br \/>\nWir laden au\u00dferdem alle Schreibenden ein, eine zuk\u00fcnftige Sitzung zu leiten \u2013 bitte kontaktiere uns f\u00fcr weitere Informationen.<\/p>\n<p><em>** Diese Veranstaltung ist Teil unseres Programms \u201a<strong><a href=\"https:\/\/wearevillage.org\/village-quartiere\/addressing-queer-lonliness\" target=\"_blank\" rel=\"noopener\">Gemeinsam statt einsam<\/a><\/strong>\u201a, unterst\u00fctzt von der <strong><a href=\"https:\/\/www.berlin.de\/sen\/lads\/\" target=\"_blank\" rel=\"noopener\">LADS<\/a><\/strong>. <\/em><br \/>\n<em>Erfahre mehr \u00fcber das Programm <a href=\"https:\/\/wearevillage.org\/village-quartiere\/addressing-queer-lonliness\" target=\"_blank\" rel=\"noopener\">hier<\/a>.<\/em><\/p>\n\n\t\t<\/div>\n\t<\/div>\n<\/div><\/div><\/div><\/div>\n<\/div>","protected":false},"excerpt":{"rendered":"<h5>(einmal pro Monat)<br \/>\n19:30 \u2013 21:30<br \/>\nKostenlos with registration<\/h5>\n<p class=\"p1\"><strong>|<span style=\"color: #ec6c23;\"> LGBTQIA+ <\/span>|<\/strong><\/p>\n<p><strong>Gast in diesem Monat: Pablo Santacana L\u00f3pez<br \/>\n<\/strong>Pablo Santacana L\u00f3pez invites participants to explore writing as a practice of queer world-making. This workshop approaches writing as a way to build what doesn\u2019t yet exist. When we write from queer experience, we\u2019re constructing alternative realities, imagining different ways of being together, oriented toward the future.<\/p>\n","protected":false},"author":12,"featured_media":34330,"template":"","meta":{"pmpro_default_level":"","inline_featured_image":false},"product_brand":[],"product_cat":[791,769,79],"product_tag":[469],"class_list":{"0":"post-33955","1":"product","2":"type-product","3":"status-publish","4":"has-post-thumbnail","6":"product_cat-gemeinsam-statt-einsam","7":"product_cat-kostenloser-zugang","8":"product_cat-monatliche-events","9":"product_tag-lgbtqiaplus","10":"pmpro-has-access","12":"first","13":"instock","14":"product-type-simple"},"wpml_current_locale":"de_DE","wpml_translations":{"en_US":{"locale":"en_US","id":33956,"slug":"writing-circle-w46-2025","post_title":"Open writing circle","href":"https:\/\/wearevillage.org\/en\/shop\/writing-circle-w46-2025\/"}},"language":{"code":"de","locale":"","name":"","is_rtl":false},"_links":{"self":[{"href":"https:\/\/wearevillage.org\/wp-json\/wp\/v2\/product\/33955","targetHints":{"allow":["GET"]}}],"collection":[{"href":"https:\/\/wearevillage.org\/wp-json\/wp\/v2\/product"}],"about":[{"href":"https:\/\/wearevillage.org\/wp-json\/wp\/v2\/types\/product"}],"author":[{"embeddable":true,"href":"https:\/\/wearevillage.org\/wp-json\/wp\/v2\/users\/12"}],"wp:featuredmedia":[{"embeddable":true,"href":"https:\/\/wearevillage.org\/wp-json\/wp\/v2\/media\/34330"}],"wp:attachment":[{"href":"https:\/\/wearevillage.org\/wp-json\/wp\/v2\/media?parent=33955"}],"wp:term":[{"taxonomy":"product_brand","embeddable":true,"href":"https:\/\/wearevillage.org\/wp-json\/wp\/v2\/product_brand?post=33955"},{"taxonomy":"product_cat","embeddable":true,"href":"https:\/\/wearevillage.org\/wp-json\/wp\/v2\/product_cat?post=33955"},{"taxonomy":"product_tag","embeddable":true,"href":"https:\/\/wearevillage.org\/wp-json\/wp\/v2\/product_tag?post=33955"}],"curies":[{"name":"wp","href":"https:\/\/api.w.org\/{rel}","templated":true}]}}