{"id":34282,"date":"2025-10-30T07:47:19","date_gmt":"2025-10-30T06:47:19","guid":{"rendered":"https:\/\/wearevillage.org\/?post_type=product&#038;p=34282"},"modified":"2026-01-27T18:37:23","modified_gmt":"2026-01-27T17:37:23","slug":"radical-empathy-copy","status":"publish","type":"product","link":"https:\/\/wearevillage.org\/shop\/radical-empathy\/w07-2026\/","title":{"rendered":"Radical Empathy"},"content":{"rendered":"<div class=\"wpb-content-wrapper\"><div class=\"vc_row wpb_row vc_row-fluid\"><div class=\"wpb_column vc_column_container vc_col-sm-12\"><div class=\"vc_column-inner\"><div class=\"wpb_wrapper\"><h4 style=\"text-align: left\" class=\"vc_custom_heading vc_do_custom_heading\" >Radical Empathy \u2013 Queer Storytelling for Connection<\/h4><h5 style=\"text-align: left\" class=\"vc_custom_heading vc_do_custom_heading\" >mit neo seefried & G\u00e4st*innen<\/h5>\n\t<div class=\"wpb_text_column wpb_content_element\" >\n\t\t<div class=\"wpb_wrapper\">\n\t\t\t<p>In dieser f\u00fcnfteilig angelegten Workshop-Reihe erforschen die Teilnehmenden, wie queeres Storytelling Konflikte halten, transformieren und neu imaginieren kann \u2013 pers\u00f6nlich wie kollektiv. Die Gruppe (max. 30 Personen) schafft einen intimen Raum, in dem Unterschiede nicht gegl\u00e4ttet, sondern gelebt werden, und in dem neue Formen von Verbindung erprobt werden.<\/p>\n<p>Queere Lebensrealit\u00e4ten sind von Spannungen gepr\u00e4gt: zwischen Zugeh\u00f6rigkeit und Ausschluss, Sichtbarkeit und Ausl\u00f6schung, Intimit\u00e4t und Fremdheit. Anstatt diese Widerspr\u00fcche zu verdr\u00e4ngen, l\u00e4dt diese Reihe dazu ein, sie zu halten, mit ihnen zu ringen \u2013 und Freude an ihrer Reibung zu finden.<\/p>\n\n\t\t<\/div>\n\t<\/div>\n\n\t<div class=\"wpb_text_column wpb_content_element\" >\n\t\t<div class=\"wpb_wrapper\">\n\t\t\t<p><strong>Im Fokus stehen Fragen wie:<\/strong><br \/>\n\u2022 Wie k\u00f6nnen wir Konflikte anders leben?<br \/>\n\u2022 Was k\u00f6nnen wir voneinander lernen, um Spannungen mit mehr als Schweigen oder Aggression zu begegnen?<br \/>\n\u2022 Welche queeren Perspektiven er\u00f6ffnen Freude am Streit, die Kunst des Aneinanders und Utopien des Nicht-Einigseins?<\/p>\n<p><strong>Praktiken, die wir gemeinsam erproben:<\/strong><br \/>\n\u2022 Storytelling im Fishbowl-Format: eine Geschichte entfaltet sich, andere Stimmen verweben sich.<br \/>\n\u2022 Verk\u00f6rpertes Zuh\u00f6ren: Differenz durch den K\u00f6rper halten.<br \/>\n\u2022 Achtsamkeits- und Kreispraktiken: Verlangsamung, Raum f\u00fcr Komplexit\u00e4t.<br \/>\n\u2022 Generative Visionen: queere Zuk\u00fcnfte denken \u2013 getragen von Verletzlichkeit und Empathie statt Konsens.<\/p>\n<p><strong>Veranstaltungs\u00fcbersicht: Kommende G\u00e4ste und Termine<br \/>\n<\/strong>\u2022 Sonntag, 21. September 2025: Mark Pertuis \u2013 Queer Mama<br \/>\n\u2022 Sonntag, 19. Oktober 2025: Mati Klitg\u00e5rd \u2013 gayconsentlab<br \/>\n\u2022 Sonntag, 30. November 2025: Pansy \u2013 Let\u2019s talk about sex and drugs<br \/>\n\u2022 Freitag, 23. Januar 2026:\u00a0Merten Legatz \u2013 Dozent an der TU, spezialisiert auf queer worldmaking.<br \/>\n\u2022 Freitag, 13. Februar 2026:\u00a0Sarj Lynch \u2013 Moderator und Organisator f\u00fcr Community Care<\/p>\n\n\t\t<\/div>\n\t<\/div>\n<div class=\"vc_separator wpb_content_element vc_separator_align_center vc_sep_width_100 vc_sep_pos_align_center vc_separator_no_text vc_sep_color_grey wpb_content_element  wpb_content_element\" ><span class=\"vc_sep_holder vc_sep_holder_l\"><span class=\"vc_sep_line\"><\/span><\/span><span class=\"vc_sep_holder vc_sep_holder_r\"><span class=\"vc_sep_line\"><\/span><\/span>\n<\/div>\n\t<div class=\"wpb_text_column wpb_content_element\" >\n\t\t<div class=\"wpb_wrapper\">\n\t\t\t<p><img loading=\"lazy\" decoding=\"async\" class=\"wp-image-31398 alignleft\" src=\"https:\/\/wearevillage.org\/wp-content\/uploads\/2025\/09\/wav-team-Neo-Seefried-270x300.png\" alt=\"\" width=\"104\" height=\"115\" srcset=\"https:\/\/wearevillage.org\/wp-content\/uploads\/2025\/09\/wav-team-Neo-Seefried-270x300.png 270w, https:\/\/wearevillage.org\/wp-content\/uploads\/2025\/09\/wav-team-Neo-Seefried-135x150.png 135w, https:\/\/wearevillage.org\/wp-content\/uploads\/2025\/09\/wav-team-Neo-Seefried-768x853.png 768w, https:\/\/wearevillage.org\/wp-content\/uploads\/2025\/09\/wav-team-Neo-Seefried-624x693.png 624w, https:\/\/wearevillage.org\/wp-content\/uploads\/2025\/09\/wav-team-Neo-Seefried-390x433.png 390w, https:\/\/wearevillage.org\/wp-content\/uploads\/2025\/09\/wav-team-Neo-Seefried-600x667.png 600w, https:\/\/wearevillage.org\/wp-content\/uploads\/2025\/09\/wav-team-Neo-Seefried.png 900w\" sizes=\"auto, (max-width: 104px) 100vw, 104px\" \/><strong>neo seefried<\/strong> (*1995) ist freischaffende Kulturvermittler*in, Kuratorin, K\u00fcnstler und Autor mit Schwerpunkt auf queere Lebensrealit\u00e4ten, Clubkultur und gesellschaftliche Teilhabe. In Berlin lebend und t\u00e4tig, verbindet neo Bildungsformate wie Workshops, Podcasts und Ausstellungen mit einer aktivistischen, intersektionalen Praxis. Neo studierte Kunstp\u00e4dagogik (Universit\u00e4t Leipzig) und Curatorial Studies (ZHdK) und arbeitete u.a. f\u00fcr das Schwule Museum, Schloss Biesdorf, Kunstmuseum Basel, Universit\u00e4t der K\u00fcnste Berlin, TU Berlin, HFBK Hamburg, Haus f\u00fcr Poesie Berlin, Tanzquartier Wien sowie unabh\u00e4ngige Kunstr\u00e4ume wie Parat, Clubb\u00fcro, Baby Angel und Last Tango in Z\u00fcrich.<\/p>\n<p><img loading=\"lazy\" decoding=\"async\" class=\"wp-image-38555 alignleft\" src=\"https:\/\/wearevillage.org\/wp-content\/uploads\/2025\/10\/sarj-rose-portrait-scaled.jpg\" alt=\"\" width=\"107\" height=\"142\" srcset=\"https:\/\/wearevillage.org\/wp-content\/uploads\/2025\/10\/sarj-rose-portrait-scaled.jpg 1920w, https:\/\/wearevillage.org\/wp-content\/uploads\/2025\/10\/sarj-rose-portrait-225x300.jpg 225w, https:\/\/wearevillage.org\/wp-content\/uploads\/2025\/10\/sarj-rose-portrait-768x1024.jpg 768w, https:\/\/wearevillage.org\/wp-content\/uploads\/2025\/10\/sarj-rose-portrait-113x150.jpg 113w, https:\/\/wearevillage.org\/wp-content\/uploads\/2025\/10\/sarj-rose-portrait-1152x1536.jpg 1152w, https:\/\/wearevillage.org\/wp-content\/uploads\/2025\/10\/sarj-rose-portrait-1536x2048.jpg 1536w, https:\/\/wearevillage.org\/wp-content\/uploads\/2025\/10\/sarj-rose-portrait-624x832.jpg 624w, https:\/\/wearevillage.org\/wp-content\/uploads\/2025\/10\/sarj-rose-portrait-390x520.jpg 390w, https:\/\/wearevillage.org\/wp-content\/uploads\/2025\/10\/sarj-rose-portrait-600x800.jpg 600w\" sizes=\"auto, (max-width: 107px) 100vw, 107px\" \/><\/p>\n<p class=\"p1\"><strong>Sarj Lynch<\/strong> (they) ist ein*e sehr neugierige*r Vermittler*in und Organisator*in f\u00fcr Community Care mit Sitz in Berlin. Sarj ist Mitinitiator*in von aequa (2017), aequa Workshops Collective (2020) und Berlin Collective Action e.V. (2020). Zusammen mit Bryony Beynon leitet they <i>Big Beef and Beyond<\/i> \u2013 eine fortlaufende Reihe von Schulungen zu transformativen Ans\u00e4tzen f\u00fcr den Umgang mit Verletzungen in unseren Communities, die sich insbesondere auf Konflikte, Gewalt und Missbrauch in kollektiven, kulturellen und sozialen Bewegungen und Organisationsarbeit konzentriert.<\/p>\n\n\t\t<\/div>\n\t<\/div>\n<div class=\"vc_separator wpb_content_element vc_separator_align_center vc_sep_width_100 vc_sep_pos_align_center vc_separator_no_text vc_sep_color_grey wpb_content_element  wpb_content_element\" ><span class=\"vc_sep_holder vc_sep_holder_l\"><span class=\"vc_sep_line\"><\/span><\/span><span class=\"vc_sep_holder vc_sep_holder_r\"><span class=\"vc_sep_line\"><\/span><\/span>\n<\/div>\n\t<div class=\"wpb_text_column wpb_content_element\" >\n\t\t<div class=\"wpb_wrapper\">\n\t\t\t<p><img loading=\"lazy\" decoding=\"async\" class=\" wp-image-30028 alignleft\" src=\"https:\/\/wearevillage.org\/wp-content\/uploads\/2025\/08\/Logo-Berlin-gegen-Gewalt_CMYK_farbig-300x199.jpeg\" alt=\"\" width=\"113\" height=\"75\" srcset=\"https:\/\/wearevillage.org\/wp-content\/uploads\/2025\/08\/Logo-Berlin-gegen-Gewalt_CMYK_farbig-300x199.jpeg 300w, https:\/\/wearevillage.org\/wp-content\/uploads\/2025\/08\/Logo-Berlin-gegen-Gewalt_CMYK_farbig-1024x678.jpeg 1024w, https:\/\/wearevillage.org\/wp-content\/uploads\/2025\/08\/Logo-Berlin-gegen-Gewalt_CMYK_farbig-150x99.jpeg 150w, https:\/\/wearevillage.org\/wp-content\/uploads\/2025\/08\/Logo-Berlin-gegen-Gewalt_CMYK_farbig-768x509.jpeg 768w, https:\/\/wearevillage.org\/wp-content\/uploads\/2025\/08\/Logo-Berlin-gegen-Gewalt_CMYK_farbig-624x413.jpeg 624w, https:\/\/wearevillage.org\/wp-content\/uploads\/2025\/08\/Logo-Berlin-gegen-Gewalt_CMYK_farbig-390x258.jpeg 390w, https:\/\/wearevillage.org\/wp-content\/uploads\/2025\/08\/Logo-Berlin-gegen-Gewalt_CMYK_farbig-600x398.jpeg 600w, https:\/\/wearevillage.org\/wp-content\/uploads\/2025\/08\/Logo-Berlin-gegen-Gewalt_CMYK_farbig.jpeg 1280w\" sizes=\"auto, (max-width: 113px) 100vw, 113px\" \/>Mit Unterst\u00fctzung der Senatsverwaltung f\u00fcr Inneres und Sport \u2013 Landeskommission Berlin gegen Gewalt haben wir das Programm <strong>Konflikte als Ausgangspunkt \u2013 Resilienz als Gemeinschaftserfahrung<\/strong> entwickelt. Das Projekt er\u00f6ffnet respektvolle, dialogische R\u00e4ume f\u00fcr queere Menschen in Berlin. Es macht Differenzen sichtbar, l\u00e4dt dazu ein, sie auszuhalten, und schafft M\u00f6glichkeiten, sie produktiv und kreativ zu bearbeiten. Damit soll die soziale Fragmentierung innerhalb der queeren Communities \u00fcberwunden und neue Formen von Austausch, Zusammenhalt und gegenseitiger Teilhabe gest\u00e4rkt werden.<\/p>\n\n\t\t<\/div>\n\t<\/div>\n<div class=\"vc_separator wpb_content_element vc_separator_align_center vc_sep_width_100 vc_sep_pos_align_center vc_separator_no_text vc_sep_color_grey wpb_content_element  wpb_content_element\" ><span class=\"vc_sep_holder vc_sep_holder_l\"><span class=\"vc_sep_line\"><\/span><\/span><span class=\"vc_sep_holder vc_sep_holder_r\"><span class=\"vc_sep_line\"><\/span><\/span>\n<\/div>\n\t<div class=\"wpb_text_column wpb_content_element\" >\n\t\t<div class=\"wpb_wrapper\">\n\t\t\t<p><span style=\"text-decoration: underline;\"><strong>Hinweise<br \/>\n<\/strong><\/span><strong>Teilnehmende:<\/strong> Die Reihe richtet sich an queere Menschen (LGBTQIA+). Wir empfehlen insbesondere die Teilnahme von Menschen mit mehrfachen Marginalisierungen.<br \/>\n<strong>Sprache:<\/strong> Je nach Bed\u00fcrfnissen der Gruppe auf Deutsch und\/oder Englisch.<br \/>\n<strong>Kosten:<\/strong> kostenlos mit Anmeldung.<\/p>\n\n\t\t<\/div>\n\t<\/div>\n<\/div><\/div><\/div><\/div>\n<\/div>","protected":false},"excerpt":{"rendered":"<h5>Freitag<br \/>\n14:00-17:00<br \/>\nKostenlos mit Anmeldung<\/h5>\n<p><strong>Bitte melde dich \u00fcber das folgende Formular an >> <\/strong><a href=\"https:\/\/airtable.com\/appjeCqNKRScMJFFe\/pagagCU8dHKwLEdzv\/form\"><strong>hier anmelden<\/strong><\/a><\/p>\n<p><strong> | <span style=\"color: #ec6c23;\"> LGBTQIA+ <\/span> | <\/strong><\/p>\n<p>Queere Lebensrealit\u00e4ten sind von Spannungen gepr\u00e4gt: zwischen Zugeh\u00f6rigkeit und Ausschluss, Sichtbarkeit und Ausl\u00f6schung, Intimit\u00e4t und Fremdheit. Anstatt diese Widerspr\u00fcche zu verdr\u00e4ngen, l\u00e4dt diese Reihe dazu ein, sie zu halten, mit ihnen zu ringen \u2013 und Freude an ihrer Reibung zu finden.<\/p>\n","protected":false},"author":12,"featured_media":31373,"template":"","meta":{"pmpro_default_level":"","inline_featured_image":false},"product_brand":[],"product_cat":[954,952,769,83],"product_tag":[469],"class_list":{"0":"post-34282","1":"product","2":"type-product","3":"status-publish","4":"has-post-thumbnail","6":"product_cat-queer-connect","7":"product_cat-radical-empathy","8":"product_cat-kostenloser-zugang","9":"product_cat-workshops","10":"product_tag-lgbtqiaplus","11":"pmpro-has-access","13":"first","14":"instock","15":"sold-individually","16":"product-type-simple"},"wpml_current_locale":"de_DE","wpml_translations":{"en_US":{"locale":"en_US","id":34283,"slug":"radical-empathy-copy","post_title":"Radical Empathy","href":"https:\/\/wearevillage.org\/en\/shop\/radical-empathy\/w07-2026"}},"language":{"code":"de","locale":"","name":"","is_rtl":false},"_links":{"self":[{"href":"https:\/\/wearevillage.org\/wp-json\/wp\/v2\/product\/34282","targetHints":{"allow":["GET"]}}],"collection":[{"href":"https:\/\/wearevillage.org\/wp-json\/wp\/v2\/product"}],"about":[{"href":"https:\/\/wearevillage.org\/wp-json\/wp\/v2\/types\/product"}],"author":[{"embeddable":true,"href":"https:\/\/wearevillage.org\/wp-json\/wp\/v2\/users\/12"}],"wp:featuredmedia":[{"embeddable":true,"href":"https:\/\/wearevillage.org\/wp-json\/wp\/v2\/media\/31373"}],"wp:attachment":[{"href":"https:\/\/wearevillage.org\/wp-json\/wp\/v2\/media?parent=34282"}],"wp:term":[{"taxonomy":"product_brand","embeddable":true,"href":"https:\/\/wearevillage.org\/wp-json\/wp\/v2\/product_brand?post=34282"},{"taxonomy":"product_cat","embeddable":true,"href":"https:\/\/wearevillage.org\/wp-json\/wp\/v2\/product_cat?post=34282"},{"taxonomy":"product_tag","embeddable":true,"href":"https:\/\/wearevillage.org\/wp-json\/wp\/v2\/product_tag?post=34282"}],"curies":[{"name":"wp","href":"https:\/\/api.w.org\/{rel}","templated":true}]}}