{"id":2335,"date":"2022-12-06T16:51:14","date_gmt":"2022-12-06T15:51:14","guid":{"rendered":"https:\/\/wearevillage.org\/?post_type=product&#038;p=2335"},"modified":"2026-01-30T19:41:46","modified_gmt":"2026-01-30T18:41:46","slug":"standard-member","status":"publish","type":"product","link":"https:\/\/wearevillage.org\/shop\/standard-member\/","title":{"rendered":"Member"},"content":{"rendered":"<div class=\"wpb-content-wrapper\"><div class=\"vc_row wpb_row vc_row-fluid\"><div class=\"wpb_column vc_column_container vc_col-sm-12\"><div class=\"vc_column-inner\"><div class=\"wpb_wrapper\">\n\t<div class=\"wpb_text_column wpb_content_element\" >\n\t\t<div class=\"wpb_wrapper\">\n\t\t\t<p><span style=\"font-weight: 400;\">Als <\/span><b>Member<\/b><span style=\"font-weight: 400;\"> erh\u00e4ltst du:<\/span><span style=\"font-weight: 400;\"><br \/>\n<\/span><\/p>\n<ul>\n<li style=\"font-weight: 400;\" aria-level=\"1\"><span style=\"font-weight: 400;\">Kostenlosen Zugang zu den ersten drei ausgew\u00e4hlten kostenpflichtigen Events (mit einem * gekennzeichnete Event) pro Monat<\/span><\/li>\n<li style=\"font-weight: 400;\" aria-level=\"1\"><span style=\"font-weight: 400;\">Mitgliederpreise f\u00fcr weitere ausgew\u00e4hlte Workshops, darunter Massage Exchange, Naked Yoga for Men, Regenerative Touch, Sensual Touch<\/span><\/li>\n<\/ul>\n<p><span style=\"font-weight: 400;\">Au\u00dferdem erh\u00e4ltst du Erm\u00e4\u00dfigungen auf gr\u00f6\u00dfere Events wie Soul of Skin, Authentic Eros und Stretch Festival.<\/span><\/p>\n<h3><b>Allgemeine Gesch\u00e4ftsbedingungen<\/b><\/h3>\n<p><span style=\"font-weight: 400;\">Die Mitgliedschaft beginnt am ersten Tag des Folgemonats und kann nach sechs Monaten Mindestlaufzeit jederzeit mit einer Frist von drei Monaten per Email an <a href=\"mailto:members@wearevillage.org\">members@wearevillage.org<\/a> gek\u00fcndigt werden. Die Monate werde ab dem n\u00e4chsten 1. des Folgemonats nach K\u00fcndigungseingang gez\u00e4hlt. Durch das Abonnement erkl\u00e4rst du dich automatisch mit diesen Bedingungen einverstanden.<\/span><\/p>\n<p><span style=\"font-weight: 400;\">Mit deiner Mitgliedschaft machst Du das we.are.village Projekt m\u00f6glich.<\/span><\/p>\n<p><span style=\"font-weight: 400;\">Ein gro\u00dfes Dankesch\u00f6n!<\/span><\/p>\n\n\t\t<\/div>\n\t<\/div>\n<\/div><\/div><\/div><\/div>\n<\/div>","protected":false},"excerpt":{"rendered":"<p><span style=\"font-weight: 400;\">Wenn du in Berlin lebst und dich pers\u00f6nlich in unserer Community engagieren m\u00f6chtest, ist unsere Standard-Mitgliedschaft genau das Richtige f\u00fcr dich. Sie ist der beste Weg, um durch regelm\u00e4\u00dfige Workshops, Community-Treffen und gemeinsame Erfahrungen echte Beziehungen aufzubauen<\/span><\/p>\n","protected":false},"author":10,"featured_media":38800,"template":"","meta":{"pmpro_default_level":"","inline_featured_image":false},"product_brand":[],"product_cat":[712],"product_tag":[],"class_list":{"0":"post-2335","1":"product","2":"type-product","3":"status-publish","4":"has-post-thumbnail","6":"product_cat-mitgliedschaften","7":"pmpro-has-access","9":"first","10":"instock","11":"purchasable","12":"product-type-simple"},"wpml_current_locale":"de_DE","wpml_translations":{"en_US":{"locale":"en_US","id":3460,"slug":"standard-member","post_title":"Member","href":"https:\/\/wearevillage.org\/en\/shop\/standard-member\/"}},"language":{"code":"de","locale":"","name":"","is_rtl":false},"_links":{"self":[{"href":"https:\/\/wearevillage.org\/wp-json\/wp\/v2\/product\/2335","targetHints":{"allow":["GET"]}}],"collection":[{"href":"https:\/\/wearevillage.org\/wp-json\/wp\/v2\/product"}],"about":[{"href":"https:\/\/wearevillage.org\/wp-json\/wp\/v2\/types\/product"}],"author":[{"embeddable":true,"href":"https:\/\/wearevillage.org\/wp-json\/wp\/v2\/users\/10"}],"wp:featuredmedia":[{"embeddable":true,"href":"https:\/\/wearevillage.org\/wp-json\/wp\/v2\/media\/38800"}],"wp:attachment":[{"href":"https:\/\/wearevillage.org\/wp-json\/wp\/v2\/media?parent=2335"}],"wp:term":[{"taxonomy":"product_brand","embeddable":true,"href":"https:\/\/wearevillage.org\/wp-json\/wp\/v2\/product_brand?post=2335"},{"taxonomy":"product_cat","embeddable":true,"href":"https:\/\/wearevillage.org\/wp-json\/wp\/v2\/product_cat?post=2335"},{"taxonomy":"product_tag","embeddable":true,"href":"https:\/\/wearevillage.org\/wp-json\/wp\/v2\/product_tag?post=2335"}],"curies":[{"name":"wp","href":"https:\/\/api.w.org\/{rel}","templated":true}]}}