{"id":1521,"date":"2022-09-07T13:13:51","date_gmt":"2022-09-07T11:13:51","guid":{"rendered":"https:\/\/wearevillage.org\/?post_type=product&#038;p=1521"},"modified":"2026-01-30T19:42:17","modified_gmt":"2026-01-30T18:42:17","slug":"friend-of-village-member","status":"publish","type":"product","link":"https:\/\/wearevillage.org\/shop\/friend-of-village-member\/","title":{"rendered":"Friend"},"content":{"rendered":"<div class=\"wpb-content-wrapper\"><div class=\"vc_row wpb_row vc_row-fluid\"><div class=\"wpb_column vc_column_container vc_col-sm-12\"><div class=\"vc_column-inner\"><div class=\"wpb_wrapper\">\n\t<div class=\"wpb_text_column wpb_content_element\" >\n\t\t<div class=\"wpb_wrapper\">\n\t\t\t<p><span style=\"font-weight: 400;\">Mit deiner <\/span><b>Friends<\/b><span style=\"font-weight: 400;\">-Mitgliedschaft hilfst du uns:<\/span><span style=\"font-weight: 400;\"><br \/>\n<\/span><\/p>\n<ul>\n<li style=\"font-weight: 400;\" aria-level=\"1\"><span style=\"font-weight: 400;\">unsere Facilitators fair zu unterst\u00fctzen<\/span><\/li>\n<li style=\"font-weight: 400;\" aria-level=\"1\"><span style=\"font-weight: 400;\">vielf\u00e4ltige Programme f\u00fcr die LGBTQIA+-Community anzubieten, darunter kostenlose Events f\u00fcr diejenigen, die sich keine Teilnahmegeb\u00fchren leisten k\u00f6nnen<\/span><\/li>\n<li style=\"font-weight: 400;\" aria-level=\"1\"><span style=\"font-weight: 400;\">unserem kleinen Team den Raum zu geben, sich auf das Wesentliche zu konzentrieren: transformative, bedeutungsvolle Erlebnisse zu schaffen<\/span><\/li>\n<li style=\"font-weight: 400;\" aria-level=\"1\"><span style=\"font-weight: 400;\">weniger angewiesen zu sein auf externe Finanzmittel, die irgendwann auslaufen<\/span><\/li>\n<\/ul>\n<p><span style=\"font-weight: 400;\">Au\u00dferdem erh\u00e4ltst du Erm\u00e4ssigungen auf gr\u00f6\u00dfere Events wie Soul of Skin, Authentic Eros und Stretch Festival.<\/span><\/p>\n<h4>Allgemeine Gesch\u00e4ftsbedingungen<\/h4>\n<p><span style=\"font-weight: 400;\">Die Mitgliedschaft beginnt am ersten Tag des Folgemonats und kann nach sechs Monaten Mindestlaufzeit jederzeit mit einer Frist von drei Monaten per Email an members@wearevillage.org gek\u00fcndigt werden. Die Monate werde ab dem n\u00e4chsten 1. des Folgemonats nach K\u00fcndigungseingang gez\u00e4hlt. Durch das Abonnement erkl\u00e4rst du dich automatisch mit diesen Bedingungen einverstanden.<\/span><\/p>\n<p><span style=\"font-weight: 400;\">Mit deiner Mitgliedschaft machst Du das we.are.village Projekt m\u00f6glich.<\/span><\/p>\n<p><span style=\"font-weight: 400;\">Ein gro\u00dfes Dankesch\u00f6n!<\/span><\/p>\n\n\t\t<\/div>\n\t<\/div>\n<\/div><\/div><\/div><\/div>\n<\/div>","protected":false},"excerpt":{"rendered":"<p><span style=\"font-weight: 400;\">Wenn du au\u00dferhalb von Berlin lebst oder nicht vorhast, pers\u00f6nlich an Workshops teilzunehmen, ist die <\/span><b>Friend<\/b><span style=\"font-weight: 400;\">-Mitgliedschaft eine sinnvolle M\u00f6glichkeit, verbunden zu bleiben.<\/span><\/p>\n<p><b>Friends<\/b><span style=\"font-weight: 400;\"> sind ein zentraler Teil unserer globalen Community und ein Zeichen daf\u00fcr, dass wir gemeinsam etwas Gr\u00f6\u00dferes aufbauen k\u00f6nnen. <\/span><b>Friends<\/b><span style=\"font-weight: 400;\"> treffen sich immer wieder beim Stretch Festival und anderen wichtigen Events.<\/span><\/p>\n","protected":false},"author":10,"featured_media":38800,"template":"","meta":{"pmpro_default_level":"","inline_featured_image":false},"product_brand":[],"product_cat":[712],"product_tag":[],"class_list":{"0":"post-1521","1":"product","2":"type-product","3":"status-publish","4":"has-post-thumbnail","6":"product_cat-mitgliedschaften","7":"pmpro-has-access","9":"first","10":"instock","11":"taxable","12":"shipping-taxable","13":"purchasable","14":"product-type-simple"},"wpml_current_locale":"de_DE","wpml_translations":{"en_US":{"locale":"en_US","id":3461,"slug":"friend-of-village-member","post_title":"Friend","href":"https:\/\/wearevillage.org\/en\/shop\/friend-of-village-member\/"}},"language":{"code":"de","locale":"","name":"","is_rtl":false},"_links":{"self":[{"href":"https:\/\/wearevillage.org\/wp-json\/wp\/v2\/product\/1521","targetHints":{"allow":["GET"]}}],"collection":[{"href":"https:\/\/wearevillage.org\/wp-json\/wp\/v2\/product"}],"about":[{"href":"https:\/\/wearevillage.org\/wp-json\/wp\/v2\/types\/product"}],"author":[{"embeddable":true,"href":"https:\/\/wearevillage.org\/wp-json\/wp\/v2\/users\/10"}],"wp:featuredmedia":[{"embeddable":true,"href":"https:\/\/wearevillage.org\/wp-json\/wp\/v2\/media\/38800"}],"wp:attachment":[{"href":"https:\/\/wearevillage.org\/wp-json\/wp\/v2\/media?parent=1521"}],"wp:term":[{"taxonomy":"product_brand","embeddable":true,"href":"https:\/\/wearevillage.org\/wp-json\/wp\/v2\/product_brand?post=1521"},{"taxonomy":"product_cat","embeddable":true,"href":"https:\/\/wearevillage.org\/wp-json\/wp\/v2\/product_cat?post=1521"},{"taxonomy":"product_tag","embeddable":true,"href":"https:\/\/wearevillage.org\/wp-json\/wp\/v2\/product_tag?post=1521"}],"curies":[{"name":"wp","href":"https:\/\/api.w.org\/{rel}","templated":true}]}}