{"id":1520,"date":"2022-09-07T13:13:21","date_gmt":"2022-09-07T11:13:21","guid":{"rendered":"https:\/\/wearevillage.org\/?post_type=product&#038;p=1520"},"modified":"2025-12-18T14:31:03","modified_gmt":"2025-12-18T13:31:03","slug":"concession-member","status":"publish","type":"product","link":"https:\/\/wearevillage.org\/shop\/concession-member\/","title":{"rendered":"Concession Member"},"content":{"rendered":"<p>Die verg\u00fcnstigte Mitgliedschaft ist f\u00fcr queere Menschen in schwierigen finanziellen Situationen erh\u00e4ltlich. Zum Beispiel: Studenten, Arbeitslose oder Menschen mit einem verf\u00fcgbaren Einkommen unter 750 \u20ac pro Monat. Du erh\u00e4ltst alle Vorteile der Standardmitgliedschaft: deine ersten beiden Veranstaltungen im Monat* sind in deiner Mitgliedschaft enthalten, und f\u00fcr alle weiteren Veranstaltungen musst du nur den Mitgliedsbeitrag bezahlen.<\/p>\n<p><span data-ogsc=\"rgb(77, 77, 77)\">Die Mitgliedschaft beginnt am ersten Tag des Folgemonats und<\/span><span data-ogsc=\"rgb(77, 77, 77)\"> kann nach sechs Monaten Mindestlaufzeit jederzeit mit einer Frist von drei Monaten per Email an <a class=\"ms-outlook-linkify\" href=\"mailto:members@wearevillage.org\" data-ogsc=\"\">members@wearevillage.org<\/a> gek\u00fcndigt werden. Die Monate werde ab dem n\u00e4chsten 1. des Folgemonats nach K\u00fcndigungseingang gez\u00e4hlt. Durch das Abonnement erkl\u00e4rst du dich automatisch mit diesen Bedingungen einverstanden.<\/span><\/p>\n<p><strong>Ein gro\u00dfes Dankesch\u00f6n!<\/strong><\/p>\n<p>\u00a0<\/p>\n<p>* Soul of Skin & Authentic Eros Workshops, Stretch Festival und einige Sonderveranstaltungen sind in diesem Angebot nicht enthalten.<\/p>\n","protected":false},"excerpt":{"rendered":"<p>Die verg\u00fcnstigte Mitgliedschaft ist f\u00fcr queere Menschen in schwierigen finanziellen Situationen erh\u00e4ltlich. Zum Beispiel: Studenten, Arbeitslose oder Menschen mit einem verf\u00fcgbaren Einkommen unter 750 \u20ac pro Monat. Du erh\u00e4ltst alle Vorteile der Standardmitgliedschaft: deine ersten beiden Veranstaltungen im Monat* sind in deiner Mitgliedschaft enthalten, und f\u00fcr alle weiteren Veranstaltungen musst du nur den Mitgliedsbeitrag bezahlen. <strong>Ein gro\u00dfes Dankesch\u00f6n!<\/strong><\/p>\n","protected":false},"author":10,"featured_media":61,"template":"","meta":{"pmpro_default_level":"","inline_featured_image":false},"product_brand":[],"product_cat":[712],"product_tag":[],"class_list":{"0":"post-1520","1":"product","2":"type-product","3":"status-publish","4":"has-post-thumbnail","6":"product_cat-mitgliedschaften","7":"pmpro-has-access","9":"first","10":"outofstock","11":"taxable","12":"shipping-taxable","13":"purchasable","14":"product-type-simple"},"wpml_current_locale":"de_DE","wpml_translations":{"en_US":{"locale":"en_US","id":3462,"slug":"concession-member","post_title":"Concession Member","href":"https:\/\/wearevillage.org\/en\/shop\/concession-member\/"}},"language":{"code":"de","locale":"","name":"","is_rtl":false},"_links":{"self":[{"href":"https:\/\/wearevillage.org\/wp-json\/wp\/v2\/product\/1520","targetHints":{"allow":["GET"]}}],"collection":[{"href":"https:\/\/wearevillage.org\/wp-json\/wp\/v2\/product"}],"about":[{"href":"https:\/\/wearevillage.org\/wp-json\/wp\/v2\/types\/product"}],"author":[{"embeddable":true,"href":"https:\/\/wearevillage.org\/wp-json\/wp\/v2\/users\/10"}],"wp:featuredmedia":[{"embeddable":true,"href":"https:\/\/wearevillage.org\/wp-json\/wp\/v2\/media\/61"}],"wp:attachment":[{"href":"https:\/\/wearevillage.org\/wp-json\/wp\/v2\/media?parent=1520"}],"wp:term":[{"taxonomy":"product_brand","embeddable":true,"href":"https:\/\/wearevillage.org\/wp-json\/wp\/v2\/product_brand?post=1520"},{"taxonomy":"product_cat","embeddable":true,"href":"https:\/\/wearevillage.org\/wp-json\/wp\/v2\/product_cat?post=1520"},{"taxonomy":"product_tag","embeddable":true,"href":"https:\/\/wearevillage.org\/wp-json\/wp\/v2\/product_tag?post=1520"}],"curies":[{"name":"wp","href":"https:\/\/api.w.org\/{rel}","templated":true}]}}