{"id":34848,"date":"2025-11-11T15:00:17","date_gmt":"2025-11-11T14:00:17","guid":{"rendered":"https:\/\/wearevillage.org\/?post_type=product&#038;p=34848"},"modified":"2025-12-18T09:56:53","modified_gmt":"2025-12-18T08:56:53","slug":"mach-langsam-innehalten-geniessen","status":"publish","type":"product","link":"https:\/\/wearevillage.org\/shop\/sensual-touch\/w51-2025\/","title":{"rendered":"Mach langsam! Innehalten & geniessen!"},"content":{"rendered":"<div class=\"wpb-content-wrapper\"><div class=\"vc_row wpb_row vc_row-fluid\"><div class=\"wpb_column vc_column_container vc_col-sm-12\"><div class=\"vc_column-inner\"><div class=\"wpb_wrapper\"><h4 style=\"text-align: left\" class=\"vc_custom_heading vc_do_custom_heading\" >Mach langsam! Innehalten & geniessen!<\/h4><h5 style=\"text-align: left\" class=\"vc_custom_heading vc_do_custom_heading\" >Sensual Touch Lab Series mit Markus Kaufmann<\/h5>\n\t<div class=\"wpb_text_column wpb_content_element\" >\n\t\t<div class=\"wpb_wrapper\">\n\t\t\t<p>Oft hetzen wir einfach durchs Leben und verpassen dabei die kleinen, prickelnden Momente dazwischen \u2013 besonders wenn es um Intimit\u00e4t und Sex geht. Warum also nicht einen Gang runterschalten und all die spannenden Empfindungen wahrnehmen, wenn wir mit uns selbst und anderen sinnlich werden?<\/p>\n<p>Die Einladung des heutigen Abends ist, mehr Aufmerksamkeit auf all unsere Sinne zu lenken und zu lernen, hilfreiche Schl\u00fcssel zur Selbstregulation zu nutzen, wenn es hei\u00df hergeht. Und mit all dem zu spielen.<\/p>\n<p>Markus f\u00fchrt euch daher durch eine Sequenz\u00a0\u00a0sinnlicher Ber\u00fchrungserfahrungen \u2013 zuerst mit euch selbst, bevor ihr andere queere M\u00e4nner* in Paar- und Gruppenkonstellationen treffen k\u00f6nnt. Immer mit dem Ziel, die eigene Kontrolle zu behalten: Mach langsam! Innehalten & geniessen!<\/p>\n<p>Nacktheit ist willkommen. Bringt ein Handtuch mit.<\/p>\n\n\t\t<\/div>\n\t<\/div>\n<div class=\"vc_separator wpb_content_element vc_separator_align_center vc_sep_width_100 vc_sep_pos_align_center vc_separator_no_text vc_sep_color_grey wpb_content_element  wpb_content_element\" ><span class=\"vc_sep_holder vc_sep_holder_l\"><span class=\"vc_sep_line\"><\/span><\/span><span class=\"vc_sep_holder vc_sep_holder_r\"><span class=\"vc_sep_line\"><\/span><\/span>\n<\/div>\n\t<div class=\"wpb_text_column wpb_content_element\" >\n\t\t<div class=\"wpb_wrapper\">\n\t\t\t<p><img loading=\"lazy\" decoding=\"async\" class=\"wp-image-36 alignleft\" src=\"https:\/\/wearevillage.org\/wp-content\/uploads\/2022\/08\/Markus-Kaufmann-271x300.jpg\" alt=\"\" width=\"159\" height=\"176\" srcset=\"https:\/\/wearevillage.org\/wp-content\/uploads\/2022\/08\/Markus-Kaufmann-271x300.jpg 271w, https:\/\/wearevillage.org\/wp-content\/uploads\/2022\/08\/Markus-Kaufmann-390x431.jpg 390w, https:\/\/wearevillage.org\/wp-content\/uploads\/2022\/08\/Markus-Kaufmann-600x663.jpg 600w, https:\/\/wearevillage.org\/wp-content\/uploads\/2022\/08\/Markus-Kaufmann-624x690.jpg 624w, https:\/\/wearevillage.org\/wp-content\/uploads\/2022\/08\/Markus-Kaufmann.jpg 700w\" sizes=\"auto, (max-width: 159px) 100vw, 159px\" \/><strong>Markus Kaufmann<\/strong> In seiner T\u00e4tigkeit als Gesundheitscoach unterst\u00fctzt Markus chronisch kranke Menschen bei ihrer Alltagsbew\u00e4ltigung. Die Arbeit, die Markus anbietet, l\u00e4sst sich am besten als Raum beschreiben, in dem Psychologie auf Spiritualit\u00e4t trifft. Markus ist ausgebildeter systemischer Coach, Heilpraktiker Psychotherapie, Yogatherapeut sowie Energiearbeiter.<\/p>\n\n\t\t<\/div>\n\t<\/div>\n<div class=\"vc_separator wpb_content_element vc_separator_align_center vc_sep_width_100 vc_sep_pos_align_center vc_separator_no_text vc_sep_color_grey wpb_content_element  wpb_content_element\" ><span class=\"vc_sep_holder vc_sep_holder_l\"><span class=\"vc_sep_line\"><\/span><\/span><span class=\"vc_sep_holder vc_sep_holder_r\"><span class=\"vc_sep_line\"><\/span><\/span>\n<\/div>\n\t<div class=\"wpb_text_column wpb_content_element\" >\n\t\t<div class=\"wpb_wrapper\">\n\t\t\t<p><b>Was ist Sensual Touch Lab Series for GBTQ M\u00e4nner*?<br \/>\n<\/b><b><\/b><span style=\"font-weight: 400;\">Sensual Touch Lab Series f\u00fcr GBTQ M\u00e4nner* ist ein monatlicher Workshop, bei dem wir einen Raum f\u00fcr sinnliche N\u00e4he und spielerische Begegnungen schaffen m\u00f6chten.<br \/>\n<\/span><span style=\"font-weight: 400;\">Verk\u00f6rperte, somatische Erfahrungen, die unsere Gesamtk\u00f6rperlichkeit wertsch\u00e4tzen. Sinnlichkeit als Zugang, neue Wege im Umgang mit unseren eigenen \u00c4ngsten oder Mustern in Bezug auf Nacktheit, Intimit\u00e4t und Ber\u00fchrung erkunden. Wir laden dich ein, deine pers\u00f6nlichen Grenzen in einem Rahmen gegenseitigen Respekts und Einvernehmens zu erforschen, zu kommunizieren und gegebenenfalls zu erweitern. Dabei er\u00f6ffnet sich die M\u00f6glichkeit, die Kraft von Ber\u00fchrung, Empfindung und nonverbaler, zwischenmenschlicher Bezogenheit zu erfahren.<\/span><span style=\"font-weight: 400;\"><br \/>\n<\/span><span style=\"font-weight: 400;\">Jedes Event wird ein gef\u00fchrter Prozess sein, der je nach Thema und Hintergrund der Kursleitenden* eine besondere Note hat, sei es K\u00f6rperarbeit und Ber\u00fchrung, Somatik und Intimit\u00e4t oder etwas anderes. Diese Kurzworkshops k\u00f6nnen Nacktheit, Partner\u00fcbungen sowie k\u00f6rperlich nahe Interaktionen beinhalten.<\/span><\/p>\n<p><b>Vorteile<br \/>\n\u2022 <\/b>Schafft wertvolle, gemeinsame Erfahrungen unter GBTQ M\u00e4nner* durch N\u00e4he, Empathie und Verbundenheit<span style=\"font-weight: 400;\"><br \/>\n<b>\u2022 <\/b><\/span><span style=\"font-weight: 400;\">Bek\u00e4mpft Gef\u00fchle der Isolation und Einsamkeit<br \/>\n<b>\u2022 <\/b><\/span><span style=\"font-weight: 400;\">F\u00f6rdert Selbstliebe und Akzeptanz des eigenen K\u00f6rpers und der Identit\u00e4t<br \/>\n<b>\u2022 <\/b><\/span><span style=\"font-weight: 400;\">Bietet einen sicheren, urteilsfreien Raum zur Erforschung pers\u00f6nlicher Grenzen<br \/>\n<\/span><span style=\"font-weight: 400;\"><b>\u2022 <\/b>Tr\u00e4gt zum allgemeinen Wohlbefinden bei und unterst\u00fctzt die F\u00e4higkeit, dauerhafte Beziehungen aufzubauen<br \/>\n<\/span><span style=\"font-weight: 400;\"><b>\u2022 <\/b>Kann als gesunder Bew\u00e4ltigungsmechanismus dienen und das Risiko von Substanzmissbrauch reduzieren<\/span><\/p>\n\n\t\t<\/div>\n\t<\/div>\n<div class=\"vc_separator wpb_content_element vc_separator_align_center vc_sep_width_100 vc_sep_pos_align_center vc_separator_no_text vc_sep_color_grey wpb_content_element  wpb_content_element\" ><span class=\"vc_sep_holder vc_sep_holder_l\"><span class=\"vc_sep_line\"><\/span><\/span><span class=\"vc_sep_holder vc_sep_holder_r\"><span class=\"vc_sep_line\"><\/span><\/span>\n<\/div>\n\t<div class=\"wpb_text_column wpb_content_element\" >\n\t\t<div class=\"wpb_wrapper\">\n\t\t\t<p><b>Hinweise<br \/>\n<\/b><span style=\"font-weight: 400;\">\u2022 Dieses Format ist f\u00fcr alle queeren M\u00e4nner*\/M\u00e4nnlichkeiten, die Ber\u00fchrung in einer einvernehmlichen, unterst\u00fctzenden Atmosph\u00e4re erfahren m\u00f6chten.<br \/>\n<\/span><span style=\"font-weight: 400;\">\u2022 Bitte lege Wert auf pers\u00f6nliche Hygiene<br \/>\n<\/span><span style=\"font-weight: 400;\">\u2022 Bringe zum Abdecken von Kissen, Matten oder Massageliegen ein Laken und ein Handtuch mit<br \/>\n<\/span><span style=\"font-weight: 400;\">\u2022 Je nach Bed\u00fcrfnissen der Gruppe werden wir Deutsch und\/oder Englisch sprechen<br \/>\n<\/span><span style=\"font-weight: 400;\">\u2022 Dieses Event ist auch zu einem erm\u00e4\u00dfigten Mitgliederpreis erh\u00e4ltlich \u2013 aber kein Bestandteil der zwei kostenlosen monatlichen Mitgliederveranstaltungen<br \/>\n<\/span><b><span style=\"font-weight: 400;\">\u2022 Erm\u00e4\u00dfigter Zugang ist auf schriftliche Anfrage an: <\/span><a href=\"mailto:events@wearevillage.org\"><span style=\"font-weight: 400;\">events@wearevillage.org<\/span><\/a><span style=\"font-weight: 400;\"> m\u00f6glich.<\/span><\/b><\/p>\n\n\t\t<\/div>\n\t<\/div>\n<\/div><\/div><\/div><\/div>\n<\/div>","protected":false},"excerpt":{"rendered":"<h5>Sensual Touch Lab Series<br \/>\nFreitags (einmal im Monat)<br \/>\n20:00 \u2013 22:30<\/h5>\n<p class=\"p1\"><strong>| <span style=\"color: #ec6c23;\">GBTQ men*<\/span>\u00a0|<\/strong><\/p>\n<p>Oft hetzen wir einfach durchs Leben und verpassen dabei die kleinen, prickelnden Momente dazwischen \u2013 besonders wenn es um Intimit\u00e4t und Sex geht. Warum also nicht einen Gang runterschalten und all die spannenden Empfindungen wahrnehmen, wenn wir mit uns selbst und anderen sinnlich werden?<\/p>\n","protected":false},"author":11,"featured_media":14702,"template":"","meta":{"pmpro_default_level":"","inline_featured_image":false},"product_brand":[],"product_cat":[79,787,83],"product_tag":[256],"class_list":{"0":"post-34848","1":"product","2":"type-product","3":"status-publish","4":"has-post-thumbnail","6":"product_cat-monatliche-events","7":"product_cat-soul-of-skin-massage-touch-training","8":"product_cat-workshops","9":"product_tag-gbtq-men","10":"pmpro-has-access","12":"first","13":"instock","14":"product-type-variable"},"wpml_current_locale":"de_DE","wpml_translations":{"en_US":{"locale":"en_US","id":34852,"slug":"mach-langsam-innehalten-geniessen","post_title":"Slow down! pause! and enjoy!","href":"https:\/\/wearevillage.org\/en\/shop\/sensual-touch\/w51-2025"}},"language":{"code":"de","locale":"","name":"","is_rtl":false},"_links":{"self":[{"href":"https:\/\/wearevillage.org\/wp-json\/wp\/v2\/product\/34848","targetHints":{"allow":["GET"]}}],"collection":[{"href":"https:\/\/wearevillage.org\/wp-json\/wp\/v2\/product"}],"about":[{"href":"https:\/\/wearevillage.org\/wp-json\/wp\/v2\/types\/product"}],"author":[{"embeddable":true,"href":"https:\/\/wearevillage.org\/wp-json\/wp\/v2\/users\/11"}],"wp:featuredmedia":[{"embeddable":true,"href":"https:\/\/wearevillage.org\/wp-json\/wp\/v2\/media\/14702"}],"wp:attachment":[{"href":"https:\/\/wearevillage.org\/wp-json\/wp\/v2\/media?parent=34848"}],"wp:term":[{"taxonomy":"product_brand","embeddable":true,"href":"https:\/\/wearevillage.org\/wp-json\/wp\/v2\/product_brand?post=34848"},{"taxonomy":"product_cat","embeddable":true,"href":"https:\/\/wearevillage.org\/wp-json\/wp\/v2\/product_cat?post=34848"},{"taxonomy":"product_tag","embeddable":true,"href":"https:\/\/wearevillage.org\/wp-json\/wp\/v2\/product_tag?post=34848"}],"curies":[{"name":"wp","href":"https:\/\/api.w.org\/{rel}","templated":true}]}}