{"id":35056,"date":"2025-11-18T10:52:33","date_gmt":"2025-11-18T09:52:33","guid":{"rendered":"https:\/\/wearevillage.org\/?post_type=product&#038;p=35056"},"modified":"2025-12-03T16:51:59","modified_gmt":"2025-12-03T15:51:59","slug":"buddy-program-meetup","status":"publish","type":"product","link":"https:\/\/wearevillage.org\/shop\/buddyprogram-meetup\/w48-2025\/","title":{"rendered":"Buddy Program Meetup"},"content":{"rendered":"<div class=\"wpb-content-wrapper\"><div class=\"vc_row wpb_row vc_row-fluid\"><div class=\"wpb_column vc_column_container vc_col-sm-12\"><div class=\"vc_column-inner\"><div class=\"wpb_wrapper\"><h4 style=\"text-align: left\" class=\"vc_custom_heading vc_do_custom_heading\" >Buddy Program Meetup<\/h4>\n\t<div class=\"wpb_text_column wpb_content_element\" >\n\t\t<div class=\"wpb_wrapper\">\n\t\t\t<p>Bei diesem Willkommens-Event werden wir das Buddy-Programm vorstellen und dir die M\u00f6glichkeit geben, andere queere Menschen zu treffen, die deine Interessen und Leidenschaften teilen. Wir werden einige lustige Spiele spielen und Raum f\u00fcr echte Verbindungen schaffen.<br aria-hidden=\"true\" \/><b data-stringify-type=\"bold\">Mehr \u00fcber das Programm<\/b><br aria-hidden=\"true\" \/>Das Buddy-Programm wurde f\u00fcr queere Menschen in Berlin ins Leben gerufen. Egal, ob du neu in Berlin bist oder schon lange hier lebst und deine Stadt gerne mit anderen teilst. Oder vielleicht bist du bereits angekommen, m\u00f6chtest aber deine Beziehungen vertiefen. Das Buddy-Programm sch\u00e4tzt tiefe Verbindungen, bedeutungsvolle Gespr\u00e4che und Gemeinschaftspflege.<br aria-hidden=\"true\" \/>Durch eine Kombination aus pers\u00f6nlichen Treffen, Online-Interaktion \u00fcber die we are village App und interessenbasiertem Matching schafft das Programm einen Raum f\u00fcr gegenseitige Unterst\u00fctzung, tiefere Verbindungen und ein Gef\u00fchl der Solidarit\u00e4t.<br aria-hidden=\"true\" \/>Ich bin zwar kein Neuank\u00f6mmling in Berlin, aber ich w\u00fcrde gerne meine Tipps und Tricks \u00fcber Berlin teilen!<br aria-hidden=\"true\" \/>Jeder, unabh\u00e4ngig von seiner Erfahrung, ist willkommen. Unser erstes Ziel ist es, Menschen zu verbinden.<\/p>\n<p><strong><u>Hinweise<\/u><\/strong><br \/>\n<strong>Sprache<\/strong>: Dieses Event wird je nach Teilnehmerbed\u00fcrfnissen auf\u00a0 Englisch und\/oder Deutsch sein.<br \/>\n<strong>Kosten<\/strong>: Die Teilnahme ist kostenlos.<\/p>\n\n\t\t<\/div>\n\t<\/div>\n<div class=\"vc_separator wpb_content_element vc_separator_align_center vc_sep_width_100 vc_sep_pos_align_center vc_separator_no_text vc_sep_color_grey wpb_content_element  wpb_content_element\" ><span class=\"vc_sep_holder vc_sep_holder_l\"><span class=\"vc_sep_line\"><\/span><\/span><span class=\"vc_sep_holder vc_sep_holder_r\"><span class=\"vc_sep_line\"><\/span><\/span>\n<\/div><\/div><\/div><\/div><\/div>\n<\/div>","protected":false},"excerpt":{"rendered":"<h5>18:30-21:00<\/h5>\n<p>Kostenfrei<br \/>\nAnmeldung erforderlich<\/p>\n<p><strong> | <span style=\"color: #ec6c23;\">LGBTQIA+<\/span> |<\/strong><\/p>\n<p>Komm zu unserem allerersten we are village Buddy-Programm-Event. Das Buddy-Programm ist ein Gemeinschaftsprojekt, das queeren Menschen in Berlin hilft, eine unterst\u00fctzende Gemeinschaft zu finden, um die Stadt zu erkunden, versteckte Sch\u00e4tze zu entdecken und echte Freundschaften aufzubauen.<\/p>\n","protected":false},"author":12,"featured_media":35069,"template":"","meta":{"pmpro_default_level":"","inline_featured_image":false},"product_brand":[],"product_cat":[956,960,77,769],"product_tag":[469],"class_list":{"0":"post-35056","1":"product","2":"type-product","3":"status-publish","4":"has-post-thumbnail","6":"product_cat-village","7":"product_cat-buddy-program","8":"product_cat-community-events","9":"product_cat-kostenloser-zugang","10":"product_tag-lgbtqiaplus","11":"pmpro-has-access","13":"first","14":"instock","15":"sold-individually","16":"product-type-simple"},"wpml_current_locale":"de_DE","wpml_translations":{"en_US":{"locale":"en_US","id":35103,"slug":"buddy-program-meetup","post_title":"Buddy Program Meetup","href":"https:\/\/wearevillage.org\/en\/shop\/buddyprogram-meetup\/w48-2025"}},"language":{"code":"de","locale":"","name":"","is_rtl":false},"_links":{"self":[{"href":"https:\/\/wearevillage.org\/wp-json\/wp\/v2\/product\/35056","targetHints":{"allow":["GET"]}}],"collection":[{"href":"https:\/\/wearevillage.org\/wp-json\/wp\/v2\/product"}],"about":[{"href":"https:\/\/wearevillage.org\/wp-json\/wp\/v2\/types\/product"}],"author":[{"embeddable":true,"href":"https:\/\/wearevillage.org\/wp-json\/wp\/v2\/users\/12"}],"wp:featuredmedia":[{"embeddable":true,"href":"https:\/\/wearevillage.org\/wp-json\/wp\/v2\/media\/35069"}],"wp:attachment":[{"href":"https:\/\/wearevillage.org\/wp-json\/wp\/v2\/media?parent=35056"}],"wp:term":[{"taxonomy":"product_brand","embeddable":true,"href":"https:\/\/wearevillage.org\/wp-json\/wp\/v2\/product_brand?post=35056"},{"taxonomy":"product_cat","embeddable":true,"href":"https:\/\/wearevillage.org\/wp-json\/wp\/v2\/product_cat?post=35056"},{"taxonomy":"product_tag","embeddable":true,"href":"https:\/\/wearevillage.org\/wp-json\/wp\/v2\/product_tag?post=35056"}],"curies":[{"name":"wp","href":"https:\/\/api.w.org\/{rel}","templated":true}]}}